{"id":35862,"date":"2026-03-18T15:53:11","date_gmt":"2026-03-18T15:53:11","guid":{"rendered":"https:\/\/soydeaqui.ddns.net\/pachuca\/index.php\/producto\/transformador-de-corriente-rogowsky-24-pulgadas-rango-de-5-a-3000a-salida-de-108-mv\/"},"modified":"2026-03-18T15:53:12","modified_gmt":"2026-03-18T15:53:12","slug":"transformador-de-corriente-rogowsky-24-pulgadas-rango-de-5-a-3000a-salida-de-108-mv","status":"publish","type":"product","link":"https:\/\/soydeaqui.ddns.net\/pachuca\/index.php\/producto\/transformador-de-corriente-rogowsky-24-pulgadas-rango-de-5-a-3000a-salida-de-108-mv\/","title":{"rendered":"Transformador de corriente  ROGOWSKY, 24 pulgadas , rango de 5 a 3000A salida de 108 mV"},"content":{"rendered":"<div style='width: 100%; max-width: 1200px; margin: 0 auto; font-family: sans-serif; line-height: 1.6; color: inherit; background-color: transparent;'>\n<div style='display: flex; flex-wrap: wrap; gap: 30px; margin-bottom: 30px;'>\n<div style='flex: 1 1 300px; min-width: 280px;'>\n<h3 style='font-size: 22px; border-bottom: 2px solid currentColor; padding-bottom: 5px; margin-top: 0; color: inherit; opacity: 0.8;'>Descripci\u00f3n<\/h3>\n<ul style='padding-left: 20px; font-size: 15px; color: inherit;'>\n<li style='margin-bottom: 5px;'>Los transformadores de corriente Rogowski son bobinas flexibles que se pueden rodear alrededor del conductor para medir la corriente circulante. Los transformadores de corriente Rogowski son especialmente \u00fatiles en aplicaciones donde no es posible o no deseable desconectar el conductor de la carga&comma; ya que se pueden instalar sin cortar o interrumpir el cable de la carga.<\/li>\n<li style='margin-bottom: 5px;'>Ofrecido en longitudes de 12&#8217;&comma; 24&#8242; y 36&#8217;&comma; el &#8216;Patrol Flex&#8217; es la bobina Rogowski m\u00e1s precisa en submedici\u00f3n. Las bobinas Rogowski ofrecen importantes ventajas de instalaci\u00f3n sobre los transformadores de corriente de n\u00facleo dividido debido a su peso ligero&comma; amplio rango de corriente (5-6.000 amperios)&comma; flexibilidad mec\u00e1nica para montarse en lugares estrechos y una colocaci\u00f3n f\u00e1cil alrededor de conjuntos de cables o barras de gran tama\u00f1o. Los cables del &#8216;Patrol Flex&#8217; pueden extenderse hasta 150 pies sin degradar la precisi\u00f3n de la unidad y hasta 300 pies con s\u00f3lo un error del 0&comma;08% utilizando el mismo calibre \/ tipo de cable y un m\u00e9todo de empalme adecuado.<\/li>\n<\/ul><\/div>\n<\/p><\/div>\n<div style='display: flex; flex-wrap: wrap; gap: 30px; margin-bottom: 30px;'>\n<div style='flex: 1 1 250px; border: 1px solid rgba(150&comma; 150&comma; 150&comma; 0.4); border-radius: 8px; overflow: hidden; display: flex; flex-direction: column;'>\n<div style='padding: 15px; border-bottom: 1px solid rgba(150&comma; 150&comma; 150&comma; 0.2); font-weight: bold; font-size: 18px; color: inherit;'>Especificaciones generales<\/div>\n<div style='padding: 15px; color: inherit;'>\n<ul style='padding-left: 20px; margin: 0; font-size: 14px; list-style-type: disc;'>\n<li style='margin-bottom: 5px;'><strong>Material de la sonda y cable:<\/strong> goma TPE&comma; aislamiento reforzado UL94 V-0&comma; color: ROJO Munsell 7.5 R 1\/14<\/li>\n<li style='margin-bottom: 5px;'><strong>Material de los acoplamientos:<\/strong> polipropileno&comma; UL94 V-0<\/li>\n<li style='margin-bottom: 5px;'><strong>Longitud del cable de la sonda:<\/strong> 610 mm<\/li>\n<li style='margin-bottom: 5px;'><strong>Di\u00e1metro del cable de la sonda:<\/strong> 12.4 mm<\/li>\n<li style='margin-bottom: 5px;'><strong>Radio de curvatura del cable de la sonda:<\/strong> 40 mm<\/li>\n<li style='margin-bottom: 5px;'><strong>Longitud del cable de salida:<\/strong> cable de 2 metros con 2 hilos blindados y sin terminar<\/li>\n<li style='margin-bottom: 5px;'><strong>Rango de operaci\u00f3n:<\/strong> -20\u00b0 a +70\u00b0 C<\/li>\n<li style='margin-bottom: 5px;'><strong>Temperatura de almacenamiento:<\/strong> -40\u00b0 a +80\u00b0 C<\/li>\n<li style='margin-bottom: 5px;'><strong>Humedad de operaci\u00f3n:<\/strong> 15% a 85% (sin condensaci\u00f3n)<\/li>\n<li style='margin-bottom: 5px;'><strong>Grado de protecci\u00f3n (sonda):<\/strong> IP40<\/li>\n<\/ul><\/div>\n<\/p><\/div>\n<div style='flex: 1 1 250px; border: 1px solid rgba(150&comma; 150&comma; 150&comma; 0.4); border-radius: 8px; overflow: hidden; display: flex; flex-direction: column;'>\n<div style='padding: 15px; border-bottom: 1px solid rgba(150&comma; 150&comma; 150&comma; 0.2); font-weight: bold; font-size: 18px; color: inherit;'>Especificaciones t\u00e9cnicas<\/div>\n<div style='padding: 15px; color: inherit;'>\n<ul style='padding-left: 20px; margin: 0; font-size: 14px; list-style-type: disc;'>\n<li style='margin-bottom: 5px;'><strong>Voltaje de salida1 (@1000 ARMS&comma; 60 Hz):<\/strong> 108 mV<\/li>\n<li style='margin-bottom: 5px;'><strong>Rango de corriente1:<\/strong> 5-5.000 A AC RMS<\/li>\n<li style='margin-bottom: 5px;'><strong>Precisi\u00f3n:<\/strong> \u00b1 0&comma;5% de la lectura (@ 25\u00b0C&comma; 60 Hz)<\/li>\n<li style='margin-bottom: 5px;'><strong>CT-PF-12:<\/strong> 5-1.500 A AC RMS<\/li>\n<li style='margin-bottom: 5px;'><strong>CT-PF-24:<\/strong> 5-3.000 A AC RMS<\/li>\n<li style='margin-bottom: 5px;'><strong>CT-PF-36:<\/strong> 5-6.000 A AC RMS<\/li>\n<li style='margin-bottom: 5px;'><strong>Linealidad (10% al 100% del rango):<\/strong> \u00b1 0.2% de la lectura<\/li>\n<li style='margin-bottom: 5px;'><strong>Voltaje de trabajo (ver secci\u00f3n de especificaciones de seguridad):<\/strong> 1000 V AC RMS o DC (cabezal) 30 V m\u00e1x. (salida)<\/li>\n<\/ul><\/div>\n<\/p><\/div>\n<div style='flex: 1 1 250px; border: 1px solid rgba(150&comma; 150&comma; 150&comma; 0.4); border-radius: 8px; overflow: hidden; display: flex; flex-direction: column;'>\n<div style='padding: 15px; border-bottom: 1px solid rgba(150&comma; 150&comma; 150&comma; 0.2); font-weight: bold; font-size: 18px; color: inherit;'>Especificaciones de seguridad<\/div>\n<div style='padding: 15px; color: inherit;'>\n<ul style='padding-left: 20px; margin: 0; font-size: 14px; list-style-type: disc;'>\n<li style='margin-bottom: 5px;'><strong>Archivo UL:<\/strong> No. E468456<\/li>\n<li style='margin-bottom: 5px;'><strong>600V CAT IV&comma; 1000 CAT III&comma; Grado de contaminaci\u00f3n:<\/strong> 2<\/li>\n<li style='margin-bottom: 5px;'><strong>Norma UL 61010-1<\/strong><\/li>\n<li style='margin-bottom: 5px;'><strong>Norma CSA C22.2 No 61010-1<\/strong><\/li>\n<li style='margin-bottom: 5px;'><strong>Norma IEC\/EN 61010-1<\/strong><\/li>\n<li style='margin-bottom: 5px;'><strong>Norma IEC\/EN 61010-2-31<\/strong><\/li>\n<li style='margin-bottom: 5px;'><strong>Norma IEC\/EN 61010-2-32<\/strong><\/li>\n<\/ul><\/div>\n<\/p><\/div>\n<\/p><\/div>\n<hr style='border: 0; border-top: 1px solid rgba(150&comma; 150&comma; 150&comma; 0.3); margin: 30px 0;'> <\/div>\n","protected":false},"excerpt":{"rendered":"<p>Transformador de corriente  ROGOWSKY, 24 pulgadas , rango de 5 a 3000A salida de 108 mV<\/p>\n","protected":false},"featured_media":35861,"comment_status":"open","ping_status":"closed","template":"","meta":[],"product_brand":[],"product_cat":[1034],"product_tag":[1035,1036,1037],"class_list":{"0":"post-35862","1":"product","2":"type-product","3":"status-publish","4":"has-post-thumbnail","6":"product_cat-bms-bas","7":"product_tag-bms","8":"product_tag-bms-bas","9":"product_tag-honeywell-bms","11":"first","12":"instock","13":"sale","14":"shipping-taxable","15":"purchasable","16":"product-type-simple"},"_links":{"self":[{"href":"https:\/\/soydeaqui.ddns.net\/pachuca\/index.php\/wp-json\/wp\/v2\/product\/35862","targetHints":{"allow":["GET"]}}],"collection":[{"href":"https:\/\/soydeaqui.ddns.net\/pachuca\/index.php\/wp-json\/wp\/v2\/product"}],"about":[{"href":"https:\/\/soydeaqui.ddns.net\/pachuca\/index.php\/wp-json\/wp\/v2\/types\/product"}],"replies":[{"embeddable":true,"href":"https:\/\/soydeaqui.ddns.net\/pachuca\/index.php\/wp-json\/wp\/v2\/comments?post=35862"}],"wp:featuredmedia":[{"embeddable":true,"href":"https:\/\/soydeaqui.ddns.net\/pachuca\/index.php\/wp-json\/wp\/v2\/media\/35861"}],"wp:attachment":[{"href":"https:\/\/soydeaqui.ddns.net\/pachuca\/index.php\/wp-json\/wp\/v2\/media?parent=35862"}],"wp:term":[{"taxonomy":"product_brand","embeddable":true,"href":"https:\/\/soydeaqui.ddns.net\/pachuca\/index.php\/wp-json\/wp\/v2\/product_brand?post=35862"},{"taxonomy":"product_cat","embeddable":true,"href":"https:\/\/soydeaqui.ddns.net\/pachuca\/index.php\/wp-json\/wp\/v2\/product_cat?post=35862"},{"taxonomy":"product_tag","embeddable":true,"href":"https:\/\/soydeaqui.ddns.net\/pachuca\/index.php\/wp-json\/wp\/v2\/product_tag?post=35862"}],"curies":[{"name":"wp","href":"https:\/\/api.w.org\/{rel}","templated":true}]}}