{"id":35856,"date":"2026-03-18T15:53:04","date_gmt":"2026-03-18T15:53:04","guid":{"rendered":"https:\/\/soydeaqui.ddns.net\/pachuca\/index.php\/producto\/sensor-de-monitoreo-para-sistema-li-on-tamer\/"},"modified":"2026-03-18T15:53:08","modified_gmt":"2026-03-18T15:53:08","slug":"sensor-de-monitoreo-para-sistema-li-on-tamer","status":"publish","type":"product","link":"https:\/\/soydeaqui.ddns.net\/pachuca\/index.php\/producto\/sensor-de-monitoreo-para-sistema-li-on-tamer\/","title":{"rendered":"Sensor de monitoreo para sistema Li-on Tamer."},"content":{"rendered":"<div style='width: 100%; max-width: 1200px; margin: 0 auto; font-family: sans-serif; line-height: 1.6; color: inherit; background-color: transparent;'>\n<div style='display: flex; flex-wrap: wrap; gap: 30px; margin-bottom: 30px;'>\n<div style='flex: 1 1 300px; min-width: 280px;'>\n<h3 style='font-size: 22px; border-bottom: 2px solid currentColor; padding-bottom: 5px; margin-top: 0; color: inherit; opacity: 0.8;'>Descripci\u00f3n General<\/h3>\n<p style='font-size: 15px; color: inherit;'> El sistema de monitoreo Li-ion Tamer es una soluci\u00f3n dise\u00f1ada para detectar la liberaci\u00f3n de gases de las bater\u00edas de iones de litio en los primeros momentos del fallo de las bater\u00edas. Esta detecci\u00f3n temprana permite adoptar medidas de mitigaci\u00f3n adecuadas para evitar fallos catastr\u00f3ficos que podr\u00edan desembocar en incendios. <\/p>\n<p style='font-size: 15px; color: inherit;'> El sistema es plug-and-play y f\u00e1cil de instalar&comma; compuesto por sensores de liberaci\u00f3n de gases y controladores. Los sensores son altamente sensibles a los compuestos de liberaci\u00f3n de gases de las bater\u00edas de iones de litio&comma; no requieren calibraci\u00f3n y son compatibles con todos los factores de forma y elementos qu\u00edmicos de las bater\u00edas de iones de litio. <\/p>\n<\/p><\/div>\n<div style='flex: 1 1 300px; min-width: 280px;'>\n<h3 style='font-size: 22px; border-bottom: 2px solid currentColor; padding-bottom: 5px; margin-top: 0; color: inherit; opacity: 0.8;'>Caracter\u00edsticas Principales<\/h3>\n<ul style='padding-left: 20px; font-size: 15px; color: inherit;'>\n<li style='margin-bottom: 5px;'>Alerta temprana de fallos en bater\u00edas de iones de litio<\/li>\n<li style='margin-bottom: 5px;'>Permite evitar fugas t\u00e9rmicas con las medidas de mitigaci\u00f3n adecuadas<\/li>\n<li style='margin-bottom: 5px;'>Detecci\u00f3n de fallos de una sola celda sin contacto el\u00e9ctrico o mec\u00e1nico de las celdas<\/li>\n<li style='margin-bottom: 5px;'>Mayor vida \u00fatil del producto<\/li>\n<li style='margin-bottom: 5px;'>Producto sin necesidad de calibraci\u00f3n<\/li>\n<li style='margin-bottom: 5px;'>Bajo consumo energ\u00e9tico<\/li>\n<li style='margin-bottom: 5px;'>Compatible con todos los factores de forma y elementos qu\u00edmicos de las bater\u00edas de iones de litio<\/li>\n<li style='margin-bottom: 5px;'>F\u00e1cil de instalar<\/li>\n<li style='margin-bottom: 5px;'>Reducci\u00f3n\/eliminaci\u00f3n de falsas se\u00f1ales positivas<\/li>\n<li style='margin-bottom: 5px;'>M\u00faltiples protocolos de comunicaci\u00f3n&comma; incluyendo comunicaci\u00f3n en serie Modbus y salidas digitales<\/li>\n<\/ul><\/div>\n<\/p><\/div>\n<div style='display: flex; flex-wrap: wrap; gap: 30px; margin-bottom: 30px;'>\n<div style='flex: 1 1 300px; min-width: 280px;'>\n<h3 style='font-size: 22px; border-bottom: 2px solid currentColor; padding-bottom: 5px; margin-top: 0; color: inherit; opacity: 0.8;'>Especificaciones T\u00e9cnicas<\/h3>\n<ul style='padding-left: 20px; font-size: 15px; color: inherit;'>\n<li style='margin-bottom: 5px;'><strong>Vida \u00fatil objetivo:<\/strong> > 10 a\u00f1os<\/li>\n<li style='margin-bottom: 5px;'><strong>Garant\u00eda:<\/strong> 2 a\u00f1os<\/li>\n<li style='margin-bottom: 5px;'><strong>Temperatura de operaci\u00f3n:<\/strong> -10 a +60\u00b0C<\/li>\n<li style='margin-bottom: 5px;'><strong>Humedad:<\/strong> 5-95% sin condensaci\u00f3n<\/li>\n<li style='margin-bottom: 5px;'><strong>M\u00e1ximo cambio de temperatura:<\/strong> 8.6\u00b0C\/min<\/li>\n<li style='margin-bottom: 5px;'><strong>Consumo energ\u00e9tico (sensor):<\/strong> 275 mW (@ 5 VDC)<\/li>\n<li style='margin-bottom: 5px;'><strong>Consumo energ\u00e9tico (controlador sin sensores):<\/strong> 2.4 W (@ 24VDC)&comma; 1.4 W (@ 12 VDC)<\/li>\n<li style='margin-bottom: 5px;'><strong>Consumo energ\u00e9tico (controlador completo con 15 sensores):<\/strong> 6.6 W (@ 24VDC)&comma; 5.6 W (@ 12 VDC)<\/li>\n<li style='margin-bottom: 5px;'><strong>Valor nominal de los fusibles:<\/strong> 3.5 A<\/li>\n<\/ul><\/div>\n<div style='flex: 1 1 300px; min-width: 280px;'>\n<h3 style='font-size: 22px; border-bottom: 2px solid currentColor; padding-bottom: 5px; margin-top: 0; color: inherit; opacity: 0.8;'>Detalles del Sistema<\/h3>\n<ul style='padding-left: 20px; font-size: 15px; color: inherit;'>\n<li style='margin-bottom: 5px;'><strong>Configuraci\u00f3n:<\/strong> Plug-and-play&comma; f\u00e1cil de instalar<\/li>\n<li style='margin-bottom: 5px;'><strong>Componentes:<\/strong> Sensores de liberaci\u00f3n de gases&comma; controlador<\/li>\n<li style='margin-bottom: 5px;'><strong>Comunicaci\u00f3n:<\/strong> Salidas digitales&comma; Modbus<\/li>\n<li style='margin-bottom: 5px;'><strong>M\u00e1ximo de sensores por controlador:<\/strong> 15<\/li>\n<li style='margin-bottom: 5px;'><strong>Velocidad de transmisi\u00f3n Modbus:<\/strong> 9600<\/li>\n<li style='margin-bottom: 5px;'><strong>Paridad Modbus:<\/strong> Ninguna<\/li>\n<li style='margin-bottom: 5px;'><strong>Bit de parada Modbus:<\/strong> Uno<\/li>\n<li style='margin-bottom: 5px;'><strong>Hardware de comunicaci\u00f3n:<\/strong> RS232 3-hilos (TX&comma; RX&comma; tierra)<\/li>\n<\/ul><\/div>\n<\/p><\/div>\n<div style='display: flex; flex-wrap: wrap; gap: 30px; margin-bottom: 30px;'>\n<div style='flex: 1 1 300px; min-width: 280px;'>\n<h3 style='font-size: 22px; border-bottom: 2px solid currentColor; padding-bottom: 5px; margin-top: 0; color: inherit; opacity: 0.8;'>Especificaciones de Detecci\u00f3n<\/h3>\n<ul style='padding-left: 20px; font-size: 15px; color: inherit;'>\n<li style='margin-bottom: 5px;'><strong>Gases objetivo:<\/strong> Compuestos de los gases de escape de bater\u00edas de iones de litio<\/li>\n<li style='margin-bottom: 5px;'><strong>Umbral de detecci\u00f3n:<\/strong> < 1 ppm\/sec<\/li>\n<li style='margin-bottom: 5px;'><strong>Tiempo de respuesta:<\/strong> 5 segundos<\/li>\n<li style='margin-bottom: 5px;'><strong>Detecci\u00f3n de fallos:<\/strong> Fallo de una sola celda<\/li>\n<\/ul><\/div>\n<div style='flex: 1 1 300px; min-width: 280px;'>\n<h3 style='font-size: 22px; border-bottom: 2px solid currentColor; padding-bottom: 5px; margin-top: 0; color: inherit; opacity: 0.8;'>Certificaciones<\/h3>\n<ul style='padding-left: 20px; font-size: 15px; color: inherit;'>\n<li style='margin-bottom: 5px;'>ETL para UL 61010 y CSA 22.2 n.\u00ba 61010<\/li>\n<li style='margin-bottom: 5px;'>EN 61326 para Directiva 2014\/30\/UE del Parlamento Europeo y del Consejo<\/li>\n<li style='margin-bottom: 5px;'>RoHS 3 UE 2015\/863<\/li>\n<\/ul><\/div>\n<\/p><\/div>\n<div style='display: flex; flex-wrap: wrap; gap: 30px; margin-bottom: 30px;'>\n<div style='flex: 1 1 300px; min-width: 280px;'>\n<h3 style='font-size: 22px; border-bottom: 2px solid currentColor; padding-bottom: 5px; margin-top: 0; color: inherit; opacity: 0.8;'>Configuraci\u00f3n del Sistema<\/h3>\n<p style='font-size: 15px; color: inherit;'> En una configuraci\u00f3n t\u00edpica&comma; el sistema incluye: <\/p>\n<ul style='padding-left: 20px; font-size: 15px; color: inherit;'>\n<li style='margin-bottom: 5px;'>Sensores de monitoreo instalados en los racks de las bater\u00edas para supervisar la liberaci\u00f3n de gases<\/li>\n<li style='margin-bottom: 5px;'>Sensores de referencia instalados para monitorear el ambiente y entradas de aire<\/li>\n<li style='margin-bottom: 5px;'>Controladores para agregar se\u00f1ales de sensores<\/li>\n<\/ul><\/div>\n<div style='flex: 1 1 300px; min-width: 280px;'>\n<h3 style='font-size: 22px; border-bottom: 2px solid currentColor; padding-bottom: 5px; margin-top: 0; color: inherit; opacity: 0.8;'>Mantenimiento<\/h3>\n<p style='font-size: 15px; color: inherit;'> El sistema requiere procedimientos operativos y de mantenimiento m\u00ednimos&comma; ya que los sensores est\u00e1n dise\u00f1ados para no requerir calibraci\u00f3n. La respuesta de los sensores de gases se puede verificar f\u00e1cilmente con una prueba funcional utilizando una botella de compuestos de gases emitidos por bater\u00edas (carbonato de dietilo)&comma; suministrada por Xtralis. <\/p>\n<\/p><\/div>\n<\/p><\/div>\n<div style='display: flex; flex-wrap: wrap; gap: 30px; margin-bottom: 30px;'>\n<div style='flex: 1 1 300px; min-width: 280px;'>\n<h3 style='font-size: 22px; border-bottom: 2px solid currentColor; padding-bottom: 5px; margin-top: 0; color: inherit; opacity: 0.8;'>Advertencia Importante<\/h3>\n<p style='font-size: 15px; color: inherit;'> Este dispositivo detecta los gases emitidos por bater\u00edas de iones de litio. No evita incendios ni fugas t\u00e9rmicas. Este dispositivo no es un equipo de seguridad aut\u00f3nomo y debe incorporarse a un sistema de seguridad adecuado. Si el dispositivo responde&comma; hay riesgo de fallo de la bater\u00eda que podr\u00eda provocar una fuga t\u00e9rmica. Para evitar lesiones&comma; se debe abandonar el lugar inmediatamente. <\/p>\n<\/p><\/div>\n<\/p><\/div>\n<\/p><\/div>\n","protected":false},"excerpt":{"rendered":"<p>Sensor de monitoreo para sistema Li-on Tamer.<\/p>\n","protected":false},"featured_media":35855,"comment_status":"open","ping_status":"closed","template":"","meta":[],"product_brand":[],"product_cat":[987],"product_tag":[988,522,1012],"class_list":{"0":"post-35856","1":"product","2":"type-product","3":"status-publish","4":"has-post-thumbnail","6":"product_cat-detectores-de-gases","7":"product_tag-detectores-de-gases","8":"product_tag-dispositivos-convencionales","9":"product_tag-xtralis","11":"first","12":"outofstock","13":"sale","14":"shipping-taxable","15":"purchasable","16":"product-type-simple"},"_links":{"self":[{"href":"https:\/\/soydeaqui.ddns.net\/pachuca\/index.php\/wp-json\/wp\/v2\/product\/35856","targetHints":{"allow":["GET"]}}],"collection":[{"href":"https:\/\/soydeaqui.ddns.net\/pachuca\/index.php\/wp-json\/wp\/v2\/product"}],"about":[{"href":"https:\/\/soydeaqui.ddns.net\/pachuca\/index.php\/wp-json\/wp\/v2\/types\/product"}],"replies":[{"embeddable":true,"href":"https:\/\/soydeaqui.ddns.net\/pachuca\/index.php\/wp-json\/wp\/v2\/comments?post=35856"}],"wp:featuredmedia":[{"embeddable":true,"href":"https:\/\/soydeaqui.ddns.net\/pachuca\/index.php\/wp-json\/wp\/v2\/media\/35855"}],"wp:attachment":[{"href":"https:\/\/soydeaqui.ddns.net\/pachuca\/index.php\/wp-json\/wp\/v2\/media?parent=35856"}],"wp:term":[{"taxonomy":"product_brand","embeddable":true,"href":"https:\/\/soydeaqui.ddns.net\/pachuca\/index.php\/wp-json\/wp\/v2\/product_brand?post=35856"},{"taxonomy":"product_cat","embeddable":true,"href":"https:\/\/soydeaqui.ddns.net\/pachuca\/index.php\/wp-json\/wp\/v2\/product_cat?post=35856"},{"taxonomy":"product_tag","embeddable":true,"href":"https:\/\/soydeaqui.ddns.net\/pachuca\/index.php\/wp-json\/wp\/v2\/product_tag?post=35856"}],"curies":[{"name":"wp","href":"https:\/\/api.w.org\/{rel}","templated":true}]}}