{"id":35783,"date":"2026-03-18T15:51:25","date_gmt":"2026-03-18T15:51:25","guid":{"rendered":"https:\/\/soydeaqui.ddns.net\/pachuca\/index.php\/producto\/extintor-desechable-de-polvo-quimico-seco-fuegos-clase-a-b-y-residencial-paquete-con-4-4-lb-pieza\/"},"modified":"2026-03-18T15:51:26","modified_gmt":"2026-03-18T15:51:26","slug":"extintor-desechable-de-polvo-quimico-seco-fuegos-clase-a-b-y-residencial-paquete-con-4-4-lb-pieza","status":"publish","type":"product","link":"https:\/\/soydeaqui.ddns.net\/pachuca\/index.php\/producto\/extintor-desechable-de-polvo-quimico-seco-fuegos-clase-a-b-y-residencial-paquete-con-4-4-lb-pieza\/","title":{"rendered":"Extintor Desechable de Polvo Qu\u00edmico Seco | Fuegos Clase A, B y  Residencial | Paquete con 4 | 4 lb Pieza"},"content":{"rendered":"<div style='width: 100%; max-width: 1200px; margin: 0 auto; font-family: sans-serif; line-height: 1.6; color: inherit; background-color: transparent;'> <!-- Secci\u00f3n de descripci\u00f3n --> <\/p>\n<div style='margin-bottom: 30px;'>\n<p style='font-size: 15px; margin: 0 0 15px 0; color: inherit;'>Combate incendios comunes en las \u00e1reas de estar del hogar&comma; como madera&comma; telas&comma; muebles y cortinas. Cumple con las recomendaciones de la NFPA para la protecci\u00f3n primaria del hogar y tiene una garant\u00eda de 10 a\u00f1os. Acabado rojo.<\/p>\n<p style='font-size: 15px; margin: 0 0 15px 0; color: inherit;'><strong>*Paquete con 4<\/strong><\/p>\n<\/p><\/div>\n<p> <!-- Secci\u00f3n de caracter\u00edsticas --> <\/p>\n<div style='display: flex; flex-wrap: wrap; gap: 30px; margin-bottom: 30px;'>\n<div style='flex: 1 1 300px; min-width: 280px;'>\n<h3 style='font-size: 22px; border-bottom: 2px solid currentColor; padding-bottom: 5px; margin-top: 0; color: inherit; opacity: 0.8;'>Caracter\u00edsticas<\/h3>\n<ul style='padding-left: 20px; font-size: 15px; color: inherit; list-style-type: disc;'>\n<li style='margin-bottom: 5px;'>Model FX210<\/li>\n<li style='margin-bottom: 5px;'>Multipurpose Dry Chemical<\/li>\n<li style='margin-bottom: 5px;'>UL listed<\/li>\n<li style='margin-bottom: 5px;'>UL rated 2-A&comma; 10-B:C<\/li>\n<li style='margin-bottom: 5px;'>Supplied with wall hanger<\/li>\n<li style='margin-bottom: 5px;'>Monoammonium Phosphate<\/li>\n<li style='margin-bottom: 5px;'>10 year limited warranty<\/li>\n<li style='margin-bottom: 5px;'>El man\u00f3metro permite una verificaci\u00f3n inmediata del estado de la presi\u00f3n<\/li>\n<li style='margin-bottom: 5px;'>Pasador de seguridad f\u00e1cil de tirar<\/li>\n<li style='margin-bottom: 5px;'>V\u00e1lvula&comma; manija y palanca de metal resistente a los impactos<\/li>\n<li style='margin-bottom: 5px;'>4 libras de agente extintor de incendios (promedio)<\/li>\n<li style='margin-bottom: 5px;'>Colgador de pared aprobado por UL<\/li>\n<li style='margin-bottom: 5px;'>Cilindro con recubrimiento en polvo para protecci\u00f3n contra la corrosi\u00f3n<\/li>\n<\/ul><\/div>\n<\/p><\/div>\n<p> <!-- Secci\u00f3n de especificaciones --> <\/p>\n<div style='display: flex; flex-wrap: wrap; gap: 20px; margin-bottom: 30px;'>\n<div style='flex: 1 1 250px; border: 1px solid rgba(150&comma; 150&comma; 150&comma; 0.4); border-radius: 8px; overflow: hidden; display: flex; flex-direction: column;'>\n<div style='padding: 15px; border-bottom: 1px solid rgba(150&comma; 150&comma; 150&comma; 0.2); font-weight: bold; font-size: 18px; color: inherit;'>Especificaciones<\/div>\n<div style='padding: 15px; color: inherit;'>\n<ul style='padding-left: 20px; margin: 0; font-size: 14px; list-style-type: disc;'>\n<li style='margin-bottom: 5px;'><strong>Peso promedio del agente:<\/strong> 1.815<\/li>\n<li style='margin-bottom: 5px;'><strong>Peso de la unidad:<\/strong> 3.24<\/li>\n<li style='margin-bottom: 5px;'><strong>Diametro:<\/strong> 11.43<\/li>\n<li style='margin-bottom: 5px;'><strong>Altura:<\/strong> 42.7<\/li>\n<li style='margin-bottom: 5px;'><strong>Tiempo de descarga:<\/strong> 13 &#8211; 15 segundos<\/li>\n<li style='margin-bottom: 5px;'><strong>Distancia de descarga:<\/strong> 3.7 &#8211; 5.5 m<\/li>\n<li style='margin-bottom: 5px;'><strong>Presi\u00f3n de operaci\u00f3n:<\/strong> 195 psi<\/li>\n<li style='margin-bottom: 5px;'><strong>Cilindro:<\/strong> Aluminio sin costuras<\/li>\n<li style='margin-bottom: 5px;'><strong>Gancho de pared:<\/strong> Listado UL<\/li>\n<\/ul><\/div>\n<\/p><\/div>\n<\/p><\/div>\n<p> <!-- Separador --> <\/p>\n<hr style='border: 0; border-top: 1px solid rgba(150&comma; 150&comma; 150&comma; 0.3); margin: 30px 0;'> <\/div>\n","protected":false},"excerpt":{"rendered":"<p>Extintor Desechable de Polvo Qu\u00edmico Seco | Fuegos Clase A, B y  Residencial | Paquete con 4 | 4 lb Pieza<\/p>\n","protected":false},"featured_media":35782,"comment_status":"open","ping_status":"closed","template":"","meta":[],"product_brand":[],"product_cat":[1051],"product_tag":[1003,1048],"class_list":{"0":"post-35783","1":"product","2":"type-product","3":"status-publish","4":"has-post-thumbnail","6":"product_cat-kidde-extincion-de-incendio","7":"product_tag-extincion-de-incendio","8":"product_tag-kidde","10":"first","11":"outofstock","12":"sale","13":"shipping-taxable","14":"purchasable","15":"product-type-simple"},"_links":{"self":[{"href":"https:\/\/soydeaqui.ddns.net\/pachuca\/index.php\/wp-json\/wp\/v2\/product\/35783","targetHints":{"allow":["GET"]}}],"collection":[{"href":"https:\/\/soydeaqui.ddns.net\/pachuca\/index.php\/wp-json\/wp\/v2\/product"}],"about":[{"href":"https:\/\/soydeaqui.ddns.net\/pachuca\/index.php\/wp-json\/wp\/v2\/types\/product"}],"replies":[{"embeddable":true,"href":"https:\/\/soydeaqui.ddns.net\/pachuca\/index.php\/wp-json\/wp\/v2\/comments?post=35783"}],"wp:featuredmedia":[{"embeddable":true,"href":"https:\/\/soydeaqui.ddns.net\/pachuca\/index.php\/wp-json\/wp\/v2\/media\/35782"}],"wp:attachment":[{"href":"https:\/\/soydeaqui.ddns.net\/pachuca\/index.php\/wp-json\/wp\/v2\/media?parent=35783"}],"wp:term":[{"taxonomy":"product_brand","embeddable":true,"href":"https:\/\/soydeaqui.ddns.net\/pachuca\/index.php\/wp-json\/wp\/v2\/product_brand?post=35783"},{"taxonomy":"product_cat","embeddable":true,"href":"https:\/\/soydeaqui.ddns.net\/pachuca\/index.php\/wp-json\/wp\/v2\/product_cat?post=35783"},{"taxonomy":"product_tag","embeddable":true,"href":"https:\/\/soydeaqui.ddns.net\/pachuca\/index.php\/wp-json\/wp\/v2\/product_tag?post=35783"}],"curies":[{"name":"wp","href":"https:\/\/api.w.org\/{rel}","templated":true}]}}