{"id":35781,"date":"2026-03-18T15:51:23","date_gmt":"2026-03-18T15:51:23","guid":{"rendered":"https:\/\/soydeaqui.ddns.net\/pachuca\/index.php\/producto\/detector-fijo-remoto-para-gases-combustibles-con-rango-0-a-100-lel-serie-sensepoint-xcd-rfd-el-sensor-de-gases-inflamables-remoto-y-la-caja-de-conexiones-se-piden-por-separado\/"},"modified":"2026-03-18T15:51:24","modified_gmt":"2026-03-18T15:51:24","slug":"detector-fijo-remoto-para-gases-combustibles-con-rango-0-a-100-lel-serie-sensepoint-xcd-rfd-el-sensor-de-gases-inflamables-remoto-y-la-caja-de-conexiones-se-piden-por-separado","status":"publish","type":"product","link":"https:\/\/soydeaqui.ddns.net\/pachuca\/index.php\/producto\/detector-fijo-remoto-para-gases-combustibles-con-rango-0-a-100-lel-serie-sensepoint-xcd-rfd-el-sensor-de-gases-inflamables-remoto-y-la-caja-de-conexiones-se-piden-por-separado\/","title":{"rendered":"Detector Fijo Remoto para Gases Combustibles con rango (0 a 100% LEL), Serie Sensepoint XCD RFD. El Sensor de Gases Inflamables Remoto y la Caja de Conexiones se piden por separado"},"content":{"rendered":"<div style='width: 100%; max-width: 1200px; margin: 0 auto; font-family: sans-serif; line-height: 1.6; color: inherit; background-color: transparent;'>\n<div style='display: flex; flex-wrap: wrap; gap: 30px; margin-bottom: 30px;'>\n<div style='flex: 1 1 300px; min-width: 280px;'>\n<h3 style='font-size: 22px; border-bottom: 2px solid currentColor; padding-bottom: 5px; margin-top: 0; color: inherit; opacity: 0.8;'>Descripci\u00f3n<\/h3>\n<p style='font-size: 15px; color: inherit; text-align: justify;'>Sensepoint XCD simplifica el monitoreo y la detecci\u00f3n de gases peligrosos para cumplir con los est\u00e1ndares de seguridad y cumplimiento. Los sensores fijos Sensepoint XCD ofrecen un control completo de los riesgos de gases t\u00f3xicos e inflamables&comma; as\u00ed como de la deficiencia de ox\u00edgeno en atm\u00f3sferas potencialmente explosivas&comma; tanto en interiores como en exteriores. Existen requisitos especiales para entornos de trabajo potencialmente explosivos en la producci\u00f3n de gas&comma; petr\u00f3leo y productos qu\u00edmicos&comma; as\u00ed como entornos llenos de polvo en las industrias alimentaria y de procesamiento de la madera.<\/p>\n<p style='font-size: 15px; color: inherit; text-align: justify;'>Transmisor XCD RFD para uso con los sensores enchufables remotos XCD o con los sensores de gases inflamables Sensepoint (temperatura est\u00e1ndar o alta). El transmisor XCD RFD se suministra completo con 2 entradas laterales de cable M20&comma; 1 entrada inferior de sensor M25&comma; 1 tap\u00f3n de cierre M20&comma; llaves Allen&comma; im\u00e1n de manejo&comma; gu\u00eda de inicio r\u00e1pido&comma; certificado de inspecci\u00f3n y prueba&comma; llave hexagonal para tornillo de tierra y CD manual de instrucciones. <strong>El sensor de gases inflamables remoto y la caja de conexiones se piden por separado.<\/strong><\/p>\n<p style='font-size: 15px; color: inherit; text-align: justify;'><strong>El sensor de gases inflamables remoto y la caja de conexiones se piden por separado.<\/strong><\/p>\n<p style='font-size: 15px; color: inherit; text-align: justify;'>Transmisor con LM25&comma; entrada NPT de 3\/4 pulg.&comma; aluminio&comma; sensor 705 y caja de conexiones de 3 cables<\/p>\n<\/p><\/div>\n<\/p><\/div>\n<\/p><\/div>\n","protected":false},"excerpt":{"rendered":"<p>Detector Fijo Remoto para Gases Combustibles con rango (0 a 100% LEL), Serie Sensepoint XCD RFD. El Sensor de Gases Inflamables Remoto y la Caja de Conexiones se piden por separado<\/p>\n","protected":false},"featured_media":35780,"comment_status":"open","ping_status":"closed","template":"","meta":[],"product_brand":[],"product_cat":[987],"product_tag":[988,522,1014],"class_list":{"0":"post-35781","1":"product","2":"type-product","3":"status-publish","4":"has-post-thumbnail","6":"product_cat-detectores-de-gases","7":"product_tag-detectores-de-gases","8":"product_tag-dispositivos-convencionales","9":"product_tag-honeywell-analytics","11":"first","12":"outofstock","13":"sale","14":"shipping-taxable","15":"purchasable","16":"product-type-simple"},"_links":{"self":[{"href":"https:\/\/soydeaqui.ddns.net\/pachuca\/index.php\/wp-json\/wp\/v2\/product\/35781","targetHints":{"allow":["GET"]}}],"collection":[{"href":"https:\/\/soydeaqui.ddns.net\/pachuca\/index.php\/wp-json\/wp\/v2\/product"}],"about":[{"href":"https:\/\/soydeaqui.ddns.net\/pachuca\/index.php\/wp-json\/wp\/v2\/types\/product"}],"replies":[{"embeddable":true,"href":"https:\/\/soydeaqui.ddns.net\/pachuca\/index.php\/wp-json\/wp\/v2\/comments?post=35781"}],"wp:featuredmedia":[{"embeddable":true,"href":"https:\/\/soydeaqui.ddns.net\/pachuca\/index.php\/wp-json\/wp\/v2\/media\/35780"}],"wp:attachment":[{"href":"https:\/\/soydeaqui.ddns.net\/pachuca\/index.php\/wp-json\/wp\/v2\/media?parent=35781"}],"wp:term":[{"taxonomy":"product_brand","embeddable":true,"href":"https:\/\/soydeaqui.ddns.net\/pachuca\/index.php\/wp-json\/wp\/v2\/product_brand?post=35781"},{"taxonomy":"product_cat","embeddable":true,"href":"https:\/\/soydeaqui.ddns.net\/pachuca\/index.php\/wp-json\/wp\/v2\/product_cat?post=35781"},{"taxonomy":"product_tag","embeddable":true,"href":"https:\/\/soydeaqui.ddns.net\/pachuca\/index.php\/wp-json\/wp\/v2\/product_tag?post=35781"}],"curies":[{"name":"wp","href":"https:\/\/api.w.org\/{rel}","templated":true}]}}