{"id":35770,"date":"2026-03-18T15:51:10","date_gmt":"2026-03-18T15:51:10","guid":{"rendered":"https:\/\/soydeaqui.ddns.net\/pachuca\/index.php\/producto\/extintor-desechable-de-polvo-quimico-seco-fuegos-clase-a-b-y-c-soporte-plastico-pieza-de-2-5-lb\/"},"modified":"2026-03-18T15:51:10","modified_gmt":"2026-03-18T15:51:10","slug":"extintor-desechable-de-polvo-quimico-seco-fuegos-clase-a-b-y-c-soporte-plastico-pieza-de-2-5-lb","status":"publish","type":"product","link":"https:\/\/soydeaqui.ddns.net\/pachuca\/index.php\/producto\/extintor-desechable-de-polvo-quimico-seco-fuegos-clase-a-b-y-c-soporte-plastico-pieza-de-2-5-lb\/","title":{"rendered":"Extintor Desechable de Polvo Qu\u00edmico Seco | Fuegos Clase A, B y C | SOPORTE PLASTICO | Pieza de 2.5 lb"},"content":{"rendered":"<div style='width: 100%; max-width: 1200px; margin: 0 auto; font-family: sans-serif; line-height: 1.6; color: inherit; background-color: transparent;'> <!-- Secci\u00f3n de descripci\u00f3n principal --> <\/p>\n<div style='margin-bottom: 30px;'>\n<p style='font-size: 15px; color: inherit; margin: 0 0 15px 0;'>Apto para uso en incendios <strong>Clase A<\/strong> (basura&comma; madera y papel)&comma; <strong>Clase B<\/strong> (l\u00edquidos y gases) y <strong>Clase C<\/strong> (equipos el\u00e9ctricos energizados).<\/p>\n<p style='font-size: 15px; color: inherit; margin: 0 0 15px 0;'>La unidad recreativa est\u00e1 equipada con un man\u00f3metro que proporciona el estado de un vistazo&comma; est\u00e1 fabricada con aluminio liviano y un conjunto de v\u00e1lvula de aluminio resistente. Incluye soporte de correa de pl\u00e1stico (322057).<\/p>\n<p style='font-size: 15px; color: inherit; margin: 0 0 15px 0;'>Solo 1 Extintor<\/p>\n<p style='font-size: 15px; color: inherit; margin: 0 0 15px 0;'>CON SOPORTE PL\u00c1STICO.<\/p>\n<\/p><\/div>\n<p> <!-- Secci\u00f3n de caracter\u00edsticas --> <\/p>\n<div style='margin-bottom: 30px;'>\n<h3 style='font-size: 22px; border-bottom: 2px solid currentColor; padding-bottom: 5px; margin-top: 0; margin-bottom: 15px; color: inherit; opacity: 0.8;'>Caracter\u00edsticas<\/h3>\n<ul style='padding-left: 20px; font-size: 15px; color: inherit; list-style-type: disc;'>\n<li style='margin-bottom: 5px;'>Producto qu\u00edmico seco multiprop\u00f3sito<\/li>\n<li style='margin-bottom: 5px;'>Listado UL<\/li>\n<li style='margin-bottom: 5px;'>Clasificaci\u00f3n UL 1-A&comma; 10-B:C<\/li>\n<li style='margin-bottom: 5px;'>U.S.C.G&comma; aprobado por DOT<\/li>\n<li style='margin-bottom: 5px;'>Suministrado con soporte de correa de retenci\u00f3n<\/li>\n<li style='margin-bottom: 5px;'>Fosfato de monoamonio<\/li>\n<li style='margin-bottom: 5px;'>Adecuado para su uso en la mayor\u00eda de los incendios comunes<\/li>\n<li style='margin-bottom: 5px;'>El indicador f\u00e1cil de leer le indica que el extintor de incendios est\u00e1 cargado y listo para usar<\/li>\n<li style='margin-bottom: 5px;'>Etiqueta de instrucciones claras con gr\u00e1ficos para mostrar los pasos necesarios para operar el extintor<\/li>\n<li style='margin-bottom: 5px;'>Pasador de seguridad f\u00e1cil de tirar<\/li>\n<li style='margin-bottom: 5px;'>Mango de acero resistente al \u00f3xido y al impacto<\/li>\n<li style='margin-bottom: 5px;'>2.5 lb. de agente extintor de incendios (Promedio)<\/li>\n<li style='margin-bottom: 5px;'>Soporte de retenci\u00f3n de correa aprobado por UL<\/li>\n<li style='margin-bottom: 5px;'>Aprobado por la Guardia Costera (U.S.C.G) cuando se instala con el soporte de montaje suministrado<\/li>\n<\/ul><\/div>\n<p> <!-- Secci\u00f3n de especificaciones --> <\/p>\n<div style='margin-bottom: 30px;'>\n<h3 style='font-size: 22px; border-bottom: 2px solid currentColor; padding-bottom: 5px; margin-top: 0; margin-bottom: 15px; color: inherit; opacity: 0.8;'>Especificaciones<\/h3>\n<ul style='padding-left: 20px; font-size: 15px; color: inherit; list-style-type: disc;'>\n<li style='margin-bottom: 5px;'><strong>Peso del agente (promedio):<\/strong> 2.5 lb<\/li>\n<li style='margin-bottom: 5px;'><strong>Peso unidad (promedio):<\/strong> 3.9 lb<\/li>\n<li style='margin-bottom: 5px;'><strong>Di\u00e1metro:<\/strong> 8.3 cm<\/li>\n<li style='margin-bottom: 5px;'><strong>Alto:<\/strong> 36.07 cm<\/li>\n<li style='margin-bottom: 5px;'><strong>Tiempo de descarga:<\/strong> 8 &#8211; 12 seg<\/li>\n<li style='margin-bottom: 5px;'><strong>Distancia de descarga:<\/strong> 1.8 m &#8211; 2.5 m<\/li>\n<li style='margin-bottom: 5px;'><strong>Presi\u00f3n de operaci\u00f3n:<\/strong> 100 psi<\/li>\n<li style='margin-bottom: 5px;'><strong>Valvula&comma; manija&comma; palanca:<\/strong> Aluminio y acero<\/li>\n<li style='margin-bottom: 5px;'><strong>Soporte aprobado por:<\/strong> U.S.C.G.<\/li>\n<\/ul><\/div>\n<p> <!-- Separador --> <\/p>\n<hr style='border: 0; border-top: 1px solid rgba(150&comma; 150&comma; 150&comma; 0.3); margin: 30px 0;'> <\/div>\n","protected":false},"excerpt":{"rendered":"<p>Extintor Desechable de Polvo Qu\u00edmico Seco | Fuegos Clase A, B y C | SOPORTE PLASTICO | Pieza de 2.5 lb<\/p>\n","protected":false},"featured_media":35769,"comment_status":"open","ping_status":"closed","template":"","meta":[],"product_brand":[],"product_cat":[1051],"product_tag":[1003,1048],"class_list":{"0":"post-35770","1":"product","2":"type-product","3":"status-publish","4":"has-post-thumbnail","6":"product_cat-kidde-extincion-de-incendio","7":"product_tag-extincion-de-incendio","8":"product_tag-kidde","10":"first","11":"outofstock","12":"sale","13":"shipping-taxable","14":"purchasable","15":"product-type-simple"},"_links":{"self":[{"href":"https:\/\/soydeaqui.ddns.net\/pachuca\/index.php\/wp-json\/wp\/v2\/product\/35770","targetHints":{"allow":["GET"]}}],"collection":[{"href":"https:\/\/soydeaqui.ddns.net\/pachuca\/index.php\/wp-json\/wp\/v2\/product"}],"about":[{"href":"https:\/\/soydeaqui.ddns.net\/pachuca\/index.php\/wp-json\/wp\/v2\/types\/product"}],"replies":[{"embeddable":true,"href":"https:\/\/soydeaqui.ddns.net\/pachuca\/index.php\/wp-json\/wp\/v2\/comments?post=35770"}],"wp:featuredmedia":[{"embeddable":true,"href":"https:\/\/soydeaqui.ddns.net\/pachuca\/index.php\/wp-json\/wp\/v2\/media\/35769"}],"wp:attachment":[{"href":"https:\/\/soydeaqui.ddns.net\/pachuca\/index.php\/wp-json\/wp\/v2\/media?parent=35770"}],"wp:term":[{"taxonomy":"product_brand","embeddable":true,"href":"https:\/\/soydeaqui.ddns.net\/pachuca\/index.php\/wp-json\/wp\/v2\/product_brand?post=35770"},{"taxonomy":"product_cat","embeddable":true,"href":"https:\/\/soydeaqui.ddns.net\/pachuca\/index.php\/wp-json\/wp\/v2\/product_cat?post=35770"},{"taxonomy":"product_tag","embeddable":true,"href":"https:\/\/soydeaqui.ddns.net\/pachuca\/index.php\/wp-json\/wp\/v2\/product_tag?post=35770"}],"curies":[{"name":"wp","href":"https:\/\/api.w.org\/{rel}","templated":true}]}}