{"id":35750,"date":"2026-03-18T15:50:44","date_gmt":"2026-03-18T15:50:44","guid":{"rendered":"https:\/\/soydeaqui.ddns.net\/pachuca\/index.php\/producto\/extintor-recargable-de-polvo-quimico-seco-fuegos-clase-a-b-y-c-talleres-y-garaje-paquete-con-6\/"},"modified":"2026-03-18T15:50:45","modified_gmt":"2026-03-18T15:50:45","slug":"extintor-recargable-de-polvo-quimico-seco-fuegos-clase-a-b-y-c-talleres-y-garaje-paquete-con-6","status":"publish","type":"product","link":"https:\/\/soydeaqui.ddns.net\/pachuca\/index.php\/producto\/extintor-recargable-de-polvo-quimico-seco-fuegos-clase-a-b-y-c-talleres-y-garaje-paquete-con-6\/","title":{"rendered":"Extintor Recargable de Polvo Qu\u00edmico Seco | Fuegos Clase A, B y C | Talleres y Garaje | Paquete con 6"},"content":{"rendered":"<div style='width: 100%; max-width: 1200px; margin: 0 auto; font-family: sans-serif; line-height: 1.6; color: inherit; background-color: transparent;'> <!-- Secci\u00f3n de descripci\u00f3n principal --> <\/p>\n<div style='margin-bottom: 30px; font-size: 15px;'>\n<p style='margin: 0 0 15px 0; color: inherit;'>Apto para uso en incendios Clase A (basura&comma; madera y papel)&comma; Clase B (l\u00edquidos y gases) y Clase C (equipos el\u00e9ctricos energizados). El PRO 2.5MP est\u00e1 equipado con un man\u00f3metro que proporciona el estado de un vistazo&comma; est\u00e1 fabricado con un cilindro de aluminio liviano y un ensamblaje de v\u00e1lvula de aluminio resistente.<\/p>\n<p style='margin: 0 0 15px 0; color: inherit;'><strong>*Paquete con 6<\/strong><\/p>\n<\/p><\/div>\n<p> <!-- Secci\u00f3n de caracter\u00edsticas --> <\/p>\n<div style='display: flex; flex-wrap: wrap; gap: 30px; margin-bottom: 30px;'>\n<div style='flex: 1 1 300px; min-width: 280px;'>\n<h3 style='font-size: 22px; border-bottom: 2px solid currentColor; padding-bottom: 5px; margin-top: 0; color: inherit; opacity: 0.8;'>Caracter\u00edsticas<\/h3>\n<ul style='padding-left: 20px; font-size: 15px; color: inherit;'>\n<li style='margin-bottom: 5px;'>Producto qu\u00edmico seco multiprop\u00f3sito<\/li>\n<li style='margin-bottom: 5px;'>Recargable<\/li>\n<li style='margin-bottom: 5px;'>Listado UL<\/li>\n<li style='margin-bottom: 5px;'>Clasificaci\u00f3n UL 1-A&comma; 10-B:C<\/li>\n<li style='margin-bottom: 5px;'>Aprobado por DOT<\/li>\n<li style='margin-bottom: 5px;'>Suministrado con colgador de pared<\/li>\n<li style='margin-bottom: 5px;'>Fosfato de monoamonio<\/li>\n<li style='margin-bottom: 5px;'>6 a\u00f1os de garant\u00eda limitada<\/li>\n<li style='margin-bottom: 5px;'>Adecuado para su uso en la mayor\u00eda de los incendios comunes<\/li>\n<li style='margin-bottom: 5px;'>El indicador f\u00e1cil de leer le indica que el extintor de incendios est\u00e1 cargado y listo para usar<\/li>\n<li style='margin-bottom: 5px;'>Etiqueta de instrucciones claras con gr\u00e1ficos para mostrar los pasos necesarios para operar el extintor<\/li>\n<li style='margin-bottom: 5px;'>Pasador de seguridad f\u00e1cil de tirar<\/li>\n<li style='margin-bottom: 5px;'>V\u00e1lvula&comma; manija y palanca de metal resistente a impactos<\/li>\n<li style='margin-bottom: 5px;'>2.6 lb. de agente extintor de incendios (Promedio)<\/li>\n<li style='margin-bottom: 5px;'>Colgador de pared aprobado por UL<\/li>\n<li style='margin-bottom: 5px;'>Aprobado por la Guardia Costera (U.S.C.G) cuando est\u00e1 equipado con un soporte de montaje opcional<\/li>\n<li style='margin-bottom: 5px;'>Cilindro con recubrimiento en polvo para protecci\u00f3n contra la corrosi\u00f3n<\/li>\n<\/ul><\/div>\n<\/p><\/div>\n<p> <!-- Separador --> <\/p>\n<hr style='border: 0; border-top: 1px solid rgba(150&comma; 150&comma; 150&comma; 0.3); margin: 30px 0;'> <!-- Secci\u00f3n de especificaciones --> <\/p>\n<div style='display: flex; flex-wrap: wrap; gap: 20px; margin-bottom: 30px;'>\n<div style='flex: 1 1 250px; border: 1px solid rgba(150&comma; 150&comma; 150&comma; 0.4); border-radius: 8px; overflow: hidden; display: flex; flex-direction: column;'>\n<div style='padding: 15px; border-bottom: 1px solid rgba(150&comma; 150&comma; 150&comma; 0.2); font-weight: bold; font-size: 18px; color: inherit;'>Especificaciones<\/div>\n<div style='padding: 15px; color: inherit;'>\n<ul style='padding-left: 20px; margin: 0; font-size: 14px; list-style-type: disc;'>\n<li style='margin-bottom: 5px;'><strong>Peso Agente (Promedio):<\/strong> 1.18 Kg<\/li>\n<li style='margin-bottom: 5px;'><strong>Peso Unidad (Promedio):<\/strong> 1.8 Kg<\/li>\n<li style='margin-bottom: 5px;'><strong>Di\u00e1metro:<\/strong> 8.3 cms<\/li>\n<li style='margin-bottom: 5px;'><strong>Altura:<\/strong> 35.56 cms<\/li>\n<li style='margin-bottom: 5px;'><strong>Tiempo de Descarga:<\/strong> 8-12 segundos<\/li>\n<li style='margin-bottom: 5px;'><strong>Rango de Descarga:<\/strong> 3-4.6 m<\/li>\n<li style='margin-bottom: 5px;'><strong>Presi\u00f3n de Operaci\u00f3n:<\/strong> 100 psi<\/li>\n<li style='margin-bottom: 5px;'><strong>Cilindro:<\/strong> Aluminio sin costuras<\/li>\n<li style='margin-bottom: 5px;'><strong>V\u00e1lvula&comma; Manija&comma; Palanca:<\/strong> Metal<\/li>\n<li style='margin-bottom: 5px;'><strong>Soporte Cincho:<\/strong> U.S.C.G aprobado<\/li>\n<\/ul><\/div>\n<\/p><\/div>\n<\/p><\/div>\n<\/p><\/div>\n","protected":false},"excerpt":{"rendered":"<p>Extintor Recargable de Polvo Qu\u00edmico Seco | Fuegos Clase A, B y C | Talleres y Garaje | Paquete con 6<\/p>\n","protected":false},"featured_media":35749,"comment_status":"open","ping_status":"closed","template":"","meta":[],"product_brand":[],"product_cat":[1051],"product_tag":[1003,1048],"class_list":{"0":"post-35750","1":"product","2":"type-product","3":"status-publish","4":"has-post-thumbnail","6":"product_cat-kidde-extincion-de-incendio","7":"product_tag-extincion-de-incendio","8":"product_tag-kidde","10":"first","11":"outofstock","12":"sale","13":"shipping-taxable","14":"purchasable","15":"product-type-simple"},"_links":{"self":[{"href":"https:\/\/soydeaqui.ddns.net\/pachuca\/index.php\/wp-json\/wp\/v2\/product\/35750","targetHints":{"allow":["GET"]}}],"collection":[{"href":"https:\/\/soydeaqui.ddns.net\/pachuca\/index.php\/wp-json\/wp\/v2\/product"}],"about":[{"href":"https:\/\/soydeaqui.ddns.net\/pachuca\/index.php\/wp-json\/wp\/v2\/types\/product"}],"replies":[{"embeddable":true,"href":"https:\/\/soydeaqui.ddns.net\/pachuca\/index.php\/wp-json\/wp\/v2\/comments?post=35750"}],"wp:featuredmedia":[{"embeddable":true,"href":"https:\/\/soydeaqui.ddns.net\/pachuca\/index.php\/wp-json\/wp\/v2\/media\/35749"}],"wp:attachment":[{"href":"https:\/\/soydeaqui.ddns.net\/pachuca\/index.php\/wp-json\/wp\/v2\/media?parent=35750"}],"wp:term":[{"taxonomy":"product_brand","embeddable":true,"href":"https:\/\/soydeaqui.ddns.net\/pachuca\/index.php\/wp-json\/wp\/v2\/product_brand?post=35750"},{"taxonomy":"product_cat","embeddable":true,"href":"https:\/\/soydeaqui.ddns.net\/pachuca\/index.php\/wp-json\/wp\/v2\/product_cat?post=35750"},{"taxonomy":"product_tag","embeddable":true,"href":"https:\/\/soydeaqui.ddns.net\/pachuca\/index.php\/wp-json\/wp\/v2\/product_tag?post=35750"}],"curies":[{"name":"wp","href":"https:\/\/api.w.org\/{rel}","templated":true}]}}