{"id":35747,"date":"2026-03-18T15:50:41","date_gmt":"2026-03-18T15:50:41","guid":{"rendered":"https:\/\/soydeaqui.ddns.net\/pachuca\/index.php\/producto\/modulo-de-entrada-de-zona-convencional-para-caja-4-clase-a-y-b-0400-01840-2\/"},"modified":"2026-03-18T15:50:41","modified_gmt":"2026-03-18T15:50:41","slug":"modulo-de-entrada-de-zona-convencional-para-caja-4-clase-a-y-b-0400-01840-2","status":"publish","type":"product","link":"https:\/\/soydeaqui.ddns.net\/pachuca\/index.php\/producto\/modulo-de-entrada-de-zona-convencional-para-caja-4-clase-a-y-b-0400-01840-2\/","title":{"rendered":"M\u00f3dulo De Entrada De Zona Convencional Para Caja 4&#8243;, Clase A y B (0400-01840)"},"content":{"rendered":"<div style='width: 100%; max-width: 1200px; margin: 0 auto; font-family: sans-serif; line-height: 1.6; color: inherit; background-color: transparent;'>\n<div style='display: flex; flex-wrap: wrap; gap: 30px; margin-bottom: 30px;'>\n<div style='flex: 1 1 300px; min-width: 280px;'>\n<h3 style='font-size: 22px; border-bottom: 2px solid currentColor; padding-bottom: 5px; margin-top: 0; color: inherit; opacity: 0.8;'>Caracter\u00edsticas<\/h3>\n<ul style='padding-left: 20px; font-size: 15px; color: inherit;'>\n<li style='margin-bottom: 5px;'>El m\u00f3dulo de zona convencional de Hochiki (DCP-CZM) est\u00e1 dise\u00f1ado para su uso en un sistema de alarma contra incendios direccionable anal\u00f3gico<\/li>\n<li style='margin-bottom: 5px;'>Se pueden colocar hasta 127 dispositivos en un solo bucle SLC<\/li>\n<li style='margin-bottom: 5px;'>La direcci\u00f3n del dispositivo se almacena de manera \u00fanica en una placa<\/li>\n<li style='margin-bottom: 5px;'>El m\u00f3dulo permite al panel interconectar y monitorear detectores convencionales de dos hilos o estaciones de extracci\u00f3n<\/li>\n<li style='margin-bottom: 5px;'>Cada DCP-CZM transmite el estado en una zona de dispositivos (25 m\u00e1ximo por zona) de vuelta al panel<\/li>\n<\/ul><\/div>\n<\/p><\/div>\n<div style='display: flex; flex-wrap: wrap; gap: 20px; margin-bottom: 30px;'>\n<div style='flex: 1 1 250px; border: 1px solid rgba(150&comma; 150&comma; 150&comma; 0.4); border-radius: 8px; overflow: hidden; display: flex; flex-direction: column;'>\n<div style='padding: 15px; border-bottom: 1px solid rgba(150&comma; 150&comma; 150&comma; 0.2); font-weight: bold; font-size: 18px; color: inherit;'>Caracter\u00edsticas Est\u00e1ndar<\/div>\n<div style='padding: 15px; color: inherit;'>\n<ul style='padding-left: 20px; margin: 0; font-size: 14px; list-style-type: disc;'>\n<li style='margin-bottom: 5px;'>UL 864 9\u00aa edici\u00f3n incluida<\/li>\n<li style='margin-bottom: 5px;'>Proporciona un punto de direcci\u00f3n para una zona de hasta 25 detectores de humo convencionales<\/li>\n<li style='margin-bottom: 5px;'>Parpadea en verde cuando sondea. Enganchado en rojo (controlado por el panel) cuando est\u00e1 activado<\/li>\n<li style='margin-bottom: 5px;'>La direcci\u00f3n del dispositivo se puede programar con un programador de mano. Direcci\u00f3n del dispositivo: var\u00eda de 1 a 127<\/li>\n<li style='margin-bottom: 5px;'>Compatible con cableado de Clase B y Clase A<\/li>\n<li style='margin-bottom: 5px;'>La fuente de alimentaci\u00f3n auxiliar proporciona energ\u00eda para la zona de detectores<\/li>\n<li style='margin-bottom: 5px;'>Compatible con detectores convencionales&comma; series SLR&comma; SIJ&comma; SLK&comma; SLV&comma; DCD&comma; DFE y SIH<\/li>\n<\/ul><\/div>\n<\/p><\/div>\n<\/p><\/div>\n<hr style='border: 0; border-top: 1px solid rgba(150&comma; 150&comma; 150&comma; 0.3); margin: 30px 0;'> <\/div>\n","protected":false},"excerpt":{"rendered":"<p>M\u00f3dulo De Entrada De Zona Convencional Para Caja 4&#8243;, Clase A y B (0400-01840)<\/p>\n","protected":false},"featured_media":35746,"comment_status":"open","ping_status":"closed","template":"","meta":[],"product_brand":[],"product_cat":[448],"product_tag":[449,406,225],"class_list":{"0":"post-35747","1":"product","2":"type-product","3":"status-publish","4":"has-post-thumbnail","6":"product_cat-todo-accesorios-y-dispositivos-direccionables","7":"product_tag-accesorios-y-dispositivos-direccionables","8":"product_tag-hochiki","9":"product_tag-todo","11":"first","12":"outofstock","13":"sale","14":"shipping-taxable","15":"purchasable","16":"product-type-simple"},"_links":{"self":[{"href":"https:\/\/soydeaqui.ddns.net\/pachuca\/index.php\/wp-json\/wp\/v2\/product\/35747","targetHints":{"allow":["GET"]}}],"collection":[{"href":"https:\/\/soydeaqui.ddns.net\/pachuca\/index.php\/wp-json\/wp\/v2\/product"}],"about":[{"href":"https:\/\/soydeaqui.ddns.net\/pachuca\/index.php\/wp-json\/wp\/v2\/types\/product"}],"replies":[{"embeddable":true,"href":"https:\/\/soydeaqui.ddns.net\/pachuca\/index.php\/wp-json\/wp\/v2\/comments?post=35747"}],"wp:featuredmedia":[{"embeddable":true,"href":"https:\/\/soydeaqui.ddns.net\/pachuca\/index.php\/wp-json\/wp\/v2\/media\/35746"}],"wp:attachment":[{"href":"https:\/\/soydeaqui.ddns.net\/pachuca\/index.php\/wp-json\/wp\/v2\/media?parent=35747"}],"wp:term":[{"taxonomy":"product_brand","embeddable":true,"href":"https:\/\/soydeaqui.ddns.net\/pachuca\/index.php\/wp-json\/wp\/v2\/product_brand?post=35747"},{"taxonomy":"product_cat","embeddable":true,"href":"https:\/\/soydeaqui.ddns.net\/pachuca\/index.php\/wp-json\/wp\/v2\/product_cat?post=35747"},{"taxonomy":"product_tag","embeddable":true,"href":"https:\/\/soydeaqui.ddns.net\/pachuca\/index.php\/wp-json\/wp\/v2\/product_tag?post=35747"}],"curies":[{"name":"wp","href":"https:\/\/api.w.org\/{rel}","templated":true}]}}