{"id":35744,"date":"2026-03-18T15:50:38","date_gmt":"2026-03-18T15:50:38","guid":{"rendered":"https:\/\/soydeaqui.ddns.net\/pachuca\/index.php\/producto\/extintor-desechable-de-polvo-quimico-seco-fuegos-clase-a-b-y-c-talleres-y-garaje-pieza-cilindro-blanco-5-5-lb\/"},"modified":"2026-03-18T15:50:38","modified_gmt":"2026-03-18T15:50:38","slug":"extintor-desechable-de-polvo-quimico-seco-fuegos-clase-a-b-y-c-talleres-y-garaje-pieza-cilindro-blanco-5-5-lb","status":"publish","type":"product","link":"https:\/\/soydeaqui.ddns.net\/pachuca\/index.php\/producto\/extintor-desechable-de-polvo-quimico-seco-fuegos-clase-a-b-y-c-talleres-y-garaje-pieza-cilindro-blanco-5-5-lb\/","title":{"rendered":"Extintor Desechable de Polvo Qu\u00edmico Seco | Fuegos Clase A, B y C | Talleres y Garaje |Pieza | Cilindro Blanco 5.5 lb"},"content":{"rendered":"<div style='width: 100%; max-width: 1200px; margin: 0 auto; font-family: sans-serif; line-height: 1.6; color: inherit; background-color: transparent;'>\n<div style='display: flex; flex-wrap: wrap; gap: 30px; margin-bottom: 30px;'>\n<div style='flex: 1 1 300px; min-width: 280px;'>\n<h3 style='font-size: 22px; border-bottom: 2px solid currentColor; padding-bottom: 5px; margin-top: 0; color: inherit; opacity: 0.8;'>Caracter\u00edsticas<\/h3>\n<ul style='padding-left: 20px; font-size: 15px; color: inherit;'>\n<li style='margin-bottom: 5px;'>Debido al volumen de l\u00edquidos inflamables normalmente presente en garajes y talleres&comma; se recomienda un extintor de incendios de mayor capacidad.<\/li>\n<li style='margin-bottom: 5px;'>Este extintor de incendios combate incendios comunes en garajes y talleres&comma; como pintura&comma; madera&comma; gasolina y equipos el\u00e9ctricos energizados.<\/li>\n<li style='margin-bottom: 5px;'>Esta unidad es f\u00e1cil de usar y tiene una garant\u00eda de 10 a\u00f1os.<\/li>\n<li style='margin-bottom: 5px;'>Modelo FX340GW<\/li>\n<li style='margin-bottom: 5px;'>Cilindro Blanco<\/li>\n<li style='margin-bottom: 5px;'>Producto qu\u00edmico seco multiprop\u00f3sito<\/li>\n<li style='margin-bottom: 5px;'>Listado UL<\/li>\n<li style='margin-bottom: 5px;'>Clasificaci\u00f3n UL 3-A&comma; 40-B:C<\/li>\n<li style='margin-bottom: 5px;'>Suministrado con colgador de pared<\/li>\n<li style='margin-bottom: 5px;'>Fosfato de monoamonio<\/li>\n<li style='margin-bottom: 5px;'>Man\u00f3metro permite verificar inmediatamente el estado de la presi\u00f3n<\/li>\n<li style='margin-bottom: 5px;'>Pasador de seguridad f\u00e1cil de extraer<\/li>\n<li style='margin-bottom: 5px;'>V\u00e1lvula&comma; mango y palanca resistentes al impacto<\/li>\n<li style='margin-bottom: 5px;'>5.5 lb. de agente extintor (promedio)<\/li>\n<li style='margin-bottom: 5px;'>Garant\u00eda limitada de 10 a\u00f1os<\/li>\n<li style='margin-bottom: 5px;'>Colgador de pared aprobado por UL<\/li>\n<li style='margin-bottom: 5px;'>Cilindro con recubrimiento en polvo para protecci\u00f3n contra la corrosi\u00f3n<\/li>\n<\/ul><\/div>\n<\/p><\/div>\n<div style='display: flex; flex-wrap: wrap; gap: 20px; margin-bottom: 30px;'>\n<div style='flex: 1 1 250px; border: 1px solid rgba(150&comma; 150&comma; 150&comma; 0.4); border-radius: 8px; overflow: hidden; display: flex; flex-direction: column;'>\n<div style='padding: 15px; border-bottom: 1px solid rgba(150&comma; 150&comma; 150&comma; 0.2); font-weight: bold; font-size: 18px; color: inherit;'>Especificaciones<\/div>\n<div style='padding: 15px; color: inherit;'>\n<ul style='padding-left: 20px; margin: 0; font-size: 14px; list-style-type: disc;'>\n<li style='margin-bottom: 5px;'><strong>Peso neto del agente (promedio):<\/strong> 5&comma;5 lb.<\/li>\n<li style='margin-bottom: 5px;'><strong>Peso unitario (promedio):<\/strong> 8.25 lb.<\/li>\n<li style='margin-bottom: 5px;'><strong>Di\u00e1metro:<\/strong> 4.5 pulgadas<\/li>\n<li style='margin-bottom: 5px;'><strong>Altura:<\/strong> 16.8 pulgadas<\/li>\n<li style='margin-bottom: 5px;'><strong>Tiempo de descarga:<\/strong> 13-15 segundos<\/li>\n<li style='margin-bottom: 5px;'><strong>Rango de descarga:<\/strong> 12-18 pies<\/li>\n<li style='margin-bottom: 5px;'><strong>Presi\u00f3n de funcionamiento:<\/strong> 195 psi<\/li>\n<li style='margin-bottom: 5px;'><strong>Cilindro:<\/strong> Aluminio sin soldadura<\/li>\n<li style='margin-bottom: 5px;'><strong>Valvula&comma; manija&comma; palanca:<\/strong> Aluminio<\/li>\n<li style='margin-bottom: 5px;'><strong>Colgador de pared (suministrado):<\/strong> Listado por UL<\/li>\n<\/ul><\/div>\n<\/p><\/div>\n<\/p><\/div>\n<hr style='border: 0; border-top: 1px solid rgba(150&comma; 150&comma; 150&comma; 0.3); margin: 30px 0;'> <\/div>\n","protected":false},"excerpt":{"rendered":"<p>Extintor Desechable de Polvo Qu\u00edmico Seco | Fuegos Clase A, B y C | Talleres y Garaje |Pieza | Cilindro Blanco 5.5 lb<\/p>\n","protected":false},"featured_media":35743,"comment_status":"open","ping_status":"closed","template":"","meta":[],"product_brand":[],"product_cat":[1051],"product_tag":[1003,1048],"class_list":{"0":"post-35744","1":"product","2":"type-product","3":"status-publish","4":"has-post-thumbnail","6":"product_cat-kidde-extincion-de-incendio","7":"product_tag-extincion-de-incendio","8":"product_tag-kidde","10":"first","11":"outofstock","12":"sale","13":"shipping-taxable","14":"purchasable","15":"product-type-simple"},"_links":{"self":[{"href":"https:\/\/soydeaqui.ddns.net\/pachuca\/index.php\/wp-json\/wp\/v2\/product\/35744","targetHints":{"allow":["GET"]}}],"collection":[{"href":"https:\/\/soydeaqui.ddns.net\/pachuca\/index.php\/wp-json\/wp\/v2\/product"}],"about":[{"href":"https:\/\/soydeaqui.ddns.net\/pachuca\/index.php\/wp-json\/wp\/v2\/types\/product"}],"replies":[{"embeddable":true,"href":"https:\/\/soydeaqui.ddns.net\/pachuca\/index.php\/wp-json\/wp\/v2\/comments?post=35744"}],"wp:featuredmedia":[{"embeddable":true,"href":"https:\/\/soydeaqui.ddns.net\/pachuca\/index.php\/wp-json\/wp\/v2\/media\/35743"}],"wp:attachment":[{"href":"https:\/\/soydeaqui.ddns.net\/pachuca\/index.php\/wp-json\/wp\/v2\/media?parent=35744"}],"wp:term":[{"taxonomy":"product_brand","embeddable":true,"href":"https:\/\/soydeaqui.ddns.net\/pachuca\/index.php\/wp-json\/wp\/v2\/product_brand?post=35744"},{"taxonomy":"product_cat","embeddable":true,"href":"https:\/\/soydeaqui.ddns.net\/pachuca\/index.php\/wp-json\/wp\/v2\/product_cat?post=35744"},{"taxonomy":"product_tag","embeddable":true,"href":"https:\/\/soydeaqui.ddns.net\/pachuca\/index.php\/wp-json\/wp\/v2\/product_tag?post=35744"}],"curies":[{"name":"wp","href":"https:\/\/api.w.org\/{rel}","templated":true}]}}