{"id":35736,"date":"2026-03-18T15:50:27","date_gmt":"2026-03-18T15:50:27","guid":{"rendered":"https:\/\/soydeaqui.ddns.net\/pachuca\/index.php\/producto\/protector-de-policarbonato-sper-resistente-para-palanca-de-incendio-texto-en-espaol\/"},"modified":"2026-03-18T15:50:27","modified_gmt":"2026-03-18T15:50:27","slug":"protector-de-policarbonato-sper-resistente-para-palanca-de-incendio-texto-en-espaol","status":"publish","type":"product","link":"https:\/\/soydeaqui.ddns.net\/pachuca\/index.php\/producto\/protector-de-policarbonato-sper-resistente-para-palanca-de-incendio-texto-en-espaol\/","title":{"rendered":"Protector de Policarbonato S?per Resistente para Palanca de Incendio Texto en Espa?ol"},"content":{"rendered":"<div style='width: 100%; max-width: 1200px; margin: 0 auto; font-family: sans-serif; line-height: 1.6; color: inherit; background-color: transparent;'> <!-- Descripci\u00f3n principal --> <\/p>\n<div style='margin-bottom: 30px;'>\n<h2 style='text-align: center; font-size: 22px; margin: 0 0 15px; color: inherit; opacity: 0.85;'>Cubiertas Protectoras de Policarbonato<\/h2>\n<h2 style='text-align: center; font-size: 22px; margin: 0 0 15px; color: inherit; opacity: 0.85;'>Serie Stopper II\u00ae<\/h2>\n<p style='margin: 20px 0; font-size: 15px; color: inherit;'> Durante m\u00e1s de 40 a\u00f1os&comma; este dispositivo \u00fanico y patentado ha ayudado a evitar falsas alarmas de incendio en todo el mundo&comma; sin restringir las alarmas leg\u00edtimas. Es ideal para escuelas&comma; hospitales&comma; guarder\u00edas&comma; centros comerciales&comma; tiendas&comma; hoteles y edificios&comma; etc de casi todos los tipos en donde existe la amenaza de falsas alarmas de incendio. <\/p>\n<p style='margin: 20px 0; font-size: 15px; color: inherit;'> La serie de cubiertas <strong>Stopper II\u00ae<\/strong> consta de una resistente cubierta de policarbonato transparente que es inviolable y un armaz\u00f3n que se ajusta sobre las estaciones de palanca operadas manualmente. Cuando se levanta para tener acceso a la palanca&comma; suena una aguda alarma de advertencia de 95 o 105 dB&comma; que llamar\u00e1 la atenci\u00f3n de inmediato. <\/p>\n<p style='margin: 20px 0; font-size: 15px; color: inherit;'> Tiene el prop\u00f3sito de ser usado en \u00e1reas donde la incidencia de falsas alarmas de incendio desde estaciones de palanca operadas manualmente es alta o ha demostrado ser un serio problema. Cualquier desventaja de este dispositivo est\u00e1 m\u00e1s que balanceada cuando se consideran las consecuencias de las falsas alarmas de incendio&comma; especialmente si el personal y equipo de servicio responden a una falsa alarma. A esto hay que a\u00f1adir la interrupci\u00f3n de las actividades en las instalaciones cuando se presenta una falsa alarma. <\/p>\n<\/p><\/div>\n<p> <!-- Caracter\u00edsticas Generales --> <\/p>\n<div style='margin-bottom: 30px;'>\n<h3 style='font-size: 20px; border-bottom: 2px solid currentColor; padding-bottom: 5px; margin-top: 0; margin-bottom: 15px; color: inherit; opacity: 0.8;'>Caracter\u00edsticas Generales De Cubiertas de Policarbonato Serie Stopper II\u00ae<\/h3>\n<ul style='padding-left: 20px; font-size: 15px; color: inherit;'>\n<li style='margin-bottom: 5px;'><strong>Listado UL No. 49G2.<\/strong><\/li>\n<li style='margin-bottom: 5px;'><strong>Aprobado FM<\/strong>&comma; <strong>cUL&comma; ADA&comma; BSA&comma; NEMA 3R<\/strong><\/li>\n<li style='margin-bottom: 5px;'>Ha demostrado ser sumamente efectivo durante m\u00e1s de una d\u00e9cada ayudando a evitar falsas alarmas de incendio sin restringir las alarmas leg\u00edtimas.<\/li>\n<li style='margin-bottom: 5px;'>Se puede usar como protecci\u00f3n contra da\u00f1os f\u00edsicos a una estaci\u00f3n de palanca.<\/li>\n<li style='margin-bottom: 5px;'>Se ajusta pr\u00e1cticamente a la mayor\u00eda de las estaciones de palanca operadas manualmente.<\/li>\n<li style='margin-bottom: 5px;'>Disponible en colores rojo&comma; azul&comma; verde o amarillo con r\u00f3tulo personalizado.<\/li>\n<li style='margin-bottom: 5px;'>Probado y aceptado por las autoridades de prevenci\u00f3n de incendios.<\/li>\n<li style='margin-bottom: 5px;'>Aprobado por organizaciones dedicadas a realizar pruebas.<\/li>\n<li style='margin-bottom: 5px;'>La fuente de poder es una <strong>bater\u00eda alcalina de 9V<\/strong> (incluida) (seg\u00fan versi\u00f3n)<\/li>\n<li style='margin-bottom: 5px;'>La cubierta est\u00e1 estabilizada UV contra el deterioro por el sol.<\/li>\n<li style='margin-bottom: 5px;'>La alarma opcional se puede elegir de <strong>95 o 105 dB<\/strong> (seg\u00fan versi\u00f3n)<\/li>\n<li style='margin-bottom: 5px;'>Policarbonato probado de -40\u00ba a 116\u00baC (-40\u00ba a 240\u00baF).<\/li>\n<li style='margin-bottom: 5px;'>Garant\u00eda de 3 a\u00f1os contra rotura del policarbonato durante el uso normal.<\/li>\n<li style='margin-bottom: 5px;'>Garant\u00eda de 1 a\u00f1o en la electr\u00f3nica.<\/li>\n<\/ul><\/div>\n<p> <!-- Caracter\u00edsticas espec\u00edficas STI-1200 --> <\/p>\n<div style='margin-bottom: 30px;'>\n<h3 style='font-size: 20px; border-bottom: 2px solid currentColor; padding-bottom: 5px; margin-top: 0; margin-bottom: 15px; color: inherit; opacity: 0.8;'>Caracter\u00edsticas de cubierta STI-1200 Serie Stopper II\u00ae<\/h3>\n<ul style='padding-left: 20px; font-size: 15px; color: inherit;'>\n<li style='margin-bottom: 5px;'>Texto en espa\u00f1ol.<\/li>\n<li style='margin-bottom: 5px;'>Montaje empotrado.<\/li>\n<li style='margin-bottom: 5px;'>Cubierta protectora de policarbonato para protecci\u00f3n de da\u00f1os f\u00edsicos.<\/li>\n<li style='margin-bottom: 5px;'>Ayuda a detener las falsas alarmas.<\/li>\n<li style='margin-bottom: 5px;'>Listado en <strong>UL\/uCL<\/strong>&comma; compatible con <strong>ADA<\/strong>.<\/li>\n<li style='margin-bottom: 5px;'>7&#8242; (177.8 mm) altura x 5&#8242; (127 mm) ancho x 3.2&#8242; (81.28 mm) profundidad.<\/li>\n<\/ul><\/div>\n<p> <!-- Videos --> <\/p>\n<div style='margin-bottom: 30px;'>\n<h3 style='font-size: 20px; border-bottom: 2px solid currentColor; padding-bottom: 5px; margin-top: 0; margin-bottom: 15px; color: inherit; opacity: 0.8;'>V\u00eddeos<\/h3>\n<div style='margin-bottom: 30px;'>\n<div style='position: relative; padding-bottom: 56.25%; height: 0; overflow: hidden;'>   <\/div>\n<\/p><\/div>\n<div style='margin-bottom: 30px;'>\n<div style='position: relative; padding-bottom: 56.25%; height: 0; overflow: hidden;'>   <\/div>\n<\/p><\/div>\n<div style='margin-bottom: 30px;'>\n<div style='position: relative; padding-bottom: 56.25%; height: 0; overflow: hidden;'>   <\/div>\n<\/p><\/div>\n<div style='margin-bottom: 30px;'>\n<div style='position: relative; padding-bottom: 56.25%; height: 0; overflow: hidden;'>   <\/div>\n<\/p><\/div>\n<div style='margin-bottom: 30px;'>\n<div style='position: relative; padding-bottom: 56.25%; height: 0; overflow: hidden;'>   <\/div>\n<\/p><\/div>\n<\/p><\/div>\n<p> <!-- Separador final --> <\/p>\n<hr style='border: 0; border-top: 1px solid rgba(150&comma; 150&comma; 150&comma; 0.3); margin: 30px 0;'> <\/div>\n","protected":false},"excerpt":{"rendered":"<p>Protector de Policarbonato S?per Resistente para Palanca de Incendio Texto en Espa?ol<\/p>\n","protected":false},"featured_media":35735,"comment_status":"open","ping_status":"closed","template":"","meta":[],"product_brand":[],"product_cat":[199],"product_tag":[201,200,169],"class_list":{"0":"post-35736","1":"product","2":"type-product","3":"status-publish","4":"has-post-thumbnail","6":"product_cat-carcasas","7":"product_tag-carcasas","8":"product_tag-gabinetes-y-carcasas","9":"product_tag-sti","11":"first","12":"outofstock","13":"sale","14":"shipping-taxable","15":"purchasable","16":"product-type-simple"},"_links":{"self":[{"href":"https:\/\/soydeaqui.ddns.net\/pachuca\/index.php\/wp-json\/wp\/v2\/product\/35736","targetHints":{"allow":["GET"]}}],"collection":[{"href":"https:\/\/soydeaqui.ddns.net\/pachuca\/index.php\/wp-json\/wp\/v2\/product"}],"about":[{"href":"https:\/\/soydeaqui.ddns.net\/pachuca\/index.php\/wp-json\/wp\/v2\/types\/product"}],"replies":[{"embeddable":true,"href":"https:\/\/soydeaqui.ddns.net\/pachuca\/index.php\/wp-json\/wp\/v2\/comments?post=35736"}],"wp:featuredmedia":[{"embeddable":true,"href":"https:\/\/soydeaqui.ddns.net\/pachuca\/index.php\/wp-json\/wp\/v2\/media\/35735"}],"wp:attachment":[{"href":"https:\/\/soydeaqui.ddns.net\/pachuca\/index.php\/wp-json\/wp\/v2\/media?parent=35736"}],"wp:term":[{"taxonomy":"product_brand","embeddable":true,"href":"https:\/\/soydeaqui.ddns.net\/pachuca\/index.php\/wp-json\/wp\/v2\/product_brand?post=35736"},{"taxonomy":"product_cat","embeddable":true,"href":"https:\/\/soydeaqui.ddns.net\/pachuca\/index.php\/wp-json\/wp\/v2\/product_cat?post=35736"},{"taxonomy":"product_tag","embeddable":true,"href":"https:\/\/soydeaqui.ddns.net\/pachuca\/index.php\/wp-json\/wp\/v2\/product_tag?post=35736"}],"curies":[{"name":"wp","href":"https:\/\/api.w.org\/{rel}","templated":true}]}}