{"id":35730,"date":"2026-03-18T15:50:21","date_gmt":"2026-03-18T15:50:21","guid":{"rendered":"https:\/\/soydeaqui.ddns.net\/pachuca\/index.php\/producto\/interruptor-de-correinte-n-o-1-a-30-vac-dc-rango-de-medicion-de-25-a-200a\/"},"modified":"2026-03-18T15:50:21","modified_gmt":"2026-03-18T15:50:21","slug":"interruptor-de-correinte-n-o-1-a-30-vac-dc-rango-de-medicion-de-25-a-200a","status":"publish","type":"product","link":"https:\/\/soydeaqui.ddns.net\/pachuca\/index.php\/producto\/interruptor-de-correinte-n-o-1-a-30-vac-dc-rango-de-medicion-de-25-a-200a\/","title":{"rendered":"Interruptor de correinte , N.O. 1 A @ 30 VAC\/DC , Rango de medicion de .25 a 200A"},"content":{"rendered":"<div style='width: 100%; max-width: 1200px; margin: 0 auto; font-family: sans-serif; line-height: 1.6; color: inherit; background-color: transparent;'>\n<div style='display: flex; flex-wrap: wrap; gap: 30px; margin-bottom: 30px;'>\n<div style='flex: 1 1 300px; min-width: 280px;'>\n<h3 style='font-size: 22px; border-bottom: 2px solid currentColor; padding-bottom: 5px; margin-top: 0; color: inherit; opacity: 0.8;'>Descripci\u00f3n<\/h3>\n<ul style='padding-left: 20px; font-size: 15px; color: inherit;'>\n<li style='margin-bottom: 5px;'>Los interruptores de corriente on\/off Hawkeye 800 ofrecen una soluci\u00f3n rentable para monitorear el estado de las ventilas de unidad&comma; los ventiladores de escape&comma; las bombas de recirculaci\u00f3n y otras cargas fijas donde la p\u00e9rdida de correa no es una preocupaci\u00f3n.<\/li>\n<li style='margin-bottom: 5px;'>Veris ha aplicado tecnolog\u00eda nueva al modelo H800 para lograr una mejora impresionante en los niveles de encendido. M\u00e1s confiable que los rel\u00e9s a trav\u00e9s de contactos auxiliares&comma; ideal para unidades de transmisi\u00f3n directa&comma; ventiladores de unidad&comma; unidades de bobinas de ventilador&comma; ventiladores de escape y otras cargas fijas.<\/li>\n<li style='margin-bottom: 5px;'>Un punto de ajuste bajo&comma; con un punto de disparo m\u00ednimo tan bajo como 0&comma;25 A&comma; evita la necesidad de m\u00faltiples vueltas del conductor a trav\u00e9s del sensor incluso en cargas tan peque\u00f1as como 1\/5 hp.<\/li>\n<li style='margin-bottom: 5px;'>El soporte de montaje removible proporciona flexibilidad de instalaci\u00f3n. F\u00e1cil instalaci\u00f3n&comma; n\u00facleo s\u00f3lido para una r\u00e1pida instalaci\u00f3n de retrofit.<\/li>\n<li style='margin-bottom: 5px;'>La potencia del sensor de corriente monitoreada se induce desde el dispositivo.<\/li>\n<\/ul><\/div>\n<\/p><\/div>\n<div style='display: flex; flex-wrap: wrap; gap: 20px; margin-bottom: 30px;'>\n<div style='flex: 1 1 250px; border: 1px solid rgba(150&comma; 150&comma; 150&comma; 0.4); border-radius: 8px; overflow: hidden; display: flex; flex-direction: column;'>\n<div style='padding: 15px; border-bottom: 1px solid rgba(150&comma; 150&comma; 150&comma; 0.2); font-weight: bold; font-size: 18px; color: inherit;'>Especificaciones<\/div>\n<div style='padding: 15px; color: inherit;'>\n<ul style='padding-left: 20px; margin: 0; font-size: 14px; list-style-type: disc;'>\n<li style='margin-bottom: 5px;'><strong>Rango de medici\u00f3n:<\/strong> 0.25 a 200A<\/li>\n<\/ul><\/div>\n<\/p><\/div>\n<\/p><\/div>\n<hr style='border: 0; border-top: 1px solid rgba(150&comma; 150&comma; 150&comma; 0.3); margin: 30px 0;'> <\/div>\n","protected":false},"excerpt":{"rendered":"<p>Interruptor de correinte , N.O. 1 A @ 30 VAC\/DC , Rango de medicion de .25 a 200A<\/p>\n","protected":false},"featured_media":35729,"comment_status":"open","ping_status":"closed","template":"","meta":[],"product_brand":[],"product_cat":[1034],"product_tag":[1035,1036,1037],"class_list":{"0":"post-35730","1":"product","2":"type-product","3":"status-publish","4":"has-post-thumbnail","6":"product_cat-bms-bas","7":"product_tag-bms","8":"product_tag-bms-bas","9":"product_tag-honeywell-bms","11":"first","12":"outofstock","13":"sale","14":"shipping-taxable","15":"purchasable","16":"product-type-simple"},"_links":{"self":[{"href":"https:\/\/soydeaqui.ddns.net\/pachuca\/index.php\/wp-json\/wp\/v2\/product\/35730","targetHints":{"allow":["GET"]}}],"collection":[{"href":"https:\/\/soydeaqui.ddns.net\/pachuca\/index.php\/wp-json\/wp\/v2\/product"}],"about":[{"href":"https:\/\/soydeaqui.ddns.net\/pachuca\/index.php\/wp-json\/wp\/v2\/types\/product"}],"replies":[{"embeddable":true,"href":"https:\/\/soydeaqui.ddns.net\/pachuca\/index.php\/wp-json\/wp\/v2\/comments?post=35730"}],"wp:featuredmedia":[{"embeddable":true,"href":"https:\/\/soydeaqui.ddns.net\/pachuca\/index.php\/wp-json\/wp\/v2\/media\/35729"}],"wp:attachment":[{"href":"https:\/\/soydeaqui.ddns.net\/pachuca\/index.php\/wp-json\/wp\/v2\/media?parent=35730"}],"wp:term":[{"taxonomy":"product_brand","embeddable":true,"href":"https:\/\/soydeaqui.ddns.net\/pachuca\/index.php\/wp-json\/wp\/v2\/product_brand?post=35730"},{"taxonomy":"product_cat","embeddable":true,"href":"https:\/\/soydeaqui.ddns.net\/pachuca\/index.php\/wp-json\/wp\/v2\/product_cat?post=35730"},{"taxonomy":"product_tag","embeddable":true,"href":"https:\/\/soydeaqui.ddns.net\/pachuca\/index.php\/wp-json\/wp\/v2\/product_tag?post=35730"}],"curies":[{"name":"wp","href":"https:\/\/api.w.org\/{rel}","templated":true}]}}