{"id":35716,"date":"2026-03-18T15:50:04","date_gmt":"2026-03-18T15:50:04","guid":{"rendered":"https:\/\/soydeaqui.ddns.net\/pachuca\/index.php\/producto\/cilindro-para-calibracion-de-detectores-de-gas-cero-emisiones-105l-20-9-oxigeno-o2-balance-nitrogeno-n2-macurco\/"},"modified":"2026-03-18T15:50:05","modified_gmt":"2026-03-18T15:50:05","slug":"cilindro-para-calibracion-de-detectores-de-gas-cero-emisiones-105l-20-9-oxigeno-o2-balance-nitrogeno-n2-macurco","status":"publish","type":"product","link":"https:\/\/soydeaqui.ddns.net\/pachuca\/index.php\/producto\/cilindro-para-calibracion-de-detectores-de-gas-cero-emisiones-105l-20-9-oxigeno-o2-balance-nitrogeno-n2-macurco\/","title":{"rendered":"Cilindro Para Calibraci\u00f3n de Detectores de Gas Cero Emisiones 105L 20.9 % Ox\u00edgeno (O2) balance Nitrogeno (N2)  MACURCO"},"content":{"rendered":"<div style='width: 100%; max-width: 1200px; margin: 0 auto; font-family: sans-serif; line-height: 1.6; color: inherit; background-color: transparent;'>\n<div style='display: flex; flex-wrap: wrap; gap: 30px; margin-bottom: 30px;'>\n<div style='flex: 1 1 300px; min-width: 280px;'>\n<h3 style='font-size: 22px; border-bottom: 2px solid currentColor; padding-bottom: 5px; margin-top: 0; color: inherit; opacity: 0.8;'>Caracter\u00edsticas generales<\/h3>\n<ul style='padding-left: 20px; font-size: 15px; color: inherit;'>\n<li style='margin-bottom: 5px;'><strong>Tipo de producto:<\/strong> Cilindro para calibraci\u00f3n de detectores de gas<\/li>\n<li style='margin-bottom: 5px;'><strong>Composici\u00f3n:<\/strong> Metano y nitr\u00f3geno<\/li>\n<li style='margin-bottom: 5px;'><strong>Uso:<\/strong> Calibraci\u00f3n de detectores de gas<\/li>\n<li style='margin-bottom: 5px;'><strong>Capacidad:<\/strong> 17 litros<\/li>\n<li style='margin-bottom: 5px;'><strong>Concentraci\u00f3n de CO2:<\/strong> 400 ppm<\/li>\n<\/ul><\/div>\n<div style='flex: 1 1 300px; min-width: 280px;'>\n<h3 style='font-size: 22px; border-bottom: 2px solid currentColor; padding-bottom: 5px; margin-top: 0; color: inherit; opacity: 0.8;'>Aplicaciones<\/h3>\n<ul style='padding-left: 20px; font-size: 15px; color: inherit;'>\n<li style='margin-bottom: 5px;'>Calibraci\u00f3n de detectores de gas en campo<\/li>\n<li style='margin-bottom: 5px;'>Mantenimiento de sensores de gas<\/li>\n<li style='margin-bottom: 5px;'>Verificaci\u00f3n de precisi\u00f3n de lecturas<\/li>\n<\/ul><\/div>\n<\/p><\/div>\n<div style='display: flex; flex-wrap: wrap; gap: 20px; margin-bottom: 30px;'>\n<div style='flex: 1 1 250px; border: 1px solid rgba(150&comma; 150&comma; 150&comma; 0.4); border-radius: 8px; overflow: hidden; display: flex; flex-direction: column;'>\n<div style='padding: 15px; border-bottom: 1px solid rgba(150&comma; 150&comma; 150&comma; 0.2); font-weight: bold; font-size: 18px; color: inherit;'>Compatibilidad<\/div>\n<div style='padding: 15px; color: inherit;'>\n<ul style='padding-left: 20px; margin: 0; font-size: 14px; list-style-type: disc;'>\n<li style='margin-bottom: 5px;'>Detector CD-6G<\/li>\n<li style='margin-bottom: 5px;'>Detector CD-6B<\/li>\n<li style='margin-bottom: 5px;'>Detector CD-6H<\/li>\n<li style='margin-bottom: 5px;'>Detector CD-12H<\/li>\n<li style='margin-bottom: 5px;'>Cal-Kit 4<\/li>\n<\/ul><\/div>\n<\/p><\/div>\n<div style='flex: 1 1 250px; border: 1px solid rgba(150&comma; 150&comma; 150&comma; 0.4); border-radius: 8px; overflow: hidden; display: flex; flex-direction: column;'>\n<div style='padding: 15px; border-bottom: 1px solid rgba(150&comma; 150&comma; 150&comma; 0.2); font-weight: bold; font-size: 18px; color: inherit;'>Precauciones de seguridad<\/div>\n<div style='padding: 15px; color: inherit;'>\n<ul style='padding-left: 20px; margin: 0; font-size: 14px; list-style-type: disc;'>\n<li style='margin-bottom: 5px;'>Contiene gas bajo presi\u00f3n&comma; puede explotar si se calienta<\/li>\n<li style='margin-bottom: 5px;'>Puede causar da\u00f1o a \u00f3rganos<\/li>\n<li style='margin-bottom: 5px;'>Puede reemplazar al ox\u00edgeno y causar asfixia r\u00e1pidamente<\/li>\n<li style='margin-bottom: 5px;'>P410+P403 Proteger de la luz solar. Almacenar en un lugar bien ventilado<\/li>\n<\/ul><\/div>\n<\/p><\/div>\n<div style='flex: 1 1 250px; border: 1px solid rgba(150&comma; 150&comma; 150&comma; 0.4); border-radius: 8px; overflow: hidden; display: flex; flex-direction: column;'>\n<div style='padding: 15px; border-bottom: 1px solid rgba(150&comma; 150&comma; 150&comma; 0.2); font-weight: bold; font-size: 18px; color: inherit;'>Recomendaciones<\/div>\n<div style='padding: 15px; color: inherit;'>\n<ul style='padding-left: 20px; margin: 0; font-size: 14px; list-style-type: disc;'>\n<li style='margin-bottom: 5px;'>Calibraci\u00f3n anual como m\u00ednimo<\/li>\n<li style='margin-bottom: 5px;'>M\u00e1s frecuente seg\u00fan condiciones del sitio<\/li>\n<li style='margin-bottom: 5px;'>Consultar reglamentaciones locales<\/li>\n<\/ul><\/div>\n<\/p><\/div>\n<\/p><\/div>\n<hr style='border: 0; border-top: 1px solid rgba(150&comma; 150&comma; 150&comma; 0.3); margin: 30px 0;'>\n<div style='margin-bottom: 30px;'>\n<h3 style='font-size: 22px; border-bottom: 2px solid currentColor; padding-bottom: 5px; margin-top: 0; color: inherit; opacity: 0.8;'>Descripci\u00f3n detallada<\/h3>\n<p style='font-size: 15px; color: inherit; margin-top: 15px;'>La familia de detectores de las series Macurco 6 y 12 requiere pruebas y calibraci\u00f3n de rutina. Cada detector tiene un kit de prueba\/calibraci\u00f3n correspondiente para probar y calibrar los detectores en campo. Los sensores pueden ser menos precisos con el tiempo&comma; por lo que se recomienda tener un plan de mantenimiento para garantizar que los detectores respondan a la presencia del gas apropiadamente. Una calibraci\u00f3n de gas es el proceso de exponer un sensor a un gas objetivo a una concentraci\u00f3n espec\u00edfica y luego ajustar el detector de gas para leer esa concentraci\u00f3n correctamente.<\/p>\n<\/p><\/div>\n<\/p><\/div>\n","protected":false},"excerpt":{"rendered":"<p>Cilindro Para Calibraci\u00f3n de Detectores de Gas Cero Emisiones 105L 20.9 % Ox\u00edgeno (O2) balance Nitrogeno (N2)  MACURCO<\/p>\n","protected":false},"featured_media":35715,"comment_status":"open","ping_status":"closed","template":"","meta":[],"product_brand":[],"product_cat":[987],"product_tag":[988,522,989],"class_list":{"0":"post-35716","1":"product","2":"type-product","3":"status-publish","4":"has-post-thumbnail","6":"product_cat-detectores-de-gases","7":"product_tag-detectores-de-gases","8":"product_tag-dispositivos-convencionales","9":"product_tag-macurco-aerionics","11":"first","12":"outofstock","13":"sale","14":"shipping-taxable","15":"purchasable","16":"product-type-simple"},"_links":{"self":[{"href":"https:\/\/soydeaqui.ddns.net\/pachuca\/index.php\/wp-json\/wp\/v2\/product\/35716","targetHints":{"allow":["GET"]}}],"collection":[{"href":"https:\/\/soydeaqui.ddns.net\/pachuca\/index.php\/wp-json\/wp\/v2\/product"}],"about":[{"href":"https:\/\/soydeaqui.ddns.net\/pachuca\/index.php\/wp-json\/wp\/v2\/types\/product"}],"replies":[{"embeddable":true,"href":"https:\/\/soydeaqui.ddns.net\/pachuca\/index.php\/wp-json\/wp\/v2\/comments?post=35716"}],"wp:featuredmedia":[{"embeddable":true,"href":"https:\/\/soydeaqui.ddns.net\/pachuca\/index.php\/wp-json\/wp\/v2\/media\/35715"}],"wp:attachment":[{"href":"https:\/\/soydeaqui.ddns.net\/pachuca\/index.php\/wp-json\/wp\/v2\/media?parent=35716"}],"wp:term":[{"taxonomy":"product_brand","embeddable":true,"href":"https:\/\/soydeaqui.ddns.net\/pachuca\/index.php\/wp-json\/wp\/v2\/product_brand?post=35716"},{"taxonomy":"product_cat","embeddable":true,"href":"https:\/\/soydeaqui.ddns.net\/pachuca\/index.php\/wp-json\/wp\/v2\/product_cat?post=35716"},{"taxonomy":"product_tag","embeddable":true,"href":"https:\/\/soydeaqui.ddns.net\/pachuca\/index.php\/wp-json\/wp\/v2\/product_tag?post=35716"}],"curies":[{"name":"wp","href":"https:\/\/api.w.org\/{rel}","templated":true}]}}