{"id":35697,"date":"2026-03-18T15:49:44","date_gmt":"2026-03-18T15:49:44","guid":{"rendered":"https:\/\/soydeaqui.ddns.net\/pachuca\/index.php\/producto\/detector-de-humo-autonomo-no-requiere-panel-led-de-escape-sensor-por-ionizacion-bateria-9-v-reemplazable-2\/"},"modified":"2026-03-18T15:49:45","modified_gmt":"2026-03-18T15:49:45","slug":"detector-de-humo-autonomo-no-requiere-panel-led-de-escape-sensor-por-ionizacion-bateria-9-v-reemplazable-2","status":"publish","type":"product","link":"https:\/\/soydeaqui.ddns.net\/pachuca\/index.php\/producto\/detector-de-humo-autonomo-no-requiere-panel-led-de-escape-sensor-por-ionizacion-bateria-9-v-reemplazable-2\/","title":{"rendered":"Detector de Humo Aut\u00f3nomo, No Requiere Panel, LED de Escape, Sensor por Ionizaci\u00f3n, Bater\u00eda 9 V reemplazable"},"content":{"rendered":"<div style='width: 100%; max-width: 1200px; margin: 0 auto; font-family: sans-serif; line-height: 1.6; color: inherit; background-color: transparent;'> <!-- Descripci\u00f3n principal --> <\/p>\n<div style='margin-bottom: 30px;'>\n<p style='margin: 0 0 15px; font-size: 15px; color: inherit;'>El detector de humo por ionizaci\u00f3n First Alert <strong>1039800<\/strong> con luz de escape&comma; es una opci\u00f3n ideal para la detecci\u00f3n de humo esencial. Este detector de humo utiliza tecnolog\u00eda de detecci\u00f3n de humo por ionizaci\u00f3n con un dise\u00f1o de recolecci\u00f3n de humo mejorado que es ideal para detectar humo de incendios con llamas. Una operaci\u00f3n conveniente con un solo bot\u00f3n le permite silenciar las falsas alarmas y probar la alarma contra incendios para asegurarse de que funciona.<\/p>\n<\/p><\/div>\n<p> <!-- Caracter\u00edsticas principales --> <\/p>\n<div style='margin-bottom: 30px;'>\n<h3 style='font-size: 20px; border-bottom: 2px solid currentColor; padding-bottom: 5px; margin-top: 0; margin-bottom: 15px; color: inherit; opacity: 0.8;'>Caracter\u00edsticas principales<\/h3>\n<ul style='padding-left: 20px; font-size: 15px; color: inherit;'>\n<li style='margin-bottom: 8px;'>El detector de humo sobresale en la detecci\u00f3n de humo de incendios en llamas<\/li>\n<li style='margin-bottom: 8px;'>Tecnolog\u00eda de detecci\u00f3n de humo por ionizaci\u00f3n con dise\u00f1o mejorado de recolecci\u00f3n de humo<\/li>\n<li style='margin-bottom: 8px;'>La alarma fuerte de 85 decibelios est\u00e1 dise\u00f1ada para escucharse f\u00e1cilmente<\/li>\n<li style='margin-bottom: 8px;'>Compartimiento de bater\u00eda de carga lateral y bloqueo antirrobo<\/li>\n<li style='margin-bottom: 8px;'>El detector de humo cuenta con un solo bot\u00f3n de prueba\/silencio para una operaci\u00f3n simple<\/li>\n<\/ul><\/div>\n<p> <!-- Secciones detalladas --> <\/p>\n<div style='display: flex; flex-wrap: wrap; gap: 30px; margin-bottom: 30px;'>\n<div style='flex: 1 1 300px; min-width: 280px;'>\n<h3 style='font-size: 18px; border-bottom: 2px solid currentColor; padding-bottom: 5px; margin-top: 0; margin-bottom: 15px; color: inherit; opacity: 0.8;'>Caracter\u00edsticas Generales<\/h3>\n<ul style='padding-left: 20px; font-size: 14px; color: inherit;'>\n<li style='margin-bottom: 8px;'><strong>El sensor de ionizaci\u00f3n<\/strong> detecta de forma fiable incendios con llamas<\/li>\n<li style='margin-bottom: 8px;'>Dise\u00f1o contempor\u00e1neo mejorado de recolecci\u00f3n de humo<\/li>\n<li style='margin-bottom: 8px;'>Alarma contra incendios de 85 decibelios dise\u00f1ada para escucharse f\u00e1cilmente<\/li>\n<\/ul><\/div>\n<div style='flex: 1 1 300px; min-width: 280px;'>\n<h3 style='font-size: 18px; border-bottom: 2px solid currentColor; padding-bottom: 5px; margin-top: 0; margin-bottom: 15px; color: inherit; opacity: 0.8;'>Dise\u00f1o f\u00e1cil de usar<\/h3>\n<ul style='padding-left: 20px; font-size: 14px; color: inherit;'>\n<li style='margin-bottom: 8px;'>Operaci\u00f3n simple con un solo bot\u00f3n<\/li>\n<li style='margin-bottom: 8px;'>Funci\u00f3n de silencio para falsas alarmas<\/li>\n<li style='margin-bottom: 8px;'>Bot\u00f3n de prueba para verificar funcionamiento<\/li>\n<li style='margin-bottom: 8px;'>Luz de encendido parpadeante indica funcionamiento correcto<\/li>\n<li style='margin-bottom: 8px;'>Aviso de bater\u00eda baja<\/li>\n<\/ul><\/div>\n<div style='flex: 1 1 300px; min-width: 280px;'>\n<h3 style='font-size: 18px; border-bottom: 2px solid currentColor; padding-bottom: 5px; margin-top: 0; margin-bottom: 15px; color: inherit; opacity: 0.8;'>Escape Light<\/h3>\n<ul style='padding-left: 20px; font-size: 14px; color: inherit;'>\n<li style='margin-bottom: 8px;'>Luz de escape incorporada se activa con la alarma<\/li>\n<li style='margin-bottom: 8px;'>Ilumina un camino hacia la seguridad durante emergencias<\/li>\n<\/ul><\/div>\n<\/p><\/div>\n<p> <!-- Especificaciones --> <\/p>\n<div style='margin-bottom: 30px;'>\n<h3 style='font-size: 20px; border-bottom: 2px solid currentColor; padding-bottom: 5px; margin-top: 0; margin-bottom: 15px; color: inherit; opacity: 0.8;'>Caracter\u00edsticas del detector<\/h3>\n<div style='display: flex; flex-wrap: wrap; gap: 20px;'>\n<div style='flex: 1 1 250px; border: 1px solid rgba(150&comma; 150&comma; 150&comma; 0.4); border-radius: 8px; overflow: hidden; display: flex; flex-direction: column;'>\n<div style='padding: 15px; border-bottom: 1px solid rgba(150&comma; 150&comma; 150&comma; 0.2); font-weight: bold; font-size: 16px; color: inherit;'>Especificaciones<\/div>\n<div style='padding: 15px; color: inherit;'>\n<ul style='padding-left: 20px; margin: 0; font-size: 14px; list-style-type: disc;'>\n<li style='margin-bottom: 5px;'><strong>Modelo:<\/strong> SA304CN3<\/li>\n<li style='margin-bottom: 5px;'><strong>Garant\u00eda:<\/strong> Limitada de 10 a\u00f1os<\/li>\n<li style='margin-bottom: 5px;'><strong>Sirena:<\/strong> 85db<\/li>\n<li style='margin-bottom: 5px;'><strong>Operaci\u00f3n:<\/strong> Bot\u00f3n de prueba y silencio<\/li>\n<li style='margin-bottom: 5px;'><strong>Indicador:<\/strong> Aviso de bater\u00eda baja<\/li>\n<li style='margin-bottom: 5px;'><strong>Luz:<\/strong> Escape<\/li>\n<li style='margin-bottom: 5px;'><strong>Tipo:<\/strong> Detector de humo<\/li>\n<li style='margin-bottom: 5px;'><strong>Sensor:<\/strong> Ionizaci\u00f3n<\/li>\n<li style='margin-bottom: 5px;'><strong>Alimentaci\u00f3n:<\/strong> Bater\u00eda<\/li>\n<li style='margin-bottom: 5px;'><strong>Luz de escape:<\/strong> S\u00ed<\/li>\n<li style='margin-bottom: 5px;'><strong>Bater\u00eda:<\/strong> Reemplazable<\/li>\n<li style='margin-bottom: 5px;'><strong>Interconectividad:<\/strong> No inal\u00e1mbrica<\/li>\n<li style='margin-bottom: 5px;'><strong>Est\u00e1ndar:<\/strong> UL 217<\/li>\n<\/ul><\/div>\n<\/p><\/div>\n<div style='flex: 1 1 250px; border: 1px solid rgba(150&comma; 150&comma; 150&comma; 0.4); border-radius: 8px; overflow: hidden; display: flex; flex-direction: column;'>\n<div style='padding: 15px; border-bottom: 1px solid rgba(150&comma; 150&comma; 150&comma; 0.2); font-weight: bold; font-size: 16px; color: inherit;'>Dimensiones<\/div>\n<div style='padding: 15px; color: inherit;'>\n<ul style='padding-left: 20px; margin: 0; font-size: 14px; list-style-type: disc;'>\n<li style='margin-bottom: 5px;'><strong>Altura:<\/strong> 4.34 in (110 mm)<\/li>\n<li style='margin-bottom: 5px;'><strong>Longitud:<\/strong> 4.34 in (110 mm)<\/li>\n<li style='margin-bottom: 5px;'><strong>Ancho:<\/strong> 1.9 in (48 mm)<\/li>\n<li style='margin-bottom: 5px;'><strong>Peso:<\/strong> 0.3 lb (136 g)<\/li>\n<\/ul><\/div>\n<\/p><\/div>\n<\/p><\/div>\n<\/p><\/div>\n<p> <!-- Informaci\u00f3n adicional --> <\/p>\n<div style='margin-bottom: 30px;'>\n<p style='margin: 0 0 15px; font-size: 15px; color: inherit;'>Los detectores de humo ayudan a brindar una alerta temprana en caso de una emergencia. First Alert ha estado protegiendo hogares y familias desde 1958 y se enorgullece de ofrecer una variedad de opciones de instalaciones f\u00e1ciles y confiables para detectores de humo dom\u00e9sticos.<\/p>\n<p style='margin: 0 0 15px; font-size: 15px; color: inherit;'>Seg\u00fan la Asociaci\u00f3n Nacional de Protecci\u00f3n contra Incendios <strong>NFPA<\/strong>&comma; los detectores de incendios deben instalarse en todos los niveles de su hogar&comma; incluido el s\u00f3tano&comma; y dentro de cada dormitorio. Recuerde probar los detectores de humo de su hogar al menos una vez al mes y cambie las bater\u00edas cada seis meses. Actualice a un detector de humo que funcione con bater\u00eda sellada de 10 a\u00f1os para eliminar la necesidad de reemplazar la bater\u00eda durante la vida \u00fatil de la alarma contra incendios. Todos los detectores de humo deben reemplazarse al menos cada 10 a\u00f1os.<\/p>\n<\/p><\/div>\n<p> <!-- Videos --> <\/p>\n<div style='margin-bottom: 30px;'>\n<h3 style='font-size: 20px; border-bottom: 2px solid currentColor; padding-bottom: 5px; margin-top: 0; margin-bottom: 15px; color: inherit; opacity: 0.8;'>Videos<\/h3>\n<div style='margin-bottom: 30px;'>\n<div style='position: relative; padding-bottom: 56.25%; height: 0; overflow: hidden; margin-bottom: 15px;'>   <\/div>\n<p style='text-align: center; margin: 0; font-size: 14px; color: inherit;'>Alarma de humo con luz de escape<\/p>\n<\/p><\/div>\n<div style='margin-bottom: 30px;'>\n<div style='position: relative; padding-bottom: 56.25%; height: 0; overflow: hidden; margin-bottom: 15px;'>   <\/div>\n<p style='text-align: center; margin: 0; font-size: 14px; color: inherit;'>Alarma de humo con luz de escape<\/p>\n<\/p><\/div>\n<div style='margin-bottom: 30px;'>\n<div style='position: relative; padding-bottom: 56.25%; height: 0; overflow: hidden; margin-bottom: 15px;'>   <\/div>\n<p style='text-align: center; margin: 0; font-size: 14px; color: inherit;'>Alarma de humo con luz de escape (un-boxing)<\/p>\n<\/p><\/div>\n<div style='margin-bottom: 30px;'>\n<div style='position: relative; padding-bottom: 56.25%; height: 0; overflow: hidden; margin-bottom: 15px;'>   <\/div>\n<p style='text-align: center; margin: 0; font-size: 14px; color: inherit;'>60 a\u00f1os protegiendo lo m\u00e1s importante &#8211; Alarma de humo con luz de escape<\/p>\n<\/p><\/div>\n<\/p><\/div>\n<p> <!-- Separador final --> <\/p>\n<hr style='border: 0; border-top: 1px solid rgba(150&comma; 150&comma; 150&comma; 0.3); margin: 30px 0;'> <\/div>\n","protected":false},"excerpt":{"rendered":"<p>Detector de Humo Aut\u00f3nomo, No Requiere Panel, LED de Escape, Sensor por Ionizaci\u00f3n, Bater\u00eda 9 V reemplazable<\/p>\n","protected":false},"featured_media":35696,"comment_status":"open","ping_status":"closed","template":"","meta":[],"product_brand":[],"product_cat":[230],"product_tag":[231,19,66],"class_list":{"0":"post-35697","1":"product","2":"type-product","3":"status-publish","4":"has-post-thumbnail","6":"product_cat-autonomos","7":"product_tag-autonomos","8":"product_tag-detectores-sensores","9":"product_tag-first-alert","11":"first","12":"outofstock","13":"sale","14":"shipping-taxable","15":"purchasable","16":"product-type-simple"},"_links":{"self":[{"href":"https:\/\/soydeaqui.ddns.net\/pachuca\/index.php\/wp-json\/wp\/v2\/product\/35697","targetHints":{"allow":["GET"]}}],"collection":[{"href":"https:\/\/soydeaqui.ddns.net\/pachuca\/index.php\/wp-json\/wp\/v2\/product"}],"about":[{"href":"https:\/\/soydeaqui.ddns.net\/pachuca\/index.php\/wp-json\/wp\/v2\/types\/product"}],"replies":[{"embeddable":true,"href":"https:\/\/soydeaqui.ddns.net\/pachuca\/index.php\/wp-json\/wp\/v2\/comments?post=35697"}],"wp:featuredmedia":[{"embeddable":true,"href":"https:\/\/soydeaqui.ddns.net\/pachuca\/index.php\/wp-json\/wp\/v2\/media\/35696"}],"wp:attachment":[{"href":"https:\/\/soydeaqui.ddns.net\/pachuca\/index.php\/wp-json\/wp\/v2\/media?parent=35697"}],"wp:term":[{"taxonomy":"product_brand","embeddable":true,"href":"https:\/\/soydeaqui.ddns.net\/pachuca\/index.php\/wp-json\/wp\/v2\/product_brand?post=35697"},{"taxonomy":"product_cat","embeddable":true,"href":"https:\/\/soydeaqui.ddns.net\/pachuca\/index.php\/wp-json\/wp\/v2\/product_cat?post=35697"},{"taxonomy":"product_tag","embeddable":true,"href":"https:\/\/soydeaqui.ddns.net\/pachuca\/index.php\/wp-json\/wp\/v2\/product_tag?post=35697"}],"curies":[{"name":"wp","href":"https:\/\/api.w.org\/{rel}","templated":true}]}}