{"id":35691,"date":"2026-03-18T15:49:36","date_gmt":"2026-03-18T15:49:36","guid":{"rendered":"https:\/\/soydeaqui.ddns.net\/pachuca\/index.php\/producto\/detector-combo-de-combinacion-de-gases-explosivos-metano-gn-propano-lp-y-monoxido-de-carbono-co-con-pantalla-digital-retroiluminada-120-vca-y-bateria-de-respaldo-2\/"},"modified":"2026-03-18T15:49:43","modified_gmt":"2026-03-18T15:49:43","slug":"detector-combo-de-combinacion-de-gases-explosivos-metano-gn-propano-lp-y-monoxido-de-carbono-co-con-pantalla-digital-retroiluminada-120-vca-y-bateria-de-respaldo-2","status":"publish","type":"product","link":"https:\/\/soydeaqui.ddns.net\/pachuca\/index.php\/producto\/detector-combo-de-combinacion-de-gases-explosivos-metano-gn-propano-lp-y-monoxido-de-carbono-co-con-pantalla-digital-retroiluminada-120-vca-y-bateria-de-respaldo-2\/","title":{"rendered":"Detector Combo de Combinaci\u00f3n de Gases Explosivos: Metano (GN), Propano (LP) y Mon\u00f3xido de Carbono (CO), Con Pantalla Digital Retroiluminada, 120 Vca y Bater\u00eda de Respaldo"},"content":{"rendered":"<div style='width: 100%; max-width: 1200px; margin: 0 auto; font-family: sans-serif; line-height: 1.6; color: inherit; background-color: transparent;'> <!-- Secci\u00f3n de introducci\u00f3n --> <\/p>\n<div style='margin-bottom: 30px;'>\n<h3 style='font-size: 22px; border-bottom: 2px solid currentColor; padding-bottom: 5px; margin-top: 0; color: inherit; opacity: 0.8;'>Detector Combo de Combinaci\u00f3n de Gases Explosivos<\/h3>\n<p style='font-size: 15px; color: inherit; margin-top: 15px; margin-bottom: 15px;'>La alarma combinada de gases explosivos y mon\u00f3xido de carbono de <strong style='color: inherit;'>First Alert GCO1CN<\/strong> con respaldo de bater\u00eda cuenta con una pantalla digital retroiluminada y detecta gas metano (natural)&comma; gas propano (LP) y mon\u00f3xido de carbono (CO). Este detector de gas explosivo y CO se conecta a cualquier tomacorriente del sistema el\u00e9ctrico sin necesidad de hardware de montaje adicional.<\/p>\n<\/p><\/div>\n<p> <!-- Secci\u00f3n de caracter\u00edsticas principales --> <\/p>\n<div style='display: flex; flex-wrap: wrap; gap: 20px; margin-bottom: 30px;'>\n<div style='flex: 1 1 300px; min-width: 280px;'>\n<h4 style='font-size: 18px; color: inherit; margin-top: 0; margin-bottom: 10px;'>Caracter\u00edsticas Principales<\/h4>\n<ul style='padding-left: 20px; font-size: 15px; color: inherit; list-style-type: disc;'>\n<li style='margin-bottom: 5px;'>Se conecta a cualquier tomacorriente del sistema el\u00e9ctrico para una f\u00e1cil instalaci\u00f3n&comma; con bater\u00eda de respaldo en caso de corte de energ\u00eda.<\/li>\n<li style='margin-bottom: 5px;'>La alarma fuerte de 85 dB se puede escuchar f\u00e1cilmente.<\/li>\n<li style='margin-bottom: 5px;'>La alarma vers\u00e1til detecta niveles altos de propano&comma; gas natural\/metano y mon\u00f3xido de carbono.<\/li>\n<li style='margin-bottom: 5px;'>La pantalla digital retroiluminada f\u00e1cil de leer le permite ver los niveles actuales y m\u00e1ximos.<\/li>\n<\/ul><\/div>\n<\/p><\/div>\n<p> <!-- Secci\u00f3n de caracter\u00edsticas t\u00e9cnicas --> <\/p>\n<div style='display: flex; flex-wrap: wrap; gap: 20px; margin-bottom: 30px;'>\n<div style='flex: 1 1 250px; border: 1px solid rgba(150&comma; 150&comma; 150&comma; 0.4); border-radius: 8px; overflow: hidden; display: flex; flex-direction: column;'>\n<div style='padding: 15px; border-bottom: 1px solid rgba(150&comma; 150&comma; 150&comma; 0.2); font-weight: bold; font-size: 18px; color: inherit;'>Caracter\u00edsticas T\u00e9cnicas<\/div>\n<div style='padding: 15px; color: inherit;'>\n<ul style='padding-left: 20px; margin: 0; font-size: 14px; list-style-type: disc;'>\n<li style='margin-bottom: 5px;'><strong style='color: inherit;'>Modelo:<\/strong> GCO1CN (1039760)<\/li>\n<li style='margin-bottom: 5px;'><strong style='color: inherit;'>Garant\u00eda:<\/strong> Limitada de 5 a\u00f1os con fabricante<\/li>\n<li style='margin-bottom: 5px;'><strong style='color: inherit;'>Salida de sirena:<\/strong> 85db<\/li>\n<li style='margin-bottom: 5px;'><strong style='color: inherit;'>Bot\u00f3n:<\/strong> Para prueba y silenciamiento<\/li>\n<li style='margin-bottom: 5px;'><strong style='color: inherit;'>Compartimiento de bater\u00eda:<\/strong> No es necesario quitar la alarma para cambiarla<\/li>\n<li style='margin-bottom: 5px;'><strong style='color: inherit;'>Tipo de producto:<\/strong> Detector de gases explosivos gas natural (metano)&comma; propano (LP) y Mon\u00f3xido de Carbono CO<\/li>\n<li style='margin-bottom: 5px;'><strong style='color: inherit;'>Tipo de sensor:<\/strong> Electroqu\u00edmico<\/li>\n<li style='margin-bottom: 5px;'><strong style='color: inherit;'>Fuente de alimentaci\u00f3n:<\/strong> 120 Vca y bater\u00eda de respaldo 9 Vcd (incluida)<\/li>\n<li style='margin-bottom: 5px;'><strong style='color: inherit;'>Bater\u00eda reemplazable:<\/strong> S\u00ed<\/li>\n<li style='margin-bottom: 5px;'><strong style='color: inherit;'>Interconectividad inal\u00e1mbrica:<\/strong> No<\/li>\n<li style='margin-bottom: 5px;'><strong style='color: inherit;'>Est\u00e1ndares:<\/strong> UL2034&comma; UL1484<\/li>\n<\/ul><\/div>\n<\/p><\/div>\n<p> <!-- Dimensiones --> <\/p>\n<div style='flex: 1 1 250px; border: 1px solid rgba(150&comma; 150&comma; 150&comma; 0.4); border-radius: 8px; overflow: hidden; display: flex; flex-direction: column;'>\n<div style='padding: 15px; border-bottom: 1px solid rgba(150&comma; 150&comma; 150&comma; 0.2); font-weight: bold; font-size: 18px; color: inherit;'>Dimensiones<\/div>\n<div style='padding: 15px; color: inherit;'>\n<ul style='padding-left: 20px; margin: 0; font-size: 14px; list-style-type: disc;'>\n<li style='margin-bottom: 5px;'><strong style='color: inherit;'>Altura:<\/strong> 3.1 in (79 mm)<\/li>\n<li style='margin-bottom: 5px;'><strong style='color: inherit;'>Longitud:<\/strong> 5 in (127 mm)<\/li>\n<li style='margin-bottom: 5px;'><strong style='color: inherit;'>Ancho:<\/strong> 1.8 in (46 mm)<\/li>\n<li style='margin-bottom: 5px;'><strong style='color: inherit;'>Peso:<\/strong> 0.9 lb (0.40 g)<\/li>\n<\/ul><\/div>\n<\/p><\/div>\n<p> <!-- Funcionalidades --> <\/p>\n<div style='flex: 1 1 250px; border: 1px solid rgba(150&comma; 150&comma; 150&comma; 0.4); border-radius: 8px; overflow: hidden; display: flex; flex-direction: column;'>\n<div style='padding: 15px; border-bottom: 1px solid rgba(150&comma; 150&comma; 150&comma; 0.2); font-weight: bold; font-size: 18px; color: inherit;'>Funcionalidades<\/div>\n<div style='padding: 15px; color: inherit;'>\n<ul style='padding-left: 20px; margin: 0; font-size: 14px; list-style-type: disc;'>\n<li style='margin-bottom: 5px;'>Detecci\u00f3n de niveles peligrosos de mon\u00f3xido de carbono (CO) y gases explosivos propano (LP) y natural<\/li>\n<li style='margin-bottom: 5px;'>Pantalla digital retroiluminada para revisar lecturas<\/li>\n<li style='margin-bottom: 5px;'>Conexi\u00f3n a cualquier tomacorriente del sistema el\u00e9ctrico para una configuraci\u00f3n sin esfuerzo<\/li>\n<li style='margin-bottom: 5px;'>F\u00e1cil de operar y probar<\/li>\n<li style='margin-bottom: 5px;'>Detector de CO electroqu\u00edmico<\/li>\n<li style='margin-bottom: 5px;'>Alarma de 85 decibelios<\/li>\n<\/ul><\/div>\n<\/p><\/div>\n<\/p><\/div>\n<p> <!-- Secci\u00f3n sobre mon\u00f3xido de carbono --> <\/p>\n<div style='margin-bottom: 30px;'>\n<h3 style='font-size: 22px; border-bottom: 2px solid currentColor; padding-bottom: 5px; margin-top: 0; color: inherit; opacity: 0.8;'>\u00bfQu\u00e9 es el mon\u00f3xido de carbono CO?<\/h3>\n<p style='font-size: 15px; color: inherit; margin-top: 15px; margin-bottom: 15px;'>El mon\u00f3xido de carbono (CO) es un gas venenoso invisible&comma; inodoro e ins\u00edpido. Las fuentes de mon\u00f3xido de carbono son cualquier dispositivo que queme combustible&comma; como su estufa&comma; horno o calentador de agua. Las alarmas de mon\u00f3xido de carbono son la \u00fanica forma de detectar este gas venenoso para ayudar a proporcionar una alerta temprana. El mon\u00f3xido de carbono (CO) s\u00f3lo puede ser detectado por una alarma de CO. La Asociaci\u00f3n Nacional de Protecci\u00f3n contra Incendios <strong style='color: inherit;'>NFPA<\/strong> recomienda instalar un detector de mon\u00f3xido de carbono en cada nivel de su hogar y dentro de cada dormitorio. Los detectores deben probarse mensualmente y las bater\u00edas deben reemplazarse al menos cada seis meses para garantizar que el detector funcione correctamente. First Alert ofrece una variedad de detectores de CO para satisfacer las necesidades de su familia.<\/p>\n<\/p><\/div>\n<p> <!-- Separador --> <\/p>\n<hr style='border: 0; border-top: 1px solid rgba(150&comma; 150&comma; 150&comma; 0.3); margin: 30px 0;'> <!-- Secci\u00f3n de videos --> <\/p>\n<div style='margin-bottom: 30px;'>\n<h3 style='font-size: 22px; border-bottom: 2px solid currentColor; padding-bottom: 5px; margin-top: 0; color: inherit; opacity: 0.8;'>Videos<\/h3>\n<p> <!-- Video 1 --> <\/p>\n<div style='position: relative; padding-bottom: 56.25%; height: 0; overflow: hidden; margin: 20px 0;'>   <\/div>\n<p> <!-- Video 2 --> <\/p>\n<div style='position: relative; padding-bottom: 56.25%; height: 0; overflow: hidden; margin: 20px 0;'>   <\/div>\n<p> <!-- Video 3 --> <\/p>\n<div style='position: relative; padding-bottom: 56.25%; height: 0; overflow: hidden; margin: 20px 0;'>   <\/div>\n<p> <!-- Video 4 --> <\/p>\n<div style='position: relative; padding-bottom: 56.25%; height: 0; overflow: hidden; margin: 20px 0;'>   <\/div>\n<\/p><\/div>\n<\/p><\/div>\n","protected":false},"excerpt":{"rendered":"<p>Detector Combo de Combinaci\u00f3n de Gases Explosivos: Metano (GN), Propano (LP) y Mon\u00f3xido de Carbono (CO), Con Pantalla Digital Retroiluminada, 120 Vca y Bater\u00eda de Respaldo<\/p>\n","protected":false},"featured_media":35690,"comment_status":"open","ping_status":"closed","template":"","meta":[],"product_brand":[],"product_cat":[230],"product_tag":[231,19,66],"class_list":{"0":"post-35691","1":"product","2":"type-product","3":"status-publish","4":"has-post-thumbnail","6":"product_cat-autonomos","7":"product_tag-autonomos","8":"product_tag-detectores-sensores","9":"product_tag-first-alert","11":"first","12":"instock","13":"sale","14":"shipping-taxable","15":"purchasable","16":"product-type-simple"},"_links":{"self":[{"href":"https:\/\/soydeaqui.ddns.net\/pachuca\/index.php\/wp-json\/wp\/v2\/product\/35691","targetHints":{"allow":["GET"]}}],"collection":[{"href":"https:\/\/soydeaqui.ddns.net\/pachuca\/index.php\/wp-json\/wp\/v2\/product"}],"about":[{"href":"https:\/\/soydeaqui.ddns.net\/pachuca\/index.php\/wp-json\/wp\/v2\/types\/product"}],"replies":[{"embeddable":true,"href":"https:\/\/soydeaqui.ddns.net\/pachuca\/index.php\/wp-json\/wp\/v2\/comments?post=35691"}],"wp:featuredmedia":[{"embeddable":true,"href":"https:\/\/soydeaqui.ddns.net\/pachuca\/index.php\/wp-json\/wp\/v2\/media\/35690"}],"wp:attachment":[{"href":"https:\/\/soydeaqui.ddns.net\/pachuca\/index.php\/wp-json\/wp\/v2\/media?parent=35691"}],"wp:term":[{"taxonomy":"product_brand","embeddable":true,"href":"https:\/\/soydeaqui.ddns.net\/pachuca\/index.php\/wp-json\/wp\/v2\/product_brand?post=35691"},{"taxonomy":"product_cat","embeddable":true,"href":"https:\/\/soydeaqui.ddns.net\/pachuca\/index.php\/wp-json\/wp\/v2\/product_cat?post=35691"},{"taxonomy":"product_tag","embeddable":true,"href":"https:\/\/soydeaqui.ddns.net\/pachuca\/index.php\/wp-json\/wp\/v2\/product_tag?post=35691"}],"curies":[{"name":"wp","href":"https:\/\/api.w.org\/{rel}","templated":true}]}}