{"id":35687,"date":"2026-03-18T15:49:32","date_gmt":"2026-03-18T15:49:32","guid":{"rendered":"https:\/\/soydeaqui.ddns.net\/pachuca\/index.php\/producto\/alarma-de-monoxido-de-carbono-co-operada-por-baterias-2\/"},"modified":"2026-03-18T15:49:33","modified_gmt":"2026-03-18T15:49:33","slug":"alarma-de-monoxido-de-carbono-co-operada-por-baterias-2","status":"publish","type":"product","link":"https:\/\/soydeaqui.ddns.net\/pachuca\/index.php\/producto\/alarma-de-monoxido-de-carbono-co-operada-por-baterias-2\/","title":{"rendered":"Alarma de mon\u00f3xido de carbono (CO) operada por bater\u00edas"},"content":{"rendered":"<div style='width: 100%; max-width: 1200px; margin: 0 auto; font-family: sans-serif; line-height: 1.6; color: inherit; background-color: transparent;'>\n<div style='display: flex; flex-wrap: wrap; gap: 30px; margin-bottom: 30px;'>\n<div style='flex: 1 1 300px; min-width: 280px;'>\n<h3 style='font-size: 22px; border-bottom: 2px solid currentColor; padding-bottom: 5px; margin-top: 0; color: inherit; opacity: 0.8;'>Descripci\u00f3n<\/h3>\n<p style='font-size: 15px; color: inherit; text-align: justify;'>La alarma de mon\u00f3xido de carbono First Alert CO400 utiliza un sensor electroqu\u00edmico de mon\u00f3xido de carbono para detectar el mon\u00f3xido de carbono. Este detector de mon\u00f3xido de carbono funciona con bater\u00edas&comma; lo que lo hace port\u00e1til y f\u00e1cil de usar&comma; incluso en caso de un corte de energ\u00eda. Cuando los niveles de mon\u00f3xido de carbono se elevan&comma; una fuerte alarma de 85 decibelios lo alerta de la amenaza.<\/p>\n<\/p><\/div>\n<\/p><\/div>\n<div style='display: flex; flex-wrap: wrap; gap: 20px; margin-bottom: 30px;'>\n<div style='flex: 1 1 250px; border: 1px solid rgba(150&comma; 150&comma; 150&comma; 0.4); border-radius: 8px; overflow: hidden; display: flex; flex-direction: column;'>\n<div style='padding: 15px; border-bottom: 1px solid rgba(150&comma; 150&comma; 150&comma; 0.2); font-weight: bold; font-size: 18px; color: inherit;'>Caracter\u00edsticas<\/div>\n<div style='padding: 15px; color: inherit;'>\n<ul style='padding-left: 20px; margin: 0; font-size: 14px; list-style-type: disc;'>\n<li style='margin-bottom: 5px;'>Sensor electroqu\u00edmico para detectar mon\u00f3xido de carbono<\/li>\n<li style='margin-bottom: 5px;'>Funciona con bater\u00edas&comma; dise\u00f1o port\u00e1til<\/li>\n<li style='margin-bottom: 5px;'>Alarma de 85 decibelios para avisos claros<\/li>\n<li style='margin-bottom: 5px;'>Funciona durante cortes de energ\u00eda<\/li>\n<li style='margin-bottom: 5px;'>F\u00e1cil de usar en cualquier lugar<\/li>\n<\/ul><\/div>\n<\/p><\/div>\n<\/p><\/div>\n<hr style='border: 0; border-top: 1px solid rgba(150&comma; 150&comma; 150&comma; 0.3); margin: 30px 0;'> <\/div>\n","protected":false},"excerpt":{"rendered":"<p>Alarma de mon\u00f3xido de carbono (CO) operada por bater\u00edas<\/p>\n","protected":false},"featured_media":35686,"comment_status":"open","ping_status":"closed","template":"","meta":[],"product_brand":[],"product_cat":[223],"product_tag":[224,66,225],"class_list":{"0":"post-35687","1":"product","2":"type-product","3":"status-publish","4":"has-post-thumbnail","6":"product_cat-todo","7":"product_tag-detectores-autonomos","8":"product_tag-first-alert","9":"product_tag-todo","11":"first","12":"outofstock","13":"sale","14":"shipping-taxable","15":"purchasable","16":"product-type-simple"},"_links":{"self":[{"href":"https:\/\/soydeaqui.ddns.net\/pachuca\/index.php\/wp-json\/wp\/v2\/product\/35687","targetHints":{"allow":["GET"]}}],"collection":[{"href":"https:\/\/soydeaqui.ddns.net\/pachuca\/index.php\/wp-json\/wp\/v2\/product"}],"about":[{"href":"https:\/\/soydeaqui.ddns.net\/pachuca\/index.php\/wp-json\/wp\/v2\/types\/product"}],"replies":[{"embeddable":true,"href":"https:\/\/soydeaqui.ddns.net\/pachuca\/index.php\/wp-json\/wp\/v2\/comments?post=35687"}],"wp:featuredmedia":[{"embeddable":true,"href":"https:\/\/soydeaqui.ddns.net\/pachuca\/index.php\/wp-json\/wp\/v2\/media\/35686"}],"wp:attachment":[{"href":"https:\/\/soydeaqui.ddns.net\/pachuca\/index.php\/wp-json\/wp\/v2\/media?parent=35687"}],"wp:term":[{"taxonomy":"product_brand","embeddable":true,"href":"https:\/\/soydeaqui.ddns.net\/pachuca\/index.php\/wp-json\/wp\/v2\/product_brand?post=35687"},{"taxonomy":"product_cat","embeddable":true,"href":"https:\/\/soydeaqui.ddns.net\/pachuca\/index.php\/wp-json\/wp\/v2\/product_cat?post=35687"},{"taxonomy":"product_tag","embeddable":true,"href":"https:\/\/soydeaqui.ddns.net\/pachuca\/index.php\/wp-json\/wp\/v2\/product_tag?post=35687"}],"curies":[{"name":"wp","href":"https:\/\/api.w.org\/{rel}","templated":true}]}}