{"id":35681,"date":"2026-03-18T15:49:23","date_gmt":"2026-03-18T15:49:23","guid":{"rendered":"https:\/\/soydeaqui.ddns.net\/pachuca\/index.php\/producto\/alarma-de-monoxido-de-carbono-co-enchufable-con-bateria-de-respaldo-y-display-digital\/"},"modified":"2026-03-18T15:49:24","modified_gmt":"2026-03-18T15:49:24","slug":"alarma-de-monoxido-de-carbono-co-enchufable-con-bateria-de-respaldo-y-display-digital","status":"publish","type":"product","link":"https:\/\/soydeaqui.ddns.net\/pachuca\/index.php\/producto\/alarma-de-monoxido-de-carbono-co-enchufable-con-bateria-de-respaldo-y-display-digital\/","title":{"rendered":"Alarma de mon\u00f3xido de carbono (CO) enchufable con bater\u00eda de respaldo y display digital"},"content":{"rendered":"<div style='width: 100%; max-width: 1200px; margin: 0 auto; font-family: sans-serif; line-height: 1.6; color: inherit; background-color: transparent;'>\n<div style='display: flex; flex-wrap: wrap; gap: 30px; margin-bottom: 30px;'>\n<div style='flex: 1 1 300px; min-width: 280px;'>\n<h3 style='font-size: 22px; border-bottom: 2px solid currentColor; padding-bottom: 5px; margin-top: 0; color: inherit; opacity: 0.8;'>Descripci\u00f3n<\/h3>\n<p style='font-size: 15px; margin-bottom: 15px; text-align: justify;'>La alarma enchufable de mon\u00f3xido de carbono de doble potencia First Alert CO615 le alerta sobre niveles peligrosos de mon\u00f3xido de carbono. Este detector de mon\u00f3xido de carbono enchufable funciona con un sistema de alimentaci\u00f3n dual con respaldo de bater\u00eda para un monitoreo continuo&comma; incluso en caso de un corte de energ\u00eda. La pantalla digital retroiluminada te indica de un vistazo cu\u00e1les son los niveles de mon\u00f3xido de carbono y potencia. La alarma de CO tambi\u00e9n cuenta con un conveniente bot\u00f3n de prueba y silencio y una advertencia de fin de vida \u00fatil que le permite saber cu\u00e1ndo es el momento de reemplazar la alarma.<\/p>\n<\/p><\/div>\n<\/p><\/div>\n<div style='display: flex; flex-wrap: wrap; gap: 20px; margin-bottom: 30px;'>\n<div style='flex: 1 1 250px; border: 1px solid rgba(150&comma; 150&comma; 150&comma; 0.4); border-radius: 8px; overflow: hidden; display: flex; flex-direction: column;'>\n<div style='padding: 15px; border-bottom: 1px solid rgba(150&comma; 150&comma; 150&comma; 0.2); font-weight: bold; font-size: 18px; color: inherit;'>Caracter\u00edsticas principales<\/div>\n<div style='padding: 15px; color: inherit;'>\n<ul style='padding-left: 20px; margin: 0; font-size: 14px; list-style-type: disc;'>\n<li style='margin-bottom: 5px;'>Sistema dual de alimentaci\u00f3n con respaldo de bater\u00eda<\/li>\n<li style='margin-bottom: 5px;'>Pantalla digital retroiluminada para monitoreo continuo<\/li>\n<li style='margin-bottom: 5px;'>Bot\u00f3n de prueba y silencio integrado<\/li>\n<li style='margin-bottom: 5px;'>Detecci\u00f3n especializada de mon\u00f3xido de carbono<\/li>\n<li style='margin-bottom: 5px;'>Advertencia de fin de vida \u00fatil incluida<\/li>\n<\/ul><\/div>\n<\/p><\/div>\n<\/p><\/div>\n<hr style='border: 0; border-top: 1px solid rgba(150&comma; 150&comma; 150&comma; 0.3); margin: 30px 0;'> <\/div>\n","protected":false},"excerpt":{"rendered":"<p>Alarma de mon\u00f3xido de carbono (CO) enchufable con bater\u00eda de respaldo y display digital<\/p>\n","protected":false},"featured_media":35680,"comment_status":"open","ping_status":"closed","template":"","meta":[],"product_brand":[],"product_cat":[223],"product_tag":[224,66,225],"class_list":{"0":"post-35681","1":"product","2":"type-product","3":"status-publish","4":"has-post-thumbnail","6":"product_cat-todo","7":"product_tag-detectores-autonomos","8":"product_tag-first-alert","9":"product_tag-todo","11":"first","12":"outofstock","13":"sale","14":"shipping-taxable","15":"purchasable","16":"product-type-simple"},"_links":{"self":[{"href":"https:\/\/soydeaqui.ddns.net\/pachuca\/index.php\/wp-json\/wp\/v2\/product\/35681","targetHints":{"allow":["GET"]}}],"collection":[{"href":"https:\/\/soydeaqui.ddns.net\/pachuca\/index.php\/wp-json\/wp\/v2\/product"}],"about":[{"href":"https:\/\/soydeaqui.ddns.net\/pachuca\/index.php\/wp-json\/wp\/v2\/types\/product"}],"replies":[{"embeddable":true,"href":"https:\/\/soydeaqui.ddns.net\/pachuca\/index.php\/wp-json\/wp\/v2\/comments?post=35681"}],"wp:featuredmedia":[{"embeddable":true,"href":"https:\/\/soydeaqui.ddns.net\/pachuca\/index.php\/wp-json\/wp\/v2\/media\/35680"}],"wp:attachment":[{"href":"https:\/\/soydeaqui.ddns.net\/pachuca\/index.php\/wp-json\/wp\/v2\/media?parent=35681"}],"wp:term":[{"taxonomy":"product_brand","embeddable":true,"href":"https:\/\/soydeaqui.ddns.net\/pachuca\/index.php\/wp-json\/wp\/v2\/product_brand?post=35681"},{"taxonomy":"product_cat","embeddable":true,"href":"https:\/\/soydeaqui.ddns.net\/pachuca\/index.php\/wp-json\/wp\/v2\/product_cat?post=35681"},{"taxonomy":"product_tag","embeddable":true,"href":"https:\/\/soydeaqui.ddns.net\/pachuca\/index.php\/wp-json\/wp\/v2\/product_tag?post=35681"}],"curies":[{"name":"wp","href":"https:\/\/api.w.org\/{rel}","templated":true}]}}