{"id":35667,"date":"2026-03-18T15:49:06","date_gmt":"2026-03-18T15:49:06","guid":{"rendered":"https:\/\/soydeaqui.ddns.net\/pachuca\/index.php\/producto\/detector-industrial-de-gas-con-sensor-ec-de-oxigeno-o2-0-25-v-v-certificacion-ul-c-ul-inmetro-entradas-2x3-4-npt-carcasa-pintado-de-aluminio-grado-marino-proteccion-contra-intemperie-de-nailon\/"},"modified":"2026-03-18T15:49:07","modified_gmt":"2026-03-18T15:49:07","slug":"detector-industrial-de-gas-con-sensor-ec-de-oxigeno-o2-0-25-v-v-certificacion-ul-c-ul-inmetro-entradas-2x3-4-npt-carcasa-pintado-de-aluminio-grado-marino-proteccion-contra-intemperie-de-nailon","status":"publish","type":"product","link":"https:\/\/soydeaqui.ddns.net\/pachuca\/index.php\/producto\/detector-industrial-de-gas-con-sensor-ec-de-oxigeno-o2-0-25-v-v-certificacion-ul-c-ul-inmetro-entradas-2x3-4-npt-carcasa-pintado-de-aluminio-grado-marino-proteccion-contra-intemperie-de-nailon\/","title":{"rendered":"Detector Industrial De Gas, Con Sensor EC De Oxigeno (O2) 0-25% V\/V, Certificaci\u00f3n UL\/c-UL\/INMETRO, Entradas 2&#215;3\/4&#8243; NPT, Carcasa Pintado De Aluminio Grado Marino, Protecci\u00f3n Contra Intemperie De Nailon"},"content":{"rendered":"<div style='width: 100%; max-width: 1200px; margin: 0 auto; font-family: sans-serif; line-height: 1.6; color: inherit; background-color: transparent;'>\n<h1 style='text-align: center; font-size: 24px; margin-top: 0; color: inherit;'>Detector De Gases Inflamables&comma; Toxicos y Oxigeno Para Aplicaciones Industriales<\/h1>\n<div style='display: flex; flex-wrap: wrap; gap: 30px; margin-top: 30px;'>\n<div style='flex: 1 1 300px; min-width: 280px;'>\n<h3 style='font-size: 22px; border-bottom: 2px solid currentColor; padding-bottom: 5px; margin-top: 0; color: inherit; opacity: 0.8;'>Descripci\u00f3n General<\/h3>\n<p style='font-size: 15px; color: inherit;'>El detector Sensepoint XCD es un detector de gas que consta de un transmisor y una amplia selecci\u00f3n de sensores para detecci\u00f3n de gases inflamables&comma; t\u00f3xicos y ox\u00edgeno.<\/p>\n<p style='font-size: 15px; color: inherit;'>Sensepoint XCD simplifica el monitoreo y la detecci\u00f3n de gases peligrosos para cumplir con los est\u00e1ndares de seguridad y cumplimiento. Los sensores fijos Sensepoint XCD ofrecen un control completo de los riesgos de gases t\u00f3xicos e inflamables&comma; as\u00ed como de la deficiencia de ox\u00edgeno en atm\u00f3sferas potencialmente explosivas&comma; tanto en interiores como en exteriores.<\/p>\n<\/p><\/div>\n<div style='flex: 1 1 300px; min-width: 280px;'>\n<h3 style='font-size: 22px; border-bottom: 2px solid currentColor; padding-bottom: 5px; margin-top: 0; color: inherit; opacity: 0.8;'>Caracter\u00edsticas Clave<\/h3>\n<ul style='padding-left: 20px; font-size: 15px; color: inherit;'>\n<li style='margin-bottom: 5px;'>Dise\u00f1o Ex d para zonas peligrosas<\/li>\n<li style='margin-bottom: 5px;'>Configuraci\u00f3n mediante im\u00e1n sin abrir la carcasa<\/li>\n<li style='margin-bottom: 5px;'>Pantalla LCD tricolor retroiluminada<\/li>\n<li style='margin-bottom: 5px;'>Sensores intercambiables y precalibrados<\/li>\n<li style='margin-bottom: 5px;'>Salidas: 4-20 mA&comma; rel\u00e9s programables&comma; Modbus<\/li>\n<\/ul><\/div>\n<\/p><\/div>\n<div style='display: flex; flex-wrap: wrap; gap: 30px; margin-top: 30px;'>\n<div style='flex: 1 1 300px; min-width: 280px;'>\n<h3 style='font-size: 22px; border-bottom: 2px solid currentColor; padding-bottom: 5px; margin-top: 0; color: inherit; opacity: 0.8;'>Aplicaciones<\/h3>\n<ul style='padding-left: 20px; font-size: 15px; color: inherit;'>\n<li style='margin-bottom: 5px;'>Instalaciones de fabricaci\u00f3n industrial<\/li>\n<li style='margin-bottom: 5px;'>Centrales el\u00e9ctricas<\/li>\n<li style='margin-bottom: 5px;'>Instalaciones para aguas residuales<\/li>\n<li style='margin-bottom: 5px;'>Servicios p\u00fablicos<\/li>\n<li style='margin-bottom: 5px;'>Producci\u00f3n de alimentos y bebidas<\/li>\n<li style='margin-bottom: 5px;'>Refiner\u00edas y plantas qu\u00edmicas<\/li>\n<li style='margin-bottom: 5px;'>Terminales de petr\u00f3leo y gas en tierra<\/li>\n<li style='margin-bottom: 5px;'>Plataformas de producci\u00f3n<\/li>\n<li style='margin-bottom: 5px;'>Exploraci\u00f3n y perforaci\u00f3n<\/li>\n<\/ul><\/div>\n<div style='flex: 1 1 300px; min-width: 280px;'>\n<h3 style='font-size: 22px; border-bottom: 2px solid currentColor; padding-bottom: 5px; margin-top: 0; color: inherit; opacity: 0.8;'>Especificaciones Generales<\/h3>\n<ul style='padding-left: 20px; font-size: 15px; color: inherit;'>\n<li style='margin-bottom: 5px;'>Rango de temperatura: -25\u00b0C a 55\u00b0C<\/li>\n<li style='margin-bottom: 5px;'>Humedad relativa: 0-90% sin condensaci\u00f3n<\/li>\n<li style='margin-bottom: 5px;'>Protecci\u00f3n: IP66<\/li>\n<li style='margin-bottom: 5px;'>Alimentaci\u00f3n: 24 VCC<\/li>\n<li style='margin-bottom: 5px;'>Salida: 4-20 mA (seleccionable sink\/source)<\/li>\n<li style='margin-bottom: 5px;'>3 rel\u00e9s programables (2 alarmas&comma; 1 fallo)<\/li>\n<li style='margin-bottom: 5px;'>Comunicaci\u00f3n: Opcional Modbus<\/li>\n<\/ul><\/div>\n<\/p><\/div>\n<div style='margin-top: 30px;'>\n<h3 style='font-size: 22px; border-bottom: 2px solid currentColor; padding-bottom: 5px; margin-top: 0; color: inherit; opacity: 0.8;'>Tecnolog\u00eda de Detecci\u00f3n<\/h3>\n<p style='font-size: 15px; color: inherit;'>El Sensepoint XCD est\u00e1ndar es un detector de gas Ex d adecuado para su uso en entornos de zona 1 y est\u00e1 disponible en 3 versiones: inflamable&comma; ox\u00edgeno y t\u00f3xico. Cada uno se suministra con un cartucho de sensor de acero inoxidable preinstalado y completamente probado y calibrado listo para su instalaci\u00f3n.<\/p>\n<p style='font-size: 15px; color: inherit;'>La configuraci\u00f3n y el control de la unidad se logra mediante el uso de un im\u00e1n que elimina la necesidad de abrir la unidad&comma; mientras que la pantalla tricolor retroiluminada proporciona una indicaci\u00f3n instant\u00e1nea del estado del detector de un vistazo.<\/p>\n<\/p><\/div>\n<div style='margin-top: 30px;'>\n<h3 style='font-size: 22px; border-bottom: 2px solid currentColor; padding-bottom: 5px; margin-top: 0; color: inherit; opacity: 0.8;'>Operaci\u00f3n No Intrusiva<\/h3>\n<p style='font-size: 15px; color: inherit;'>Una pantalla LCD retroiluminada tricolor permite ver el estado de la unidad de un vistazo&comma; incluso a distancia. Una retroiluminaci\u00f3n verde continua indica que el funcionamiento es normal&comma; un color amarillo parpadeante indica un fallo y un color rojo parpadeante indica una alarma.<\/p>\n<p style='font-size: 15px; color: inherit;'>Todos los detectores se suministran preconfigurados e incluyen 2 rel\u00e9s de alarma programables&comma; 1 rel\u00e9 de fallo programable&comma; as\u00ed como una salida de 4-20 mA (seleccionable sumidero-sink o fuente-source) est\u00e1ndar del sector y MODBUS.<\/p>\n<\/p><\/div>\n<div style='margin-top: 30px;'>\n<h3 style='font-size: 22px; border-bottom: 2px solid currentColor; padding-bottom: 5px; margin-top: 0; color: inherit; opacity: 0.8;'>Instalaci\u00f3n y Accesorios<\/h3>\n<p style='font-size: 15px; color: inherit;'>El Sensepoint XCD dispone de una placa de montaje integral para su montaje en superficie o bien en un tubo horizontal o vertical mediante un soporte opcional. Para la instalaci\u00f3n el\u00e9ctrica se pueden usar conductos o cables con la adecuada protecci\u00f3n mec\u00e1nica. Se proporcionan dos entradas M20 o NPT 3\/4&#8242; (seg\u00fan la certificaci\u00f3n). Tambi\u00e9n se incluye una cubierta de intemperie para las condiciones exteriores m\u00e1s exigentes.<\/p>\n<p style='font-size: 15px; color: inherit;'>Otras opciones incluyen protecci\u00f3n contra el sol y las inundaciones&comma; kit de montaje en conducto&comma; c\u00e9lula de flujo para gas de calibraci\u00f3n y embudo recolector.<\/p>\n<\/p><\/div>\n<div style='margin-top: 30px;'>\n<h3 style='font-size: 22px; border-bottom: 2px solid currentColor; padding-bottom: 5px; margin-top: 0; color: inherit; opacity: 0.8;'>Certificaciones<\/h3>\n<ul style='padding-left: 20px; font-size: 15px; color: inherit;'>\n<li style='margin-bottom: 5px;'>ATEX<\/li>\n<li style='margin-bottom: 5px;'>IECEx<\/li>\n<li style='margin-bottom: 5px;'>UL\/c-UL<\/li>\n<li style='margin-bottom: 5px;'>KTL<\/li>\n<li style='margin-bottom: 5px;'>PA<\/li>\n<li style='margin-bottom: 5px;'>GB<\/li>\n<li style='margin-bottom: 5px;'>CCCF<\/li>\n<li style='margin-bottom: 5px;'>INMETRO<\/li>\n<\/ul><\/div>\n<div style='margin-top: 30px;'>\n<h3 style='font-size: 22px; border-bottom: 2px solid currentColor; padding-bottom: 5px; margin-top: 0; color: inherit; opacity: 0.8;'>Beneficios<\/h3>\n<ul style='padding-left: 20px; font-size: 15px; color: inherit;'>\n<li style='margin-bottom: 5px;'>Instalaci\u00f3n sencilla y funcionamiento r\u00e1pido<\/li>\n<li style='margin-bottom: 5px;'>Menos necesidad de permisos de trabajo en zonas peligrosas<\/li>\n<li style='margin-bottom: 5px;'>Mantenimiento no intrusivo con un solo operario<\/li>\n<li style='margin-bottom: 5px;'>Menos cableado gracias a la opci\u00f3n MODBUS multipunto<\/li>\n<li style='margin-bottom: 5px;'>Sensor enchufable recambiable<\/li>\n<li style='margin-bottom: 5px;'>Bloques de terminales enchufables extra\u00edbles<\/li>\n<li style='margin-bottom: 5px;'>Soporte de montaje integral<\/li>\n<\/ul><\/div>\n<div style='margin-top: 30px;'>\n<h3 style='font-size: 22px; border-bottom: 2px solid currentColor; padding-bottom: 5px; margin-top: 0; color: inherit; opacity: 0.8;'>Caracter\u00edsticas de Seguridad<\/h3>\n<ul style='padding-left: 20px; font-size: 15px; color: inherit;'>\n<li style='margin-bottom: 5px;'>Inhibici\u00f3n autom\u00e1tica durante mantenimiento<\/li>\n<li style='margin-bottom: 5px;'>Detecci\u00f3n de gases inflamables&comma; t\u00f3xicos y ox\u00edgeno<\/li>\n<li style='margin-bottom: 5px;'>Indicaci\u00f3n visual clara mediante LED tricolor<\/li>\n<li style='margin-bottom: 5px;'>Carcasa de aluminio grado marino con protecci\u00f3n de nailon<\/li>\n<li style='margin-bottom: 5px;'>Dise\u00f1o a prueba de explosiones<\/li>\n<\/ul><\/div>\n<div style='margin-top: 30px;'>\n<h3 style='font-size: 22px; border-bottom: 2px solid currentColor; padding-bottom: 5px; margin-top: 0; color: inherit; opacity: 0.8;'>V\u00eddeos<\/h3>\n<div style='display: flex; flex-wrap: wrap; gap: 20px; margin-top: 20px;'>\n<div style='flex: 1 1 560px; min-width: 300px;'>\n<div style='position: relative; padding-bottom: 56.25%; height: 0; overflow: hidden; margin-bottom: 30px;'>   <\/div>\n<\/p><\/div>\n<div style='flex: 1 1 560px; min-width: 300px;'>\n<div style='position: relative; padding-bottom: 56.25%; height: 0; overflow: hidden; margin-bottom: 30px;'>   <\/div>\n<\/p><\/div>\n<div style='flex: 1 1 560px; min-width: 300px;'>\n<div style='position: relative; padding-bottom: 56.25%; height: 0; overflow: hidden; margin-bottom: 30px;'>   <\/div>\n<\/p><\/div>\n<div style='flex: 1 1 560px; min-width: 300px;'>\n<div style='position: relative; padding-bottom: 56.25%; height: 0; overflow: hidden; margin-bottom: 30px;'>   <\/div>\n<\/p><\/div>\n<\/p><\/div>\n<\/p><\/div>\n<div style='margin-top: 30px;'>\n<h3 style='font-size: 22px; border-bottom: 2px solid currentColor; padding-bottom: 5px; margin-top: 0; color: inherit; opacity: 0.8;'>Opciones de Configuraci\u00f3n<\/h3>\n<p style='font-size: 15px; color: inherit;'>Se puede ajustar la escala&comma; rango&comma; funcionamiento de los rel\u00e9s&comma; punto de ajuste de alarma y el n\u00famero de etiquetado electr\u00f3nico del detector con la pantalla del transmisor y conmutadores magn\u00e9ticos no intrusivos. Las salidas se inhiben autom\u00e1ticamente durante el ajuste&comma; reduciendo as\u00ed el riesgo de falsas alarmas en el panel de control durante el mantenimiento.<\/p>\n<\/p><\/div>\n<div style='margin-top: 30px;'>\n<h3 style='font-size: 22px; border-bottom: 2px solid currentColor; padding-bottom: 5px; margin-top: 0; color: inherit; opacity: 0.8;'>Opciones de Montaje<\/h3>\n<p style='font-size: 15px; color: inherit;'>El Sensepoint XCD dispone de una placa de montaje integral para su montaje en superficie o bien en un tubo horizontal o vertical mediante un soporte opcional. Para la instalaci\u00f3n el\u00e9ctrica se pueden usar conductos o cables con la adecuada protecci\u00f3n mec\u00e1nica. Se proporcionan dos entradas M20 o NPT 3\/4&#8242; (seg\u00fan la certificaci\u00f3n). Tambi\u00e9n se incluye una cubierta de intemperie para las condiciones exteriores m\u00e1s exigentes.<\/p>\n<\/p><\/div>\n<div style='margin-top: 30px;'>\n<h3 style='font-size: 22px; border-bottom: 2px solid currentColor; padding-bottom: 5px; margin-top: 0; color: inherit; opacity: 0.8;'>Sensores Disponibles<\/h3>\n<ul style='padding-left: 20px; font-size: 15px; color: inherit;'>\n<li style='margin-bottom: 5px;'>Sensores electroqu\u00edmicos Surecell para gases t\u00f3xicos y ox\u00edgeno<\/li>\n<li style='margin-bottom: 5px;'>Sensores catal\u00edticos para gases inflamables (0-100% LEL)<\/li>\n<li style='margin-bottom: 5px;'>Sensores infrarrojos para metano (0-100% LEL)<\/li>\n<li style='margin-bottom: 5px;'>Sensores de di\u00f3xido de carbono (CO2)<\/li>\n<li style='margin-bottom: 5px;'>Sensores de mon\u00f3xido de carbono (CO)<\/li>\n<li style='margin-bottom: 5px;'>Sensores de sulfuro de hidr\u00f3geno (H2S)<\/li>\n<li style='margin-bottom: 5px;'>Sensores de di\u00f3xido de nitr\u00f3geno (NO2)<\/li>\n<li style='margin-bottom: 5px;'>Sensores de hidr\u00f3geno (H2)<\/li>\n<\/ul><\/div>\n<div style='margin-top: 30px;'>\n<h3 style='font-size: 22px; border-bottom: 2px solid currentColor; padding-bottom: 5px; margin-top: 0; color: inherit; opacity: 0.8;'>Caracter\u00edsticas Adicionales<\/h3>\n<ul style='padding-left: 20px; font-size: 15px; color: inherit;'>\n<li style='margin-bottom: 5px;'>Plataforma com\u00fan de transmisor para m\u00faltiples tipos de gas<\/li>\n<li style='margin-bottom: 5px;'>Formaci\u00f3n m\u00ednima necesaria para operaci\u00f3n<\/li>\n<li style='margin-bottom: 5px;'>Menos repuestos requeridos<\/li>\n<li style='margin-bottom: 5px;'>M\u00f3dulo de pantalla enchufable extra\u00edble<\/li>\n<li style='margin-bottom: 5px;'>Conmutador sumidero-sink\/fuente-source para topolog\u00eda de cableado flexible<\/li>\n<\/ul><\/div>\n<div style='margin-top: 30px;'>\n<h3 style='font-size: 22px; border-bottom: 2px solid currentColor; padding-bottom: 5px; margin-top: 0; color: inherit; opacity: 0.8;'>Opciones de Salida<\/h3>\n<ul style='padding-left: 20px; font-size: 15px; color: inherit;'>\n<li style='margin-bottom: 5px;'>Salida de corriente de 4-20 mA seleccionable sink\/source<\/li>\n<li style='margin-bottom: 5px;'>3 rel\u00e9s programables (2 alarmas&comma; 1 fallo)<\/li>\n<li style='margin-bottom: 5px;'>Comunicaciones MODBUS opcionales para diagn\u00f3stico y configuraci\u00f3n remotos<\/li>\n<\/ul><\/div>\n<div style='margin-top: 30px;'>\n<h3 style='font-size: 22px; border-bottom: 2px solid currentColor; padding-bottom: 5px; margin-top: 0; color: inherit; opacity: 0.8;'>Ambientes de Uso<\/h3>\n<p style='font-size: 15px; color: inherit;'>Asegura una instalaci\u00f3n sencilla y funcionamiento m\u00e1s r\u00e1pido al eliminar la necesidad de permisos de trabajo en zonas peligrosas.<\/p>\n<p style='font-size: 15px; color: inherit;'>Existen requisitos especiales para entornos de trabajo potencialmente explosivos en la producci\u00f3n de gas&comma; petr\u00f3leo y productos qu\u00edmicos&comma; as\u00ed como entornos llenos de polvo en las industrias alimentaria y de procesamiento de la madera.<\/p>\n<\/p><\/div>\n<\/p><\/div>\n","protected":false},"excerpt":{"rendered":"<p>Detector Industrial De Gas, Con Sensor EC De Oxigeno (O2) 0-25% V\/V, Certificaci\u00f3n UL\/c-UL\/INMETRO, Entradas 2&#215;3\/4&#8243; NPT, Carcasa Pintado De Aluminio Grado Marino, Protecci\u00f3n Contra Intemperie De Nailon<\/p>\n","protected":false},"featured_media":35666,"comment_status":"open","ping_status":"closed","template":"","meta":[],"product_brand":[],"product_cat":[987],"product_tag":[988,522,1014],"class_list":{"0":"post-35667","1":"product","2":"type-product","3":"status-publish","4":"has-post-thumbnail","6":"product_cat-detectores-de-gases","7":"product_tag-detectores-de-gases","8":"product_tag-dispositivos-convencionales","9":"product_tag-honeywell-analytics","11":"first","12":"outofstock","13":"sale","14":"shipping-taxable","15":"purchasable","16":"product-type-simple"},"_links":{"self":[{"href":"https:\/\/soydeaqui.ddns.net\/pachuca\/index.php\/wp-json\/wp\/v2\/product\/35667","targetHints":{"allow":["GET"]}}],"collection":[{"href":"https:\/\/soydeaqui.ddns.net\/pachuca\/index.php\/wp-json\/wp\/v2\/product"}],"about":[{"href":"https:\/\/soydeaqui.ddns.net\/pachuca\/index.php\/wp-json\/wp\/v2\/types\/product"}],"replies":[{"embeddable":true,"href":"https:\/\/soydeaqui.ddns.net\/pachuca\/index.php\/wp-json\/wp\/v2\/comments?post=35667"}],"wp:featuredmedia":[{"embeddable":true,"href":"https:\/\/soydeaqui.ddns.net\/pachuca\/index.php\/wp-json\/wp\/v2\/media\/35666"}],"wp:attachment":[{"href":"https:\/\/soydeaqui.ddns.net\/pachuca\/index.php\/wp-json\/wp\/v2\/media?parent=35667"}],"wp:term":[{"taxonomy":"product_brand","embeddable":true,"href":"https:\/\/soydeaqui.ddns.net\/pachuca\/index.php\/wp-json\/wp\/v2\/product_brand?post=35667"},{"taxonomy":"product_cat","embeddable":true,"href":"https:\/\/soydeaqui.ddns.net\/pachuca\/index.php\/wp-json\/wp\/v2\/product_cat?post=35667"},{"taxonomy":"product_tag","embeddable":true,"href":"https:\/\/soydeaqui.ddns.net\/pachuca\/index.php\/wp-json\/wp\/v2\/product_tag?post=35667"}],"curies":[{"name":"wp","href":"https:\/\/api.w.org\/{rel}","templated":true}]}}