{"id":35655,"date":"2026-03-18T15:48:51","date_gmt":"2026-03-18T15:48:51","guid":{"rendered":"https:\/\/soydeaqui.ddns.net\/pachuca\/index.php\/producto\/interruptor-de-presion-diferencial-serie-adps\/"},"modified":"2026-03-18T15:48:52","modified_gmt":"2026-03-18T15:48:52","slug":"interruptor-de-presion-diferencial-serie-adps","status":"publish","type":"product","link":"https:\/\/soydeaqui.ddns.net\/pachuca\/index.php\/producto\/interruptor-de-presion-diferencial-serie-adps\/","title":{"rendered":"Interruptor de presion diferencial serie ADPS"},"content":{"rendered":"<div style='width: 100%; max-width: 1200px; margin: 0 auto; font-family: sans-serif; line-height: 1.6; color: inherit; background-color: transparent;'>\n<div style='display: flex; flex-wrap: wrap; gap: 30px; margin-bottom: 30px;'>\n<div style='flex: 1 1 300px; min-width: 280px;'>\n<h3 style='font-size: 22px; border-bottom: 2px solid currentColor; padding-bottom: 5px; margin-top: 0; color: inherit; opacity: 0.8;'>Descripci\u00f3n general<\/h3>\n<p style='font-size: 15px; color: inherit; margin-bottom: 15px;'>Interruptor de presion diferencial serie ADPS.<\/p>\n<p style='font-size: 15px; color: inherit; margin-bottom: 15px;'>El interruptor de presi\u00f3n diferencial ajustable serie ADPS\/EDPS est\u00e1 dise\u00f1ado para presi\u00f3n&comma; vac\u00edo y presiones diferenciales. La perilla de ajuste de doble escala&comma; en pulgadas de columna de agua y pascales&comma; permite cambiar el punto de ajuste sin necesidad de un man\u00f3metro.<\/p>\n<p style='font-size: 15px; color: inherit; margin-bottom: 15px;'>La serie ADPS\/EDPS tambi\u00e9n est\u00e1 disponible con valores de ajuste desde 0&comma;08 pulgadas de columna de agua (20 Pa) hasta 20 pulgadas de columna de agua (5000 Pa). El diafragma de silicona y el cuerpo de 6&comma;6 Pa hacen que la serie ADPS sea ideal para usar con aire y otros gases no combustibles.<\/p>\n<p style='font-size: 15px; color: inherit; margin-bottom: 15px;'>Los modelos de la serie EDPS cumplen con la norma UL508 y est\u00e1n fabricados de pl\u00e1stico aprobado para uso en c\u00e1mara de distribuci\u00f3n de aire. El tama\u00f1o compacto&comma; perilla de ajuste y bajo costo hacen de la serie ADPS\/EDPS la opci\u00f3n perfecta para aplicaciones de calefacci\u00f3n&comma; ventilaci\u00f3n y aire acondicionado.<\/p>\n<\/p><\/div>\n<\/p><\/div>\n<p> <!-- Separador --> <\/p>\n<hr style='border: 0; border-top: 1px solid rgba(150&comma; 150&comma; 150&comma; 0.3); margin: 30px 0;'> <\/div>\n","protected":false},"excerpt":{"rendered":"<p>Interruptor de presion diferencial serie ADPS<\/p>\n","protected":false},"featured_media":35654,"comment_status":"open","ping_status":"closed","template":"","meta":[],"product_brand":[],"product_cat":[1034],"product_tag":[1035,1036,1037],"class_list":{"0":"post-35655","1":"product","2":"type-product","3":"status-publish","4":"has-post-thumbnail","6":"product_cat-bms-bas","7":"product_tag-bms","8":"product_tag-bms-bas","9":"product_tag-honeywell-bms","11":"first","12":"instock","13":"sale","14":"shipping-taxable","15":"purchasable","16":"product-type-simple"},"_links":{"self":[{"href":"https:\/\/soydeaqui.ddns.net\/pachuca\/index.php\/wp-json\/wp\/v2\/product\/35655","targetHints":{"allow":["GET"]}}],"collection":[{"href":"https:\/\/soydeaqui.ddns.net\/pachuca\/index.php\/wp-json\/wp\/v2\/product"}],"about":[{"href":"https:\/\/soydeaqui.ddns.net\/pachuca\/index.php\/wp-json\/wp\/v2\/types\/product"}],"replies":[{"embeddable":true,"href":"https:\/\/soydeaqui.ddns.net\/pachuca\/index.php\/wp-json\/wp\/v2\/comments?post=35655"}],"wp:featuredmedia":[{"embeddable":true,"href":"https:\/\/soydeaqui.ddns.net\/pachuca\/index.php\/wp-json\/wp\/v2\/media\/35654"}],"wp:attachment":[{"href":"https:\/\/soydeaqui.ddns.net\/pachuca\/index.php\/wp-json\/wp\/v2\/media?parent=35655"}],"wp:term":[{"taxonomy":"product_brand","embeddable":true,"href":"https:\/\/soydeaqui.ddns.net\/pachuca\/index.php\/wp-json\/wp\/v2\/product_brand?post=35655"},{"taxonomy":"product_cat","embeddable":true,"href":"https:\/\/soydeaqui.ddns.net\/pachuca\/index.php\/wp-json\/wp\/v2\/product_cat?post=35655"},{"taxonomy":"product_tag","embeddable":true,"href":"https:\/\/soydeaqui.ddns.net\/pachuca\/index.php\/wp-json\/wp\/v2\/product_tag?post=35655"}],"curies":[{"name":"wp","href":"https:\/\/api.w.org\/{rel}","templated":true}]}}