{"id":35643,"date":"2026-03-18T15:48:38","date_gmt":"2026-03-18T15:48:38","guid":{"rendered":"https:\/\/soydeaqui.ddns.net\/pachuca\/index.php\/producto\/medidor-de-energia-para-multiples-cargas-con-conexion-en-red\/"},"modified":"2026-03-18T15:48:38","modified_gmt":"2026-03-18T15:48:38","slug":"medidor-de-energia-para-multiples-cargas-con-conexion-en-red","status":"publish","type":"product","link":"https:\/\/soydeaqui.ddns.net\/pachuca\/index.php\/producto\/medidor-de-energia-para-multiples-cargas-con-conexion-en-red\/","title":{"rendered":"Medidor de energia para multiples cargas con conexion en red"},"content":{"rendered":"<div style='width: 100%; max-width: 1200px; margin: 0 auto; font-family: sans-serif; line-height: 1.6; color: inherit; background-color: transparent;'>\n<div style='display: flex; flex-wrap: wrap; gap: 30px; margin-bottom: 30px;'>\n<div style='flex: 1 1 300px; min-width: 280px;'>\n<h3 style='font-size: 22px; border-bottom: 2px solid currentColor; padding-bottom: 5px; margin-top: 0; color: inherit; opacity: 0.8;'>Descripci\u00f3n<\/h3>\n<p style='font-size: 15px; color: inherit; margin-bottom: 15px;'>El &#8216;Power Meter&#8217; de Setra es un medidor de energ\u00eda de grado de facturaci\u00f3n conectado en red&comma; construido sobre una plataforma vers\u00e1til y potente dise\u00f1ada para satisfacer las exigentes demandas de cualquier aplicaci\u00f3n de submedici\u00f3n. Disponible en configuraciones de 3&comma; 12 o 48 cargas&comma; el dise\u00f1o del medidor y la interfaz intuitiva del portal web reducen significativamente el tiempo de instalaci\u00f3n y el costo por punto de medici\u00f3n.<\/p>\n<p style='font-size: 15px; color: inherit; margin-bottom: 15px;'>Los medidores &#8216;Power Meter&#8217; de 12 y 48 cargas vienen de serie con entradas de voltaje dual&comma; y todas las versiones son configurables en el campo para el uso de transformadores de corriente est\u00e1ndar o de estilo Rogowski&comma; lo que permite una medici\u00f3n segura y precisa de servicios de baja y alta amperios.<\/p>\n<\/p><\/div>\n<\/p><\/div>\n<div style='display: flex; flex-wrap: wrap; gap: 20px; margin-bottom: 30px;'>\n<div style='flex: 1 1 250px; border: 1px solid rgba(150&comma; 150&comma; 150&comma; 0.4); border-radius: 8px; overflow: hidden; display: flex; flex-direction: column;'>\n<div style='padding: 15px; border-bottom: 1px solid rgba(150&comma; 150&comma; 150&comma; 0.2); font-weight: bold; font-size: 18px; color: inherit;'>Caracter\u00edsticas<\/div>\n<div style='padding: 15px; color: inherit;'>\n<ul style='padding-left: 20px; margin: 0; font-size: 14px; list-style-type: disc;'>\n<li style='margin-bottom: 5px;'>Monitoreo de 3&comma; 12 o 48 cargas en cualquier combinaci\u00f3n de sistemas monof\u00e1sicos y\/o trif\u00e1sicos<\/li>\n<li style='margin-bottom: 5px;'>Monitoreo de voltaje&comma; corriente&comma; potencia&comma; energ\u00eda y muchos otros par\u00e1metros<\/li>\n<li style='margin-bottom: 5px;'>Pantalla giratoria para facilitar la instalaci\u00f3n<\/li>\n<li style='margin-bottom: 5px;'>Alimentaci\u00f3n de l\u00ednea&comma; suministro de energ\u00eda de fase a fase de 80-600V con fusible interno de 200kAIC<\/li>\n<li style='margin-bottom: 5px;'>Medici\u00f3n de facturaci\u00f3n de clase 0&comma;2 seg\u00fan ANSI C12.20-2015<\/li>\n<li style='margin-bottom: 5px;'>Carcasa clasificada UL 94-V0<\/li>\n<li style='margin-bottom: 5px;'>Puede ser utilizado en los protocolos BACnet y Modbus y cuenta con 2 puertos de entrada de pulso y 1 puerto de salida de pulso&comma; adem\u00e1s de conexi\u00f3n serial y Ethernet<\/li>\n<li style='margin-bottom: 5px;'>Permite el uso intercambiable de transformadores de corriente convencionales y de bobina Rogowski<\/li>\n<li style='margin-bottom: 5px;'>La pantalla de 4 l\u00ednea muestra informaci\u00f3n en tiempo real sobre la configuraci\u00f3n y los datos del medidor<\/li>\n<li style='margin-bottom: 5px;'>La correcci\u00f3n de la polaridad de los transformadores de corriente garantiza la correcta instalaci\u00f3n de los mismos<\/li>\n<li style='margin-bottom: 5px;'>Lista UL<\/li>\n<li style='margin-bottom: 5px;'>Cumplimiento CE y RoHS<\/li>\n<li style='margin-bottom: 5px;'>Formato de datos de punto flotante IEEE-754 permite el monitoreo bidireccional<\/li>\n<\/ul><\/div>\n<\/p><\/div>\n<\/p><\/div>\n<hr style='border: 0; border-top: 1px solid rgba(150&comma; 150&comma; 150&comma; 0.3); margin: 30px 0;'> <\/div>\n","protected":false},"excerpt":{"rendered":"<p>Medidor de energia para multiples cargas con conexion en red<\/p>\n","protected":false},"featured_media":35642,"comment_status":"open","ping_status":"closed","template":"","meta":[],"product_brand":[],"product_cat":[1034],"product_tag":[1035,1036,1037],"class_list":{"0":"post-35643","1":"product","2":"type-product","3":"status-publish","4":"has-post-thumbnail","6":"product_cat-bms-bas","7":"product_tag-bms","8":"product_tag-bms-bas","9":"product_tag-honeywell-bms","11":"first","12":"outofstock","13":"sale","14":"shipping-taxable","15":"purchasable","16":"product-type-simple"},"_links":{"self":[{"href":"https:\/\/soydeaqui.ddns.net\/pachuca\/index.php\/wp-json\/wp\/v2\/product\/35643","targetHints":{"allow":["GET"]}}],"collection":[{"href":"https:\/\/soydeaqui.ddns.net\/pachuca\/index.php\/wp-json\/wp\/v2\/product"}],"about":[{"href":"https:\/\/soydeaqui.ddns.net\/pachuca\/index.php\/wp-json\/wp\/v2\/types\/product"}],"replies":[{"embeddable":true,"href":"https:\/\/soydeaqui.ddns.net\/pachuca\/index.php\/wp-json\/wp\/v2\/comments?post=35643"}],"wp:featuredmedia":[{"embeddable":true,"href":"https:\/\/soydeaqui.ddns.net\/pachuca\/index.php\/wp-json\/wp\/v2\/media\/35642"}],"wp:attachment":[{"href":"https:\/\/soydeaqui.ddns.net\/pachuca\/index.php\/wp-json\/wp\/v2\/media?parent=35643"}],"wp:term":[{"taxonomy":"product_brand","embeddable":true,"href":"https:\/\/soydeaqui.ddns.net\/pachuca\/index.php\/wp-json\/wp\/v2\/product_brand?post=35643"},{"taxonomy":"product_cat","embeddable":true,"href":"https:\/\/soydeaqui.ddns.net\/pachuca\/index.php\/wp-json\/wp\/v2\/product_cat?post=35643"},{"taxonomy":"product_tag","embeddable":true,"href":"https:\/\/soydeaqui.ddns.net\/pachuca\/index.php\/wp-json\/wp\/v2\/product_tag?post=35643"}],"curies":[{"name":"wp","href":"https:\/\/api.w.org\/{rel}","templated":true}]}}