{"id":35641,"date":"2026-03-18T15:48:35","date_gmt":"2026-03-18T15:48:35","guid":{"rendered":"https:\/\/soydeaqui.ddns.net\/pachuca\/index.php\/producto\/l-series-indoor-selectable-output-horn-strobe-4-wire-ceiling-mount-fire-marking-white\/"},"modified":"2026-03-18T15:48:36","modified_gmt":"2026-03-18T15:48:36","slug":"l-series-indoor-selectable-output-horn-strobe-4-wire-ceiling-mount-fire-marking-white","status":"publish","type":"product","link":"https:\/\/soydeaqui.ddns.net\/pachuca\/index.php\/producto\/l-series-indoor-selectable-output-horn-strobe-4-wire-ceiling-mount-fire-marking-white\/","title":{"rendered":"L-Series Indoor Selectable Output Horn Strobe, 4-Wire, Ceiling Mount, FIRE Marking, White"},"content":{"rendered":"<div style='width: 100%; max-width: 1200px; margin: 0 auto; font-family: sans-serif; line-height: 1.6; color: inherit; background-color: transparent;'>\n<div style='display: flex; flex-wrap: wrap; gap: 30px; margin-bottom: 30px;'>\n<div style='flex: 1 1 300px; min-width: 280px;'>\n<h3 style='font-size: 22px; border-bottom: 2px solid currentColor; padding-bottom: 5px; margin-top: 0; color: inherit; opacity: 0.8;'>Caracter\u00edsticas Principales<\/h3>\n<ul style='padding-left: 20px; font-size: 15px; color: inherit;'>\n<li style='margin-bottom: 5px;'>Dise\u00f1o enchufable con m\u00ednima intrusi\u00f3n en la caja<\/li>\n<li style='margin-bottom: 5px;'>Construcci\u00f3n resistente a manipulaciones<\/li>\n<li style='margin-bottom: 5px;'>Selecci\u00f3n autom\u00e1tica de operaci\u00f3n a 12 o 24 voltios<\/li>\n<li style='margin-bottom: 5px;'>Selecci\u00f3n de candela en campo: 15&comma; 30&comma; 75&comma; 95&comma; 115&comma; 150 y 177<\/li>\n<li style='margin-bottom: 5px;'>Tono de sirena de 88+ dBA a 16 voltios<\/li>\n<li style='margin-bottom: 5px;'>Interruptor rotativo para tono de sirena y dos selecciones de volumen<\/li>\n<li style='margin-bottom: 5px;'>Placa de montaje universal para unidades de techo<\/li>\n<li style='margin-bottom: 5px;'>Caracter\u00edstica de resorte de cortocircuito para verificaci\u00f3n de continuidad<\/li>\n<li style='margin-bottom: 5px;'>Compatible el\u00e9ctricamente con dispositivos legacy SpectrAlert y SpectrAlert Advance<\/li>\n<li style='margin-bottom: 5px;'>Compatible con m\u00f3dulo de sincronizaci\u00f3n MDL3<\/li>\n<li style='margin-bottom: 5px;'>Listado para montaje en techo \u00fanicamente<\/li>\n<\/ul>\n<\/div>\n<div style='flex: 1 1 300px; min-width: 280px;'>\n<h3 style='font-size: 22px; border-bottom: 2px solid currentColor; padding-bottom: 5px; margin-top: 0; color: inherit; opacity: 0.8;'>Especificaciones T\u00e9cnicas<\/h3>\n<ul style='padding-left: 20px; font-size: 15px; color: inherit;'>\n<li style='margin-bottom: 5px;'><strong>Temperatura de operaci\u00f3n:<\/strong> 32\u00b0F a 120\u00b0F (0\u00b0C a 49\u00b0C)<\/li>\n<li style='margin-bottom: 5px;'><strong>Humedad:<\/strong> 10 a 93% sin condensaci\u00f3n<\/li>\n<li style='margin-bottom: 5px;'><strong>Frecuencia de destello:<\/strong> 1 destello por segundo<\/li>\n<li style='margin-bottom: 5px;'><strong>Tensi\u00f3n nominal:<\/strong> 12 VDC regulado o 24 VDC\/FWR<\/li>\n<li style='margin-bottom: 5px;'><strong>Rango de tensi\u00f3n:<\/strong> 8-17.5 V (12V nominal) o 16-33 V (24V nominal)<\/li>\n<li style='margin-bottom: 5px;'><strong>Calibre de cable:<\/strong> 12 a 18 AWG<\/li>\n<li style='margin-bottom: 5px;'><strong>Dimensiones:<\/strong> 6.8&#8242; de di\u00e1metro \u00d7 2.5&#8242; de alto (173 mm \u00d7 64 mm)<\/li>\n<li style='margin-bottom: 5px;'><strong>Dimensiones de la placa de montaje:<\/strong> 6.9&#8242; de di\u00e1metro \u00d7 3.4&#8242; de alto (175 mm \u00d7 86 mm)<\/li>\n<\/ul>\n<\/div>\n<\/div>\n<div style='display: flex; flex-wrap: wrap; gap: 20px; margin-bottom: 30px;'>\n<div style='flex: 1 1 250px; border: 1px solid rgba(150&comma; 150&comma; 150&comma; 0.4); border-radius: 8px; overflow: hidden; display: flex; flex-direction: column;'>\n<div style='padding: 15px; border-bottom: 1px solid rgba(150&comma; 150&comma; 150&comma; 0.2); font-weight: bold; font-size: 18px; color: inherit;'>Consumo de Corriente<\/div>\n<div style='padding: 15px; color: inherit;'>\n<ul style='padding-left: 20px; margin: 0; font-size: 14px; list-style-type: disc;'>\n<li style='margin-bottom: 5px;'><strong>15 cd:<\/strong> 87 mA (DC) \/ 41 mA (DC 24V) \/ 60 mA (FWR)<\/li>\n<li style='margin-bottom: 5px;'><strong>30 cd:<\/strong> 153 mA (DC) \/ 63 mA (DC 24V) \/ 86 mA (FWR)<\/li>\n<li style='margin-bottom: 5px;'><strong>75 cd:<\/strong> 111 mA (DC 24V) \/ 142 mA (FWR)<\/li>\n<li style='margin-bottom: 5px;'><strong>95 cd:<\/strong> 134 mA (DC 24V) \/ 164 mA (FWR)<\/li>\n<li style='margin-bottom: 5px;'><strong>115 cd:<\/strong> 158 mA (DC 24V) \/ 191 mA (FWR)<\/li>\n<li style='margin-bottom: 5px;'><strong>150 cd:<\/strong> 189 mA (DC 24V) \/ 228 mA (FWR)<\/li>\n<li style='margin-bottom: 5px;'><strong>177 cd:<\/strong> 226 mA (DC 24V) \/ 264 mA (FWR)<\/li>\n<\/ul>\n<\/div>\n<\/div>\n<div style='flex: 1 1 250px; border: 1px solid rgba(150&comma; 150&comma; 150&comma; 0.4); border-radius: 8px; overflow: hidden; display: flex; flex-direction: column;'>\n<div style='padding: 15px; border-bottom: 1px solid rgba(150&comma; 150&comma; 150&comma; 0.2); font-weight: bold; font-size: 18px; color: inherit;'>Nivel de Sonido<\/div>\n<div style='padding: 15px; color: inherit;'>\n<ul style='padding-left: 20px; margin: 0; font-size: 14px; list-style-type: disc;'>\n<li style='margin-bottom: 5px;'><strong>Temporal Alto:<\/strong> 84 dB (8-17.5V) \/ 89 dB (16-33V)<\/li>\n<li style='margin-bottom: 5px;'><strong>Temporal Bajo:<\/strong> 75 dB (8-17.5V) \/ 83 dB (16-33V)<\/li>\n<li style='margin-bottom: 5px;'><strong>No Temporal Alto:<\/strong> 85 dB (8-17.5V) \/ 90 dB (16-33V)<\/li>\n<li style='margin-bottom: 5px;'><strong>No Temporal Bajo:<\/strong> 76 dB (8-17.5V) \/ 84 dB (16-33V)<\/li>\n<li style='margin-bottom: 5px;'><strong>3.1 KHz Temporal Alto:<\/strong> 83 dB (8-17.5V) \/ 88 dB (16-33V)<\/li>\n<li style='margin-bottom: 5px;'><strong>3.1 KHz Temporal Bajo:<\/strong> 76 dB (8-17.5V) \/ 82 dB (16-33V)<\/li>\n<li style='margin-bottom: 5px;'><strong>3.1 KHz No Temporal Alto:<\/strong> 84 dB (8-17.5V) \/ 89 dB (16-33V)<\/li>\n<li style='margin-bottom: 5px;'><strong>3.1 KHz No Temporal Bajo:<\/strong> 77 dB (8-17.5V) \/ 83 dB (16-33V)<\/li>\n<\/ul>\n<\/div>\n<\/div>\n<div style='flex: 1 1 250px; border: 1px solid rgba(150&comma; 150&comma; 150&comma; 0.4); border-radius: 8px; overflow: hidden; display: flex; flex-direction: column;'>\n<div style='padding: 15px; border-bottom: 1px solid rgba(150&comma; 150&comma; 150&comma; 0.2); font-weight: bold; font-size: 18px; color: inherit;'>Compatibilidad<\/div>\n<div style='padding: 15px; color: inherit;'>\n<ul style='padding-left: 20px; margin: 0; font-size: 14px; list-style-type: disc;'>\n<li style='margin-bottom: 5px;'>Conexi\u00f3n a caja est\u00e1ndar 4 \u00d7 4 \u00d7 1\u00bd pulgadas<\/li>\n<li style='margin-bottom: 5px;'>Conexi\u00f3n a caja octogonal de 4 pulgadas<\/li>\n<li style='margin-bottom: 5px;'>Conexi\u00f3n a caja doble<\/li>\n<li style='margin-bottom: 5px;'>Placa de montaje universal<\/li>\n<li style='margin-bottom: 5px;'>Compatible con m\u00f3dulo de sincronizaci\u00f3n MDL3<\/li>\n<\/ul>\n<\/div>\n<\/div>\n<\/div>\n<hr style='border: 0; border-top: 1px solid rgba(150&comma; 150&comma; 150&comma; 0.3); margin: 30px 0;'>\n<div style='display: flex; flex-wrap: wrap; gap: 20px; margin-bottom: 30px;'>\n<div style='flex: 1 1 250px; border: 1px solid rgba(150&comma; 150&comma; 150&comma; 0.4); border-radius: 8px; overflow: hidden; display: flex; flex-direction: column;'>\n<div style='padding: 15px; border-bottom: 1px solid rgba(150&comma; 150&comma; 150&comma; 0.2); font-weight: bold; font-size: 18px; color: inherit;'>Certificaciones<\/div>\n<div style='padding: 15px; color: inherit;'>\n<ul style='padding-left: 20px; margin: 0; font-size: 14px; list-style-type: disc;'>\n<li style='margin-bottom: 5px;'>UL 1971<\/li>\n<li style='margin-bottom: 5px;'>UL 464<\/li>\n<li style='margin-bottom: 5px;'>FM aprobado (excepto modelo 7125-1653:0504)<\/li>\n<li style='margin-bottom: 5px;'>Cumple con ADA (Ley de Estadounidenses con Discapacidades)<\/li>\n<\/ul>\n<\/div>\n<\/div>\n<div style='flex: 1 1 250px; border: 1px solid rgba(150&comma; 150&comma; 150&comma; 0.4); border-radius: 8px; overflow: hidden; display: flex; flex-direction: column;'>\n<div style='padding: 15px; border-bottom: 1px solid rgba(150&comma; 150&comma; 150&comma; 0.2); font-weight: bold; font-size: 18px; color: inherit;'>Aplicaci\u00f3n<\/div>\n<div style='padding: 15px; color: inherit;'>\n<ul style='padding-left: 20px; margin: 0; font-size: 14px; list-style-type: disc;'>\n<li style='margin-bottom: 5px;'>Notificaci\u00f3n audible y visible para interiores<\/li>\n<li style='margin-bottom: 5px;'>Sincronizaci\u00f3n a 1 Hz con m\u00f3dulo MDL3<\/li>\n<li style='margin-bottom: 5px;'>Operaci\u00f3n en circuito de notificaci\u00f3n no codificado<\/li>\n<li style='margin-bottom: 5px;'>Silencio de sirenas mediante m\u00f3dulo MDL3<\/li>\n<li style='margin-bottom: 5px;'>Control de 2 circuitos Style Y (clase B) o 1 circuito Style Z (clase A)<\/li>\n<\/ul>\n<\/div>\n<\/div>\n<\/div>\n<\/div>\n","protected":false},"excerpt":{"rendered":"<p>L-Series Indoor Selectable Output Horn Strobe, 4-Wire, Ceiling Mount, FIRE Marking, White<\/p>\n","protected":false},"featured_media":35640,"comment_status":"open","ping_status":"closed","template":"","meta":[],"product_brand":[],"product_cat":[995],"product_tag":[997,996,468],"class_list":{"0":"post-35641","1":"product","2":"type-product","3":"status-publish","4":"has-post-thumbnail","6":"product_cat-estrobos-sirenas-bocinas-campanas","7":"product_tag-estrobos-sirenas-bocinas-campanas","8":"product_tag-notificacion-y-voceo","9":"product_tag-system-sensor","11":"first","12":"outofstock","13":"sale","14":"shipping-taxable","15":"purchasable","16":"product-type-simple"},"_links":{"self":[{"href":"https:\/\/soydeaqui.ddns.net\/pachuca\/index.php\/wp-json\/wp\/v2\/product\/35641","targetHints":{"allow":["GET"]}}],"collection":[{"href":"https:\/\/soydeaqui.ddns.net\/pachuca\/index.php\/wp-json\/wp\/v2\/product"}],"about":[{"href":"https:\/\/soydeaqui.ddns.net\/pachuca\/index.php\/wp-json\/wp\/v2\/types\/product"}],"replies":[{"embeddable":true,"href":"https:\/\/soydeaqui.ddns.net\/pachuca\/index.php\/wp-json\/wp\/v2\/comments?post=35641"}],"wp:featuredmedia":[{"embeddable":true,"href":"https:\/\/soydeaqui.ddns.net\/pachuca\/index.php\/wp-json\/wp\/v2\/media\/35640"}],"wp:attachment":[{"href":"https:\/\/soydeaqui.ddns.net\/pachuca\/index.php\/wp-json\/wp\/v2\/media?parent=35641"}],"wp:term":[{"taxonomy":"product_brand","embeddable":true,"href":"https:\/\/soydeaqui.ddns.net\/pachuca\/index.php\/wp-json\/wp\/v2\/product_brand?post=35641"},{"taxonomy":"product_cat","embeddable":true,"href":"https:\/\/soydeaqui.ddns.net\/pachuca\/index.php\/wp-json\/wp\/v2\/product_cat?post=35641"},{"taxonomy":"product_tag","embeddable":true,"href":"https:\/\/soydeaqui.ddns.net\/pachuca\/index.php\/wp-json\/wp\/v2\/product_tag?post=35641"}],"curies":[{"name":"wp","href":"https:\/\/api.w.org\/{rel}","templated":true}]}}