{"id":3564,"date":"2026-03-18T06:09:21","date_gmt":"2026-03-18T06:09:21","guid":{"rendered":"https:\/\/soydeaqui.ddns.net\/pachuca\/index.php\/producto\/micalert-cable-sensor-para-paredes-rejas-rigidas-o-barandales-2-zonas-de-305-metros-610-metros-de-proteccion-total-tarjeta-lpu400-calibracion-via-software\/"},"modified":"2026-03-18T06:09:25","modified_gmt":"2026-03-18T06:09:25","slug":"micalert-cable-sensor-para-paredes-rejas-rigidas-o-barandales-2-zonas-de-305-metros-610-metros-de-proteccion-total-tarjeta-lpu400-calibracion-via-software","status":"publish","type":"product","link":"https:\/\/soydeaqui.ddns.net\/pachuca\/index.php\/producto\/micalert-cable-sensor-para-paredes-rejas-rigidas-o-barandales-2-zonas-de-305-metros-610-metros-de-proteccion-total-tarjeta-lpu400-calibracion-via-software\/","title":{"rendered":"MICALERT Cable Sensor para Paredes, Rejas Rigidas o barandales \/ 2 zonas de 305 metros \/ 610 Metros de Protecci\u00f3n Total\/Tarjeta LPU400\/Calibraci\u00f3n via software"},"content":{"rendered":"<div style='width: 100%; max-width: 1200px; margin: 0 auto; font-family: sans-serif; line-height: 1.6; color: inherit; background-color: transparent;'> <!-- Imagen principal --> <\/p>\n<div style='width: 100%; margin-bottom: 30px;'> <img style='width: 100%; height: auto; border: 1px solid rgba(150&comma;150&comma;150&comma;0.3); border-radius: 8px;' src='https:\/\/ftp3.syscom.mx\/usuarios\/ftp\/single_page\/rbtec\/micalert.jpg' alt='MICALERT Cable Sensor'> <\/div>\n<p> <!-- Secci\u00f3n principal --> <\/p>\n<div style='display: flex; flex-wrap: wrap; gap: 30px; margin-bottom: 30px;'>\n<div style='flex: 1 1 300px; min-width: 280px;'>\n<h3 style='font-size: 22px; border-bottom: 2px solid currentColor; padding-bottom: 5px; margin-top: 0; color: inherit; opacity: 0.8;'>Descripci\u00f3n<\/h3>\n<p style='font-size: 15px; color: inherit; text-align: justify;'>MICALERT es un sistema de detecci\u00f3n de intrusos en cercos de cable microf\u00f3nico&comma; conformando un sistema electr\u00f3nico pasivo para detecci\u00f3n de intrusi\u00f3n. El sistema es ideal para la protecci\u00f3n de exteriores y puede ser instalado f\u00e1cilmente en hierro forjado&comma; paneles de acero&comma; cercos met\u00e1licos (r\u00edgidos)&comma; etc. El sistema sensor microf\u00f3nico del MICALERT est\u00e1 basado en un cable sensor con un sistema de audio frecuencia en miniatura que incluye un procesador digital de se\u00f1ales (DSP). El cable sensor microf\u00f3nico de MICALERT ofrece una soluci\u00f3n de detecci\u00f3n de intrusos mediante el an\u00e1lisis de los patrones de ruido t\u00edpicos que se producen por un intento de entrada forzada. El sistema puede reconocer movimiento causado por un intento de cruzar el cerco y desestimar se\u00f1ales producidas por condiciones clim\u00e1ticas&comma; previniendo alarmas no deseadas.<\/p>\n<\/p><\/div>\n<\/p><\/div>\n<p> <!-- Aplicaciones --> <\/p>\n<div style='display: flex; flex-wrap: wrap; gap: 30px; margin-bottom: 30px;'>\n<div style='flex: 1 1 300px; min-width: 280px;'>\n<h3 style='font-size: 22px; border-bottom: 2px solid currentColor; padding-bottom: 5px; margin-top: 0; color: inherit; opacity: 0.8;'>Aplicaciones<\/h3>\n<ul style='padding-left: 20px; font-size: 15px; color: inherit;'>\n<li style='margin-bottom: 5px;'>\u00c1reas comerciales e industriales<\/li>\n<li style='margin-bottom: 5px;'>Condominios o fraccionamientos cerrados<\/li>\n<li style='margin-bottom: 5px;'>Centros de datos<\/li>\n<li style='margin-bottom: 5px;'>Subestaciones de agua&comma; electricidad y servicios p\u00fablicos<\/li>\n<li style='margin-bottom: 5px;'>Bodegas de autom\u00f3viles&comma; caravanas&comma; botes o equipos<\/li>\n<li style='margin-bottom: 5px;'>Granjas solares y centrales fotovoltaicas<\/li>\n<li style='margin-bottom: 5px;'>Bodegas aut\u00f3nomas<\/li>\n<li style='margin-bottom: 5px;'>Antenas de radio&comma; celular y de comunicaci\u00f3n<\/li>\n<li style='margin-bottom: 5px;'>Cualquier lugar con muro o reja<\/li>\n<\/ul><\/div>\n<\/p><\/div>\n<p> <!-- Secci\u00f3n de detecci\u00f3n --> <\/p>\n<div style='display: flex; flex-wrap: wrap; gap: 30px; margin-bottom: 30px;'>\n<div style='flex: 1 1 300px; min-width: 280px;'>\n<h3 style='font-size: 22px; border-bottom: 2px solid currentColor; padding-bottom: 5px; margin-top: 0; color: inherit; opacity: 0.8;'>\u00bfC\u00f3mo se Detecta una Verdadera Alarma?<\/h3>\n<p style='font-size: 15px; color: inherit;'>Micalert ofrece una soluci\u00f3n para la detecci\u00f3n de intrusos mediante el an\u00e1lisis de patrones de vibraci\u00f3n t\u00edpicos de un intento de entrada forzada.<\/p>\n<h4 style='font-size: 18px; margin-top: 20px; margin-bottom: 10px; color: inherit;'>El sistema utiliza 3 niveles de filtraci\u00f3n de alarma:<\/h4>\n<ul style='padding-left: 20px; font-size: 15px; color: inherit;'>\n<li style='margin-bottom: 5px;'>Algoritmo de detecci\u00f3n<\/li>\n<li style='margin-bottom: 5px;'>Niveles de sensibilidad configurados f\u00e1cilmente<\/li>\n<li style='margin-bottom: 5px;'>Unidad de compensaci\u00f3n de clima autom\u00e1tica para la autocalibraci\u00f3n del sistema<\/li>\n<\/ul><\/div>\n<div style='flex: 1 1 300px; min-width: 280px;'> <img style='width: 100%; height: auto; border: 1px solid rgba(150&comma;150&comma;150&comma;0.3); border-radius: 8px;' src='https:\/\/ftp3.syscom.mx\/usuarios\/ftp\/single_page\/rbtec\/img_rb2.png' alt='MICALERT Detecci\u00f3n'> <\/div>\n<\/p><\/div>\n<p> <!-- Configuraciones de Kits --> <\/p>\n<div style='display: flex; flex-wrap: wrap; gap: 30px; margin-bottom: 30px;'>\n<div style='flex: 1 1 300px; min-width: 280px;'>\n<h3 style='font-size: 22px; border-bottom: 2px solid currentColor; padding-bottom: 5px; margin-top: 0; color: inherit; opacity: 0.8;'>Configuraciones de Kits<\/h3>\n<p style='font-size: 15px; color: inherit;'>Cada kit incluye analizador de campo con el carrete de cable sensor<\/p>\n<p style='font-size: 15px; color: inherit;'><strong>Opcional:<\/strong><\/p>\n<ul style='padding-left: 20px; font-size: 15px; color: inherit;'>\n<li style='margin-bottom: 5px;'>152 m \/ 500\u201d de cable del sensor (2 zonas) de longitud&comma; 152 m \/ 500\u201d de l\u00ednea del sensor (una zona)<\/li>\n<li style='margin-bottom: 5px;'>305 m \/ 1&comma;000\u201d cable del sensor (2 zonas) de longitud&comma; 305 m \/ 1&comma;000\u201d de l\u00ednea del sensor (una zona)<\/li>\n<li style='margin-bottom: 5px;'>610 m \/ 2&comma;000\u201d de cable del sensor (2 zonas) de longitud<\/li>\n<\/ul><\/div>\n<div style='flex: 1 1 300px; min-width: 280px;'> <img style='width: 100%; height: auto; border: 1px solid rgba(150&comma;150&comma;150&comma;0.3); border-radius: 8px;' src='https:\/\/ftp3.syscom.mx\/usuarios\/fotos\/BancoFotografiasSyscom\/RBTEC\/MIC2Z1000V2\/MIC2Z1000V2-l.PNG' alt='MICALERT Kit'> <\/div>\n<\/p><\/div>\n<p> <!-- Especificaciones t\u00e9cnicas --> <\/p>\n<div style='display: flex; flex-wrap: wrap; gap: 30px; margin-bottom: 30px;'>\n<div style='flex: 1 1 300px; min-width: 280px;'>\n<h3 style='font-size: 22px; border-bottom: 2px solid currentColor; padding-bottom: 5px; margin-top: 0; color: inherit; opacity: 0.8;'>Especificaciones T\u00e9cnicas<\/h3>\n<ul style='padding-left: 20px; font-size: 15px; color: inherit;'>\n<li style='margin-bottom: 5px;'>Autocalibraci\u00f3n y cancelaci\u00f3n autom\u00e1tica de ruido<\/li>\n<li style='margin-bottom: 5px;'>20 niveles de niveles de sensibilidad local ajustados por controles integrados<\/li>\n<li style='margin-bottom: 5px;'>Niveles ilimitados de niveles de sensibilidad ajustados por software con un software f\u00e1cil de usar<\/li>\n<li style='margin-bottom: 5px;'>Hasta 2 zonas de entradas de sensor<\/li>\n<li style='margin-bottom: 5px;'>Entrada de alimentaci\u00f3n de 24 V CA<\/li>\n<li style='margin-bottom: 5px;'>Entrada de alimentaci\u00f3n de 9-48 V CC<\/li>\n<li style='margin-bottom: 5px;'>Armar \/ Desarmar zonas mediante puentes directamente a bordo<\/li>\n<li style='margin-bottom: 5px;'>Salidas de alarma dedicadas para p\u00e9rdida de energ\u00eda y manipulaci\u00f3n<\/li>\n<li style='margin-bottom: 5px;'>Sensor de manipulaci\u00f3n PIR integrado<\/li>\n<\/ul><\/div>\n<div style='flex: 1 1 300px; min-width: 280px;'> <img style='width: 100%; height: auto; border: 1px solid rgba(150&comma;150&comma;150&comma;0.3); border-radius: 8px;' src='https:\/\/ftp3.syscom.mx\/usuarios\/ftp\/single_page\/rbtec\/diagrama2.png' alt='MICALERT Diagrama'> <\/div>\n<\/p><\/div>\n<p> <!-- Instalaci\u00f3n --> <\/p>\n<div style='display: flex; flex-wrap: wrap; gap: 30px; margin-bottom: 30px;'>\n<div style='flex: 1 1 300px; min-width: 280px;'>\n<h3 style='font-size: 22px; border-bottom: 2px solid currentColor; padding-bottom: 5px; margin-top: 0; color: inherit; opacity: 0.8;'>Instalaci\u00f3n<\/h3>\n<p style='font-size: 15px; color: inherit;'>El cable microf\u00f3nico perimetral MICALERT ofrece una soluci\u00f3n para la detecci\u00f3n de intrusos mediante el an\u00e1lisis de patrones de ruido t\u00edpicos realizados por un intento de entrada forzada. El sistema puede reconocer el movimiento causado por un intento de atravesar la cerca y hacer caso omiso de las se\u00f1ales causadas por las condiciones clim\u00e1ticas&comma; evitando alarmas molestas.<\/p>\n<p style='font-size: 15px; color: inherit;'>El sensor est\u00e1 dise\u00f1ado para instalarse directamente en cercas r\u00edgidas sin ning\u00fan conducto. El Micalert tiene un recubrimiento con clasificaci\u00f3n UV para instalaci\u00f3n en exteriores y protecci\u00f3n contra todas las condiciones clim\u00e1ticas.<\/p>\n<p style='font-size: 15px; color: inherit;'><strong>El sensor del detector de vibraci\u00f3n electr\u00f3nico lineal:<\/strong><\/p>\n<ul style='padding-left: 20px; font-size: 15px; color: inherit;'>\n<li style='margin-bottom: 5px;'>Cable sensor conectado a la pared en un conducto \/ tuber\u00eda<\/li>\n<li style='margin-bottom: 5px;'>Cada procesador (analizador) puede monitorear hasta 2 zonas (spools)<\/li>\n<li style='margin-bottom: 5px;'>La longitud m\u00e1xima por procesador es de 2000 pies \/ 600 m de cable del sensor&comma; 1000 pies \/ 305 m por zona<\/li>\n<li style='margin-bottom: 5px;'>Cada kit incluye un procesador en una carcasa resistente a la intemperie&comma; un cable del sensor de la longitud elegida y una unidad de terminaci\u00f3n de fin de l\u00ednea<\/li>\n<li style='margin-bottom: 5px;'>Para cubrir paredes m\u00e1s largas&comma; existe la opci\u00f3n de combinar tantos kits como sea necesario<\/li>\n<\/ul><\/div>\n<div style='flex: 1 1 300px; min-width: 280px;'> <img style='width: 100%; height: auto; border: 1px solid rgba(150&comma;150&comma;150&comma;0.3); border-radius: 8px;' src='https:\/\/ftp3.syscom.mx\/usuarios\/ftp\/single_page\/rbtec\/instalacion2.jpg' alt='MICALERT Instalaci\u00f3n'> <\/div>\n<\/p><\/div>\n<p> <!-- Imagen secundaria --> <\/p>\n<div style='width: 100%; margin-bottom: 30px;'> <img style='width: 100%; height: auto; border: 1px solid rgba(150&comma;150&comma;150&comma;0.3); border-radius: 8px;' src='https:\/\/ftp3.syscom.mx\/usuarios\/ftp\/single_page\/rbtec\/micalert2.png' alt='MICALERT Instalaci\u00f3n 2'> <\/div>\n<p> <!-- Separador final --> <\/p>\n<hr style='border: 0; border-top: 1px solid rgba(150&comma; 150&comma; 150&comma; 0.3); margin: 30px 0;'> <!-- Informaci\u00f3n de contacto --> <\/p>\n<div style='text-align: center; margin-top: 30px;'>\n<p style='font-size: 11px; letter-spacing: 5px; color: inherit;'>&#8212;&#8212;&#8212;&#8212;&#8212;&#8212;&#8212;&#8212;&#8212;&#8212;&#8212;&#8212;&#8212;- www.syscom.mx &#8212;&#8212;&#8212;&#8212;&#8212;&#8212;&#8212;&#8212;&#8212;&#8212;&#8212;&#8212;&#8212;-<\/p>\n<\/p><\/div>\n<\/p><\/div>\n","protected":false},"excerpt":{"rendered":"<p>MICALERT Cable Sensor para Paredes, Rejas Rigidas o barandales \/ 2 zonas de 305 metros \/ 610 Metros de Protecci\u00f3n Total\/Tarjeta LPU400\/Calibraci\u00f3n via software<\/p>\n","protected":false},"featured_media":3563,"comment_status":"open","ping_status":"closed","template":"","meta":[],"product_brand":[],"product_cat":[103],"product_tag":[105,104,220],"class_list":{"0":"post-3564","1":"product","2":"type-product","3":"status-publish","4":"has-post-thumbnail","6":"product_cat-cable-sensor-perimetral","7":"product_tag-cable-sensor-perimetral","8":"product_tag-proteccion-perimetral","9":"product_tag-rbtec","11":"first","12":"instock","13":"sale","14":"shipping-taxable","15":"purchasable","16":"product-type-simple"},"_links":{"self":[{"href":"https:\/\/soydeaqui.ddns.net\/pachuca\/index.php\/wp-json\/wp\/v2\/product\/3564","targetHints":{"allow":["GET"]}}],"collection":[{"href":"https:\/\/soydeaqui.ddns.net\/pachuca\/index.php\/wp-json\/wp\/v2\/product"}],"about":[{"href":"https:\/\/soydeaqui.ddns.net\/pachuca\/index.php\/wp-json\/wp\/v2\/types\/product"}],"replies":[{"embeddable":true,"href":"https:\/\/soydeaqui.ddns.net\/pachuca\/index.php\/wp-json\/wp\/v2\/comments?post=3564"}],"wp:featuredmedia":[{"embeddable":true,"href":"https:\/\/soydeaqui.ddns.net\/pachuca\/index.php\/wp-json\/wp\/v2\/media\/3563"}],"wp:attachment":[{"href":"https:\/\/soydeaqui.ddns.net\/pachuca\/index.php\/wp-json\/wp\/v2\/media?parent=3564"}],"wp:term":[{"taxonomy":"product_brand","embeddable":true,"href":"https:\/\/soydeaqui.ddns.net\/pachuca\/index.php\/wp-json\/wp\/v2\/product_brand?post=3564"},{"taxonomy":"product_cat","embeddable":true,"href":"https:\/\/soydeaqui.ddns.net\/pachuca\/index.php\/wp-json\/wp\/v2\/product_cat?post=3564"},{"taxonomy":"product_tag","embeddable":true,"href":"https:\/\/soydeaqui.ddns.net\/pachuca\/index.php\/wp-json\/wp\/v2\/product_tag?post=3564"}],"curies":[{"name":"wp","href":"https:\/\/api.w.org\/{rel}","templated":true}]}}