{"id":35628,"date":"2026-03-18T15:48:21","date_gmt":"2026-03-18T15:48:21","guid":{"rendered":"https:\/\/soydeaqui.ddns.net\/pachuca\/index.php\/producto\/detector-autonomo-de-monoxido-de-carbono-co-y-gases-explosivos-propano-y-metano-pantalla-digital-conexion-directa-a-120-vca-bateria-de-respaldo-incluida-paquete-de-2-pzas\/"},"modified":"2026-03-18T15:48:22","modified_gmt":"2026-03-18T15:48:22","slug":"detector-autonomo-de-monoxido-de-carbono-co-y-gases-explosivos-propano-y-metano-pantalla-digital-conexion-directa-a-120-vca-bateria-de-respaldo-incluida-paquete-de-2-pzas","status":"publish","type":"product","link":"https:\/\/soydeaqui.ddns.net\/pachuca\/index.php\/producto\/detector-autonomo-de-monoxido-de-carbono-co-y-gases-explosivos-propano-y-metano-pantalla-digital-conexion-directa-a-120-vca-bateria-de-respaldo-incluida-paquete-de-2-pzas\/","title":{"rendered":"Detector Aut\u00f3nomo de Mon\u00f3xido de Carbono (CO) y Gases Explosivos (Propano y Metano)  | Pantalla Digital | Conexi\u00f3n Directa a 120 Vca | Bater\u00eda de Respaldo Incluida  | Paquete de 2 Pzas"},"content":{"rendered":"<div style='width: 100%; max-width: 1200px; margin: 0 auto; font-family: sans-serif; line-height: 1.6; color: inherit; background-color: transparent;'> <!-- Descripci\u00f3n principal --> <\/p>\n<div style='margin-bottom: 30px;'>\n<p style='font-size: 15px; color: inherit; margin: 15px 0;'> La alarma de CO y gas explosivo&comma; conectable energizada con CA marca Kidde 900-0113&comma; lo protege a usted y a su familia de dos amenazas mortales. La 900-0113 incluye una pila de respaldo de 9V que brinda protecci\u00f3n durante las interrupciones de energ\u00eda&comma; cuando las unidades energizadas solo con CA no pueden brindar protecci\u00f3n. Al presionar el bot\u00f3n Peak Level (nivel m\u00e1ximo)&comma; se puede ver el nivel m\u00e1ximo de CO registrado por la alarma desde que se reinici\u00f3 o desconect\u00f3 por \u00faltima vez. La pantalla digital continua muestra el nivel de mon\u00f3xido de carbono (de haberlo) que la unidad est\u00e1 detectando&comma; as\u00ed como la probable presencia de gas. El detector de gas es un sensor de \u00f3xido de metal dise\u00f1ado para detectar gas natural (metano) o propano. <\/p>\n<p style='font-size: 15px; color: inherit; margin: 15px 0;'> *Paquete con 2 <\/p>\n<p style='color: #e74c3c; font-size: 15px; margin: 15px 0;'> *** COTIZAR MODELO 900011302 <\/p>\n<\/p><\/div>\n<p> <!-- Secci\u00f3n de caracter\u00edsticas --> <\/p>\n<div style='display: flex; flex-wrap: wrap; gap: 30px; margin-bottom: 30px;'>\n<div style='flex: 1 1 300px; min-width: 280px;'>\n<h3 style='font-size: 22px; border-bottom: 2px solid currentColor; padding-bottom: 5px; margin-top: 0; color: inherit; opacity: 0.8;'>Caracter\u00edsticas Principales<\/h3>\n<ul style='padding-left: 20px; font-size: 15px; color: inherit;'>\n<li style='margin-bottom: 5px;'>Alarma Sonora de 85dB pulsante que alerta de un problema potencial.<\/li>\n<li style='margin-bottom: 5px;'>Monoxido de Carbono Cuatro beeps r\u00e1pidos seguidos por cinco segundos de silencio&comma; seguido de cuatro beeps&comma; (Temporal 4 seg\u00fan NFPA72).<\/li>\n<li style='margin-bottom: 5px;'>Gas Un segundo de alarma encendido&comma; un segundo de alarma apagado&comma; con la palabra &#8216;GAS&#8217; que se muestra en la pantalla.<\/li>\n<\/ul><\/div>\n<\/p><\/div>\n<p> <!-- Secci\u00f3n de especificaciones --> <\/p>\n<div style='display: flex; flex-wrap: wrap; gap: 20px; margin-bottom: 30px;'>\n<div style='flex: 1 1 250px; border: 1px solid rgba(150&comma; 150&comma; 150&comma; 0.4); border-radius: 8px; overflow: hidden; display: flex; flex-direction: column;'>\n<div style='padding: 15px; border-bottom: 1px solid rgba(150&comma; 150&comma; 150&comma; 0.2); font-weight: bold; font-size: 18px; color: inherit;'>Especificaciones T\u00e9cnicas<\/div>\n<div style='padding: 15px; color: inherit;'>\n<ul style='padding-left: 20px; margin: 0; font-size: 14px; list-style-type: disc;'>\n<li style='margin-bottom: 5px;'><strong>Alimentaci\u00f3n:<\/strong> 120 VAC con respaldo bat. 9VCC.<\/li>\n<li style='margin-bottom: 5px;'><strong>Sensor:<\/strong> Electroquimico.<\/li>\n<li style='margin-bottom: 5px;'><strong>Alarma:<\/strong> 85dB a 3m<\/li>\n<li style='margin-bottom: 5px;'><strong>Dimensiones:<\/strong> 15.5 L x 9.65 A x 4.58 P cms.<\/li>\n<li style='margin-bottom: 5px;'><strong>Peso:<\/strong> 0.7 Kg.<\/li>\n<\/ul><\/div>\n<\/p><\/div>\n<\/p><\/div>\n<p> <!-- Separador --> <\/p>\n<hr style='border: 0; border-top: 1px solid rgba(150&comma; 150&comma; 150&comma; 0.3); margin: 30px 0;'> <\/div>\n","protected":false},"excerpt":{"rendered":"<p>Detector Aut\u00f3nomo de Mon\u00f3xido de Carbono (CO) y Gases Explosivos (Propano y Metano)  | Pantalla Digital | Conexi\u00f3n Directa a 120 Vca | Bater\u00eda de Respaldo Incluida  | Paquete de 2 Pzas<\/p>\n","protected":false},"featured_media":35627,"comment_status":"open","ping_status":"closed","template":"","meta":[],"product_brand":[],"product_cat":[223],"product_tag":[224,1048,225],"class_list":{"0":"post-35628","1":"product","2":"type-product","3":"status-publish","4":"has-post-thumbnail","6":"product_cat-todo","7":"product_tag-detectores-autonomos","8":"product_tag-kidde","9":"product_tag-todo","11":"first","12":"outofstock","13":"sale","14":"shipping-taxable","15":"purchasable","16":"product-type-simple"},"_links":{"self":[{"href":"https:\/\/soydeaqui.ddns.net\/pachuca\/index.php\/wp-json\/wp\/v2\/product\/35628","targetHints":{"allow":["GET"]}}],"collection":[{"href":"https:\/\/soydeaqui.ddns.net\/pachuca\/index.php\/wp-json\/wp\/v2\/product"}],"about":[{"href":"https:\/\/soydeaqui.ddns.net\/pachuca\/index.php\/wp-json\/wp\/v2\/types\/product"}],"replies":[{"embeddable":true,"href":"https:\/\/soydeaqui.ddns.net\/pachuca\/index.php\/wp-json\/wp\/v2\/comments?post=35628"}],"wp:featuredmedia":[{"embeddable":true,"href":"https:\/\/soydeaqui.ddns.net\/pachuca\/index.php\/wp-json\/wp\/v2\/media\/35627"}],"wp:attachment":[{"href":"https:\/\/soydeaqui.ddns.net\/pachuca\/index.php\/wp-json\/wp\/v2\/media?parent=35628"}],"wp:term":[{"taxonomy":"product_brand","embeddable":true,"href":"https:\/\/soydeaqui.ddns.net\/pachuca\/index.php\/wp-json\/wp\/v2\/product_brand?post=35628"},{"taxonomy":"product_cat","embeddable":true,"href":"https:\/\/soydeaqui.ddns.net\/pachuca\/index.php\/wp-json\/wp\/v2\/product_cat?post=35628"},{"taxonomy":"product_tag","embeddable":true,"href":"https:\/\/soydeaqui.ddns.net\/pachuca\/index.php\/wp-json\/wp\/v2\/product_tag?post=35628"}],"curies":[{"name":"wp","href":"https:\/\/api.w.org\/{rel}","templated":true}]}}