{"id":35626,"date":"2026-03-18T15:48:16","date_gmt":"2026-03-18T15:48:16","guid":{"rendered":"https:\/\/soydeaqui.ddns.net\/pachuca\/index.php\/producto\/jaula-de-acero-fireray-damage-stopper-para-proteccion-de-detectores-de-haz-optico-dimensiones-11-52-in-292-mm-altura-x-10-in-254-mm-ancho-x-3-58-in-91-mm-profundidad\/"},"modified":"2026-03-18T15:48:17","modified_gmt":"2026-03-18T15:48:17","slug":"jaula-de-acero-fireray-damage-stopper-para-proteccion-de-detectores-de-haz-optico-dimensiones-11-52-in-292-mm-altura-x-10-in-254-mm-ancho-x-3-58-in-91-mm-profundidad","status":"publish","type":"product","link":"https:\/\/soydeaqui.ddns.net\/pachuca\/index.php\/producto\/jaula-de-acero-fireray-damage-stopper-para-proteccion-de-detectores-de-haz-optico-dimensiones-11-52-in-292-mm-altura-x-10-in-254-mm-ancho-x-3-58-in-91-mm-profundidad\/","title":{"rendered":"Jaula de acero FIRERAY Damage Stopper\u00ae para protecci\u00f3n de detectores de haz \u00f3ptico. Dimensiones 11.52 in (292 mm) altura x 10 in (254 mm) ancho x 3.58 in (91 mm) profundidad"},"content":{"rendered":"<div style='width: 100%; max-width: 1200px; margin: 0 auto; font-family: sans-serif; line-height: 1.6; color: inherit; background-color: transparent;'> <!-- Secci\u00f3n de t\u00edtulo y descripci\u00f3n --> <\/p>\n<div style='text-align: center; margin-bottom: 30px;'>\n<h2 style='font-size: 22px; margin-top: 0; margin-bottom: 10px; color: inherit; font-weight: bold;'> Jaulas de Protecci\u00f3n FIRERAY Damage Stopper<span style='font-size: 14px;'>\u00ae<\/span> <\/h2>\n<p style='font-size: 16px; margin-bottom: 20px; color: inherit; opacity: 0.8;'> Ayudan a prevenir el vandalismo y activaciones accidentales <\/p>\n<\/p><\/div>\n<p> <!-- Secci\u00f3n de descripci\u00f3n principal --> <\/p>\n<div style='margin-bottom: 30px;'>\n<p style='font-size: 15px; margin-bottom: 20px; color: inherit;'> Las jaulas de protecci\u00f3n <strong style='font-weight: bold;'>FIRERAY Damage Stopper<\/strong><span style='font-size: 14px;'>\u00ae<\/span> son una excelente opci\u00f3n para proteger detectores de humo de haz \u00f3ptico del vandalismo y de las activaciones accidentales. Est\u00e1n construidas con alambre de acero resistente recubierto con poli\u00e9ster resistente a la corrosi\u00f3n. Este Stopper es altamente recomendado para \u00e1reas donde el abuso es severo o es imperativo que los detectores de humo de haz \u00f3ptico contin\u00faen funcionando. <\/p>\n<\/p><\/div>\n<p> <!-- Secci\u00f3n de caracter\u00edsticas --> <\/p>\n<div style='display: flex; flex-wrap: wrap; gap: 30px;'>\n<div style='flex: 1 1 300px; min-width: 280px;'>\n<h3 style='font-size: 20px; border-bottom: 2px solid currentColor; padding-bottom: 5px; margin-top: 0; color: inherit; opacity: 0.8;'>Caracter\u00edsticas Generales<\/h3>\n<ul style='padding-left: 20px; font-size: 15px; color: inherit; list-style-type: disc;'>\n<li style='margin-bottom: 10px;'>Ofrece protecci\u00f3n anti vandalismo y activaciones accidentales en detectores de haz \u00f3ptico.<\/li>\n<li style='margin-bottom: 10px;'>Construido con alambre de acero resistente.<\/li>\n<li style='margin-bottom: 10px;'>Recubierta con poli\u00e9ster resistente a la corrosi\u00f3n.<\/li>\n<li style='margin-bottom: 10px;'>R\u00e1pida y f\u00e1cil de instalar.<\/li>\n<li style='margin-bottom: 10px;'>Tres a\u00f1os de garant\u00eda contra roturas en uso normal.<\/li>\n<li style='margin-bottom: 10px;'>Dimensiones 11.52 in (292 mm) altura x 10 in (254 mm) ancho x 3.58 in (91 mm) profundidad<\/li>\n<\/ul><\/div>\n<\/p><\/div>\n<p> <!-- Separador --> <\/p>\n<hr style='border: 0; border-top: 1px solid rgba(150&comma; 150&comma; 150&comma; 0.3); margin: 30px 0;'> <\/div>\n","protected":false},"excerpt":{"rendered":"<p>Jaula de acero FIRERAY Damage Stopper\u00ae para protecci\u00f3n de detectores de haz \u00f3ptico. Dimensiones 11.52 in (292 mm) altura x 10 in (254 mm) ancho x 3.58 in (91 mm) profundidad<\/p>\n","protected":false},"featured_media":35625,"comment_status":"open","ping_status":"closed","template":"","meta":[],"product_brand":[],"product_cat":[524],"product_tag":[93,522,169],"class_list":{"0":"post-35626","1":"product","2":"type-product","3":"status-publish","4":"has-post-thumbnail","6":"product_cat-accesorios-dispositivos-convencionales","7":"product_tag-accesorios","8":"product_tag-dispositivos-convencionales","9":"product_tag-sti","11":"first","12":"outofstock","13":"sale","14":"shipping-taxable","15":"purchasable","16":"product-type-simple"},"_links":{"self":[{"href":"https:\/\/soydeaqui.ddns.net\/pachuca\/index.php\/wp-json\/wp\/v2\/product\/35626","targetHints":{"allow":["GET"]}}],"collection":[{"href":"https:\/\/soydeaqui.ddns.net\/pachuca\/index.php\/wp-json\/wp\/v2\/product"}],"about":[{"href":"https:\/\/soydeaqui.ddns.net\/pachuca\/index.php\/wp-json\/wp\/v2\/types\/product"}],"replies":[{"embeddable":true,"href":"https:\/\/soydeaqui.ddns.net\/pachuca\/index.php\/wp-json\/wp\/v2\/comments?post=35626"}],"wp:featuredmedia":[{"embeddable":true,"href":"https:\/\/soydeaqui.ddns.net\/pachuca\/index.php\/wp-json\/wp\/v2\/media\/35625"}],"wp:attachment":[{"href":"https:\/\/soydeaqui.ddns.net\/pachuca\/index.php\/wp-json\/wp\/v2\/media?parent=35626"}],"wp:term":[{"taxonomy":"product_brand","embeddable":true,"href":"https:\/\/soydeaqui.ddns.net\/pachuca\/index.php\/wp-json\/wp\/v2\/product_brand?post=35626"},{"taxonomy":"product_cat","embeddable":true,"href":"https:\/\/soydeaqui.ddns.net\/pachuca\/index.php\/wp-json\/wp\/v2\/product_cat?post=35626"},{"taxonomy":"product_tag","embeddable":true,"href":"https:\/\/soydeaqui.ddns.net\/pachuca\/index.php\/wp-json\/wp\/v2\/product_tag?post=35626"}],"curies":[{"name":"wp","href":"https:\/\/api.w.org\/{rel}","templated":true}]}}