{"id":35574,"date":"2026-03-18T15:47:16","date_gmt":"2026-03-18T15:47:16","guid":{"rendered":"https:\/\/soydeaqui.ddns.net\/pachuca\/index.php\/producto\/hikfire-camara-ip-de-deteccion-termica-de-incendios-deteccion-de-llamas-y-temperaturas-anormales-4-megapixel-lente-optico-1-megapixel-lente-termico-compatible-con-hik-connect-2\/"},"modified":"2026-03-18T15:47:25","modified_gmt":"2026-03-18T15:47:25","slug":"hikfire-camara-ip-de-deteccion-termica-de-incendios-deteccion-de-llamas-y-temperaturas-anormales-4-megapixel-lente-optico-1-megapixel-lente-termico-compatible-con-hik-connect-2","status":"publish","type":"product","link":"https:\/\/soydeaqui.ddns.net\/pachuca\/index.php\/producto\/hikfire-camara-ip-de-deteccion-termica-de-incendios-deteccion-de-llamas-y-temperaturas-anormales-4-megapixel-lente-optico-1-megapixel-lente-termico-compatible-con-hik-connect-2\/","title":{"rendered":"(HikFire) C\u00e1mara IP de Detecci\u00f3n T\u00e9rmica de Incendios \/ Detecci\u00f3n de Llamas y Temperaturas Anormales \/ 4 Megap\u00edxel (Lente \u00d3ptico) + 1 Megap\u00edxel (Lente T\u00e9rmico) \/ Compatible con Hik-Connect"},"content":{"rendered":"<div style='width: 100%; max-width: 1200px; margin: 0 auto; font-family: sans-serif; line-height: 1.6; color: inherit; background-color: transparent;'> <!-- Logo --> <\/p>\n<div style='text-align: center; margin: 30px 0;'> <img style='width: 45%; height: auto; border: 1px solid rgba(150&comma;150&comma;150&comma;0.3); border-radius: 8px;' src='https:\/\/ftp3.syscom.mx\/usuarios\/jsosa\/HIKVISION\/imagenes\/logo\/hikvision%20see%20far.png' alt='Logo Hikvision'> <\/div>\n<p> <!-- Consideraciones --> <\/p>\n<div style='margin-bottom: 30px;'>\n<div style='border: 1px solid rgba(150&comma;150&comma;150&comma;0.4); border-radius: 16px; overflow: hidden;'>\n<div style='padding: 15px; background: #df001e; border-bottom: 2px solid #a80000;'> <span style='font-size: 14pt; color: #ffffff; font-family: Verdana&comma; Geneva&comma; sans-serif; font-weight: bold;'>Consideraciones<\/span> <\/div>\n<div style='padding: 15px;'>\n<ul style='padding-left: 20px; font-size: 15px; color: inherit;'>\n<li style='margin-bottom: 10px;'><span style='font-family: Verdana&comma; Geneva&comma; sans-serif;'>Identifica temperatura anormal&comma; llamas y otras caracter\u00edsticas de objetos en el \u00e1rea detectada y emite alertas tempranas y alarmas.<\/span><\/li>\n<li style='margin-bottom: 10px;'><span style='font-family: Verdana&comma; Geneva&comma; sans-serif;'>Es ampliamente utilizado en hospitales&comma; escuelas&comma; museos&comma; bancos&comma; f\u00e1bricas&comma; subestaciones&comma; estaciones de servicio y otros lugares clave con necesidades de protecci\u00f3n contra incendios y seguridad<\/span><\/li>\n<\/ul>\n<p> <!-- NVRs Compatibles --> <\/p>\n<div style='margin-top: 20px;'>\n<p style='color: #ff0000; font-weight: bold; font-family: Verdana&comma; Geneva&comma; sans-serif;'>NVRs Compatibles:<\/p>\n<ul style='padding-left: 20px; font-size: 15px; color: inherit;'>\n<li style='margin-bottom: 5px;'><span style='font-family: Verdana&comma; Geneva&comma; sans-serif;'><strong>Serie M-VPRO:<\/strong> DS-9600NX1-M8R\/VPro.<\/span><\/li>\n<li style='margin-bottom: 5px;'><span style='font-family: Verdana&comma; Geneva&comma; sans-serif;'><strong>Series M:<\/strong> DS-9600NI-M8\/R&comma; DS-9600NI-M16\/R&comma; DS-7604NI-M1&comma; DS-7600IN-M2&comma; DS-7700NI-M4.<\/span><\/li>\n<li style='margin-bottom: 5px;'><span style='font-family: Verdana&comma; Geneva&comma; sans-serif;'><strong>Series I:<\/strong> DS-7600NXI-I2\/S(E)&comma; DS-7700NXI-I4\/S(E).<\/span><\/li>\n<li style='margin-bottom: 5px;'><span style='font-family: Verdana&comma; Geneva&comma; sans-serif;'><strong>Series K:<\/strong> DS-7600NXI-K1(D)&comma; DS-7600NXI-K2(D)&comma; DS7700NXI-K4(D)&comma; DS-8600NXI-K8(D)&comma; DS-7600NXI-K1&comma; DS7600NXI-K2&comma; DS7700NXI-K4&comma; DS8600NXI-K8.<\/span><\/li>\n<li style='margin-bottom: 5px;'><span style='font-family: Verdana&comma; Geneva&comma; sans-serif;'><strong>Series Q:<\/strong> DS-7600NI-Q1(D)&comma; DS-7600NI-Q2(D)<\/span><\/li>\n<\/ul><\/div>\n<\/p><\/div>\n<\/p><\/div>\n<\/p><\/div>\n<p> <!-- Especificaciones --> <\/p>\n<div style='margin-bottom: 30px;'>\n<h2 style='text-align: center; font-size: 24px; color: #232a6f; margin-bottom: 30px; font-family: Verdana&comma; Geneva&comma; sans-serif;'>Especif\u00edcaciones<\/h2>\n<div style='display: flex; flex-wrap: wrap; gap: 20px;'> <!-- Caracter\u00edsticas Principales --> <\/p>\n<div style='flex: 1 1 300px; min-width: 280px;'>\n<div style='border: 1px solid rgba(150&comma;150&comma;150&comma;0.4); border-radius: 16px; overflow: hidden; display: flex; flex-direction: column;'>\n<div style='padding: 15px; background: #df001e; border-bottom: 1px solid #a80000; font-weight: bold; font-size: 14pt; color: #ffffff; font-family: Verdana&comma; Geneva&comma; sans-serif;'>Caracter\u00edsticas Principales:<\/div>\n<div style='padding: 15px; color: inherit;'>\n<ul style='padding-left: 20px; margin: 0; font-size: 14px; list-style-type: disc;'>\n<li style='margin-bottom: 8px;'><span style='font-family: Verdana&comma; Geneva&comma; sans-serif;'>C\u00e1mara inteligente que puede detectar la temperatura y permite verificar la alerta v\u00eda video<\/span><\/li>\n<li style='margin-bottom: 8px;'><span style='font-family: Verdana&comma; Geneva&comma; sans-serif;'>Alta sensibilidad&comma; seguridad y fiabilidad<\/span><\/li>\n<li style='margin-bottom: 8px;'><span style='font-family: Verdana&comma; Geneva&comma; sans-serif;'>Resoluci\u00f3n del lente \u00f3ptico: 2560 x 1440 pixeles (4mm&comma; F1.6)<\/span><\/li>\n<li style='margin-bottom: 8px;'><span style='font-family: Verdana&comma; Geneva&comma; sans-serif;'>Resoluci\u00f3n del lente t\u00e9rmico: 1280 x 720 pixeles (3mm)<\/span><\/li>\n<li style='margin-bottom: 8px;'><span style='font-family: Verdana&comma; Geneva&comma; sans-serif;'>Soporta almacenamiento en tarjeta Micro SD\/SDHC\/SDXC de 128 GB<\/span><\/li>\n<li style='margin-bottom: 8px;'><span style='font-family: Verdana&comma; Geneva&comma; sans-serif;'>Soporta detecci\u00f3n de llamas y detecci\u00f3n de temperatura anormal<\/span><\/li>\n<li style='margin-bottom: 8px;'><span style='font-family: Verdana&comma; Geneva&comma; sans-serif;'>Reducci\u00f3n de ruido digital 3D y Rango Din\u00e1mico Amplio (WDR) de hasta 120 dB<\/span><\/li>\n<li style='margin-bottom: 8px;'><span style='font-family: Verdana&comma; Geneva&comma; sans-serif;'>Protecci\u00f3n para exterior IP66 a prueba de agua y polvo<\/span><\/li>\n<li style='margin-bottom: 8px;'><span style='font-family: Verdana&comma; Geneva&comma; sans-serif;'>Entradas y Salidas de alarma: 2 Entradas&comma; 2 Salida<\/span><\/li>\n<li style='margin-bottom: 8px;'><span style='font-family: Verdana&comma; Geneva&comma; sans-serif;'>Entrada y Salida de audio: 1 Entrada&comma; 1 Salida<\/span><\/li>\n<li style='margin-bottom: 0;'><span style='font-family: Verdana&comma; Geneva&comma; sans-serif;'>Compatible con Hik-Connect<\/span><\/li>\n<\/ul><\/div>\n<\/p><\/div>\n<\/p><\/div>\n<p> <!-- Caracter\u00edsticas F\u00edsicas y El\u00e9ctricas --> <\/p>\n<div style='flex: 1 1 300px; min-width: 280px;'>\n<div style='border: 1px solid rgba(150&comma;150&comma;150&comma;0.4); border-radius: 16px; overflow: hidden; display: flex; flex-direction: column;'>\n<div style='padding: 15px; background: #df001e; border-bottom: 1px solid #a80000; font-weight: bold; font-size: 14pt; color: #ffffff; font-family: Verdana&comma; Geneva&comma; sans-serif;'>Caracter\u00edsticas F\u00edsicas y El\u00e9ctricas:<\/div>\n<div style='padding: 15px; color: inherit;'>\n<ul style='padding-left: 20px; margin: 0; font-size: 14px; list-style-type: disc;'>\n<li style='margin-bottom: 8px;'><span style='font-family: Verdana&comma; Geneva&comma; sans-serif;'>Tipo de sensor: 1\/2.7&#8242; CMOS de escaneo progresivo<\/span><\/li>\n<li style='margin-bottom: 8px;'><span style='font-family: Verdana&comma; Geneva&comma; sans-serif;'>Rango de medici\u00f3n: 0 \u00b0C a 400 \u00b0C<\/span><\/li>\n<li style='margin-bottom: 8px;'><span style='font-family: Verdana&comma; Geneva&comma; sans-serif;'>Precisi\u00f3n de termograf\u00eda: Max (\u00b1 2 \u00b0C&comma; \u00b1 2 %)<\/span><\/li>\n<li style='margin-bottom: 8px;'><span style='font-family: Verdana&comma; Geneva&comma; sans-serif;'>Alimentaci\u00f3n: 12 VCD\/1.5 A \/ PoE: 802.3 at&comma; CLASS 4<\/span><\/li>\n<li style='margin-bottom: 8px;'><span style='font-family: Verdana&comma; Geneva&comma; sans-serif;'>Temperatura de operaci\u00f3n: -20 \u00b0C~60 \u00b0C&comma; humedad: menos de 95% (sin condensaci\u00f3n)<\/span><\/li>\n<li style='margin-bottom: 8px;'><span style='font-family: Verdana&comma; Geneva&comma; sans-serif;'>Peso: 1.4 kg<\/span><\/li>\n<li style='margin-bottom: 0;'><span style='font-family: Verdana&comma; Geneva&comma; sans-serif;'>Dimensiones: 212.5 x 130 x 84.8 mm<\/span><\/li>\n<\/ul><\/div>\n<\/p><\/div>\n<\/p><\/div>\n<\/p><\/div>\n<\/p><\/div>\n<p> <!-- HikCentral Professional --> <\/p>\n<div style='margin-bottom: 30px;'>\n<div style='border: 1px solid rgba(150&comma;150&comma;150&comma;0.4); border-radius: 16px; overflow: hidden;'>\n<div style='padding: 15px; background: #df001e; border-bottom: 1px solid #a80000; font-weight: bold; font-size: 14pt; color: #ffffff; font-family: Verdana&comma; Geneva&comma; sans-serif;'>Compatible con HikCentral Professional<\/div>\n<div style='padding: 15px; color: inherit;'>\n<p style='font-weight: bold; margin-bottom: 15px;'><span style='font-family: Verdana&comma; Geneva&comma; sans-serif;'>Para utilizar la c\u00e1mara con sus funciones de incendio con la plataforma de Hik-Central Profesional requiere las siguientes licencias:<\/span><\/p>\n<ul style='padding-left: 20px; font-size: 14px; color: inherit;'>\n<li style='margin-bottom: 10px;'><span style='font-family: Verdana&comma; Geneva&comma; sans-serif;'><a href='https:\/\/www.syscom.mx\/producto\/HC-P-VSS-B\/0C-HIKVISION-188079.html' target='_blank' rel='noopener' style='color: #df001e; text-decoration: none; font-weight: bold;'>HC-P-VSS-B\/0C<\/a>: Permite tener el acceso a la plataforma de Hik-Central Professional (si ya existe un sistema activo&comma; no se requiere esta licencia).<\/span><\/li>\n<li style='margin-bottom: 0;'><span style='font-family: Verdana&comma; Geneva&comma; sans-serif;'><a href='https:\/\/www.syscom.mx\/producto\/HC-P-FIREDETECTION\/1C-HIKVISION-238214.html' target='_blank' rel='noopener' style='color: #df001e; text-decoration: none; font-weight: bold;'>HC-P-FIREDETECTION\/1C<\/a>: Permite agregar una c\u00e1mara con funciones de incendio&comma; se requiere una licencia por cada c\u00e1mara.<\/span><\/li>\n<\/ul><\/div>\n<\/p><\/div>\n<\/p><\/div>\n<p> <!-- Video --> <\/p>\n<div style='margin: 30px 0;'>\n<h3 style='text-align: center; font-size: 18px; font-weight: bold; margin-bottom: 15px; font-family: Verdana&comma; Geneva&comma; sans-serif;'>Conoce la C\u00e1mara T\u00e9rmica con Detector de Flama HikFire<\/h3>\n<div style='position: relative; padding-bottom: 56.25%; height: 0; overflow: hidden;'>   <\/div>\n<\/p><\/div>\n<p> <!-- Banner --> <\/p>\n<div style='margin: 30px 0;'> <a title='Serie AX PRO' href='https:\/\/www.syscom.mx\/producto\/HC-P-FIREDETECTION\/1C-HIKVISION-238214.html' target='_blank' rel='noopener' style='display: block;'> <img style='width: 100%; height: auto; border: 1px solid rgba(150&comma;150&comma;150&comma;0.3); border-radius: 8px;' src='https:\/\/ftp3.syscom.mx\/usuarios\/jsosa\/HIKVISION\/HikFire\/banners\/LINKEDIN%201200%20x%20627%20-%20Solucion%20Hikfire%20s.png' alt='Banner Serie AX PRO'> <\/a> <\/div>\n<p> <!-- Separador final --> <\/p>\n<hr style='border: 0; border-top: 1px solid rgba(150&comma; 150&comma; 150&comma; 0.3); margin: 30px 0;'> <\/div>\n","protected":false},"excerpt":{"rendered":"<p>(HikFire) C\u00e1mara IP de Detecci\u00f3n T\u00e9rmica de Incendios \/ Detecci\u00f3n de Llamas y Temperaturas Anormales \/ 4 Megap\u00edxel (Lente \u00d3ptico) + 1 Megap\u00edxel (Lente T\u00e9rmico) \/ Compatible con Hik-Connect<\/p>\n","protected":false},"featured_media":35573,"comment_status":"open","ping_status":"closed","template":"","meta":[],"product_brand":[],"product_cat":[1049],"product_tag":[122,54,1050],"class_list":{"0":"post-35574","1":"product","2":"type-product","3":"status-publish","4":"has-post-thumbnail","6":"product_cat-termicas","7":"product_tag-camaras-ip-y-nvrs","8":"product_tag-hikvision","9":"product_tag-termicas","11":"first","12":"instock","13":"sale","14":"shipping-taxable","15":"purchasable","16":"product-type-simple"},"_links":{"self":[{"href":"https:\/\/soydeaqui.ddns.net\/pachuca\/index.php\/wp-json\/wp\/v2\/product\/35574","targetHints":{"allow":["GET"]}}],"collection":[{"href":"https:\/\/soydeaqui.ddns.net\/pachuca\/index.php\/wp-json\/wp\/v2\/product"}],"about":[{"href":"https:\/\/soydeaqui.ddns.net\/pachuca\/index.php\/wp-json\/wp\/v2\/types\/product"}],"replies":[{"embeddable":true,"href":"https:\/\/soydeaqui.ddns.net\/pachuca\/index.php\/wp-json\/wp\/v2\/comments?post=35574"}],"wp:featuredmedia":[{"embeddable":true,"href":"https:\/\/soydeaqui.ddns.net\/pachuca\/index.php\/wp-json\/wp\/v2\/media\/35573"}],"wp:attachment":[{"href":"https:\/\/soydeaqui.ddns.net\/pachuca\/index.php\/wp-json\/wp\/v2\/media?parent=35574"}],"wp:term":[{"taxonomy":"product_brand","embeddable":true,"href":"https:\/\/soydeaqui.ddns.net\/pachuca\/index.php\/wp-json\/wp\/v2\/product_brand?post=35574"},{"taxonomy":"product_cat","embeddable":true,"href":"https:\/\/soydeaqui.ddns.net\/pachuca\/index.php\/wp-json\/wp\/v2\/product_cat?post=35574"},{"taxonomy":"product_tag","embeddable":true,"href":"https:\/\/soydeaqui.ddns.net\/pachuca\/index.php\/wp-json\/wp\/v2\/product_tag?post=35574"}],"curies":[{"name":"wp","href":"https:\/\/api.w.org\/{rel}","templated":true}]}}