{"id":35564,"date":"2026-03-18T15:47:01","date_gmt":"2026-03-18T15:47:01","guid":{"rendered":"https:\/\/soydeaqui.ddns.net\/pachuca\/index.php\/producto\/detector-de-fotoionizacion-fijo-pid-ul-0-01-100-ppm-equivalente-de-isobutileno-para-medicion-de-compuestos-organicos-volatiles-voc-serie-raeguard-2-pid\/"},"modified":"2026-03-18T15:47:01","modified_gmt":"2026-03-18T15:47:01","slug":"detector-de-fotoionizacion-fijo-pid-ul-0-01-100-ppm-equivalente-de-isobutileno-para-medicion-de-compuestos-organicos-volatiles-voc-serie-raeguard-2-pid","status":"publish","type":"product","link":"https:\/\/soydeaqui.ddns.net\/pachuca\/index.php\/producto\/detector-de-fotoionizacion-fijo-pid-ul-0-01-100-ppm-equivalente-de-isobutileno-para-medicion-de-compuestos-organicos-volatiles-voc-serie-raeguard-2-pid\/","title":{"rendered":"Detector De Fotoionizaci\u00f3n Fijo (PID), UL, 0.01-100 ppm, Equivalente De Isobutileno, Para Medici\u00f3n De Compuestos Org\u00e1nicos Vol\u00e1tiles (VOC), Serie RAEGuard 2 PID"},"content":{"rendered":"<div style='width: 100%; max-width: 1200px; margin: 0 auto; font-family: sans-serif; line-height: 1.6; color: inherit; background-color: transparent;'>\n<div style='display: flex; flex-wrap: wrap; gap: 30px; margin-bottom: 30px;'>\n<div style='flex: 1 1 300px; min-width: 280px;'>\n<h3 style='font-size: 22px; border-bottom: 2px solid currentColor; padding-bottom: 5px; margin-top: 0; color: inherit; opacity: 0.8;'>Caracter\u00edsticas Principales<\/h3>\n<ul style='padding-left: 20px; font-size: 15px; color: inherit;'>\n<li style='margin-bottom: 5px;'><strong>Tipo:<\/strong> Detector de Fotoionizaci\u00f3n (PID) fijo<\/li>\n<li style='margin-bottom: 5px;'><strong>Rango:<\/strong> 0.01-100 ppm<\/li>\n<li style='margin-bottom: 5px;'><strong>Energ\u00eda de ionizaci\u00f3n:<\/strong> 10.6 eV<\/li>\n<li style='margin-bottom: 5px;'><strong>Equivalente:<\/strong> Isobutileno<\/li>\n<li style='margin-bottom: 5px;'><strong>Aplicaci\u00f3n:<\/strong> Medici\u00f3n de Compuestos Org\u00e1nicos Vol\u00e1tiles (VOC)<\/li>\n<li style='margin-bottom: 5px;'><strong>Con bomba:<\/strong> S\u00ed<\/li>\n<li style='margin-bottom: 5px;'><strong>Certificaci\u00f3n:<\/strong> UL\/CSA&comma; Clase 1&comma; Div. 1&comma; Grupos A&comma; B&comma; C&comma; D&comma; T4<\/li>\n<li style='margin-bottom: 5px;'><strong>Grado de protecci\u00f3n:<\/strong> IP65<\/li>\n<\/ul><\/div>\n<div style='flex: 1 1 300px; min-width: 280px;'>\n<h3 style='font-size: 22px; border-bottom: 2px solid currentColor; padding-bottom: 5px; margin-top: 0; color: inherit; opacity: 0.8;'>Especificaciones T\u00e9cnicas<\/h3>\n<ul style='padding-left: 20px; font-size: 15px; color: inherit;'>\n<li style='margin-bottom: 5px;'><strong>Entradas:<\/strong> \u00be\u201d tipo NPT<\/li>\n<li style='margin-bottom: 5px;'><strong>Dimensiones:<\/strong> 257 x 201 x 107 mm (10.1\u201d x 7.9\u201d x 4.2\u201d)<\/li>\n<li style='margin-bottom: 5px;'><strong>Peso:<\/strong> 3.5 kg (7.7 lb)<\/li>\n<li style='margin-bottom: 5px;'><strong>Carcasa:<\/strong> Acero inoxidable<\/li>\n<li style='margin-bottom: 5px;'><strong>Dimensiones del m\u00f3dulo sensor:<\/strong> 49 mm x 150.8 mm (1.92 x 5.94 pulgadas)<\/li>\n<li style='margin-bottom: 5px;'><strong>Peso del m\u00f3dulo sensor:<\/strong> <550 gr<\/li>\n<li style='margin-bottom: 5px;'><strong>Tensi\u00f3n de operaci\u00f3n:<\/strong> 10 a 28 V CC<\/li>\n<li style='margin-bottom: 5px;'><strong>Salida de se\u00f1al:<\/strong> Anal\u00f3gica 4-20 mA (tres hilos) y digital RS-485 (Modbus)<\/li>\n<li style='margin-bottom: 5px;'><strong>Tiempo de respuesta (T90):<\/strong> <30 segundos<\/li>\n<\/ul><\/div>\n<div style='flex: 1 1 300px; min-width: 280px;'>\n<h3 style='font-size: 22px; border-bottom: 2px solid currentColor; padding-bottom: 5px; margin-top: 0; color: inherit; opacity: 0.8;'>Caracter\u00edsticas Adicionales<\/h3>\n<ul style='padding-left: 20px; font-size: 15px; color: inherit;'>\n<li style='margin-bottom: 5px;'><strong>Indicadores:<\/strong> Pantalla gr\u00e1fica y luz LED para condiciones de fallo y alarma<\/li>\n<li style='margin-bottom: 5px;'><strong>Rel\u00e9s:<\/strong> Bajo&comma; alto y de falla configurables<\/li>\n<li style='margin-bottom: 5px;'><strong>Interfaz:<\/strong> Llave magn\u00e9tica para configuraci\u00f3n no intrusiva<\/li>\n<li style='margin-bottom: 5px;'><strong>Temperatura de operaci\u00f3n:<\/strong> -20\u00b0C a +55\u00b0C (-4\u00b0F a 131\u00b0F)<\/li>\n<li style='margin-bottom: 5px;'><strong>Humedad de operaci\u00f3n:<\/strong> 0-95% HR sin condensaci\u00f3n<\/li>\n<\/ul><\/div>\n<\/p><\/div>\n<div style='display: flex; flex-wrap: wrap; gap: 20px; margin-bottom: 30px;'>\n<div style='flex: 1 1 250px; border: 1px solid rgba(150&comma; 150&comma; 150&comma; 0.4); border-radius: 8px; overflow: hidden; display: flex; flex-direction: column;'>\n<div style='padding: 15px; border-bottom: 1px solid rgba(150&comma; 150&comma; 150&comma; 0.2); font-weight: bold; font-size: 18px; color: inherit;'>Accesorios Incluidos<\/div>\n<div style='padding: 15px; color: inherit;'>\n<ul style='padding-left: 20px; margin: 0; font-size: 14px; list-style-type: disc; color: inherit;'>\n<li style='margin-bottom: 5px;'>Cabeza fija RAEGuard 2 PID<\/li>\n<li style='margin-bottom: 5px;'>M\u00f3dulo sensor DigiPID<\/li>\n<li style='margin-bottom: 5px;'>Llave magn\u00e9tica<\/li>\n<li style='margin-bottom: 5px;'>Herramienta de servicio hexagonal<\/li>\n<li style='margin-bottom: 5px;'>Paquete de 5 filtros para polvo externo<\/li>\n<li style='margin-bottom: 5px;'>Manual del usuario<\/li>\n<\/ul><\/div>\n<\/p><\/div>\n<div style='flex: 1 1 250px; border: 1px solid rgba(150&comma; 150&comma; 150&comma; 0.4); border-radius: 8px; overflow: hidden; display: flex; flex-direction: column;'>\n<div style='padding: 15px; border-bottom: 1px solid rgba(150&comma; 150&comma; 150&comma; 0.2); font-weight: bold; font-size: 18px; color: inherit;'>Accesorios Recomendados<\/div>\n<div style='padding: 15px; color: inherit;'>\n<ul style='padding-left: 20px; margin: 0; font-size: 14px; list-style-type: disc; color: inherit;'>\n<li style='margin-bottom: 5px;'><strong>002-3051-000<\/strong>: Regulador flujo-demanda para equipos con bomba<\/li>\n<li style='margin-bottom: 5px;'><strong>0310-2021<\/strong>: Tubing de Tygon&comma; forado FEP&comma; di\u00e1metro externo de \u00bc por di\u00e1metro interno de 1\/8<\/li>\n<li style='margin-bottom: 5px;'><strong>600-0001-000<\/strong>: Cilindro para calibraci\u00f3n de isobutileno&comma; 50 ppm&comma; balance aire&comma; 34 litros<\/li>\n<li style='margin-bottom: 5px;'><strong>600-0024-000<\/strong>: Cilindro para calibraci\u00f3n a aire seco (aire cero)&comma; 0 ppm&comma; 34 litros<\/li>\n<\/ul><\/div>\n<\/p><\/div>\n<\/p><\/div>\n<hr style='border: 0; border-top: 1px solid rgba(150&comma; 150&comma; 150&comma; 0.3); margin: 30px 0;'> <\/div>\n","protected":false},"excerpt":{"rendered":"<p>Detector De Fotoionizaci\u00f3n Fijo (PID), UL, 0.01-100 ppm, Equivalente De Isobutileno, Para Medici\u00f3n De Compuestos Org\u00e1nicos Vol\u00e1tiles (VOC), Serie RAEGuard 2 PID<\/p>\n","protected":false},"featured_media":35563,"comment_status":"open","ping_status":"closed","template":"","meta":[],"product_brand":[],"product_cat":[987],"product_tag":[988,522,1014],"class_list":{"0":"post-35564","1":"product","2":"type-product","3":"status-publish","4":"has-post-thumbnail","6":"product_cat-detectores-de-gases","7":"product_tag-detectores-de-gases","8":"product_tag-dispositivos-convencionales","9":"product_tag-honeywell-analytics","11":"first","12":"outofstock","13":"sale","14":"shipping-taxable","15":"purchasable","16":"product-type-simple"},"_links":{"self":[{"href":"https:\/\/soydeaqui.ddns.net\/pachuca\/index.php\/wp-json\/wp\/v2\/product\/35564","targetHints":{"allow":["GET"]}}],"collection":[{"href":"https:\/\/soydeaqui.ddns.net\/pachuca\/index.php\/wp-json\/wp\/v2\/product"}],"about":[{"href":"https:\/\/soydeaqui.ddns.net\/pachuca\/index.php\/wp-json\/wp\/v2\/types\/product"}],"replies":[{"embeddable":true,"href":"https:\/\/soydeaqui.ddns.net\/pachuca\/index.php\/wp-json\/wp\/v2\/comments?post=35564"}],"wp:featuredmedia":[{"embeddable":true,"href":"https:\/\/soydeaqui.ddns.net\/pachuca\/index.php\/wp-json\/wp\/v2\/media\/35563"}],"wp:attachment":[{"href":"https:\/\/soydeaqui.ddns.net\/pachuca\/index.php\/wp-json\/wp\/v2\/media?parent=35564"}],"wp:term":[{"taxonomy":"product_brand","embeddable":true,"href":"https:\/\/soydeaqui.ddns.net\/pachuca\/index.php\/wp-json\/wp\/v2\/product_brand?post=35564"},{"taxonomy":"product_cat","embeddable":true,"href":"https:\/\/soydeaqui.ddns.net\/pachuca\/index.php\/wp-json\/wp\/v2\/product_cat?post=35564"},{"taxonomy":"product_tag","embeddable":true,"href":"https:\/\/soydeaqui.ddns.net\/pachuca\/index.php\/wp-json\/wp\/v2\/product_tag?post=35564"}],"curies":[{"name":"wp","href":"https:\/\/api.w.org\/{rel}","templated":true}]}}