{"id":35543,"date":"2026-03-18T15:46:38","date_gmt":"2026-03-18T15:46:38","guid":{"rendered":"https:\/\/soydeaqui.ddns.net\/pachuca\/index.php\/producto\/alambre-de-alarma-contra-incendios-bobina-de-305-metros-1000-pies-2-x-18-awg-rojo-tipo-fplr-ul-ft4-ideal-para-sistemas-de-deteccin-y-evacuacin-de-incendios\/"},"modified":"2026-03-18T15:46:40","modified_gmt":"2026-03-18T15:46:40","slug":"alambre-de-alarma-contra-incendios-bobina-de-305-metros-1000-pies-2-x-18-awg-rojo-tipo-fplr-ul-ft4-ideal-para-sistemas-de-deteccin-y-evacuacin-de-incendios","status":"publish","type":"product","link":"https:\/\/soydeaqui.ddns.net\/pachuca\/index.php\/producto\/alambre-de-alarma-contra-incendios-bobina-de-305-metros-1000-pies-2-x-18-awg-rojo-tipo-fplr-ul-ft4-ideal-para-sistemas-de-deteccin-y-evacuacin-de-incendios\/","title":{"rendered":"Alambre de Alarma contra Incendios &#8211; Bobina de 305 Metros (1000 Pies): 2 x 18 AWG, Rojo, Tipo FPLR, (UL) FT4, Ideal para Sistemas de Detecci?n y Evacuaci?n de Incendios"},"content":{"rendered":"<div style='width: 100%; max-width: 1200px; margin: 0 auto; font-family: sans-serif; line-height: 1.6; color: inherit; background-color: transparent;'> <!-- Descripci\u00f3n principal --> <\/p>\n<div style='margin-bottom: 30px;'>\n<p style='margin: 0 0 15px; font-size: 16px; color: inherit;'> <strong style='font-weight: bold; color: inherit;'>Los cables de LinkedPro contra incendios fueron dise\u00f1ados para ofrecer un rendimiento excepcional en situaciones cr\u00edticas&comma; garantizando la seguridad y eficiencia&comma; otorgando tranquilidad en situaciones de emergencia.<\/strong> <\/p>\n<\/p><\/div>\n<p> <!-- Secci\u00f3n de caracter\u00edsticas --> <\/p>\n<div style='display: flex; flex-wrap: wrap; gap: 30px; margin-bottom: 30px;'>\n<div style='flex: 1 1 300px; min-width: 280px;'>\n<h3 style='font-size: 22px; border-bottom: 2px solid currentColor; padding-bottom: 5px; margin-top: 0; color: inherit; opacity: 0.8;'>Caracter\u00edsticas<\/h3>\n<ul style='padding-left: 20px; font-size: 15px; color: inherit; list-style-type: disc;'>\n<li style='margin-bottom: 5px; color: inherit;'>Sistemas de detecci\u00f3n de incendios<\/li>\n<li style='margin-bottom: 5px; color: inherit;'>Paneles con tecnolog\u00eda convencional<\/li>\n<li style='margin-bottom: 5px; color: inherit;'>Paneles con tecnolog\u00eda anal\u00f3gica direccional<\/li>\n<li style='margin-bottom: 5px; color: inherit;'>Paneles de evacuaci\u00f3n<\/li>\n<\/ul><\/div>\n<\/p><\/div>\n<p> <!-- Secci\u00f3n de especificaciones --> <\/p>\n<div style='display: flex; flex-wrap: wrap; gap: 30px; margin-bottom: 30px;'>\n<div style='flex: 1 1 300px; min-width: 280px;'>\n<h3 style='font-size: 22px; border-bottom: 2px solid currentColor; padding-bottom: 5px; margin-top: 0; color: inherit; opacity: 0.8;'>Caracter\u00edsticas F\u00edsicas y El\u00e9ctricas<\/h3>\n<ul style='padding-left: 20px; font-size: 15px; color: inherit; list-style-type: disc;'>\n<li style='margin-bottom: 5px; color: inherit;'><strong style='font-weight: bold; color: inherit;'>Conductor:<\/strong> Cobre 100%<\/li>\n<li style='margin-bottom: 5px; color: inherit;'><strong style='font-weight: bold; color: inherit;'>Aplicaci\u00f3n:<\/strong> Uso interior<\/li>\n<li style='margin-bottom: 5px; color: inherit;'><strong style='font-weight: bold; color: inherit;'>Color de la cubierta:<\/strong> Rojo<\/li>\n<li style='margin-bottom: 5px; color: inherit;'><strong style='font-weight: bold; color: inherit;'>Calibre:<\/strong> 18 AWG<\/li>\n<li style='margin-bottom: 5px; color: inherit;'><strong style='font-weight: bold; color: inherit;'>Aislamiento:<\/strong> PVC<\/li>\n<li style='margin-bottom: 5px; color: inherit;'><strong style='font-weight: bold; color: inherit;'>Di\u00e1metro Exterior:<\/strong> 1.32 mm<\/li>\n<\/ul><\/div>\n<\/p><\/div>\n<p> <!-- Secci\u00f3n de est\u00e1ndares --> <\/p>\n<div style='display: flex; flex-wrap: wrap; gap: 30px; margin-bottom: 30px;'>\n<div style='flex: 1 1 300px; min-width: 280px;'>\n<h3 style='font-size: 22px; border-bottom: 2px solid currentColor; padding-bottom: 5px; margin-top: 0; color: inherit; opacity: 0.8;'>Est\u00e1ndares y Certificaciones<\/h3>\n<ul style='padding-left: 20px; font-size: 15px; color: inherit; list-style-type: disc;'>\n<li style='margin-bottom: 5px; color: inherit;'>UL 1666 (Riser)<\/li>\n<li style='margin-bottom: 5px; color: inherit;'>CSA C22.2 No. 2556 (FT4)<\/li>\n<li style='margin-bottom: 5px; color: inherit;'>RoHS<\/li>\n<li style='margin-bottom: 5px; color: inherit;'>FPLR<\/li>\n<\/ul><\/div>\n<\/p><\/div>\n<p> <!-- Separador final --> <\/p>\n<hr style='border: 0; border-top: 1px solid rgba(150&comma; 150&comma; 150&comma; 0.3); margin: 30px 0;'> <\/div>\n","protected":false},"excerpt":{"rendered":"<p>Alambre de Alarma contra Incendios &#8211; Bobina de 305 Metros (1000 Pies): 2 x 18 AWG, Rojo, Tipo FPLR, (UL) FT4, Ideal para Sistemas de Detecci?n y Evacuaci?n de Incendios<\/p>\n","protected":false},"featured_media":35542,"comment_status":"open","ping_status":"closed","template":"","meta":[],"product_brand":[],"product_cat":[982],"product_tag":[138,219,225],"class_list":{"0":"post-35543","1":"product","2":"type-product","3":"status-publish","4":"has-post-thumbnail","6":"product_cat-todo-cables-deteccion-de-fuego","7":"product_tag-cables","8":"product_tag-linkedpro","9":"product_tag-todo","11":"first","12":"instock","13":"sale","14":"shipping-taxable","15":"purchasable","16":"product-type-simple"},"_links":{"self":[{"href":"https:\/\/soydeaqui.ddns.net\/pachuca\/index.php\/wp-json\/wp\/v2\/product\/35543","targetHints":{"allow":["GET"]}}],"collection":[{"href":"https:\/\/soydeaqui.ddns.net\/pachuca\/index.php\/wp-json\/wp\/v2\/product"}],"about":[{"href":"https:\/\/soydeaqui.ddns.net\/pachuca\/index.php\/wp-json\/wp\/v2\/types\/product"}],"replies":[{"embeddable":true,"href":"https:\/\/soydeaqui.ddns.net\/pachuca\/index.php\/wp-json\/wp\/v2\/comments?post=35543"}],"wp:featuredmedia":[{"embeddable":true,"href":"https:\/\/soydeaqui.ddns.net\/pachuca\/index.php\/wp-json\/wp\/v2\/media\/35542"}],"wp:attachment":[{"href":"https:\/\/soydeaqui.ddns.net\/pachuca\/index.php\/wp-json\/wp\/v2\/media?parent=35543"}],"wp:term":[{"taxonomy":"product_brand","embeddable":true,"href":"https:\/\/soydeaqui.ddns.net\/pachuca\/index.php\/wp-json\/wp\/v2\/product_brand?post=35543"},{"taxonomy":"product_cat","embeddable":true,"href":"https:\/\/soydeaqui.ddns.net\/pachuca\/index.php\/wp-json\/wp\/v2\/product_cat?post=35543"},{"taxonomy":"product_tag","embeddable":true,"href":"https:\/\/soydeaqui.ddns.net\/pachuca\/index.php\/wp-json\/wp\/v2\/product_tag?post=35543"}],"curies":[{"name":"wp","href":"https:\/\/api.w.org\/{rel}","templated":true}]}}