{"id":35540,"date":"2026-03-18T15:46:35","date_gmt":"2026-03-18T15:46:35","guid":{"rendered":"https:\/\/soydeaqui.ddns.net\/pachuca\/index.php\/producto\/alambre-de-alarma-contra-incendios-bobina-de-305-metros-1000-pies-2-x-16-awg-rojo-tipo-fplr-ul-ft4-ideal-para-sistemas-de-deteccin-y-evacuacin-de-incendios\/"},"modified":"2026-03-18T15:46:37","modified_gmt":"2026-03-18T15:46:37","slug":"alambre-de-alarma-contra-incendios-bobina-de-305-metros-1000-pies-2-x-16-awg-rojo-tipo-fplr-ul-ft4-ideal-para-sistemas-de-deteccin-y-evacuacin-de-incendios","status":"publish","type":"product","link":"https:\/\/soydeaqui.ddns.net\/pachuca\/index.php\/producto\/alambre-de-alarma-contra-incendios-bobina-de-305-metros-1000-pies-2-x-16-awg-rojo-tipo-fplr-ul-ft4-ideal-para-sistemas-de-deteccin-y-evacuacin-de-incendios\/","title":{"rendered":"Alambre de Alarma contra Incendios &#8211; Bobina de 305 Metros (1000 Pies): 2 x 16 AWG, Rojo, Tipo FPLR, (UL) FT4, Ideal para Sistemas de Detecci?n y Evacuaci?n de Incendios"},"content":{"rendered":"<div style='width: 100%; max-width: 1200px; margin: 0 auto; font-family: sans-serif; line-height: 1.6; color: inherit; background-color: transparent;'>\n<div style='margin-bottom: 30px;'>\n<p style='margin-top: 0; margin-bottom: 1rem; color: inherit; font-size: 16px;'> <span style='font-weight: bolder;'> Los cables de LinkedPro contra incendios fueron dise\u00f1ados para ofrecer un rendimiento excepcional en situaciones cr\u00edticas&comma; garantizando la seguridad y eficiencia&comma; otorgando tranquilidad en situaciones de emergencia. <\/span> <\/p>\n<\/p><\/div>\n<div style='display: flex; flex-wrap: wrap; gap: 30px; margin-bottom: 30px;'>\n<div style='flex: 1 1 300px; min-width: 280px;'>\n<h3 style='font-size: 22px; border-bottom: 2px solid currentColor; padding-bottom: 5px; margin-top: 0; color: inherit; opacity: 0.8;'>Caracter\u00edsticas<\/h3>\n<ul style='padding-left: 20px; font-size: 15px; color: inherit; list-style-type: disc;'>\n<li style='margin-bottom: 5px;'>Sistemas de detecci\u00f3n de incendios<\/li>\n<li style='margin-bottom: 5px;'>Paneles con tecnolog\u00eda convencional<\/li>\n<li style='margin-bottom: 5px;'>Paneles con tecnolog\u00eda anal\u00f3gica direccional<\/li>\n<li style='margin-bottom: 5px;'>Paneles de evacuaci\u00f3n<\/li>\n<\/ul><\/div>\n<div style='flex: 1 1 300px; min-width: 280px;'>\n<h3 style='font-size: 22px; border-bottom: 2px solid currentColor; padding-bottom: 5px; margin-top: 0; color: inherit; opacity: 0.8;'>Caracter\u00edsticas F\u00edsicas y El\u00e9ctricas<\/h3>\n<ul style='padding-left: 20px; font-size: 15px; color: inherit; list-style-type: disc;'>\n<li style='margin-bottom: 5px;'><strong>Conductor:<\/strong> Cobre 100%<\/li>\n<li style='margin-bottom: 5px;'><strong>Aplicaci\u00f3n:<\/strong> Uso interior<\/li>\n<li style='margin-bottom: 5px;'><strong>Color de la cubierta:<\/strong> Rojo<\/li>\n<li style='margin-bottom: 5px;'><strong>Calibre:<\/strong> 16 AWG<\/li>\n<li style='margin-bottom: 5px;'><strong>Aislamiento:<\/strong> PVC<\/li>\n<li style='margin-bottom: 5px;'><strong>Di\u00e1metro Exterior:<\/strong> 1.59 mm<\/li>\n<\/ul><\/div>\n<div style='flex: 1 1 300px; min-width: 280px;'>\n<h3 style='font-size: 22px; border-bottom: 2px solid currentColor; padding-bottom: 5px; margin-top: 0; color: inherit; opacity: 0.8;'>Est\u00e1ndares y Certificaciones<\/h3>\n<ul style='padding-left: 20px; font-size: 15px; color: inherit; list-style-type: disc;'>\n<li style='margin-bottom: 5px;'>UL 1666 (Riser)<\/li>\n<li style='margin-bottom: 5px;'>CSA C22.2 No. 2556 (FT4)<\/li>\n<li style='margin-bottom: 5px;'>RoHS<\/li>\n<li style='margin-bottom: 5px;'>FPLR<\/li>\n<\/ul><\/div>\n<\/p><\/div>\n<\/p><\/div>\n","protected":false},"excerpt":{"rendered":"<p>Alambre de Alarma contra Incendios &#8211; Bobina de 305 Metros (1000 Pies): 2 x 16 AWG, Rojo, Tipo FPLR, (UL) FT4, Ideal para Sistemas de Detecci?n y Evacuaci?n de Incendios<\/p>\n","protected":false},"featured_media":35539,"comment_status":"open","ping_status":"closed","template":"","meta":[],"product_brand":[],"product_cat":[982],"product_tag":[138,219,225],"class_list":{"0":"post-35540","1":"product","2":"type-product","3":"status-publish","4":"has-post-thumbnail","6":"product_cat-todo-cables-deteccion-de-fuego","7":"product_tag-cables","8":"product_tag-linkedpro","9":"product_tag-todo","11":"first","12":"instock","13":"sale","14":"shipping-taxable","15":"purchasable","16":"product-type-simple"},"_links":{"self":[{"href":"https:\/\/soydeaqui.ddns.net\/pachuca\/index.php\/wp-json\/wp\/v2\/product\/35540","targetHints":{"allow":["GET"]}}],"collection":[{"href":"https:\/\/soydeaqui.ddns.net\/pachuca\/index.php\/wp-json\/wp\/v2\/product"}],"about":[{"href":"https:\/\/soydeaqui.ddns.net\/pachuca\/index.php\/wp-json\/wp\/v2\/types\/product"}],"replies":[{"embeddable":true,"href":"https:\/\/soydeaqui.ddns.net\/pachuca\/index.php\/wp-json\/wp\/v2\/comments?post=35540"}],"wp:featuredmedia":[{"embeddable":true,"href":"https:\/\/soydeaqui.ddns.net\/pachuca\/index.php\/wp-json\/wp\/v2\/media\/35539"}],"wp:attachment":[{"href":"https:\/\/soydeaqui.ddns.net\/pachuca\/index.php\/wp-json\/wp\/v2\/media?parent=35540"}],"wp:term":[{"taxonomy":"product_brand","embeddable":true,"href":"https:\/\/soydeaqui.ddns.net\/pachuca\/index.php\/wp-json\/wp\/v2\/product_brand?post=35540"},{"taxonomy":"product_cat","embeddable":true,"href":"https:\/\/soydeaqui.ddns.net\/pachuca\/index.php\/wp-json\/wp\/v2\/product_cat?post=35540"},{"taxonomy":"product_tag","embeddable":true,"href":"https:\/\/soydeaqui.ddns.net\/pachuca\/index.php\/wp-json\/wp\/v2\/product_tag?post=35540"}],"curies":[{"name":"wp","href":"https:\/\/api.w.org\/{rel}","templated":true}]}}