{"id":35529,"date":"2026-03-18T15:46:23","date_gmt":"2026-03-18T15:46:23","guid":{"rendered":"https:\/\/soydeaqui.ddns.net\/pachuca\/index.php\/producto\/alarma-de-monoxido-de-carbono-ac-con-bateria-de-respaldo-paquete-de-6\/"},"modified":"2026-03-18T15:46:23","modified_gmt":"2026-03-18T15:46:23","slug":"alarma-de-monoxido-de-carbono-ac-con-bateria-de-respaldo-paquete-de-6","status":"publish","type":"product","link":"https:\/\/soydeaqui.ddns.net\/pachuca\/index.php\/producto\/alarma-de-monoxido-de-carbono-ac-con-bateria-de-respaldo-paquete-de-6\/","title":{"rendered":"Alarma de Monoxido de Carbono AC con Bater\u00eda de Respaldo | Paquete de 6"},"content":{"rendered":"<div style='width: 100%; max-width: 1200px; margin: 0 auto; font-family: sans-serif; line-height: 1.6; color: inherit; background-color: transparent;'>\n<div style='display: flex; flex-wrap: wrap; gap: 30px; margin-bottom: 30px;'>\n<div style='flex: 1 1 300px; min-width: 280px;'>\n<h3 style='font-size: 22px; border-bottom: 2px solid currentColor; padding-bottom: 5px; margin-top: 0; color: inherit; opacity: 0.8;'>Descripci\u00f3n<\/h3>\n<p style='font-size: 15px; color: inherit; margin-top: 10px; margin-bottom: 10px;'>El Kidde 900-0120 es una alarma de mon\u00f3xido de carbono con cable de CA que le advierte a usted y a su familia sobre niveles peligrosos de mon\u00f3xido de carbono. Incluye m\u00faltiples funciones f\u00e1ciles de usar para contratistas para garantizar una instalaci\u00f3n sencilla y una resoluci\u00f3n de problemas m\u00ednima.<\/p>\n<p style='font-size: 15px; color: inherit; margin-top: 10px; margin-bottom: 10px;'>Es un dispositivo esencial para advertirle a usted y a su familia sobre niveles peligrosos de mon\u00f3xido de carbono en su hogar. Esta unidad se puede interconectar a otros dispositivos Kidde&comma; como alarmas de humo y detectores de calor&comma; en una red de cableado&comma; lo que hace de su hogar un lugar m\u00e1s seguro para su familia. La bater\u00eda de respaldo de 9 V proporciona un monitoreo continuo de los niveles de mon\u00f3xido de carbono incluso durante un corte de energ\u00eda.<\/p>\n<\/p><\/div>\n<\/p><\/div>\n<div style='display: flex; flex-wrap: wrap; gap: 20px; margin-bottom: 30px;'>\n<div style='flex: 1 1 250px; border: 1px solid rgba(150&comma; 150&comma; 150&comma; 0.4); border-radius: 8px; overflow: hidden; display: flex; flex-direction: column;'>\n<div style='padding: 15px; border-bottom: 1px solid rgba(150&comma; 150&comma; 150&comma; 0.2); font-weight: bold; font-size: 18px; color: inherit;'>Caracter\u00edsticas<\/div>\n<div style='padding: 15px; color: inherit;'>\n<ul style='padding-left: 20px; margin: 0; font-size: 14px; list-style-type: disc;'>\n<li style='margin-bottom: 5px;'>Leng\u00fceta para tirar de la bater\u00eda: elimina el tiempo de instalaci\u00f3n de la bater\u00eda y la mantiene fresca.<\/li>\n<li style='margin-bottom: 5px;'>Soporte de montaje ajustable: permite una instalaci\u00f3n r\u00e1pida y una alineaci\u00f3n perfecta.<\/li>\n<li style='margin-bottom: 5px;'>Conexi\u00f3n r\u00e1pida: se instala r\u00e1pidamente con un arn\u00e9s a presi\u00f3n.<\/li>\n<li style='margin-bottom: 5px;'>Cubierta sellada: reduce las falsas alarmas. Sellado para proteger el sensor de contaminantes antes de la instalaci\u00f3n.<\/li>\n<li style='margin-bottom: 5px;'>Funci\u00f3n de bloqueo resistente a manipulaciones: para impedir el robo de bater\u00edas y alarmas.<\/li>\n<li style='margin-bottom: 5px;'>Bater\u00eda de respaldo alcalina: para protecci\u00f3n continua en caso de corte de energ\u00eda.<\/li>\n<\/ul><\/div>\n<\/p><\/div>\n<div style='flex: 1 1 250px; border: 1px solid rgba(150&comma; 150&comma; 150&comma; 0.4); border-radius: 8px; overflow: hidden; display: flex; flex-direction: column;'>\n<div style='padding: 15px; border-bottom: 1px solid rgba(150&comma; 150&comma; 150&comma; 0.2); font-weight: bold; font-size: 18px; color: inherit;'>Especificaciones<\/div>\n<div style='padding: 15px; color: inherit;'>\n<ul style='padding-left: 20px; margin: 0; font-size: 14px; list-style-type: disc;'>\n<li style='margin-bottom: 5px;'><strong>Interconexi\u00f3n:<\/strong> Hasta 24 dispositivos (18 pueden ser de iniciaci\u00f3n)<\/li>\n<li style='margin-bottom: 5px;'><strong>Bater\u00eda de respaldo:<\/strong> 9 V<\/li>\n<li style='margin-bottom: 5px;'><strong>Garant\u00eda:<\/strong> 5 a\u00f1os limitada<\/li>\n<li style='margin-bottom: 5px;'><strong>Tipo de instalaci\u00f3n:<\/strong> Cableado CA<\/li>\n<\/ul><\/div>\n<\/p><\/div>\n<\/p><\/div>\n<hr style='border: 0; border-top: 1px solid rgba(150&comma; 150&comma; 150&comma; 0.3); margin: 30px 0;'> <\/div>\n","protected":false},"excerpt":{"rendered":"<p>Alarma de Monoxido de Carbono AC con Bater\u00eda de Respaldo | Paquete de 6<\/p>\n","protected":false},"featured_media":35528,"comment_status":"open","ping_status":"closed","template":"","meta":[],"product_brand":[],"product_cat":[1047],"product_tag":[224,1048],"class_list":{"0":"post-35529","1":"product","2":"type-product","3":"status-publish","4":"has-post-thumbnail","6":"product_cat-kidde","7":"product_tag-detectores-autonomos","8":"product_tag-kidde","10":"first","11":"instock","12":"sale","13":"shipping-taxable","14":"purchasable","15":"product-type-simple"},"_links":{"self":[{"href":"https:\/\/soydeaqui.ddns.net\/pachuca\/index.php\/wp-json\/wp\/v2\/product\/35529","targetHints":{"allow":["GET"]}}],"collection":[{"href":"https:\/\/soydeaqui.ddns.net\/pachuca\/index.php\/wp-json\/wp\/v2\/product"}],"about":[{"href":"https:\/\/soydeaqui.ddns.net\/pachuca\/index.php\/wp-json\/wp\/v2\/types\/product"}],"replies":[{"embeddable":true,"href":"https:\/\/soydeaqui.ddns.net\/pachuca\/index.php\/wp-json\/wp\/v2\/comments?post=35529"}],"wp:featuredmedia":[{"embeddable":true,"href":"https:\/\/soydeaqui.ddns.net\/pachuca\/index.php\/wp-json\/wp\/v2\/media\/35528"}],"wp:attachment":[{"href":"https:\/\/soydeaqui.ddns.net\/pachuca\/index.php\/wp-json\/wp\/v2\/media?parent=35529"}],"wp:term":[{"taxonomy":"product_brand","embeddable":true,"href":"https:\/\/soydeaqui.ddns.net\/pachuca\/index.php\/wp-json\/wp\/v2\/product_brand?post=35529"},{"taxonomy":"product_cat","embeddable":true,"href":"https:\/\/soydeaqui.ddns.net\/pachuca\/index.php\/wp-json\/wp\/v2\/product_cat?post=35529"},{"taxonomy":"product_tag","embeddable":true,"href":"https:\/\/soydeaqui.ddns.net\/pachuca\/index.php\/wp-json\/wp\/v2\/product_tag?post=35529"}],"curies":[{"name":"wp","href":"https:\/\/api.w.org\/{rel}","templated":true}]}}