{"id":35527,"date":"2026-03-18T15:46:21","date_gmt":"2026-03-18T15:46:21","guid":{"rendered":"https:\/\/soydeaqui.ddns.net\/pachuca\/index.php\/producto\/alarma-de-monoxido-de-carbono-120-ac-bateria-10-anos-display-paquete-de-3\/"},"modified":"2026-03-18T15:46:22","modified_gmt":"2026-03-18T15:46:22","slug":"alarma-de-monoxido-de-carbono-120-ac-bateria-10-anos-display-paquete-de-3","status":"publish","type":"product","link":"https:\/\/soydeaqui.ddns.net\/pachuca\/index.php\/producto\/alarma-de-monoxido-de-carbono-120-ac-bateria-10-anos-display-paquete-de-3\/","title":{"rendered":"Alarma de Mon\u00f3xido de Carbono 120 AC | Bater\u00eda 10 a\u00f1os |  Display | Paquete de 3"},"content":{"rendered":"<div style='width: 100%; max-width: 1200px; margin: 0 auto; font-family: sans-serif; line-height: 1.6; color: inherit; background-color: transparent;'>\n<div style='margin-bottom: 30px;'>\n<p style='font-size: 15px; color: inherit; margin: 0;'> La alarma de mon\u00f3xido de carbono enchufable y alimentada por CA Kidde 900-0280 con respaldo de bater\u00eda de litio sellada y pantalla digital es una unidad f\u00e1cil de instalar que brinda protecci\u00f3n confiable contra los peligros del mon\u00f3xido de carbono. La bater\u00eda sellada de 10 a\u00f1os* ofrece protecci\u00f3n durante cortes de energ\u00eda&comma; evita la extracci\u00f3n injustificada de la bater\u00eda y elimina la necesidad de reemplazarla anualmente. La funci\u00f3n de pantalla digital agrega un nivel avanzado de protecci\u00f3n que muestra los niveles de CO en PPM&comma; lo que le permite ver si los niveles cambian. Esta pantalla utiliza tecnolog\u00eda LED que permite que los niveles de CO sean visibles en condiciones de oscuridad y a mayores distancias que otras alarmas que utilizan componentes LCD menos visibles. La pantalla ajustar\u00e1 autom\u00e1ticamente el nivel de brillo para adaptarse a las condiciones de luz ambiental&comma; lo que ofrece una pantalla m\u00e1s brillante en ambientes iluminados y se aten\u00faa para proporcionar un contraste visible pero m\u00e1s suave durante la noche. La pantalla se desactiva cuando se desconecta la alimentaci\u00f3n de CA para conservar la vida \u00fatil de la bater\u00eda. La Kidde 900-0280 tiene una vida operativa de 10 a\u00f1os&comma; lo que proporciona una vida \u00fatil un 40 % m\u00e1s larga que otras alarmas de CO enchufables. La alarma incluye una garant\u00eda limitada de 10 a\u00f1os y est\u00e1 listada por UL seg\u00fan el est\u00e1ndar UL2034. <\/p>\n<\/p><\/div>\n<div style='display: flex; flex-wrap: wrap; gap: 30px; margin-bottom: 30px;'>\n<div style='flex: 1 1 300px; min-width: 280px;'>\n<h3 style='font-size: 22px; border-bottom: 2px solid currentColor; padding-bottom: 5px; margin-top: 0; color: inherit; opacity: 0.8;'>Caracter\u00edsticas<\/h3>\n<ul style='padding-left: 20px; font-size: 15px; color: inherit;'>\n<li style='margin-bottom: 5px;'>Bater\u00eda sellada de 10 a\u00f1os: brinda protecci\u00f3n durante cortes de energ\u00eda y no necesita reemplazo durante la vida \u00fatil de la alarma.<\/li>\n<li style='margin-bottom: 5px;'>Pantalla digital: muestra el nivel de CO que detecta la unidad. Los LED brindan una visibilidad diurna clara que se aten\u00faa autom\u00e1ticamente en condiciones de oscuridad.<\/li>\n<li style='margin-bottom: 5px;'>Bot\u00f3n de nivel m\u00e1ximo: muestra el nivel m\u00e1s alto de CO registrado desde el \u00faltimo reinicio. Ideal para comprobar condiciones previas mientras est\u00e1 fuera o para ayudar al personal de respuesta m\u00e9dica.<\/li>\n<li style='margin-bottom: 5px;'>Bot\u00f3n de prueba\/reinicio: prueba el funcionamiento adecuado de la unidad. Restablece la alarma de mon\u00f3xido de carbono.<\/li>\n<li style='margin-bottom: 5px;'>Advertencia de fin de vida \u00fatil de 10 a\u00f1os: alerta al usuario para que reemplace la alarma de CO despu\u00e9s de 10 a\u00f1os de funcionamiento&comma; seg\u00fan lo exige UL.<\/li>\n<li style='margin-bottom: 5px;'>Aspas de CA giratorias: la unidad permanece vertical ya sea que el enchufe el\u00e9ctrico est\u00e9 en orientaci\u00f3n vertical u horizontal.<\/li>\n<li style='margin-bottom: 5px;'>Listado por UL: listado por UL seg\u00fan el est\u00e1ndar UL2034.<\/li>\n<li style='margin-bottom: 5px;'>*Garant\u00eda limitada de 10 a\u00f1os<\/li>\n<\/ul><\/div>\n<\/p><\/div>\n<hr style='border: 0; border-top: 1px solid rgba(150&comma; 150&comma; 150&comma; 0.3); margin: 30px 0;'> <\/div>\n","protected":false},"excerpt":{"rendered":"<p>Alarma de Mon\u00f3xido de Carbono 120 AC | Bater\u00eda 10 a\u00f1os |  Display | Paquete de 3<\/p>\n","protected":false},"featured_media":35526,"comment_status":"open","ping_status":"closed","template":"","meta":[],"product_brand":[],"product_cat":[1047],"product_tag":[224,1048],"class_list":{"0":"post-35527","1":"product","2":"type-product","3":"status-publish","4":"has-post-thumbnail","6":"product_cat-kidde","7":"product_tag-detectores-autonomos","8":"product_tag-kidde","10":"first","11":"outofstock","12":"sale","13":"shipping-taxable","14":"purchasable","15":"product-type-simple"},"_links":{"self":[{"href":"https:\/\/soydeaqui.ddns.net\/pachuca\/index.php\/wp-json\/wp\/v2\/product\/35527","targetHints":{"allow":["GET"]}}],"collection":[{"href":"https:\/\/soydeaqui.ddns.net\/pachuca\/index.php\/wp-json\/wp\/v2\/product"}],"about":[{"href":"https:\/\/soydeaqui.ddns.net\/pachuca\/index.php\/wp-json\/wp\/v2\/types\/product"}],"replies":[{"embeddable":true,"href":"https:\/\/soydeaqui.ddns.net\/pachuca\/index.php\/wp-json\/wp\/v2\/comments?post=35527"}],"wp:featuredmedia":[{"embeddable":true,"href":"https:\/\/soydeaqui.ddns.net\/pachuca\/index.php\/wp-json\/wp\/v2\/media\/35526"}],"wp:attachment":[{"href":"https:\/\/soydeaqui.ddns.net\/pachuca\/index.php\/wp-json\/wp\/v2\/media?parent=35527"}],"wp:term":[{"taxonomy":"product_brand","embeddable":true,"href":"https:\/\/soydeaqui.ddns.net\/pachuca\/index.php\/wp-json\/wp\/v2\/product_brand?post=35527"},{"taxonomy":"product_cat","embeddable":true,"href":"https:\/\/soydeaqui.ddns.net\/pachuca\/index.php\/wp-json\/wp\/v2\/product_cat?post=35527"},{"taxonomy":"product_tag","embeddable":true,"href":"https:\/\/soydeaqui.ddns.net\/pachuca\/index.php\/wp-json\/wp\/v2\/product_tag?post=35527"}],"curies":[{"name":"wp","href":"https:\/\/api.w.org\/{rel}","templated":true}]}}