{"id":35514,"date":"2026-03-18T15:46:08","date_gmt":"2026-03-18T15:46:08","guid":{"rendered":"https:\/\/soydeaqui.ddns.net\/pachuca\/index.php\/producto\/cilindro-para-calibracion-de-detectores-de-gas-hidrogeno-h2-34l-a-20-lel-macurco\/"},"modified":"2026-03-18T15:46:08","modified_gmt":"2026-03-18T15:46:08","slug":"cilindro-para-calibracion-de-detectores-de-gas-hidrogeno-h2-34l-a-20-lel-macurco","status":"publish","type":"product","link":"https:\/\/soydeaqui.ddns.net\/pachuca\/index.php\/producto\/cilindro-para-calibracion-de-detectores-de-gas-hidrogeno-h2-34l-a-20-lel-macurco\/","title":{"rendered":"Cilindro Para Calibraci\u00f3n de Detectores de Gas Hidrogeno H2 34L a 20% LEL MACURCO"},"content":{"rendered":"<div style='width: 100%; max-width: 1200px; margin: 0 auto; font-family: sans-serif; line-height: 1.6; color: inherit; background-color: transparent;'> <!-- Contenido principal --> <\/p>\n<div style='display: flex; flex-direction: column; gap: 20px;'>\n<div style='font-size: 24px; font-weight: bold; margin-bottom: 20px; color: inherit;'> Cilindro para calibraci\u00f3n de detectores de gas Hidrogeno H2 105L a 50% LEL MACURCO <\/div>\n<div style='font-size: 15px; color: inherit;'> La familia de detectores de las series Macurco <strong style='color: inherit;'>805111100010N<\/strong> (TXTP40) requiere pruebas y calibraci\u00f3n de rutina. Cada detector tiene un kit de prueba\/calibraci\u00f3n correspondiente para probar y calibrar los detectores en campo. Los sensores pueden ser menos precisos con el tiempo&comma; por lo que se recomienda tener un plan de mantenimiento para garantizar que los detectores respondan a la presencia del gas apropiadamente. Una calibraci\u00f3n de gas es el proceso de exponer un sensor a un gas objetivo a una concentraci\u00f3n espec\u00edfica y luego ajustar el detector de gas para leer ese gas concentraci\u00f3n correctamente. Macurco recomienda probar y calibrar al menos una vez al a\u00f1o en un m\u00ednimo&comma; pero dependiendo del sitio y el potencial de riesgo de la aplicaci\u00f3n&comma; puede ser necesario con mayor frecuencia. Consulte con las autoridades locales para conocer las reglamentaciones locales espec\u00edficas. <\/div>\n<div style='font-size: 15px; color: inherit;'> <strong style='color: inherit;'>PARA USO EXCLUSIVO CON DETECTOR MACURCO 805111100010N y KIT DE CALIBRACION 30-0062-2200-1<\/strong> <\/div>\n<div style='font-size: 15px; color: inherit;'> <strong style='color: inherit;'>H280 &#8211; Contiene GAS BAJO PRESION puede EXPLOTAR si se calienta<\/strong><br \/> Puede causar da\u00f1o a los organos<br \/> <strong style='color: inherit;'>Descripci\u00f3n del producto: Mezcla de gases de calibraci\u00f3n compuesta por metano y nitr\u00f3geno.<\/strong><br \/> En caso de liberaci\u00f3n del gas puede reemplazar al oxigeno y causar asfixia r\u00e1pidamente.<br \/> <strong style='color: inherit;'>P410+P403 Proteger de la luz solar. Almacenar en un lugar bien ventilado.<\/strong> <\/div>\n<\/p><\/div>\n<p> <!-- Separador --> <\/p>\n<hr style='border: 0; border-top: 1px solid rgba(150&comma; 150&comma; 150&comma; 0.3); margin: 30px 0;'> <\/div>\n","protected":false},"excerpt":{"rendered":"<p>Cilindro Para Calibraci\u00f3n de Detectores de Gas Hidrogeno H2 34L a 20% LEL MACURCO<\/p>\n","protected":false},"featured_media":35513,"comment_status":"open","ping_status":"closed","template":"","meta":[],"product_brand":[],"product_cat":[987],"product_tag":[988,522,989],"class_list":{"0":"post-35514","1":"product","2":"type-product","3":"status-publish","4":"has-post-thumbnail","6":"product_cat-detectores-de-gases","7":"product_tag-detectores-de-gases","8":"product_tag-dispositivos-convencionales","9":"product_tag-macurco-aerionics","11":"first","12":"instock","13":"sale","14":"shipping-taxable","15":"purchasable","16":"product-type-simple"},"_links":{"self":[{"href":"https:\/\/soydeaqui.ddns.net\/pachuca\/index.php\/wp-json\/wp\/v2\/product\/35514","targetHints":{"allow":["GET"]}}],"collection":[{"href":"https:\/\/soydeaqui.ddns.net\/pachuca\/index.php\/wp-json\/wp\/v2\/product"}],"about":[{"href":"https:\/\/soydeaqui.ddns.net\/pachuca\/index.php\/wp-json\/wp\/v2\/types\/product"}],"replies":[{"embeddable":true,"href":"https:\/\/soydeaqui.ddns.net\/pachuca\/index.php\/wp-json\/wp\/v2\/comments?post=35514"}],"wp:featuredmedia":[{"embeddable":true,"href":"https:\/\/soydeaqui.ddns.net\/pachuca\/index.php\/wp-json\/wp\/v2\/media\/35513"}],"wp:attachment":[{"href":"https:\/\/soydeaqui.ddns.net\/pachuca\/index.php\/wp-json\/wp\/v2\/media?parent=35514"}],"wp:term":[{"taxonomy":"product_brand","embeddable":true,"href":"https:\/\/soydeaqui.ddns.net\/pachuca\/index.php\/wp-json\/wp\/v2\/product_brand?post=35514"},{"taxonomy":"product_cat","embeddable":true,"href":"https:\/\/soydeaqui.ddns.net\/pachuca\/index.php\/wp-json\/wp\/v2\/product_cat?post=35514"},{"taxonomy":"product_tag","embeddable":true,"href":"https:\/\/soydeaqui.ddns.net\/pachuca\/index.php\/wp-json\/wp\/v2\/product_tag?post=35514"}],"curies":[{"name":"wp","href":"https:\/\/api.w.org\/{rel}","templated":true}]}}