{"id":35506,"date":"2026-03-18T15:45:55","date_gmt":"2026-03-18T15:45:55","guid":{"rendered":"https:\/\/soydeaqui.ddns.net\/pachuca\/index.php\/producto\/panel-de-deteccion-de-incendio-direccionable-hasta-2100-puntos-en-cualquier-combinacion-compatible-con-protocolos-idp-sk-y-sd-incluye-comunicador-clss-modelo-hon-cgw-mbb\/"},"modified":"2026-03-18T15:45:55","modified_gmt":"2026-03-18T15:45:55","slug":"panel-de-deteccion-de-incendio-direccionable-hasta-2100-puntos-en-cualquier-combinacion-compatible-con-protocolos-idp-sk-y-sd-incluye-comunicador-clss-modelo-hon-cgw-mbb","status":"publish","type":"product","link":"https:\/\/soydeaqui.ddns.net\/pachuca\/index.php\/producto\/panel-de-deteccion-de-incendio-direccionable-hasta-2100-puntos-en-cualquier-combinacion-compatible-con-protocolos-idp-sk-y-sd-incluye-comunicador-clss-modelo-hon-cgw-mbb\/","title":{"rendered":"Panel de Detecci\u00f3n de Incendio \/ Direccionable \/ Hasta 2100 Puntos en Cualquier Combinaci\u00f3n \/ Compatible con Protocolos IDP, SK y SD \/ Incluye Comunicador CLSS Modelo HON-CGW-MBB"},"content":{"rendered":"<div style='width: 100%; max-width: 1200px; margin: 0 auto; font-family: sans-serif; line-height: 1.6; color: inherit; background-color: transparent;'>\n<div style='display: flex; flex-direction: column; gap: 30px;'>\n<div style='width: 100%; max-width: 400px; align-self: center;'> <img style='width: 100%; height: auto; border: 1px solid rgba(150&comma;150&comma;150&comma;0.3); border-radius: 8px;' src='http:\/\/ftp3.syscom.mx\/usuarios\/yhermosillo\/SILENT%20KNIGHT\/Frenhyt.png' alt=''> <\/div>\n<div style='display: flex; flex-direction: column; gap: 20px;'>\n<p>El IFP-2100 (rojo) y el IFP-2100B (negro) son paneles de control anal\u00f3gicos direccionables de alarma contra incendios (FACP). El panel IFP-2100 b\u00e1sico contiene un circuito de l\u00ednea de se\u00f1alizaci\u00f3n incorporado (SLC)&comma; que admite 159 sensores IDP\/SK y 159 m\u00f3dulos IDP\/SK o 127 dispositivos utilizando el protocolo SD. Se pueden agregar lazos SLC adicionales utilizando el modelo expansor de SLC 6815 para dispositivos de System Sensor (IDP\/SK) para aumentar la capacidad total de puntos a 2100 puntos por panel; o el modelo 5815XL para dispositivos Hochiki (SD) para aumentar la capacidad de puntos a un m\u00e1ximo de 2032 puntos por panel.<\/p>\n<p>El IFP-2100 tiene la capacidad de conexi\u00f3n en red para hasta 32 paneles. La red tiene dos modos de operaci\u00f3n&comma; m\u00faltiples paneles que cubren un edificio grande&comma; o m\u00faltiples edificios independientes. El RFP-2100 (rojo) o RFP2100B (negro) se puede utilizar en un sistema en red donde al menos un IFP2100 est\u00e1 en el sistema&comma; es lo mismo que el IFP-2100 sin la pantalla.<\/p>\n<p>El IFP-2100 tiene ocho circuitos integrados Flexput \u2122 que se pueden configurar para potencia auxiliar&comma; salidas de notificaci\u00f3n&comma; entrada para contactos secos N.A. o para entradas de detector de humo convencional (Clase A o Clase B). El FACP tambi\u00e9n tiene comunicadores interconstruidos; transmisor de alarma digital de l\u00ednea telef\u00f3nica doble (DACT)&comma; comunicador IP y se puede utilizar un comunicador celular de manera opcional. Contiene un rel\u00e9 de problemas de forma C&comma; y dos rel\u00e9s de forma C programables.<\/p>\n<p>El IFP-2100 tiene potentes funciones tales como sensibilidad del detector&comma; umbrales d\u00eda \/ noche&comma; compensaci\u00f3n de deriva&comma; alerta de mantenimiento previa a la falla y alerta de problema de calibraci\u00f3n. El IFP-2100 admite una variedad de dispositivos&comma; incluidos los anunciadores remotos RA2000&comma; RA-1000 o RA-100&comma; m\u00f3dulo de interfaz de impresora paralelo\/serie 5824&comma; m\u00f3dulo de potencia RPS-1000&comma; y dispositivos IDP&comma; SK o SD.<\/p>\n<\/p><\/div>\n<div style='width: 100%; max-width: 360px; align-self: center;'> <img style='width: 100%; height: auto; border: 1px solid rgba(150&comma;150&comma;150&comma;0.3); border-radius: 8px;' src='https:\/\/ftp3.syscom.mx\/usuarios\/fotos\/IFP75B\/158605-farenhyt_addressablegroup_black_web.jpg' alt=''> <\/div>\n<div style='width: 100%; align-self: center;'> <img style='width: 100%; height: auto; border: 1px solid rgba(150&comma;150&comma;150&comma;0.3); border-radius: 8px;' src='https:\/\/ftp3.syscom.mx\/usuarios\/fotos\/IFP2100B\/158611-diagrama_farenhyt.jpg' alt=''> <\/div>\n<div style='width: 100%; align-self: center;'> <img style='width: 100%; height: auto; border: 1px solid rgba(150&comma;150&comma;150&comma;0.3); border-radius: 8px;' src='https:\/\/ftp3.syscom.mx\/usuarios\/fotos\/IFP2100B\/158611-conexion_en_red_fh.jpg' alt=''> <\/div>\n<\/p><\/div>\n<\/p><\/div>\n","protected":false},"excerpt":{"rendered":"<p>Panel de Detecci\u00f3n de Incendio \/ Direccionable \/ Hasta 2100 Puntos en Cualquier Combinaci\u00f3n \/ Compatible con Protocolos IDP, SK y SD \/ Incluye Comunicador CLSS Modelo HON-CGW-MBB<\/p>\n","protected":false},"featured_media":32,"comment_status":"open","ping_status":"closed","template":"","meta":[],"product_brand":[],"product_cat":[443],"product_tag":[1007,444,225],"class_list":{"0":"post-35506","1":"product","2":"type-product","3":"status-publish","4":"has-post-thumbnail","6":"product_cat-todo-paneles-de-incendio","7":"product_tag-honeywell-farenhyt-series","8":"product_tag-paneles-de-incendio","9":"product_tag-todo","11":"first","12":"instock","13":"sale","14":"shipping-taxable","15":"purchasable","16":"product-type-simple"},"_links":{"self":[{"href":"https:\/\/soydeaqui.ddns.net\/pachuca\/index.php\/wp-json\/wp\/v2\/product\/35506","targetHints":{"allow":["GET"]}}],"collection":[{"href":"https:\/\/soydeaqui.ddns.net\/pachuca\/index.php\/wp-json\/wp\/v2\/product"}],"about":[{"href":"https:\/\/soydeaqui.ddns.net\/pachuca\/index.php\/wp-json\/wp\/v2\/types\/product"}],"replies":[{"embeddable":true,"href":"https:\/\/soydeaqui.ddns.net\/pachuca\/index.php\/wp-json\/wp\/v2\/comments?post=35506"}],"wp:featuredmedia":[{"embeddable":true,"href":"https:\/\/soydeaqui.ddns.net\/pachuca\/index.php\/wp-json\/wp\/v2\/media\/32"}],"wp:attachment":[{"href":"https:\/\/soydeaqui.ddns.net\/pachuca\/index.php\/wp-json\/wp\/v2\/media?parent=35506"}],"wp:term":[{"taxonomy":"product_brand","embeddable":true,"href":"https:\/\/soydeaqui.ddns.net\/pachuca\/index.php\/wp-json\/wp\/v2\/product_brand?post=35506"},{"taxonomy":"product_cat","embeddable":true,"href":"https:\/\/soydeaqui.ddns.net\/pachuca\/index.php\/wp-json\/wp\/v2\/product_cat?post=35506"},{"taxonomy":"product_tag","embeddable":true,"href":"https:\/\/soydeaqui.ddns.net\/pachuca\/index.php\/wp-json\/wp\/v2\/product_tag?post=35506"}],"curies":[{"name":"wp","href":"https:\/\/api.w.org\/{rel}","templated":true}]}}