{"id":35494,"date":"2026-03-18T15:45:40","date_gmt":"2026-03-18T15:45:40","guid":{"rendered":"https:\/\/soydeaqui.ddns.net\/pachuca\/index.php\/producto\/detector-de-gas-fijo-remoto-con-sensor-de-oxigeno-o2-0-25-carcasa-aluminio-clase-i-div-2-salida-4-20-ma-3-reles-serie-sensepoint-xcd-rtd\/"},"modified":"2026-03-18T15:45:41","modified_gmt":"2026-03-18T15:45:41","slug":"detector-de-gas-fijo-remoto-con-sensor-de-oxigeno-o2-0-25-carcasa-aluminio-clase-i-div-2-salida-4-20-ma-3-reles-serie-sensepoint-xcd-rtd","status":"publish","type":"product","link":"https:\/\/soydeaqui.ddns.net\/pachuca\/index.php\/producto\/detector-de-gas-fijo-remoto-con-sensor-de-oxigeno-o2-0-25-carcasa-aluminio-clase-i-div-2-salida-4-20-ma-3-reles-serie-sensepoint-xcd-rtd\/","title":{"rendered":"Detector De Gas Fijo Remoto, Con Sensor De Oxigeno (O2) 0-25%, Carcasa Aluminio, Clase I, Div 2, Salida 4-20 mA, 3 Reles, Serie Sensepoint XCD RTD"},"content":{"rendered":"<div style='width: 100%; max-width: 1200px; margin: 0 auto; font-family: sans-serif; line-height: 1.6; color: inherit; background-color: transparent;'>\n<h1 style='text-align: center; font-size: 24px; margin-bottom: 20px; color: inherit;'>Detector De Gases Inflamables&comma; Toxicos y Oxigeno Para Aplicaciones Industriales<\/h1>\n<div style='display: flex; flex-wrap: wrap; gap: 30px; margin-bottom: 30px;'>\n<div style='flex: 1 1 300px; min-width: 280px;'>\n<h3 style='font-size: 22px; border-bottom: 2px solid currentColor; padding-bottom: 5px; margin-top: 0; color: inherit; opacity: 0.8;'>Descripci\u00f3n General<\/h3>\n<p style='font-size: 15px; color: inherit;'>El detector <strong>Sensepoint XCD<\/strong> es un detector de gas que consta de un transmisor y una amplia selecci\u00f3n de sensores para detecci\u00f3n de <strong>gases inflamables&comma; t\u00f3xicos y ox\u00edgeno<\/strong>. Sensepoint XCD simplifica el monitoreo y la detecci\u00f3n de gases peligrosos para cumplir con los est\u00e1ndares de seguridad y cumplimiento.<\/p>\n<p style='font-size: 15px; color: inherit;'>Los sensores fijos Sensepoint XCD ofrecen un control completo de los riesgos de gases t\u00f3xicos e inflamables&comma; as\u00ed como de la deficiencia de ox\u00edgeno en atm\u00f3sferas potencialmente explosivas&comma; tanto en interiores como en exteriores. Existen requisitos especiales para entornos de trabajo potencialmente explosivos en la producci\u00f3n de gas&comma; petr\u00f3leo y productos qu\u00edmicos&comma; as\u00ed como entornos llenos de polvo en las industrias alimentaria y de procesamiento de la madera.<\/p>\n<\/p><\/div>\n<div style='flex: 1 1 300px; min-width: 280px;'>\n<h3 style='font-size: 22px; border-bottom: 2px solid currentColor; padding-bottom: 5px; margin-top: 0; color: inherit; opacity: 0.8;'>Caracter\u00edsticas Principales<\/h3>\n<ul style='padding-left: 20px; font-size: 15px; color: inherit;'>\n<li style='margin-bottom: 5px;'>Detector de gas Ex d adecuado para su uso en entornos de zona 1<\/li>\n<li style='margin-bottom: 5px;'>Versi\u00f3n est\u00e1ndar disponible para gases inflamables&comma; ox\u00edgeno y t\u00f3xicos<\/li>\n<li style='margin-bottom: 5px;'>Cartucho de sensor de acero inoxidable preinstalado y calibrado<\/li>\n<li style='margin-bottom: 5px;'>Configuraci\u00f3n mediante im\u00e1n sin necesidad de abrir la unidad<\/li>\n<li style='margin-bottom: 5px;'>Pantalla tricolor retroiluminada para indicaci\u00f3n visual del estado<\/li>\n<li style='margin-bottom: 5px;'>Salida 4-20 mA est\u00e1ndar y MODBUS opcional<\/li>\n<li style='margin-bottom: 5px;'>IP66 para protecci\u00f3n contra polvo y agua<\/li>\n<\/ul><\/div>\n<\/p><\/div>\n<div style='display: flex; flex-wrap: wrap; gap: 30px; margin-bottom: 30px;'>\n<div style='flex: 1 1 300px; min-width: 280px;'>\n<h3 style='font-size: 22px; border-bottom: 2px solid currentColor; padding-bottom: 5px; margin-top: 0; color: inherit; opacity: 0.8;'>Aplicaciones<\/h3>\n<ul style='padding-left: 20px; font-size: 15px; color: inherit;'>\n<li style='margin-bottom: 5px;'>Instalaciones de fabricaci\u00f3n industrial<\/li>\n<li style='margin-bottom: 5px;'>Centrales el\u00e9ctricas<\/li>\n<li style='margin-bottom: 5px;'>Instalaciones para aguas residuales<\/li>\n<li style='margin-bottom: 5px;'>Servicios p\u00fablicos<\/li>\n<li style='margin-bottom: 5px;'>Producci\u00f3n de alimentos y bebidas<\/li>\n<li style='margin-bottom: 5px;'>Refiner\u00edas y plantas qu\u00edmicas<\/li>\n<li style='margin-bottom: 5px;'>Terminales de petr\u00f3leo y gas en tierra<\/li>\n<li style='margin-bottom: 5px;'>Plataformas de producci\u00f3n<\/li>\n<li style='margin-bottom: 5px;'>Exploraci\u00f3n y perforaci\u00f3n<\/li>\n<\/ul><\/div>\n<div style='flex: 1 1 300px; min-width: 280px;'>\n<h3 style='font-size: 22px; border-bottom: 2px solid currentColor; padding-bottom: 5px; margin-top: 0; color: inherit; opacity: 0.8;'>Caracter\u00edsticas T\u00e9cnicas<\/h3>\n<ul style='padding-left: 20px; font-size: 15px; color: inherit;'>\n<li style='margin-bottom: 5px;'>Rango de temperatura: -25\u00b0C a 55\u00b0C<\/li>\n<li style='margin-bottom: 5px;'>Humedad relativa: 0-90%<\/li>\n<li style='margin-bottom: 5px;'>Transmisor mV&comma; EC&comma; O2<\/li>\n<li style='margin-bottom: 5px;'>Salida 4-20 mA seleccionable (SINK o SOURCE)<\/li>\n<li style='margin-bottom: 5px;'>Tres rel\u00e9s programables para control externo<\/li>\n<li style='margin-bottom: 5px;'>Pantalla LCD con retroiluminaci\u00f3n tricolor<\/li>\n<li style='margin-bottom: 5px;'>Indicaci\u00f3n visual de estado: verde (normal)&comma; rojo (alarma)&comma; amarillo (fallo)<\/li>\n<\/ul><\/div>\n<\/p><\/div>\n<div style='display: flex; flex-wrap: wrap; gap: 20px; margin-bottom: 30px;'>\n<div style='flex: 1 1 250px; border: 1px solid rgba(150&comma; 150&comma; 150&comma; 0.4); border-radius: 8px; overflow: hidden; display: flex; flex-direction: column;'>\n<div style='padding: 15px; border-bottom: 1px solid rgba(150&comma; 150&comma; 150&comma; 0.2); font-weight: bold; font-size: 18px; color: inherit;'>Tecnolog\u00eda de Sensores<\/div>\n<div style='padding: 15px; color: inherit;'>\n<ul style='padding-left: 20px; margin: 0; font-size: 14px; list-style-type: disc;'>\n<li style='margin-bottom: 5px;'>Sensores electroqu\u00edmicos Surecell<\/li>\n<li style='margin-bottom: 5px;'>Sensores de gases inflamables resistentes a sustancias t\u00f3xicas<\/li>\n<li style='margin-bottom: 5px;'>Sensores de larga duraci\u00f3n<\/li>\n<\/ul><\/div>\n<\/p><\/div>\n<div style='flex: 1 1 250px; border: 1px solid rgba(150&comma; 150&comma; 150&comma; 0.4); border-radius: 8px; overflow: hidden; display: flex; flex-direction: column;'>\n<div style='padding: 15px; border-bottom: 1px solid rgba(150&comma; 150&comma; 150&comma; 0.2); font-weight: bold; font-size: 18px; color: inherit;'>Certificaciones<\/div>\n<div style='padding: 15px; color: inherit;'>\n<ul style='padding-left: 20px; margin: 0; font-size: 14px; list-style-type: disc;'>\n<li style='margin-bottom: 5px;'>Europeas&comma; de Am\u00e9rica del Norte y Asi\u00e1ticas<\/li>\n<li style='margin-bottom: 5px;'>Cumple normativas ATEX&comma; IECEx&comma; UL\/c-UL&comma; KTL&comma; PA&comma; GB y CCCF<\/li>\n<\/ul><\/div>\n<\/p><\/div>\n<div style='flex: 1 1 250px; border: 1px solid rgba(150&comma; 150&comma; 150&comma; 0.4); border-radius: 8px; overflow: hidden; display: flex; flex-direction: column;'>\n<div style='padding: 15px; border-bottom: 1px solid rgba(150&comma; 150&comma; 150&comma; 0.2); font-weight: bold; font-size: 18px; color: inherit;'>Opciones de Instalaci\u00f3n<\/div>\n<div style='padding: 15px; color: inherit;'>\n<ul style='padding-left: 20px; margin: 0; font-size: 14px; list-style-type: disc;'>\n<li style='margin-bottom: 5px;'>Montaje en superficie<\/li>\n<li style='margin-bottom: 5px;'>Soporte para tubo horizontal o vertical<\/li>\n<li style='margin-bottom: 5px;'>Entradas M20 o NPT 3\/4&#8242; seg\u00fan certificaci\u00f3n<\/li>\n<li style='margin-bottom: 5px;'>Bloques de terminales enchufables<\/li>\n<li style='margin-bottom: 5px;'>Cubierta de intemperie para condiciones exigentes<\/li>\n<\/ul><\/div>\n<\/p><\/div>\n<\/p><\/div>\n<div style='display: flex; flex-wrap: wrap; gap: 20px; margin-bottom: 30px;'>\n<div style='flex: 1 1 250px; border: 1px solid rgba(150&comma; 150&comma; 150&comma; 0.4); border-radius: 8px; overflow: hidden; display: flex; flex-direction: column;'>\n<div style='padding: 15px; border-bottom: 1px solid rgba(150&comma; 150&comma; 150&comma; 0.2); font-weight: bold; font-size: 18px; color: inherit;'>Ventajas<\/div>\n<div style='padding: 15px; color: inherit;'>\n<ul style='padding-left: 20px; margin: 0; font-size: 14px; list-style-type: disc;'>\n<li style='margin-bottom: 5px;'>Instalaci\u00f3n sencilla sin permisos especiales<\/li>\n<li style='margin-bottom: 5px;'>Configuraci\u00f3n no intrusiva con un solo operario<\/li>\n<li style='margin-bottom: 5px;'>Mantenimiento r\u00e1pido y econ\u00f3mico<\/li>\n<li style='margin-bottom: 5px;'>Sensor enchufable recambiable<\/li>\n<li style='margin-bottom: 5px;'>Menos cableado con opci\u00f3n MODBUS multipunto<\/li>\n<\/ul><\/div>\n<\/p><\/div>\n<div style='flex: 1 1 250px; border: 1px solid rgba(150&comma; 150&comma; 150&comma; 0.4); border-radius: 8px; overflow: hidden; display: flex; flex-direction: column;'>\n<div style='padding: 15px; border-bottom: 1px solid rgba(150&comma; 150&comma; 150&comma; 0.2); font-weight: bold; font-size: 18px; color: inherit;'>Accesorios Opcionales<\/div>\n<div style='padding: 15px; color: inherit;'>\n<ul style='padding-left: 20px; margin: 0; font-size: 14px; list-style-type: disc;'>\n<li style='margin-bottom: 5px;'>Protecci\u00f3n contra el sol y las inundaciones<\/li>\n<li style='margin-bottom: 5px;'>Kit de montaje en conductos<\/li>\n<li style='margin-bottom: 5px;'>C\u00e9lula de flujo para gas de calibraci\u00f3n<\/li>\n<li style='margin-bottom: 5px;'>Embudo recolector<\/li>\n<\/ul><\/div>\n<\/p><\/div>\n<\/p><\/div>\n<hr style='border: 0; border-top: 1px solid rgba(150&comma; 150&comma; 150&comma; 0.3); margin: 30px 0;'>\n<div style='margin-bottom: 30px;'>\n<h2 style='text-align: center; font-size: 20px; margin-bottom: 20px; color: inherit;'>Introducci\u00f3n Serie Sensepoint XCD De Honeywell Analytics<\/h2>\n<div style='position: relative; padding-bottom: 56.25%; height: 0; overflow: hidden; margin-bottom: 30px;'>   <\/div>\n<\/p><\/div>\n<div style='margin-bottom: 30px;'>\n<h2 style='text-align: center; font-size: 20px; margin-bottom: 20px; color: inherit;'>Operaci\u00f3n y Configuraci\u00f3n Sensepoint XCD<\/h2>\n<div style='position: relative; padding-bottom: 56.25%; height: 0; overflow: hidden; margin-bottom: 30px;'>   <\/div>\n<\/p><\/div>\n<div style='margin-bottom: 30px;'>\n<h2 style='text-align: center; font-size: 20px; margin-bottom: 20px; color: inherit;'>Posicionamiento&comma; Instalaci\u00f3n y Conexiones<\/h2>\n<div style='position: relative; padding-bottom: 56.25%; height: 0; overflow: hidden; margin-bottom: 30px;'>   <\/div>\n<\/p><\/div>\n<div style='margin-bottom: 30px;'>\n<h2 style='text-align: center; font-size: 20px; margin-bottom: 20px; color: inherit;'>Calibraci\u00f3n y Mantenimiento<\/h2>\n<div style='position: relative; padding-bottom: 56.25%; height: 0; overflow: hidden; margin-bottom: 30px;'>   <\/div>\n<\/p><\/div>\n<\/p><\/div>\n","protected":false},"excerpt":{"rendered":"<p>Detector De Gas Fijo Remoto, Con Sensor De Oxigeno (O2) 0-25%, Carcasa Aluminio, Clase I, Div 2, Salida 4-20 mA, 3 Reles, Serie Sensepoint XCD RTD<\/p>\n","protected":false},"featured_media":35493,"comment_status":"open","ping_status":"closed","template":"","meta":[],"product_brand":[],"product_cat":[987],"product_tag":[988,522,1014],"class_list":{"0":"post-35494","1":"product","2":"type-product","3":"status-publish","4":"has-post-thumbnail","6":"product_cat-detectores-de-gases","7":"product_tag-detectores-de-gases","8":"product_tag-dispositivos-convencionales","9":"product_tag-honeywell-analytics","11":"first","12":"outofstock","13":"sale","14":"shipping-taxable","15":"purchasable","16":"product-type-simple"},"_links":{"self":[{"href":"https:\/\/soydeaqui.ddns.net\/pachuca\/index.php\/wp-json\/wp\/v2\/product\/35494","targetHints":{"allow":["GET"]}}],"collection":[{"href":"https:\/\/soydeaqui.ddns.net\/pachuca\/index.php\/wp-json\/wp\/v2\/product"}],"about":[{"href":"https:\/\/soydeaqui.ddns.net\/pachuca\/index.php\/wp-json\/wp\/v2\/types\/product"}],"replies":[{"embeddable":true,"href":"https:\/\/soydeaqui.ddns.net\/pachuca\/index.php\/wp-json\/wp\/v2\/comments?post=35494"}],"wp:featuredmedia":[{"embeddable":true,"href":"https:\/\/soydeaqui.ddns.net\/pachuca\/index.php\/wp-json\/wp\/v2\/media\/35493"}],"wp:attachment":[{"href":"https:\/\/soydeaqui.ddns.net\/pachuca\/index.php\/wp-json\/wp\/v2\/media?parent=35494"}],"wp:term":[{"taxonomy":"product_brand","embeddable":true,"href":"https:\/\/soydeaqui.ddns.net\/pachuca\/index.php\/wp-json\/wp\/v2\/product_brand?post=35494"},{"taxonomy":"product_cat","embeddable":true,"href":"https:\/\/soydeaqui.ddns.net\/pachuca\/index.php\/wp-json\/wp\/v2\/product_cat?post=35494"},{"taxonomy":"product_tag","embeddable":true,"href":"https:\/\/soydeaqui.ddns.net\/pachuca\/index.php\/wp-json\/wp\/v2\/product_tag?post=35494"}],"curies":[{"name":"wp","href":"https:\/\/api.w.org\/{rel}","templated":true}]}}