{"id":35490,"date":"2026-03-18T15:45:35","date_gmt":"2026-03-18T15:45:35","guid":{"rendered":"https:\/\/soydeaqui.ddns.net\/pachuca\/index.php\/producto\/cilindro-de-calibracion-de-hidrogeno-h2-air-concentracion-1000-ppm-capacidad-58-l-dimensiones-5-8-x-18-pulg-para-serie-xnx-xcd-s3k\/"},"modified":"2026-03-18T15:45:36","modified_gmt":"2026-03-18T15:45:36","slug":"cilindro-de-calibracion-de-hidrogeno-h2-air-concentracion-1000-ppm-capacidad-58-l-dimensiones-5-8-x-18-pulg-para-serie-xnx-xcd-s3k","status":"publish","type":"product","link":"https:\/\/soydeaqui.ddns.net\/pachuca\/index.php\/producto\/cilindro-de-calibracion-de-hidrogeno-h2-air-concentracion-1000-ppm-capacidad-58-l-dimensiones-5-8-x-18-pulg-para-serie-xnx-xcd-s3k\/","title":{"rendered":"Cilindro De Calibraci\u00f3n De Hidrogeno H2\/Air, Concentraci\u00f3n 1000 ppm, Capacidad 58 L, Dimensiones 5\/8 x 18 pulg, Para Serie XNX\/XCD\/S3K"},"content":{"rendered":"<div style='width: 100%; max-width: 1200px; margin: 0 auto; font-family: sans-serif; line-height: 1.6; color: inherit; background-color: transparent;'> <!-- Secci\u00f3n de caracter\u00edsticas principales --> <\/p>\n<div style='display: flex; flex-wrap: wrap; gap: 30px; margin-bottom: 30px;'>\n<div style='flex: 1 1 300px; min-width: 280px;'>\n<h3 style='font-size: 22px; border-bottom: 2px solid currentColor; padding-bottom: 5px; margin-top: 0; color: inherit; opacity: 0.8;'>Caracter\u00edsticas Principales<\/h3>\n<ul style='padding-left: 20px; font-size: 15px; color: inherit;'>\n<li style='margin-bottom: 5px;'>Cilindro de calibraci\u00f3n de hidr\u00f3geno H2\/Air<\/li>\n<li style='margin-bottom: 5px;'>Concentraci\u00f3n: 1000 ppm<\/li>\n<li style='margin-bottom: 5px;'>Capacidad: 58 L<\/li>\n<li style='margin-bottom: 5px;'>Dimensiones: 5\/8 x 18 pulgadas<\/li>\n<li style='margin-bottom: 5px;'>Compatible con: Serie XNX\/XCD\/S3K<\/li>\n<\/ul><\/div>\n<div style='flex: 1 1 300px; min-width: 280px;'>\n<h3 style='font-size: 22px; border-bottom: 2px solid currentColor; padding-bottom: 5px; margin-top: 0; color: inherit; opacity: 0.8;'>Especificaciones T\u00e9cnicas<\/h3>\n<ul style='padding-left: 20px; font-size: 15px; color: inherit;'>\n<li style='margin-bottom: 5px;'><strong>Tipo:<\/strong> Cilindro de calibraci\u00f3n<\/li>\n<li style='margin-bottom: 5px;'><strong>Gas:<\/strong> Hidr\u00f3geno (H2)\/Aire<\/li>\n<li style='margin-bottom: 5px;'><strong>Concentraci\u00f3n:<\/strong> 1000 ppm<\/li>\n<li style='margin-bottom: 5px;'><strong>Capacidad:<\/strong> 58 litros<\/li>\n<li style='margin-bottom: 5px;'><strong>Dimensiones:<\/strong> 5\/8&#8242; x 18&#8242;<\/li>\n<li style='margin-bottom: 5px;'><strong>Compatibilidad:<\/strong> Serie XNX&comma; XCD y S3K<\/li>\n<\/ul><\/div>\n<\/p><\/div>\n<p> <!-- Secci\u00f3n de aplicaciones --> <\/p>\n<div style='display: flex; flex-wrap: wrap; gap: 30px; margin-bottom: 30px;'>\n<div style='flex: 1 1 300px; min-width: 280px;'>\n<h3 style='font-size: 22px; border-bottom: 2px solid currentColor; padding-bottom: 5px; margin-top: 0; color: inherit; opacity: 0.8;'>Aplicaciones<\/h3>\n<ul style='padding-left: 20px; font-size: 15px; color: inherit;'>\n<li style='margin-bottom: 5px;'>Instalaciones industriales de manufactura<\/li>\n<li style='margin-bottom: 5px;'>Plantas de energ\u00eda<\/li>\n<li style='margin-bottom: 5px;'>Plantas de tratamiento de aguas residuales<\/li>\n<li style='margin-bottom: 5px;'>Refiner\u00edas y plantas qu\u00edmicas<\/li>\n<li style='margin-bottom: 5px;'>Terminales terrestres de petr\u00f3leo y gas<\/li>\n<li style='margin-bottom: 5px;'>Plataformas de producci\u00f3n<\/li>\n<li style='margin-bottom: 5px;'>Salas de calderas<\/li>\n<li style='margin-bottom: 5px;'>Plantas de refrigeraci\u00f3n<\/li>\n<li style='margin-bottom: 5px;'>Salas de m\u00e1quinas<\/li>\n<\/ul><\/div>\n<div style='flex: 1 1 300px; min-width: 280px;'>\n<h3 style='font-size: 22px; border-bottom: 2px solid currentColor; padding-bottom: 5px; margin-top: 0; color: inherit; opacity: 0.8;'>Caracter\u00edsticas de Dise\u00f1o<\/h3>\n<ul style='padding-left: 20px; font-size: 15px; color: inherit;'>\n<li style='margin-bottom: 5px;'>Dise\u00f1o compacto para f\u00e1cil manejo<\/li>\n<li style='margin-bottom: 5px;'>Conexi\u00f3n est\u00e1ndar para equipos de calibraci\u00f3n<\/li>\n<li style='margin-bottom: 5px;'>Construcci\u00f3n robusta para uso industrial<\/li>\n<li style='margin-bottom: 5px;'>F\u00e1cil integraci\u00f3n con sistemas existentes<\/li>\n<li style='margin-bottom: 5px;'>Material resistente a condiciones ambientales<\/li>\n<li style='margin-bottom: 5px;'>Seguro para uso en \u00e1reas clasificadas<\/li>\n<\/ul><\/div>\n<\/p><\/div>\n<p> <!-- Secci\u00f3n de compatibilidad --> <\/p>\n<div style='display: flex; flex-wrap: wrap; gap: 20px; margin-bottom: 30px;'>\n<div style='flex: 1 1 250px; border: 1px solid rgba(150&comma; 150&comma; 150&comma; 0.4); border-radius: 8px; overflow: hidden; display: flex; flex-direction: column;'>\n<div style='padding: 15px; border-bottom: 1px solid rgba(150&comma; 150&comma; 150&comma; 0.2); font-weight: bold; font-size: 18px; color: inherit;'>Sistemas Compatibles<\/div>\n<div style='padding: 15px; color: inherit;'>\n<ul style='padding-left: 20px; margin: 0; font-size: 14px; list-style-type: disc;'>\n<li style='margin-bottom: 5px;'>Honeywell Analytics Serie XNX<\/li>\n<li style='margin-bottom: 5px;'>Honeywell Analytics Serie XCD<\/li>\n<li style='margin-bottom: 5px;'>Honeywell Analytics Serie S3K<\/li>\n<\/ul><\/div>\n<\/p><\/div>\n<div style='flex: 1 1 250px; border: 1px solid rgba(150&comma; 150&comma; 150&comma; 0.4); border-radius: 8px; overflow: hidden; display: flex; flex-direction: column;'>\n<div style='padding: 15px; border-bottom: 1px solid rgba(150&comma; 150&comma; 150&comma; 0.2); font-weight: bold; font-size: 18px; color: inherit;'>Normas y Certificaciones<\/div>\n<div style='padding: 15px; color: inherit;'>\n<ul style='padding-left: 20px; margin: 0; font-size: 14px; list-style-type: disc;'>\n<li style='margin-bottom: 5px;'>UL<\/li>\n<li style='margin-bottom: 5px;'>INMETRO<\/li>\n<li style='margin-bottom: 5px;'>ATEX<\/li>\n<li style='margin-bottom: 5px;'>IECEx<\/li>\n<li style='margin-bottom: 5px;'>CSA<\/li>\n<li style='margin-bottom: 5px;'>KTL<\/li>\n<li style='margin-bottom: 5px;'>PA<\/li>\n<li style='margin-bottom: 5px;'>GB<\/li>\n<li style='margin-bottom: 5px;'>CCCF<\/li>\n<\/ul><\/div>\n<\/p><\/div>\n<\/p><\/div>\n<p> <!-- Separador --> <\/p>\n<hr style='border: 0; border-top: 1px solid rgba(150&comma; 150&comma; 150&comma; 0.3); margin: 30px 0;'> <\/div>\n","protected":false},"excerpt":{"rendered":"<p>Cilindro De Calibraci\u00f3n De Hidrogeno H2\/Air, Concentraci\u00f3n 1000 ppm, Capacidad 58 L, Dimensiones 5\/8 x 18 pulg, Para Serie XNX\/XCD\/S3K<\/p>\n","protected":false},"featured_media":35489,"comment_status":"open","ping_status":"closed","template":"","meta":[],"product_brand":[],"product_cat":[987],"product_tag":[988,522,1014],"class_list":{"0":"post-35490","1":"product","2":"type-product","3":"status-publish","4":"has-post-thumbnail","6":"product_cat-detectores-de-gases","7":"product_tag-detectores-de-gases","8":"product_tag-dispositivos-convencionales","9":"product_tag-honeywell-analytics","11":"first","12":"outofstock","13":"sale","14":"shipping-taxable","15":"purchasable","16":"product-type-simple"},"_links":{"self":[{"href":"https:\/\/soydeaqui.ddns.net\/pachuca\/index.php\/wp-json\/wp\/v2\/product\/35490","targetHints":{"allow":["GET"]}}],"collection":[{"href":"https:\/\/soydeaqui.ddns.net\/pachuca\/index.php\/wp-json\/wp\/v2\/product"}],"about":[{"href":"https:\/\/soydeaqui.ddns.net\/pachuca\/index.php\/wp-json\/wp\/v2\/types\/product"}],"replies":[{"embeddable":true,"href":"https:\/\/soydeaqui.ddns.net\/pachuca\/index.php\/wp-json\/wp\/v2\/comments?post=35490"}],"wp:featuredmedia":[{"embeddable":true,"href":"https:\/\/soydeaqui.ddns.net\/pachuca\/index.php\/wp-json\/wp\/v2\/media\/35489"}],"wp:attachment":[{"href":"https:\/\/soydeaqui.ddns.net\/pachuca\/index.php\/wp-json\/wp\/v2\/media?parent=35490"}],"wp:term":[{"taxonomy":"product_brand","embeddable":true,"href":"https:\/\/soydeaqui.ddns.net\/pachuca\/index.php\/wp-json\/wp\/v2\/product_brand?post=35490"},{"taxonomy":"product_cat","embeddable":true,"href":"https:\/\/soydeaqui.ddns.net\/pachuca\/index.php\/wp-json\/wp\/v2\/product_cat?post=35490"},{"taxonomy":"product_tag","embeddable":true,"href":"https:\/\/soydeaqui.ddns.net\/pachuca\/index.php\/wp-json\/wp\/v2\/product_tag?post=35490"}],"curies":[{"name":"wp","href":"https:\/\/api.w.org\/{rel}","templated":true}]}}