{"id":35488,"date":"2026-03-18T15:45:33","date_gmt":"2026-03-18T15:45:33","guid":{"rendered":"https:\/\/soydeaqui.ddns.net\/pachuca\/index.php\/producto\/cilindro-de-calibracion-de-amoniaco-nh3-air-concentracion-100-ppm-capacidad-58-l-dimensiones-5-8-x-18-para-serie-xnx-xcd-s3k-gases-toxicos\/"},"modified":"2026-03-18T15:45:34","modified_gmt":"2026-03-18T15:45:34","slug":"cilindro-de-calibracion-de-amoniaco-nh3-air-concentracion-100-ppm-capacidad-58-l-dimensiones-5-8-x-18-para-serie-xnx-xcd-s3k-gases-toxicos","status":"publish","type":"product","link":"https:\/\/soydeaqui.ddns.net\/pachuca\/index.php\/producto\/cilindro-de-calibracion-de-amoniaco-nh3-air-concentracion-100-ppm-capacidad-58-l-dimensiones-5-8-x-18-para-serie-xnx-xcd-s3k-gases-toxicos\/","title":{"rendered":"Cilindro De Calibraci\u00f3n De Amoniaco NH3\/Air, Concentraci\u00f3n 100 ppm, Capacidad 58 L, Dimensiones 5\/8&#8243; x 18&#8243; Para Serie XNX\/XCD\/S3K Gases T\u00f3xicos"},"content":{"rendered":"<div style='width: 100%; max-width: 1200px; margin: 0 auto; font-family: sans-serif; line-height: 1.6; color: inherit; background-color: transparent;'> <!-- Secci\u00f3n de caracter\u00edsticas principales --> <\/p>\n<div style='display: flex; flex-wrap: wrap; gap: 30px; margin-bottom: 30px;'>\n<div style='flex: 1 1 300px; min-width: 280px;'>\n<h3 style='font-size: 22px; border-bottom: 2px solid currentColor; padding-bottom: 5px; margin-top: 0; color: inherit; opacity: 0.8;'>Caracter\u00edsticas Principales<\/h3>\n<ul style='padding-left: 20px; font-size: 15px; color: inherit;'>\n<li style='margin-bottom: 5px;'>Cilindro de calibraci\u00f3n de Amoniaco NH3\/Air<\/li>\n<li style='margin-bottom: 5px;'>Concentraci\u00f3n: 100 ppm<\/li>\n<li style='margin-bottom: 5px;'>Capacidad: 58 L<\/li>\n<li style='margin-bottom: 5px;'>Dimensiones: 5\/8&#8242; x 18&#8242;<\/li>\n<li style='margin-bottom: 5px;'>Compatible con Serie XNX\/XCD\/S3K para gases t\u00f3xicos<\/li>\n<li style='margin-bottom: 5px;'>Dise\u00f1ado para aplicaciones industriales exigentes<\/li>\n<\/ul><\/div>\n<p> <!-- Secci\u00f3n de especificaciones t\u00e9cnicas --> <\/p>\n<div style='flex: 1 1 300px; min-width: 280px;'>\n<h3 style='font-size: 22px; border-bottom: 2px solid currentColor; padding-bottom: 5px; margin-top: 0; color: inherit; opacity: 0.8;'>Especificaciones T\u00e9cnicas<\/h3>\n<ul style='padding-left: 20px; font-size: 15px; color: inherit;'>\n<li style='margin-bottom: 5px;'><strong>Material:<\/strong> Aluminio LM25&comma; pintado SS316<\/li>\n<li style='margin-bottom: 5px;'><strong>Entradas para cables:<\/strong> 5 entradas para conductos\/cable (2 a la derecha&comma; 2 a la izquierda&comma; 1 abajo)<\/li>\n<li style='margin-bottom: 5px;'><strong>Temperatura de operaci\u00f3n:<\/strong> -40 \u00b0C a +65 \u00b0C (-40 \u00b0F a +150 \u00b0F)<\/li>\n<li style='margin-bottom: 5px;'><strong>Humedad:<\/strong> 20-90% HR (sin condensaci\u00f3n)<\/li>\n<li style='margin-bottom: 5px;'><strong>Clasificaci\u00f3n IP:<\/strong> NEMA 4X IP66<\/li>\n<li style='margin-bottom: 5px;'><strong>Tensi\u00f3n de funcionamiento:<\/strong> De 18 a 24 V CC nominal<\/li>\n<li style='margin-bottom: 5px;'><strong>Consumo de energ\u00eda:<\/strong> 9&comma;7 W (con sensor de punto infrarrojo)<\/li>\n<\/ul><\/div>\n<\/p><\/div>\n<p> <!-- Secci\u00f3n de funcionalidades --> <\/p>\n<div style='display: flex; flex-wrap: wrap; gap: 30px; margin-bottom: 30px;'>\n<div style='flex: 1 1 300px; min-width: 280px;'>\n<h3 style='font-size: 22px; border-bottom: 2px solid currentColor; padding-bottom: 5px; margin-top: 0; color: inherit; opacity: 0.8;'>Funcionalidades<\/h3>\n<ul style='padding-left: 20px; font-size: 15px; color: inherit;'>\n<li style='margin-bottom: 5px;'>Funcionamiento flexible con m\u00faltiples tecnolog\u00edas de detecci\u00f3n<\/li>\n<li style='margin-bottom: 5px;'>Detecci\u00f3n de gas inflamable de 0 a 100% LFL\/LEL<\/li>\n<li style='margin-bottom: 5px;'>Celda electroqu\u00edmica para detecci\u00f3n de gas t\u00f3xico en ppm<\/li>\n<li style='margin-bottom: 5px;'>Celda infrarroja para monitoreo de CO y gas combustible<\/li>\n<li style='margin-bottom: 5px;'>Punta infrarroja con lentes calefaccionados<\/li>\n<li style='margin-bottom: 5px;'>Detecci\u00f3n infrarroja de paso abierto de gas inflamable<\/li>\n<li style='margin-bottom: 5px;'>Dise\u00f1o resistente para \u00e1reas explosivas y ambientes adversos<\/li>\n<\/ul><\/div>\n<p> <!-- Secci\u00f3n de facilidad de uso --> <\/p>\n<div style='flex: 1 1 300px; min-width: 280px;'>\n<h3 style='font-size: 22px; border-bottom: 2px solid currentColor; padding-bottom: 5px; margin-top: 0; color: inherit; opacity: 0.8;'>Facilidad de Uso<\/h3>\n<ul style='padding-left: 20px; font-size: 15px; color: inherit;'>\n<li style='margin-bottom: 5px;'>Pantalla LCD con luz de fondo&comma; f\u00e1cil de leer<\/li>\n<li style='margin-bottom: 5px;'>Interfaz de usuario con 8 idiomas seleccionables<\/li>\n<li style='margin-bottom: 5px;'>Funciones de autodiagn\u00f3stico y de indicaci\u00f3n de fallas<\/li>\n<li style='margin-bottom: 5px;'>Manejo sin interrupciones realizado por una sola persona<\/li>\n<li style='margin-bottom: 5px;'>Calibraci\u00f3n r\u00e1pida con autoinhibici\u00f3n<\/li>\n<li style='margin-bottom: 5px;'>Interfaz no intrusiva con varilla magn\u00e9tica<\/li>\n<li style='margin-bottom: 5px;'>Puerto IS local opcional para configurador de HART port\u00e1til<\/li>\n<\/ul><\/div>\n<\/p><\/div>\n<p> <!-- Secci\u00f3n de comunicaciones --> <\/p>\n<div style='display: flex; flex-wrap: wrap; gap: 20px; margin-bottom: 30px;'>\n<div style='flex: 1 1 250px; border: 1px solid rgba(150&comma; 150&comma; 150&comma; 0.4); border-radius: 8px; overflow: hidden; display: flex; flex-direction: column;'>\n<div style='padding: 15px; border-bottom: 1px solid rgba(150&comma; 150&comma; 150&comma; 0.2); font-weight: bold; font-size: 18px; color: inherit;'>Comunicaciones<\/div>\n<div style='padding: 15px; color: inherit;'>\n<ul style='padding-left: 20px; margin: 0; font-size: 14px; list-style-type: disc;'>\n<li style='margin-bottom: 5px;'>De 4 a 20 mA con interfaz HART\u00ae como equipo est\u00e1ndar<\/li>\n<li style='margin-bottom: 5px;'>M\u00faltiples opciones de comunicaci\u00f3n<\/li>\n<li style='margin-bottom: 5px;'>Hasta 3 rel\u00e9s<\/li>\n<li style='margin-bottom: 5px;'>MODBUS\u00ae<\/li>\n<li style='margin-bottom: 5px;'>Fieldbus H1 de FOUNDATION\u00ae (pendiente)<\/li>\n<\/ul><\/div>\n<\/p><\/div>\n<p> <!-- Secci\u00f3n de aprobaciones --> <\/p>\n<div style='flex: 1 1 250px; border: 1px solid rgba(150&comma; 150&comma; 150&comma; 0.4); border-radius: 8px; overflow: hidden; display: flex; flex-direction: column;'>\n<div style='padding: 15px; border-bottom: 1px solid rgba(150&comma; 150&comma; 150&comma; 0.2); font-weight: bold; font-size: 18px; color: inherit;'>Aprobaciones<\/div>\n<div style='padding: 15px; color: inherit;'>\n<ul style='padding-left: 20px; margin: 0; font-size: 14px; list-style-type: disc;'>\n<li style='margin-bottom: 5px;'>UL 1203<\/li>\n<li style='margin-bottom: 5px;'>CSA 22.2 N.\u00ba 30&comma; CSA 22.2 N.\u00ba 157<\/li>\n<li style='margin-bottom: 5px;'>IEC 60079-0&comma; IEC 60079-15&comma; IEC 60079-11<\/li>\n<li style='margin-bottom: 5px;'>Clase 1&comma; Divisi\u00f3n 1&comma; Grupos B&comma; C&comma; D<\/li>\n<li style='margin-bottom: 5px;'>Clase 1&comma; Zona 1&comma; Grupos IIB + H2 T4<\/li>\n<\/ul><\/div>\n<\/p><\/div>\n<p> <!-- Secci\u00f3n de aplicaciones --> <\/p>\n<div style='flex: 1 1 250px; border: 1px solid rgba(150&comma; 150&comma; 150&comma; 0.4); border-radius: 8px; overflow: hidden; display: flex; flex-direction: column;'>\n<div style='padding: 15px; border-bottom: 1px solid rgba(150&comma; 150&comma; 150&comma; 0.2); font-weight: bold; font-size: 18px; color: inherit;'>Aplicaciones<\/div>\n<div style='padding: 15px; color: inherit;'>\n<ul style='padding-left: 20px; margin: 0; font-size: 14px; list-style-type: disc;'>\n<li style='margin-bottom: 5px;'>Plataformas de producci\u00f3n mar\u00edtimas de gas y petr\u00f3leo<\/li>\n<li style='margin-bottom: 5px;'>Terminales de petr\u00f3leo en tierra<\/li>\n<li style='margin-bottom: 5px;'>Refiner\u00edas<\/li>\n<li style='margin-bottom: 5px;'>Transmisi\u00f3n de gases<\/li>\n<li style='margin-bottom: 5px;'>Distribuci\u00f3n de gases<\/li>\n<li style='margin-bottom: 5px;'>Terminales de gas natural licuado (LNG)<\/li>\n<\/ul><\/div>\n<\/p><\/div>\n<\/p><\/div>\n<p> <!-- Secci\u00f3n de compatibilidad --> <\/p>\n<div style='display: flex; flex-wrap: wrap; gap: 20px; margin-bottom: 30px;'>\n<div style='flex: 1 1 250px; border: 1px solid rgba(150&comma; 150&comma; 150&comma; 0.4); border-radius: 8px; overflow: hidden; display: flex; flex-direction: column;'>\n<div style='padding: 15px; border-bottom: 1px solid rgba(150&comma; 150&comma; 150&comma; 0.2); font-weight: bold; font-size: 18px; color: inherit;'>Compatibilidad<\/div>\n<div style='padding: 15px; color: inherit;'>\n<ul style='padding-left: 20px; margin: 0; font-size: 14px; list-style-type: disc;'>\n<li style='margin-bottom: 5px;'>Compatible con sensores 705&comma; 705HT&comma; Sensepoint&comma; Sensepoint HT y MPD<\/li>\n<li style='margin-bottom: 5px;'>Funciona con controladores de monitoreo de gas o PLC est\u00e1ndar<\/li>\n<li style='margin-bottom: 5px;'>Interfaz con PLC y dispositivos de protocolo comunes<\/li>\n<li style='margin-bottom: 5px;'>Soporta protocolo HART 6.0<\/li>\n<li style='margin-bottom: 5px;'>Opci\u00f3n de comunicaci\u00f3n Modbus RTU<\/li>\n<\/ul><\/div>\n<\/p><\/div>\n<p> <!-- Secci\u00f3n de instalaci\u00f3n --> <\/p>\n<div style='flex: 1 1 250px; border: 1px solid rgba(150&comma; 150&comma; 150&comma; 0.4); border-radius: 8px; overflow: hidden; display: flex; flex-direction: column;'>\n<div style='padding: 15px; border-bottom: 1px solid rgba(150&comma; 150&comma; 150&comma; 0.2); font-weight: bold; font-size: 18px; color: inherit;'>Instalaci\u00f3n<\/div>\n<div style='padding: 15px; color: inherit;'>\n<ul style='padding-left: 20px; margin: 0; font-size: 14px; list-style-type: disc;'>\n<li style='margin-bottom: 5px;'>Funcionamiento con 3 o 4 cables<\/li>\n<li style='margin-bottom: 5px;'>Instalaci\u00f3n en conductos o cables<\/li>\n<li style='margin-bottom: 5px;'>Sensores de conexi\u00f3n sencilla<\/li>\n<li style='margin-bottom: 5px;'>Montaje en tubos de 2 a 6 in o en cielorrasos<\/li>\n<li style='margin-bottom: 5px;'>Terminaciones enchufables con tornillos de sujeci\u00f3n<\/li>\n<\/ul><\/div>\n<\/p><\/div>\n<p> <!-- Secci\u00f3n de opciones --> <\/p>\n<div style='flex: 1 1 250px; border: 1px solid rgba(150&comma; 150&comma; 150&comma; 0.4); border-radius: 8px; overflow: hidden; display: flex; flex-direction: column;'>\n<div style='padding: 15px; border-bottom: 1px solid rgba(150&comma; 150&comma; 150&comma; 0.2); font-weight: bold; font-size: 18px; color: inherit;'>Opciones<\/div>\n<div style='padding: 15px; color: inherit;'>\n<ul style='padding-left: 20px; margin: 0; font-size: 14px; list-style-type: disc;'>\n<li style='margin-bottom: 5px;'>Opci\u00f3n de 3 rel\u00e9s SPDT (2 alarmas&comma; 1 falla)<\/li>\n<li style='margin-bottom: 5px;'>250 V CA&comma; 5 A<\/li>\n<li style='margin-bottom: 5px;'>24 V CC&comma; 5 A (resistivo)<\/li>\n<li style='margin-bottom: 5px;'>Entrada de restablecimiento externo<\/li>\n<li style='margin-bottom: 5px;'>Opci\u00f3n Modbus: Protocolo RTU<\/li>\n<\/ul><\/div>\n<\/p><\/div>\n<\/p><\/div>\n<p> <!-- Separador --> <\/p>\n<hr style='border: 0; border-top: 1px solid rgba(150&comma; 150&comma; 150&comma; 0.3); margin: 30px 0;'> <!-- Secci\u00f3n de datos del sensor --> <\/p>\n<div style='display: flex; flex-wrap: wrap; gap: 30px;'>\n<div style='flex: 1 1 300px; min-width: 280px;'>\n<h3 style='font-size: 22px; border-bottom: 2px solid currentColor; padding-bottom: 5px; margin-top: 0; color: inherit; opacity: 0.8;'>Datos del Sensor<\/h3>\n<ul style='padding-left: 20px; font-size: 15px; color: inherit;'>\n<li style='margin-bottom: 5px;'><strong>Amon\u00edaco (NH3):<\/strong> Rango de 50 a 200 ppm (Low) y 200 a 1000 ppm (High)<\/li>\n<li style='margin-bottom: 5px;'><strong>Resoluci\u00f3n:<\/strong> 20 ppm (Low) y 30 ppm (High)<\/li>\n<li style='margin-bottom: 5px;'><strong>L\u00edmite de alarma:<\/strong> 6 ppm (Low) y 30 ppm (High)<\/li>\n<li style='margin-bottom: 5px;'><strong>Temperatura de operaci\u00f3n:<\/strong> -20 \u00b0C a 50 \u00b0C (Low) y -20 \u00b0C a 40 \u00b0C (High)<\/li>\n<li style='margin-bottom: 5px;'><strong>Aplicaciones:<\/strong> Plataformas mar\u00edtimas&comma; refiner\u00edas&comma; plantas qu\u00edmicas&comma; entre otras<\/li>\n<\/ul><\/div>\n<p> <!-- Secci\u00f3n de beneficios --> <\/p>\n<div style='flex: 1 1 300px; min-width: 280px;'>\n<h3 style='font-size: 22px; border-bottom: 2px solid currentColor; padding-bottom: 5px; margin-top: 0; color: inherit; opacity: 0.8;'>Beneficios<\/h3>\n<ul style='padding-left: 20px; font-size: 15px; color: inherit;'>\n<li style='margin-bottom: 5px;'>Dise\u00f1o modular para f\u00e1cil mantenimiento<\/li>\n<li style='margin-bottom: 5px;'>Bajo requerimiento de capacitaci\u00f3n<\/li>\n<li style='margin-bottom: 5px;'>Operaci\u00f3n de un solo hombre<\/li>\n<li style='margin-bottom: 5px;'>Sensor enchufable y reemplazable<\/li>\n<li style='margin-bottom: 5px;'>Todas las herramientas necesarias incluidas<\/li>\n<li style='margin-bottom: 5px;'>Integraci\u00f3n flexible con sistemas existentes<\/li>\n<li style='margin-bottom: 5px;'>Instalaci\u00f3n simple y r\u00e1pida<\/li>\n<\/ul><\/div>\n<\/p><\/div>\n<\/p><\/div>\n","protected":false},"excerpt":{"rendered":"<p>Cilindro De Calibraci\u00f3n De Amoniaco NH3\/Air, Concentraci\u00f3n 100 ppm, Capacidad 58 L, Dimensiones 5\/8&#8243; x 18&#8243; Para Serie XNX\/XCD\/S3K Gases T\u00f3xicos<\/p>\n","protected":false},"featured_media":35487,"comment_status":"open","ping_status":"closed","template":"","meta":[],"product_brand":[],"product_cat":[987],"product_tag":[988,522,1014],"class_list":{"0":"post-35488","1":"product","2":"type-product","3":"status-publish","4":"has-post-thumbnail","6":"product_cat-detectores-de-gases","7":"product_tag-detectores-de-gases","8":"product_tag-dispositivos-convencionales","9":"product_tag-honeywell-analytics","11":"first","12":"outofstock","13":"sale","14":"shipping-taxable","15":"purchasable","16":"product-type-simple"},"_links":{"self":[{"href":"https:\/\/soydeaqui.ddns.net\/pachuca\/index.php\/wp-json\/wp\/v2\/product\/35488","targetHints":{"allow":["GET"]}}],"collection":[{"href":"https:\/\/soydeaqui.ddns.net\/pachuca\/index.php\/wp-json\/wp\/v2\/product"}],"about":[{"href":"https:\/\/soydeaqui.ddns.net\/pachuca\/index.php\/wp-json\/wp\/v2\/types\/product"}],"replies":[{"embeddable":true,"href":"https:\/\/soydeaqui.ddns.net\/pachuca\/index.php\/wp-json\/wp\/v2\/comments?post=35488"}],"wp:featuredmedia":[{"embeddable":true,"href":"https:\/\/soydeaqui.ddns.net\/pachuca\/index.php\/wp-json\/wp\/v2\/media\/35487"}],"wp:attachment":[{"href":"https:\/\/soydeaqui.ddns.net\/pachuca\/index.php\/wp-json\/wp\/v2\/media?parent=35488"}],"wp:term":[{"taxonomy":"product_brand","embeddable":true,"href":"https:\/\/soydeaqui.ddns.net\/pachuca\/index.php\/wp-json\/wp\/v2\/product_brand?post=35488"},{"taxonomy":"product_cat","embeddable":true,"href":"https:\/\/soydeaqui.ddns.net\/pachuca\/index.php\/wp-json\/wp\/v2\/product_cat?post=35488"},{"taxonomy":"product_tag","embeddable":true,"href":"https:\/\/soydeaqui.ddns.net\/pachuca\/index.php\/wp-json\/wp\/v2\/product_tag?post=35488"}],"curies":[{"name":"wp","href":"https:\/\/api.w.org\/{rel}","templated":true}]}}