{"id":35484,"date":"2026-03-18T15:45:29","date_gmt":"2026-03-18T15:45:29","guid":{"rendered":"https:\/\/soydeaqui.ddns.net\/pachuca\/index.php\/producto\/detector-industrial-de-gas-con-sensor-ec-de-dioxido-de-nitrogeno-no2-0-10-ppm-salida-4-20-ma-certificacion-ul-c-ul-inmetro-entradas-2x3-4-npt-carcasa-pintado-de-aluminio-grado-marino-protecci\/"},"modified":"2026-03-18T15:45:30","modified_gmt":"2026-03-18T15:45:30","slug":"detector-industrial-de-gas-con-sensor-ec-de-dioxido-de-nitrogeno-no2-0-10-ppm-salida-4-20-ma-certificacion-ul-c-ul-inmetro-entradas-2x3-4-npt-carcasa-pintado-de-aluminio-grado-marino-protecci","status":"publish","type":"product","link":"https:\/\/soydeaqui.ddns.net\/pachuca\/index.php\/producto\/detector-industrial-de-gas-con-sensor-ec-de-dioxido-de-nitrogeno-no2-0-10-ppm-salida-4-20-ma-certificacion-ul-c-ul-inmetro-entradas-2x3-4-npt-carcasa-pintado-de-aluminio-grado-marino-protecci\/","title":{"rendered":"Detector Industrial De Gas, Con Sensor EC De Di\u00f3xido De Nitr\u00f3geno (NO2) 0-10 ppm, Salida 4-20 mA, Certificaci\u00f3n UL\/c-UL\/INMETRO, Entradas 2&#215;3\/4&#8243; NPT, Carcasa Pintado De Aluminio Grado Marino, Protecci\u00f3n Contra Intemperie D"},"content":{"rendered":"<div style='width: 100%; max-width: 1200px; margin: 0 auto; font-family: sans-serif; line-height: 1.6; color: inherit; background-color: transparent;'>\n<div style='margin-bottom: 30px;'>\n<div style='font-size: 15px; color: inherit; margin-bottom: 15px;'>Detector de gas XCD&comma; salida de 4 a 20 mA&comma; UL\/c-UL\/INMETRO&comma; 2 entradas NPT de 3\/4&#8217;&comma; pintado AL de grado marino pintado&comma; incluye cartucho de sensor EC de di\u00f3xido de nitr\u00f3geno de 0 a 10 ppm&comma; FSD seleccionable por el usuario entre 10 y 50 ppm (resoluci\u00f3n de 5 ppm)&comma; incluye protecci\u00f3n contra la intemperie de nailon<\/div>\n<\/p><\/div>\n<div style='margin-bottom: 30px;'>\n<h2 style='font-size: 26px; margin-top: 0; margin-bottom: 20px; color: inherit; opacity: 0.9;'>Descripci\u00f3n General<\/h2>\n<div style='margin-bottom: 20px;'>\n<p style='font-size: 16px; margin-bottom: 15px;'>El Sensepoint XCD ofrece monitoreo integral de riesgos de gases inflamables&comma; t\u00f3xicos y de ox\u00edgeno en atm\u00f3sferas potencialmente explosivas&comma; tanto en interiores como en exteriores. Los usuarios pueden modificar la operaci\u00f3n del detector usando el LCD y los interruptores magn\u00e9ticos sin la necesidad de abrir la unidad&comma; permitiendo una operaci\u00f3n no intrusiva por una sola persona y reduciendo as\u00ed el tiempo y costos de mantenimiento rutinario.<\/p>\n<p style='font-size: 16px; margin-bottom: 0;'>Con su pantalla LCD retroiluminada de tres colores&comma; el estado de la unidad puede identificar claramente los estados operacionales&comma; minimizando los tiempos de inactividad con sensores enchufables y reduciendo costos continuos a trav\u00e9s del uso de sensores resistentes a venenos.<\/p>\n<\/p><\/div>\n<\/p><\/div>\n<div style='margin-bottom: 30px;'>\n<h2 style='font-size: 24px; margin-top: 0; margin-bottom: 20px; color: inherit; opacity: 0.85;'>Caracter\u00edsticas Principales<\/h2>\n<div style='display: flex; flex-wrap: wrap; gap: 20px; margin-bottom: 30px;'>\n<div style='flex: 1 1 250px; border: 1px solid rgba(150&comma; 150&comma; 150&comma; 0.4); border-radius: 8px; overflow: hidden; display: flex; flex-direction: column;'>\n<div style='padding: 15px; border-bottom: 1px solid rgba(150&comma; 150&comma; 150&comma; 0.2); font-weight: bold; font-size: 18px; color: inherit;'>Especificaciones T\u00e9cnicas<\/div>\n<div style='padding: 15px; color: inherit;'>\n<ul style='padding-left: 20px; margin: 0; font-size: 14px; list-style-type: disc; color: inherit;'>\n<li style='margin-bottom: 5px;'>Detector para gases inflamables&comma; t\u00f3xicos y ox\u00edgeno.<\/li>\n<li style='margin-bottom: 5px;'>Pantalla LCD retroiluminada tricolor.<\/li>\n<li style='margin-bottom: 5px;'>Dos rel\u00e9s de alarma programables y un rel\u00e9 de falla programable.<\/li>\n<li style='margin-bottom: 5px;'>Salida est\u00e1ndar de la industria de 4-20mA y MODBUS.<\/li>\n<li style='margin-bottom: 0;'>Accesorios opcionales disponibles para montajes espec\u00edficos.<\/li>\n<\/ul><\/div>\n<\/p><\/div>\n<\/p><\/div>\n<div style='flex: 1 1 250px; border: 1px solid rgba(150&comma; 150&comma; 150&comma; 0.4); border-radius: 8px; overflow: hidden; display: flex; flex-direction: column;'>\n<div style='padding: 15px; border-bottom: 1px solid rgba(150&comma; 150&comma; 150&comma; 0.2); font-weight: bold; font-size: 18px; color: inherit;'>Beneficios<\/div>\n<div style='padding: 15px; color: inherit;'>\n<ul style='padding-left: 20px; margin: 0; font-size: 14px; list-style-type: disc; color: inherit;'>\n<li style='margin-bottom: 5px;'>Operaci\u00f3n no intrusiva y econ\u00f3mica.<\/li>\n<li style='margin-bottom: 5px;'>Compatible con sensores enchufables para reducir tiempos de inactividad.<\/li>\n<li style='margin-bottom: 5px;'>Dise\u00f1o para minimizar los costos continuos y asegurar un bajo mantenimiento.<\/li>\n<li style='margin-bottom: 0;'>Permite la configuraci\u00f3n completa a trav\u00e9s de interruptores magn\u00e9ticos.<\/li>\n<\/ul><\/div>\n<\/p><\/div>\n<\/p><\/div>\n<\/p><\/div>\n<\/p><\/div>\n<div style='margin-bottom: 30px;'>\n<h2 style='font-size: 24px; margin-top: 0; margin-bottom: 20px; color: inherit; opacity: 0.85;'>Aplicaciones<\/h2>\n<div style='display: grid; grid-template-columns: repeat(auto-fit&comma; minmax(250px&comma; 1fr)); gap: 20px;'>\n<div style='border: 1px solid rgba(150&comma; 150&comma; 150&comma; 0.4); border-radius: 8px; overflow: hidden; padding: 15px; background-color: rgba(255&comma; 255&comma; 255&comma; 0.05);'>\n<p style='margin: 0; font-size: 14px; color: inherit;'>Instalaciones industriales&comma; plantas de energ\u00eda&comma; refiner\u00edas&comma; plataformas de producci\u00f3n y m\u00e1s.<\/p>\n<\/p><\/div>\n<div style='border: 1px solid rgba(150&comma; 150&comma; 150&comma; 0.4); border-radius: 8px; overflow: hidden; padding: 15px; background-color: rgba(255&comma; 255&comma; 255&comma; 0.05);'>\n<p style='margin: 0; font-size: 14px; color: inherit;'>Plantas de tratamiento de aguas residuales&comma; producci\u00f3n de alimentos y bebidas.<\/p>\n<\/p><\/div>\n<div style='border: 1px solid rgba(150&comma; 150&comma; 150&comma; 0.4); border-radius: 8px; overflow: hidden; padding: 15px; background-color: rgba(255&comma; 255&comma; 255&comma; 0.05);'>\n<p style='margin: 0; font-size: 14px; color: inherit;'>Estaciones de exploraci\u00f3n y perforaci\u00f3n&comma; instalaciones de almacenamiento de materias primas.<\/p>\n<\/p><\/div>\n<\/p><\/div>\n<\/p><\/div>\n<hr style='border: 0; border-top: 1px solid rgba(150&comma; 150&comma; 150&comma; 0.3); margin: 30px 0;'> <\/div>\n","protected":false},"excerpt":{"rendered":"<p>Detector Industrial De Gas, Con Sensor EC De Di\u00f3xido De Nitr\u00f3geno (NO2) 0-10 ppm, Salida 4-20 mA, Certificaci\u00f3n UL\/c-UL\/INMETRO, Entradas 2&#215;3\/4&#8243; NPT, Carcasa Pintado De Aluminio Grado Marino, Protecci\u00f3n Contra Intemperie D<\/p>\n","protected":false},"featured_media":35483,"comment_status":"open","ping_status":"closed","template":"","meta":[],"product_brand":[],"product_cat":[987],"product_tag":[988,522,1014],"class_list":{"0":"post-35484","1":"product","2":"type-product","3":"status-publish","4":"has-post-thumbnail","6":"product_cat-detectores-de-gases","7":"product_tag-detectores-de-gases","8":"product_tag-dispositivos-convencionales","9":"product_tag-honeywell-analytics","11":"first","12":"outofstock","13":"sale","14":"shipping-taxable","15":"purchasable","16":"product-type-simple"},"_links":{"self":[{"href":"https:\/\/soydeaqui.ddns.net\/pachuca\/index.php\/wp-json\/wp\/v2\/product\/35484","targetHints":{"allow":["GET"]}}],"collection":[{"href":"https:\/\/soydeaqui.ddns.net\/pachuca\/index.php\/wp-json\/wp\/v2\/product"}],"about":[{"href":"https:\/\/soydeaqui.ddns.net\/pachuca\/index.php\/wp-json\/wp\/v2\/types\/product"}],"replies":[{"embeddable":true,"href":"https:\/\/soydeaqui.ddns.net\/pachuca\/index.php\/wp-json\/wp\/v2\/comments?post=35484"}],"wp:featuredmedia":[{"embeddable":true,"href":"https:\/\/soydeaqui.ddns.net\/pachuca\/index.php\/wp-json\/wp\/v2\/media\/35483"}],"wp:attachment":[{"href":"https:\/\/soydeaqui.ddns.net\/pachuca\/index.php\/wp-json\/wp\/v2\/media?parent=35484"}],"wp:term":[{"taxonomy":"product_brand","embeddable":true,"href":"https:\/\/soydeaqui.ddns.net\/pachuca\/index.php\/wp-json\/wp\/v2\/product_brand?post=35484"},{"taxonomy":"product_cat","embeddable":true,"href":"https:\/\/soydeaqui.ddns.net\/pachuca\/index.php\/wp-json\/wp\/v2\/product_cat?post=35484"},{"taxonomy":"product_tag","embeddable":true,"href":"https:\/\/soydeaqui.ddns.net\/pachuca\/index.php\/wp-json\/wp\/v2\/product_tag?post=35484"}],"curies":[{"name":"wp","href":"https:\/\/api.w.org\/{rel}","templated":true}]}}