{"id":35481,"date":"2026-03-18T15:45:25","date_gmt":"2026-03-18T15:45:25","guid":{"rendered":"https:\/\/soydeaqui.ddns.net\/pachuca\/index.php\/producto\/detector-industrial-de-gas-con-sensor-infrarrojo-de-dioxido-de-carbono-co2-0-a-20-v-v-salida-4-20-ma-certificacion-ul-c-ul-inmetro-entradas-2x3-4-npt-carcasa-pintado-de-aluminio-grado-marino\/"},"modified":"2026-03-18T15:45:27","modified_gmt":"2026-03-18T15:45:27","slug":"detector-industrial-de-gas-con-sensor-infrarrojo-de-dioxido-de-carbono-co2-0-a-20-v-v-salida-4-20-ma-certificacion-ul-c-ul-inmetro-entradas-2x3-4-npt-carcasa-pintado-de-aluminio-grado-marino","status":"publish","type":"product","link":"https:\/\/soydeaqui.ddns.net\/pachuca\/index.php\/producto\/detector-industrial-de-gas-con-sensor-infrarrojo-de-dioxido-de-carbono-co2-0-a-20-v-v-salida-4-20-ma-certificacion-ul-c-ul-inmetro-entradas-2x3-4-npt-carcasa-pintado-de-aluminio-grado-marino\/","title":{"rendered":"Detector Industrial De Gas, Con Sensor Infrarrojo De Di\u00f3xido De Carbono (CO2) 0 a 2,0 % v\/v, Salida 4-20 mA, Certificaci\u00f3n UL\/c-UL\/INMETRO, Entradas 2&#215;3\/4&#8243; NPT, Carcasa Pintado De Aluminio Grado Marino, Protecci\u00f3n Contra Intemper"},"content":{"rendered":"<div style='width: 100%; max-width: 1200px; margin: 0 auto; font-family: sans-serif; line-height: 1.6; color: inherit; background-color: transparent;'>\n<div style='display: flex; flex-wrap: wrap; gap: 30px; margin-bottom: 30px;'>\n<div style='flex: 1 1 300px; min-width: 280px;'>\n<h3 style='font-size: 22px; border-bottom: 2px solid currentColor; padding-bottom: 5px; margin-top: 0; color: inherit; opacity: 0.8;'>Caracter\u00edsticas Principales<\/h3>\n<ul style='padding-left: 20px; font-size: 15px; color: inherit;'>\n<li style='margin-bottom: 5px;'>Detector de gas fijo con sensor infrarrojo de di\u00f3xido de carbono (CO2) 0 a 2&comma;0 % v\/v<\/li>\n<li style='margin-bottom: 5px;'>Salida 4-20 mA<\/li>\n<li style='margin-bottom: 5px;'>Certificaciones: UL\/c-UL\/INMETRO<\/li>\n<li style='margin-bottom: 5px;'>Entradas: 2&#215;3\/4&#8242; NPT<\/li>\n<li style='margin-bottom: 5px;'>Carcasa de aluminio grado marino con pintura ep\u00f3xica<\/li>\n<li style='margin-bottom: 5px;'>Protecci\u00f3n contra intemperie de nylon<\/li>\n<li style='margin-bottom: 5px;'>Rango de temperatura de funcionamiento: -40\u00b0C a +65\u00b0C<\/li>\n<li style='margin-bottom: 5px;'>Rango de humedad relativa: 0-90% RH (sin condensaci\u00f3n)<\/li>\n<\/ul><\/div>\n<div style='flex: 1 1 300px; min-width: 280px;'>\n<h3 style='font-size: 22px; border-bottom: 2px solid currentColor; padding-bottom: 5px; margin-top: 0; color: inherit; opacity: 0.8;'>Especificaciones T\u00e9cnicas<\/h3>\n<ul style='padding-left: 20px; font-size: 15px; color: inherit;'>\n<li style='margin-bottom: 5px;'>Alimentaci\u00f3n: 12-32 VDC (24 VDC nominal)<\/li>\n<li style='margin-bottom: 5px;'>Consumo m\u00e1ximo: 4.9 W (celda catal\u00edtica)<\/li>\n<li style='margin-bottom: 5px;'>Corriente de entrada m\u00e1xima: 800 mA a 24 VCC<\/li>\n<li style='margin-bottom: 5px;'>Clasificaci\u00f3n IP66<\/li>\n<li style='margin-bottom: 5px;'>Certificaci\u00f3n UL\/cUL Clase I&comma; Divisi\u00f3n 1 y 2&comma; Grupos B&comma; C y D<\/li>\n<li style='margin-bottom: 5px;'>Tres relevadores programables: 5 A a 250 VCA<\/li>\n<li style='margin-bottom: 5px;'>Peso: 2 kg (4.4 lb)<\/li>\n<li style='margin-bottom: 5px;'>Montaje: Placa integrada con 4 orificios para pernos M8<\/li>\n<\/ul><\/div>\n<\/p><\/div>\n<div style='display: flex; flex-wrap: wrap; gap: 20px; margin-bottom: 30px;'>\n<div style='flex: 1 1 250px; border: 1px solid rgba(150&comma; 150&comma; 150&comma; 0.4); border-radius: 8px; overflow: hidden; display: flex; flex-direction: column;'>\n<div style='padding: 15px; border-bottom: 1px solid rgba(150&comma; 150&comma; 150&comma; 0.2); font-weight: bold; font-size: 18px; color: inherit;'>Tecnolog\u00eda de Sensores<\/div>\n<div style='padding: 15px; color: inherit;'>\n<ul style='padding-left: 20px; margin: 0; font-size: 14px; list-style-type: disc;'>\n<li style='margin-bottom: 5px;'>Sensores electroqu\u00edmicos Surecell\u2122<\/li>\n<li style='margin-bottom: 5px;'>Sensores de gases inflamables resistentes a sustancias t\u00f3xicas<\/li>\n<li style='margin-bottom: 5px;'>Sensores de larga duraci\u00f3n<\/li>\n<li style='margin-bottom: 5px;'>Sensores infrarrojos (IR) para metano&comma; propano y di\u00f3xido de carbono<\/li>\n<li style='margin-bottom: 5px;'>Sensores electroqu\u00edmicos (EC) para ox\u00edgeno y gases t\u00f3xicos<\/li>\n<\/ul><\/div>\n<\/p><\/div>\n<div style='flex: 1 1 250px; border: 1px solid rgba(150&comma; 150&comma; 150&comma; 0.4); border-radius: 8px; overflow: hidden; display: flex; flex-direction: column;'>\n<div style='padding: 15px; border-bottom: 1px solid rgba(150&comma; 150&comma; 150&comma; 0.2); font-weight: bold; font-size: 18px; color: inherit;'>Certificaciones<\/div>\n<div style='padding: 15px; color: inherit;'>\n<ul style='padding-left: 20px; margin: 0; font-size: 14px; list-style-type: disc;'>\n<li style='margin-bottom: 5px;'>UL\/c-UL\/INMETRO<\/li>\n<li style='margin-bottom: 5px;'>ATEX<\/li>\n<li style='margin-bottom: 5px;'>IECEx<\/li>\n<li style='margin-bottom: 5px;'>KTL<\/li>\n<li style='margin-bottom: 5px;'>PA<\/li>\n<li style='margin-bottom: 5px;'>GB<\/li>\n<li style='margin-bottom: 5px;'>CCCF<\/li>\n<\/ul><\/div>\n<\/p><\/div>\n<div style='flex: 1 1 250px; border: 1px solid rgba(150&comma; 150&comma; 150&comma; 0.4); border-radius: 8px; overflow: hidden; display: flex; flex-direction: column;'>\n<div style='padding: 15px; border-bottom: 1px solid rgba(150&comma; 150&comma; 150&comma; 0.2); font-weight: bold; font-size: 18px; color: inherit;'>Accesorios Opcionales<\/div>\n<div style='padding: 15px; color: inherit;'>\n<ul style='padding-left: 20px; margin: 0; font-size: 14px; list-style-type: disc;'>\n<li style='margin-bottom: 5px;'>Protecci\u00f3n contra el sol y las inundaciones<\/li>\n<li style='margin-bottom: 5px;'>Kit de montaje en conductos<\/li>\n<li style='margin-bottom: 5px;'>C\u00e9lula de flujo para gas de calibraci\u00f3n<\/li>\n<li style='margin-bottom: 5px;'>Embudo recolector<\/li>\n<li style='margin-bottom: 5px;'>Kit de calibraci\u00f3n XCDCOMBKit<\/li>\n<\/ul><\/div>\n<\/p><\/div>\n<\/p><\/div>\n<div style='margin-bottom: 30px;'>\n<h3 style='font-size: 22px; border-bottom: 2px solid currentColor; padding-bottom: 5px; margin-top: 0; color: inherit; opacity: 0.8;'>Descripci\u00f3n Detallada<\/h3>\n<p style='margin-bottom: 15px; color: inherit; font-size: 15px;'>Sensepoint XCD simplifica el monitoreo y la detecci\u00f3n de gases peligrosos para cumplir con los est\u00e1ndares de seguridad y cumplimiento. Los sensores fijos Sensepoint XCD ofrecen un control completo de los riesgos de gases t\u00f3xicos e inflamables&comma; as\u00ed como de la deficiencia de ox\u00edgeno en atm\u00f3sferas potencialmente explosivas&comma; tanto en interiores como en exteriores.<\/p>\n<p style='margin-bottom: 15px; color: inherit; font-size: 15px;'>El XCD est\u00e1ndar es un detector de gas Ex d adecuado para su uso en entornos de zona 1 y est\u00e1 disponible en 3 versiones: inflamable&comma; ox\u00edgeno y t\u00f3xico. Cada uno se suministra con un cartucho de sensor de acero inoxidable preinstalado y completamente probado y calibrado listo para su instalaci\u00f3n. La configuraci\u00f3n y el control de la unidad se logra mediante el uso de un im\u00e1n que elimina la necesidad de abrir la unidad&comma; mientras que la pantalla tricolor retroiluminada proporciona una indicaci\u00f3n instant\u00e1nea del estado del detector de un vistazo.<\/p>\n<p style='margin-bottom: 15px; color: inherit; font-size: 15px;'>El detector Sensepoint XCD se puede utilizar en \u00e1reas peligrosas clasificadas como zona 1 o 2 para el \u00e1mbito internacional y en las \u00e1reas clasificadas como Clase I&comma; Divisi\u00f3n 1 y 2 para Norteam\u00e9rica. Incluye una pantalla y tres rel\u00e9s programables para controlar equipo externo como alarmas&comma; sirenas&comma; v\u00e1lvulas o conmutadores.<\/p>\n<\/p><\/div>\n<div style='display: flex; flex-wrap: wrap; gap: 20px; margin-bottom: 30px;'>\n<div style='flex: 1 1 250px; border: 1px solid rgba(150&comma; 150&comma; 150&comma; 0.4); border-radius: 8px; overflow: hidden; display: flex; flex-direction: column;'>\n<div style='padding: 15px; border-bottom: 1px solid rgba(150&comma; 150&comma; 150&comma; 0.2); font-weight: bold; font-size: 18px; color: inherit;'>Calibraci\u00f3n y Mantenimiento<\/div>\n<div style='padding: 15px; color: inherit;'>\n<p style='margin-bottom: 10px; font-size: 14px;'>Para su calibraci\u00f3n y puesta en marcha se requieren los siguientes equipos:<\/p>\n<ul style='padding-left: 20px; margin: 0; font-size: 14px; list-style-type: disc;'>\n<li style='margin-bottom: 5px;'><strong>XCDCOMBKit<\/strong>: Kit de calibraci\u00f3n para equipos XCD con sensor para gases combustibles<\/li>\n<li style='margin-bottom: 5px;'><strong>998-022-003<\/strong>: Cilindro de calibraci\u00f3n para hidr\u00f3geno (H2)&comma; balance aire&comma; concentraci\u00f3n a 50% LEL<\/li>\n<li style='margin-bottom: 5px;'><strong>998-023-001<\/strong>: Cilindro de calibraci\u00f3n aire cero&comma; concentraci\u00f3n de 20.9% V\/V con balance nitr\u00f3geno (N2)<\/li>\n<\/ul><\/div>\n<\/p><\/div>\n<div style='flex: 1 1 250px; border: 1px solid rgba(150&comma; 150&comma; 150&comma; 0.4); border-radius: 8px; overflow: hidden; display: flex; flex-direction: column;'>\n<div style='padding: 15px; border-bottom: 1px solid rgba(150&comma; 150&comma; 150&comma; 0.2); font-weight: bold; font-size: 18px; color: inherit;'>Aplicaciones<\/div>\n<div style='padding: 15px; color: inherit;'>\n<ul style='padding-left: 20px; margin: 0; font-size: 14px; list-style-type: disc;'>\n<li style='margin-bottom: 5px;'>Producci\u00f3n de gas y petr\u00f3leo<\/li>\n<li style='margin-bottom: 5px;'>Industria qu\u00edmica<\/li>\n<li style='margin-bottom: 5px;'>Industria alimentaria<\/li>\n<li style='margin-bottom: 5px;'>Industria de procesamiento de madera<\/li>\n<li style='margin-bottom: 5px;'>\u00c1reas clasificadas internacionalmente como zona 1 o 2<\/li>\n<li style='margin-bottom: 5px;'>\u00c1reas clasificadas en Norteam\u00e9rica como Clase I&comma; Divisi\u00f3n 1 y 2<\/li>\n<\/ul><\/div>\n<\/p><\/div>\n<\/p><\/div>\n<div style='margin-bottom: 30px;'>\n<h3 style='font-size: 22px; border-bottom: 2px solid currentColor; padding-bottom: 5px; margin-top: 0; color: inherit; opacity: 0.8;'>Caracter\u00edsticas de Operaci\u00f3n<\/h3>\n<ul style='padding-left: 20px; font-size: 15px; color: inherit;'>\n<li style='margin-bottom: 5px;'>Pantalla retroiluminada tricolor: verde para estado NORMAL&comma; amarillo para FALLA\/ADVERTENCIA&comma; rojo para ALARMA<\/li>\n<li style='margin-bottom: 5px;'>Configuraci\u00f3n mediante interruptores magn\u00e9ticos no intrusivos<\/li>\n<li style='margin-bottom: 5px;'>Salida anal\u00f3gica 4-20 mA (tipo SINK o SOURCE)<\/li>\n<li style='margin-bottom: 5px;'>Inhibici\u00f3n autom\u00e1tica durante mantenimiento<\/li>\n<li style='margin-bottom: 5px;'>Comunicaciones MODBUS opcionales para diagn\u00f3stico y configuraci\u00f3n remotos<\/li>\n<li style='margin-bottom: 5px;'>M\u00f3dulo de pantalla enchufable extra\u00edble<\/li>\n<li style='margin-bottom: 5px;'>Soporte de montaje integral<\/li>\n<li style='margin-bottom: 5px;'>Bloques de terminales enchufables extra\u00edbles<\/li>\n<li style='margin-bottom: 5px;'>Conmutador SINK\/SOURCE para topolog\u00eda de cableado<\/li>\n<\/ul><\/div>\n<div style='margin-bottom: 30px;'>\n<h3 style='font-size: 22px; border-bottom: 2px solid currentColor; padding-bottom: 5px; margin-top: 0; color: inherit; opacity: 0.8;'>Ventajas<\/h3>\n<ul style='padding-left: 20px; font-size: 15px; color: inherit;'>\n<li style='margin-bottom: 5px;'>Plataforma com\u00fan de transmisor<\/li>\n<li style='margin-bottom: 5px;'>Formaci\u00f3n m\u00ednima necesaria<\/li>\n<li style='margin-bottom: 5px;'>Menos repuestos<\/li>\n<li style='margin-bottom: 5px;'>Funcionamiento no intrusivo con un solo operario<\/li>\n<li style='margin-bottom: 5px;'>Sensor enchufable recambiable<\/li>\n<li style='margin-bottom: 5px;'>Menos cableado gracias a la opci\u00f3n MODBUS multipunto<\/li>\n<\/ul><\/div>\n<div style='margin-bottom: 30px;'>\n<h3 style='font-size: 22px; border-bottom: 2px solid currentColor; padding-bottom: 5px; margin-top: 0; color: inherit; opacity: 0.8;'>Videos de Referencia<\/h3>\n<div style='display: flex; flex-wrap: wrap; gap: 20px; margin-top: 20px;'>\n<div style='flex: 1 1 560px; min-width: 300px;'>\n<div style='position: relative; padding-bottom: 56.25%; height: 0; overflow: hidden;'>   <\/div>\n<p style='text-align: center; margin-top: 10px; font-size: 14px; color: inherit;'>Introducci\u00f3n al Sensepoint XCD<\/p>\n<\/p><\/div>\n<div style='flex: 1 1 560px; min-width: 300px;'>\n<div style='position: relative; padding-bottom: 56.25%; height: 0; overflow: hidden;'>   <\/div>\n<p style='text-align: center; margin-top: 10px; font-size: 14px; color: inherit;'>Operaci\u00f3n y Configuraci\u00f3n del Sensepoint XCD<\/p>\n<\/p><\/div>\n<div style='flex: 1 1 560px; min-width: 300px;'>\n<div style='position: relative; padding-bottom: 56.25%; height: 0; overflow: hidden;'>   <\/div>\n<p style='text-align: center; margin-top: 10px; font-size: 14px; color: inherit;'>Posicionamiento&comma; Instalaci\u00f3n y Conexiones<\/p>\n<\/p><\/div>\n<div style='flex: 1 1 560px; min-width: 300px;'>\n<div style='position: relative; padding-bottom: 56.25%; height: 0; overflow: hidden;'>   <\/div>\n<p style='text-align: center; margin-top: 10px; font-size: 14px; color: inherit;'>Calibraci\u00f3n y Mantenimiento del Sensepoint XCD<\/p>\n<\/p><\/div>\n<\/p><\/div>\n<\/p><\/div>\n<hr style='border: 0; border-top: 1px solid rgba(150&comma; 150&comma; 150&comma; 0.3); margin: 30px 0;'>\n<div style='margin-bottom: 30px;'>\n<h3 style='font-size: 22px; border-bottom: 2px solid currentColor; padding-bottom: 5px; margin-top: 0; color: inherit; opacity: 0.8;'>Aplicaciones y Entornos<\/h3>\n<p style='margin-bottom: 15px; color: inherit; font-size: 15px;'>La gama Sensepoint XCD proporciona una supervisi\u00f3n completa de los riesgos derivados de la presencia de gases inflamables&comma; t\u00f3xicos y de ox\u00edgeno en atm\u00f3sferas potencialmente explosivas&comma; tanto en interiores como en exteriores. Los usuarios pueden modificar el funcionamiento del detector mediante la pantalla y los interruptores magn\u00e9ticos sin tener que abrir la unidad&comma; lo que permite que una sola persona opere los sensores de forma no intrusiva y reduce los costes y el tiempo del mantenimiento regular.<\/p>\n<p style='margin-bottom: 15px; color: inherit; font-size: 15px;'>El detector Sensepoint XCD se puede utilizar en condiciones de temperatura entre -40\u00b0C a +65\u00b0C y de humedad relativa entre 0-90% RH (sin condensaci\u00f3n). El dise\u00f1o del detector permite su uso en entornos industriales exigentes donde se requiere monitoreo continuo y confiable de gases.<\/p>\n<\/p><\/div>\n<div style='margin-bottom: 30px;'>\n<h3 style='font-size: 22px; border-bottom: 2px solid currentColor; padding-bottom: 5px; margin-top: 0; color: inherit; opacity: 0.8;'>Informaci\u00f3n Adicional<\/h3>\n<ul style='padding-left: 20px; font-size: 15px; color: inherit;'>\n<li style='margin-bottom: 5px;'>Versi\u00f3n est\u00e1ndar con sensor catal\u00edtico de 0 a 100 %LEL<\/li>\n<li style='margin-bottom: 5px;'>Versi\u00f3n disponible con interfaz Modbus opcional<\/li>\n<li style='margin-bottom: 5px;'>Sensor fabricado en acero inoxidable 316<\/li>\n<li style='margin-bottom: 5px;'>Tornillos de montaje incluidos<\/li>\n<li style='margin-bottom: 5px;'>Tap\u00f3n obturador adecuado para uso con una sola entrada<\/li>\n<li style='margin-bottom: 5px;'>Disponible en opciones de carcasa antideflagrante en acero inoxidable o aluminio<\/li>\n<\/ul><\/div>\n<\/p><\/div>\n","protected":false},"excerpt":{"rendered":"<p>Detector Industrial De Gas, Con Sensor Infrarrojo De Di\u00f3xido De Carbono (CO2) 0 a 2,0 % v\/v, Salida 4-20 mA, Certificaci\u00f3n UL\/c-UL\/INMETRO, Entradas 2&#215;3\/4&#8243; NPT, Carcasa Pintado De Aluminio Grado Marino, Protecci\u00f3n Contra Intemper<\/p>\n","protected":false},"featured_media":35480,"comment_status":"open","ping_status":"closed","template":"","meta":[],"product_brand":[],"product_cat":[987],"product_tag":[988,522,1014],"class_list":{"0":"post-35481","1":"product","2":"type-product","3":"status-publish","4":"has-post-thumbnail","6":"product_cat-detectores-de-gases","7":"product_tag-detectores-de-gases","8":"product_tag-dispositivos-convencionales","9":"product_tag-honeywell-analytics","11":"first","12":"outofstock","13":"sale","14":"shipping-taxable","15":"purchasable","16":"product-type-simple"},"_links":{"self":[{"href":"https:\/\/soydeaqui.ddns.net\/pachuca\/index.php\/wp-json\/wp\/v2\/product\/35481","targetHints":{"allow":["GET"]}}],"collection":[{"href":"https:\/\/soydeaqui.ddns.net\/pachuca\/index.php\/wp-json\/wp\/v2\/product"}],"about":[{"href":"https:\/\/soydeaqui.ddns.net\/pachuca\/index.php\/wp-json\/wp\/v2\/types\/product"}],"replies":[{"embeddable":true,"href":"https:\/\/soydeaqui.ddns.net\/pachuca\/index.php\/wp-json\/wp\/v2\/comments?post=35481"}],"wp:featuredmedia":[{"embeddable":true,"href":"https:\/\/soydeaqui.ddns.net\/pachuca\/index.php\/wp-json\/wp\/v2\/media\/35480"}],"wp:attachment":[{"href":"https:\/\/soydeaqui.ddns.net\/pachuca\/index.php\/wp-json\/wp\/v2\/media?parent=35481"}],"wp:term":[{"taxonomy":"product_brand","embeddable":true,"href":"https:\/\/soydeaqui.ddns.net\/pachuca\/index.php\/wp-json\/wp\/v2\/product_brand?post=35481"},{"taxonomy":"product_cat","embeddable":true,"href":"https:\/\/soydeaqui.ddns.net\/pachuca\/index.php\/wp-json\/wp\/v2\/product_cat?post=35481"},{"taxonomy":"product_tag","embeddable":true,"href":"https:\/\/soydeaqui.ddns.net\/pachuca\/index.php\/wp-json\/wp\/v2\/product_tag?post=35481"}],"curies":[{"name":"wp","href":"https:\/\/api.w.org\/{rel}","templated":true}]}}