{"id":35475,"date":"2026-03-18T15:45:17","date_gmt":"2026-03-18T15:45:17","guid":{"rendered":"https:\/\/soydeaqui.ddns.net\/pachuca\/index.php\/producto\/detector-de-flama-multi-espectro-dual-ir-uv-tecnologia-avanzada-aluminio-libre-de-cobre-entradas-2xm25-certificaciones-fm-cfm-atex-iecex-para-clase-i-zona-1\/"},"modified":"2026-03-18T15:45:18","modified_gmt":"2026-03-18T15:45:18","slug":"detector-de-flama-multi-espectro-dual-ir-uv-tecnologia-avanzada-aluminio-libre-de-cobre-entradas-2xm25-certificaciones-fm-cfm-atex-iecex-para-clase-i-zona-1","status":"publish","type":"product","link":"https:\/\/soydeaqui.ddns.net\/pachuca\/index.php\/producto\/detector-de-flama-multi-espectro-dual-ir-uv-tecnologia-avanzada-aluminio-libre-de-cobre-entradas-2xm25-certificaciones-fm-cfm-atex-iecex-para-clase-i-zona-1\/","title":{"rendered":"Detector De Flama Multi-Espectro Dual IR\/UV, Tecnolog\u00eda Avanzada, Aluminio Libre de Cobre,  Entradas 2xM25, Certificaciones FM, cFM, ATEX IECEx Para Clase I, Zona 1"},"content":{"rendered":"<div style='width: 100%; max-width: 1200px; margin: 0 auto; font-family: sans-serif; line-height: 1.6; color: inherit; background-color: transparent;'>\n<div style='display: flex; flex-wrap: wrap; gap: 30px; margin-bottom: 30px;'>\n<div style='flex: 1 1 300px; min-width: 280px;'>\n<h3 style='font-size: 22px; border-bottom: 2px solid currentColor; padding-bottom: 5px; margin-top: 0; color: inherit; opacity: 0.8;'>Caracter\u00edsticas t\u00e9cnicas<\/h3>\n<ul style='padding-left: 20px; font-size: 15px; color: inherit;'>\n<li style='margin-bottom: 5px;'><strong>Tecnolog\u00eda:<\/strong> Dual UV\/IR con WideBand IR\u2122 y sensor de espectro visible<\/li>\n<li style='margin-bottom: 5px;'><strong>\u00c1ngulo de visi\u00f3n:<\/strong> 90\u00b0 horizontal<\/li>\n<li style='margin-bottom: 5px;'><strong>Carcasa:<\/strong> Aluminio libre de cobre<\/li>\n<li style='margin-bottom: 5px;'><strong>Entradas:<\/strong> 2x \u00be&#8217; NPT<\/li>\n<li style='margin-bottom: 5px;'><strong>Salida:<\/strong> 4-20 mA&comma; relevadores y protocolo ModBus RS-485<\/li>\n<li style='margin-bottom: 5px;'><strong>Certificaciones:<\/strong> FM&comma; cFM&comma; ATEX&comma; IECEx<\/li>\n<li style='margin-bottom: 5px;'><strong>Clase:<\/strong> I&comma; Divisi\u00f3n 1 &#038; 2&comma; Grupos B&comma; C&comma; D; Clase II&comma; Divisi\u00f3n 1 &#038; 2&comma; Grupos E&comma; F&comma; G; Clase III<\/li>\n<li style='margin-bottom: 5px;'><strong>Rango de temperatura:<\/strong> -40\u00b0 a 85\u00b0C<\/li>\n<li style='margin-bottom: 5px;'><strong>Grado de protecci\u00f3n:<\/strong> IP66&comma; 4X y NEMA 4<\/li>\n<li style='margin-bottom: 5px;'><strong>Peso:<\/strong> 1.6 kg (3.6 lb)<\/li>\n<\/ul><\/div>\n<div style='flex: 1 1 300px; min-width: 280px;'>\n<h3 style='font-size: 22px; border-bottom: 2px solid currentColor; padding-bottom: 5px; margin-top: 0; color: inherit; opacity: 0.8;'>Especificaciones detalladas<\/h3>\n<ul style='padding-left: 20px; font-size: 15px; color: inherit;'>\n<li style='margin-bottom: 5px;'><strong>Rango de sensibilidad:<\/strong> Muy alta (60 m)&comma; Alta (45 m)&comma; Media (30 m)&comma; Baja (15 m)<\/li>\n<li style='margin-bottom: 5px;'><strong>Tiempo de respuesta:<\/strong> 3-5 segundos para fuego de 0.1 m\u00b2 a 30 m<\/li>\n<li style='margin-bottom: 5px;'><strong>Sensibilidad espectral:<\/strong> UV (185-260 nm)&comma; Visible (400-700 nm)&comma; IR cercano (0.7-1.1 \u03bcm)&comma; IR banda ancha (1.1-3.5 \u03bcm)<\/li>\n<li style='margin-bottom: 5px;'><strong>Indicaciones visuales:<\/strong> LED verde (Alimentaci\u00f3n)&comma; rojo (Alarma)&comma; amarillo (Fallo)<\/li>\n<li style='margin-bottom: 5px;'><strong>Humedad:<\/strong> 5-98% RH sin condensaci\u00f3n<\/li>\n<\/ul><\/div>\n<\/p><\/div>\n<div style='display: flex; flex-wrap: wrap; gap: 20px; margin-bottom: 30px;'>\n<div style='flex: 1 1 250px; border: 1px solid rgba(150&comma; 150&comma; 150&comma; 0.4); border-radius: 8px; overflow: hidden; display: flex; flex-direction: column;'>\n<div style='padding: 15px; border-bottom: 1px solid rgba(150&comma; 150&comma; 150&comma; 0.2); font-weight: bold; font-size: 18px; color: inherit;'>Tecnolog\u00eda avanzada<\/div>\n<div style='padding: 15px; color: inherit;'>\n<ul style='padding-left: 20px; margin: 0; font-size: 14px; list-style-type: disc;'>\n<li style='margin-bottom: 5px;'>Infrarrojo WideBand IR\u2122 patentado combinado con ultravioleta<\/li>\n<li style='margin-bottom: 5px;'>Sensor del espectro visible para \u00f3ptima eliminaci\u00f3n de falsas alarmas<\/li>\n<li style='margin-bottom: 5px;'>An\u00e1lisis Electronic Frequency Analysis\u2122 patentado<\/li>\n<li style='margin-bottom: 5px;'>Cono de visi\u00f3n 100% completo de 90\u00b0 ciego a la luz solar<\/li>\n<li style='margin-bottom: 5px;'>Microprocesadores duales para desempe\u00f1o confiable<\/li>\n<\/ul><\/div>\n<\/p><\/div>\n<div style='flex: 1 1 250px; border: 1px solid rgba(150&comma; 150&comma; 150&comma; 0.4); border-radius: 8px; overflow: hidden; display: flex; flex-direction: column;'>\n<div style='padding: 15px; border-bottom: 1px solid rgba(150&comma; 150&comma; 150&comma; 0.2); font-weight: bold; font-size: 18px; color: inherit;'>Funcionalidades<\/div>\n<div style='padding: 15px; color: inherit;'>\n<ul style='padding-left: 20px; margin: 0; font-size: 14px; list-style-type: disc;'>\n<li style='margin-bottom: 5px;'>FirePic\u2122: Almacenamiento de datos de hasta 6 eventos anteriores a un incendio<\/li>\n<li style='margin-bottom: 5px;'>Registro de eventos: Hasta 200 eventos con marca de fecha y hora<\/li>\n<li style='margin-bottom: 5px;'>Comunicaci\u00f3n mediante ModBus RS-485 incorporada<\/li>\n<li style='margin-bottom: 5px;'>Reloj en tiempo real para hora exacta de eventos<\/li>\n<li style='margin-bottom: 5px;'>Autodiagn\u00f3stico electr\u00f3nico y de recorrido \u00f3ptico autom\u00e1tico<\/li>\n<\/ul><\/div>\n<\/p><\/div>\n<div style='flex: 1 1 250px; border: 1px solid rgba(150&comma; 150&comma; 150&comma; 0.4); border-radius: 8px; overflow: hidden; display: flex; flex-direction: column;'>\n<div style='padding: 15px; border-bottom: 1px solid rgba(150&comma; 150&comma; 150&comma; 0.2); font-weight: bold; font-size: 18px; color: inherit;'>Beneficios<\/div>\n<div style='padding: 15px; color: inherit;'>\n<ul style='padding-left: 20px; margin: 0; font-size: 14px; list-style-type: disc;'>\n<li style='margin-bottom: 5px;'>Detecta incendios en todas las condiciones ambientales<\/li>\n<li style='margin-bottom: 5px;'>Inmunidad a soldaduras con arco<\/li>\n<li style='margin-bottom: 5px;'>Rechazo de falsas alarmas<\/li>\n<li style='margin-bottom: 5px;'>Mantenimiento m\u00ednimo<\/li>\n<li style='margin-bottom: 5px;'>Adecuado para amplia variedad de aplicaciones<\/li>\n<\/ul><\/div>\n<\/p><\/div>\n<\/p><\/div>\n<div style='display: flex; flex-wrap: wrap; gap: 20px; margin-bottom: 30px;'>\n<div style='flex: 1 1 250px; border: 1px solid rgba(150&comma; 150&comma; 150&comma; 0.4); border-radius: 8px; overflow: hidden; display: flex; flex-direction: column;'>\n<div style='padding: 15px; border-bottom: 1px solid rgba(150&comma; 150&comma; 150&comma; 0.2); font-weight: bold; font-size: 18px; color: inherit;'>Caracter\u00edsticas adicionales<\/div>\n<div style='padding: 15px; color: inherit;'>\n<ul style='padding-left: 20px; margin: 0; font-size: 14px; list-style-type: disc;'>\n<li style='margin-bottom: 5px;'>M\u00f3dulo de componentes electr\u00f3nicos patentado con terminaciones enchufables<\/li>\n<li style='margin-bottom: 5px;'>Dos entradas para conductos NPT de \u00be&#8217; o 25 mm<\/li>\n<li style='margin-bottom: 5px;'>Bajo consumo de energ\u00eda<\/li>\n<li style='margin-bottom: 5px;'>Alta inmunidad a interferencia RFI y EMI<\/li>\n<li style='margin-bottom: 5px;'>Aprobaci\u00f3n FM<\/li>\n<\/ul><\/div>\n<\/p><\/div>\n<\/p><\/div>\n<hr style='border: 0; border-top: 1px solid rgba(150&comma; 150&comma; 150&comma; 0.3); margin: 30px 0;'> <\/div>\n","protected":false},"excerpt":{"rendered":"<p>Detector De Flama Multi-Espectro Dual IR\/UV, Tecnolog\u00eda Avanzada, Aluminio Libre de Cobre,  Entradas 2xM25, Certificaciones FM, cFM, ATEX IECEx Para Clase I, Zona 1<\/p>\n","protected":false},"featured_media":35474,"comment_status":"open","ping_status":"closed","template":"","meta":[],"product_brand":[],"product_cat":[985],"product_tag":[978,986,1014],"class_list":{"0":"post-35475","1":"product","2":"type-product","3":"status-publish","4":"has-post-thumbnail","6":"product_cat-detectores-de-flama","7":"product_tag-aplicaciones-especiales","8":"product_tag-detectores-de-flama","9":"product_tag-honeywell-analytics","11":"first","12":"outofstock","13":"sale","14":"shipping-taxable","15":"purchasable","16":"product-type-simple"},"_links":{"self":[{"href":"https:\/\/soydeaqui.ddns.net\/pachuca\/index.php\/wp-json\/wp\/v2\/product\/35475","targetHints":{"allow":["GET"]}}],"collection":[{"href":"https:\/\/soydeaqui.ddns.net\/pachuca\/index.php\/wp-json\/wp\/v2\/product"}],"about":[{"href":"https:\/\/soydeaqui.ddns.net\/pachuca\/index.php\/wp-json\/wp\/v2\/types\/product"}],"replies":[{"embeddable":true,"href":"https:\/\/soydeaqui.ddns.net\/pachuca\/index.php\/wp-json\/wp\/v2\/comments?post=35475"}],"wp:featuredmedia":[{"embeddable":true,"href":"https:\/\/soydeaqui.ddns.net\/pachuca\/index.php\/wp-json\/wp\/v2\/media\/35474"}],"wp:attachment":[{"href":"https:\/\/soydeaqui.ddns.net\/pachuca\/index.php\/wp-json\/wp\/v2\/media?parent=35475"}],"wp:term":[{"taxonomy":"product_brand","embeddable":true,"href":"https:\/\/soydeaqui.ddns.net\/pachuca\/index.php\/wp-json\/wp\/v2\/product_brand?post=35475"},{"taxonomy":"product_cat","embeddable":true,"href":"https:\/\/soydeaqui.ddns.net\/pachuca\/index.php\/wp-json\/wp\/v2\/product_cat?post=35475"},{"taxonomy":"product_tag","embeddable":true,"href":"https:\/\/soydeaqui.ddns.net\/pachuca\/index.php\/wp-json\/wp\/v2\/product_tag?post=35475"}],"curies":[{"name":"wp","href":"https:\/\/api.w.org\/{rel}","templated":true}]}}