{"id":35469,"date":"2026-03-18T15:45:09","date_gmt":"2026-03-18T15:45:09","guid":{"rendered":"https:\/\/soydeaqui.ddns.net\/pachuca\/index.php\/producto\/detector-de-humo-compacto-fotoelectrico-autonomo-bateria-aa-reemplazable-modelo-210315021-pieza\/"},"modified":"2026-03-18T15:45:16","modified_gmt":"2026-03-18T15:45:16","slug":"detector-de-humo-compacto-fotoelectrico-autonomo-bateria-aa-reemplazable-modelo-210315021-pieza","status":"publish","type":"product","link":"https:\/\/soydeaqui.ddns.net\/pachuca\/index.php\/producto\/detector-de-humo-compacto-fotoelectrico-autonomo-bateria-aa-reemplazable-modelo-210315021-pieza\/","title":{"rendered":"Detector de Humo Compacto Fotoel\u00e9ctrico Aut\u00f3nomo  | Bater\u00eda AA Reemplazable | Modelo 210315021 | Pieza"},"content":{"rendered":"<div style='width: 100%; max-width: 1200px; margin: 0 auto; font-family: sans-serif; line-height: 1.6; color: inherit; background-color: transparent;'> <!-- Secci\u00f3n de descripci\u00f3n principal --> <\/p>\n<div style='display: flex; flex-wrap: wrap; gap: 30px; margin-bottom: 30px;'>\n<div style='flex: 1 1 300px; min-width: 280px;'>\n<h3 style='font-size: 22px; border-bottom: 2px solid currentColor; padding-bottom: 5px; margin-top: 0; color: inherit; opacity: 0.8;'>Descripci\u00f3n General<\/h3>\n<ul style='padding-left: 20px; font-size: 15px; color: inherit;'>\n<li style='margin-bottom: 5px;'>Dise\u00f1o moderno de 5&#8242; ideal para todos los espacios habitables<\/li>\n<li style='margin-bottom: 5px;'>Tecnolog\u00eda de punta que env\u00eda alertas r\u00e1pidas para dar m\u00e1s tiempo para evacuar<\/li>\n<li style='margin-bottom: 5px;'>Tecnolog\u00eda de detecci\u00f3n mejorada que reduce las falsas alarmas causadas por cocci\u00f3n<\/li>\n<li style='margin-bottom: 5px;'>Dise\u00f1ada seg\u00fan el \u00faltimo est\u00e1ndar UL de seguridad y confiabilidad<\/li>\n<li style='margin-bottom: 5px;'>Funciona con 2 bater\u00edas AA reemplazables (incluidas) para detecci\u00f3n continua incluso durante cortes de energ\u00eda<\/li>\n<li style='margin-bottom: 5px;'>Detecci\u00f3n combinada de humo y mon\u00f3xido de carbono (CO) en un solo dispositivo rentable<\/li>\n<li style='margin-bottom: 5px;'>Sistema de autoprueba autom\u00e1tica para mayor seguridad<\/li>\n<li style='margin-bottom: 5px;'>Instalaci\u00f3n f\u00e1cil con sistema de giro y clic incluido<\/li>\n<li style='margin-bottom: 5px;'>Notificaciones de fin de vida \u00fatil con alerta sonora a los 10 a\u00f1os de su encendido<\/li>\n<\/ul><\/div>\n<\/p><\/div>\n<p> <!-- Secci\u00f3n de advertencias de alarma --> <\/p>\n<div style='display: flex; flex-wrap: wrap; gap: 30px; margin-bottom: 30px;'>\n<div style='flex: 1 1 300px; min-width: 280px;'>\n<h3 style='font-size: 22px; border-bottom: 2px solid currentColor; padding-bottom: 5px; margin-top: 0; color: inherit; opacity: 0.8;'>Advertencias de alarma<\/h3>\n<ul style='padding-left: 20px; font-size: 15px; color: inherit;'>\n<li style='margin-bottom: 5px;'>Fuego: El LED rojo parpadear\u00e1 en sincron\u00eda con el patr\u00f3n de alarma (3 pitidos largos). La alarma repetir\u00e1 este patr\u00f3n hasta que se reinicie la unidad o se elimine el humo.<\/li>\n<li style='margin-bottom: 5px;'>Mon\u00f3xido de carbono: El LED rojo parpadear\u00e1 en sincron\u00eda con el patr\u00f3n de alarma (4 pitidos r\u00e1pidos). Esto contin\u00faa hasta que se reinicie la unidad o se elimine el CO.<\/li>\n<li style='margin-bottom: 5px;'>Bater\u00eda baja: Un chirrido y un LED \u00e1mbar parpadea por minuto.<\/li>\n<li style='margin-bottom: 5px;'>Memoria de alarma: Alerta al usuario si se ha detectado humo o CO en las \u00faltimas 24 horas. Si se detecta humo&comma; el LED rojo parpadea cada 15 segundos. Si se ha detectado CO&comma; el LED rojo parpadea dos veces cada 15 segundos.<\/li>\n<\/ul><\/div>\n<\/p><\/div>\n<p> <!-- Secci\u00f3n de caracter\u00edsticas y beneficios --> <\/p>\n<div style='display: flex; flex-wrap: wrap; gap: 30px; margin-bottom: 30px;'>\n<div style='flex: 1 1 300px; min-width: 280px;'>\n<h3 style='font-size: 22px; border-bottom: 2px solid currentColor; padding-bottom: 5px; margin-top: 0; color: inherit; opacity: 0.8;'>Caracter\u00edsticas y Beneficios<\/h3>\n<ul style='padding-left: 20px; font-size: 15px; color: inherit;'>\n<li style='margin-bottom: 5px;'>Detecci\u00f3n dual: Alerta sobre humo y mon\u00f3xido de carbono (CO) en un dispositivo \u00fanico y rentable<\/li>\n<li style='margin-bottom: 5px;'>Bater\u00edas AA reemplazables: Proporcionan energ\u00eda incluso durante cortes de energ\u00eda. Se recomienda cambiarlas cada 6 meses o cuando suene la alerta de bater\u00eda baja<\/li>\n<li style='margin-bottom: 5px;'>Autoprueba: Verifica peri\u00f3dicamente que los componentes internos funcionen correctamente<\/li>\n<li style='margin-bottom: 5px;'>Instalaci\u00f3n sencilla: Sistema de montaje giratorio y de clic incluido<\/li>\n<li style='margin-bottom: 5px;'>Notificaciones de fin de vida \u00fatil: Alerta sonora para recordar el reemplazo a los 10 a\u00f1os de su encendido<\/li>\n<\/ul><\/div>\n<\/p><\/div>\n<p> <!-- Secci\u00f3n de especificaciones t\u00e9cnicas --> <\/p>\n<div style='display: flex; flex-wrap: wrap; gap: 30px; margin-bottom: 30px;'>\n<div style='flex: 1 1 300px; min-width: 280px;'>\n<h3 style='font-size: 22px; border-bottom: 2px solid currentColor; padding-bottom: 5px; margin-top: 0; color: inherit; opacity: 0.8;'>Especificaciones T\u00e9cnicas<\/h3>\n<ul style='padding-left: 20px; font-size: 15px; color: inherit;'>\n<li style='margin-bottom: 5px;'><strong>Modelo:<\/strong> 210315021<\/li>\n<li style='margin-bottom: 5px;'><strong>Tipo:<\/strong> Detector de humo y mon\u00f3xido de carbono combinado<\/li>\n<li style='margin-bottom: 5px;'><strong>Fuente de alimentaci\u00f3n:<\/strong> 2 bater\u00edas AA reemplazables<\/li>\n<li style='margin-bottom: 5px;'><strong>Tecnolog\u00eda de detecci\u00f3n:<\/strong> Fotoel\u00e9ctrica para humo&comma; electroqu\u00edmica para CO<\/li>\n<li style='margin-bottom: 5px;'><strong>Indicadores visuales:<\/strong> LED rojo y \u00e1mbar para diferentes tipos de alerta<\/li>\n<li style='margin-bottom: 5px;'><strong>Detecci\u00f3n de fin de vida \u00fatil:<\/strong> Alerta sonora a los 10 a\u00f1os<\/li>\n<li style='margin-bottom: 5px;'><strong>Dimensiones:<\/strong> 5&#8242; de di\u00e1metro<\/li>\n<\/ul><\/div>\n<\/p><\/div>\n<p> <!-- Separador final --> <\/p>\n<hr style='border: 0; border-top: 1px solid rgba(150&comma; 150&comma; 150&comma; 0.3); margin: 30px 0;'> <\/div>\n","protected":false},"excerpt":{"rendered":"<p>Detector de Humo Compacto Fotoel\u00e9ctrico Aut\u00f3nomo  | Bater\u00eda AA Reemplazable | Modelo 210315021 | Pieza<\/p>\n","protected":false},"featured_media":35468,"comment_status":"open","ping_status":"closed","template":"","meta":[],"product_brand":[],"product_cat":[1047],"product_tag":[224,1048],"class_list":{"0":"post-35469","1":"product","2":"type-product","3":"status-publish","4":"has-post-thumbnail","6":"product_cat-kidde","7":"product_tag-detectores-autonomos","8":"product_tag-kidde","10":"first","11":"instock","12":"sale","13":"shipping-taxable","14":"purchasable","15":"product-type-simple"},"_links":{"self":[{"href":"https:\/\/soydeaqui.ddns.net\/pachuca\/index.php\/wp-json\/wp\/v2\/product\/35469","targetHints":{"allow":["GET"]}}],"collection":[{"href":"https:\/\/soydeaqui.ddns.net\/pachuca\/index.php\/wp-json\/wp\/v2\/product"}],"about":[{"href":"https:\/\/soydeaqui.ddns.net\/pachuca\/index.php\/wp-json\/wp\/v2\/types\/product"}],"replies":[{"embeddable":true,"href":"https:\/\/soydeaqui.ddns.net\/pachuca\/index.php\/wp-json\/wp\/v2\/comments?post=35469"}],"wp:featuredmedia":[{"embeddable":true,"href":"https:\/\/soydeaqui.ddns.net\/pachuca\/index.php\/wp-json\/wp\/v2\/media\/35468"}],"wp:attachment":[{"href":"https:\/\/soydeaqui.ddns.net\/pachuca\/index.php\/wp-json\/wp\/v2\/media?parent=35469"}],"wp:term":[{"taxonomy":"product_brand","embeddable":true,"href":"https:\/\/soydeaqui.ddns.net\/pachuca\/index.php\/wp-json\/wp\/v2\/product_brand?post=35469"},{"taxonomy":"product_cat","embeddable":true,"href":"https:\/\/soydeaqui.ddns.net\/pachuca\/index.php\/wp-json\/wp\/v2\/product_cat?post=35469"},{"taxonomy":"product_tag","embeddable":true,"href":"https:\/\/soydeaqui.ddns.net\/pachuca\/index.php\/wp-json\/wp\/v2\/product_tag?post=35469"}],"curies":[{"name":"wp","href":"https:\/\/api.w.org\/{rel}","templated":true}]}}