{"id":35462,"date":"2026-03-18T15:45:00","date_gmt":"2026-03-18T15:45:00","guid":{"rendered":"https:\/\/soydeaqui.ddns.net\/pachuca\/index.php\/producto\/probador-electronico-avanzado-all-in-one-test-report-share-para-detectores-de-humo-y-termicos\/"},"modified":"2026-03-18T15:45:05","modified_gmt":"2026-03-18T15:45:05","slug":"probador-electronico-avanzado-all-in-one-test-report-share-para-detectores-de-humo-y-termicos","status":"publish","type":"product","link":"https:\/\/soydeaqui.ddns.net\/pachuca\/index.php\/producto\/probador-electronico-avanzado-all-in-one-test-report-share-para-detectores-de-humo-y-termicos\/","title":{"rendered":"Probador Electr\u00f3nico Avanzado All-in-One TEST-REPORT-SHARE Para Detectores De Humo y T\u00e9rmicos"},"content":{"rendered":"<div style='width: 100%; max-width: 1200px; margin: 0 auto; font-family: sans-serif; line-height: 1.6; color: inherit; background-color: transparent;'>\n<div style='display: flex; flex-direction: column; gap: 30px;'>\n<div style='text-align: center;'>\n<h2 style='font-size: 24px; margin: 0 0 10px; color: inherit;'> Probador Electr\u00f3nico Avanzado <span style='color: #e74c3c;'>All-in-One<\/span> TEST-REPORT-SHARE Para Detectores De Humo y T\u00e9rmicos <\/h2>\n<\/p><\/div>\n<div style='display: flex; flex-direction: column; gap: 15px;'>\n<p style='font-size: 15px; margin: 0; color: inherit;'> Si desea llevar sus pruebas al siguiente nivel&comma; necesita soluciones dise\u00f1adas para lograr la m\u00e1xima productividad y satisfacer la creciente demanda de pruebas de cumplimiento. <\/p>\n<h3 style='font-size: 18px; margin: 0; color: inherit;'> Testifire XTR2 <\/h3>\n<p style='font-size: 15px; margin: 0; color: inherit;'> Combina pruebas e informes para brindar informaci\u00f3n sobre los detectores que se est\u00e1n probando. Durante las pruebas&comma; Testifire XTR2 detecta el LED del detector para confirmar el resultado de la prueba&comma; lo que automatiza el registro de los resultados y env\u00eda los datos a un informe personalizado. Al trabajar junto con la aplicaci\u00f3n DT Connect&comma; Testifire XTR2 proporciona a los usuarios funciones premium que agilizan el proceso de prueba&comma; administran los activos del sitio y optimizan los informes. El portal en la nube brinda una descripci\u00f3n general instant\u00e1nea del trabajo realizado&comma; lo que facilita compartir informes de inspecci\u00f3n con los clientes y obtener informaci\u00f3n sobre el estado de las unidades Testifire XTR2 que se est\u00e1n utilizando. <\/p>\n<\/p><\/div>\n<div style='display: flex; flex-direction: column; gap: 10px;'>\n<h3 style='font-size: 18px; margin: 0; color: inherit; opacity: 0.8; border-bottom: 2px solid currentColor; padding-bottom: 5px;'> Caracter\u00edsticas principales <\/h3>\n<ul style='padding-left: 20px; font-size: 14px; margin: 15px 0 0; color: inherit;'>\n<li style='margin-bottom: 8px;'>Pruebas de humo y calor todo en uno<\/li>\n<li style='margin-bottom: 8px;'>Registro autom\u00e1tico de aprobado o reprobado<\/li>\n<li style='margin-bottom: 8px;'>Registre e identifique el tipo de dispositivo&comma; la ubicaci\u00f3n y la direcci\u00f3n en el sitio<\/li>\n<li style='margin-bottom: 8px;'>Seleccione el tipo de panel y registre el tiempo direccionable del panel para la verificaci\u00f3n del panel contra incendios<\/li>\n<li style='margin-bottom: 8px;'>Compare los resultados de la prueba de su dispositivo con el registro de eventos del panel contra incendios<\/li>\n<li style='margin-bottom: 8px;'>Enlace a la nube para obtener los resultados de la prueba y los informes<\/li>\n<li style='margin-bottom: 8px;'>Cargue su logotipo para que aparezca en todos los informes<\/li>\n<li style='margin-bottom: 8px;'>Verifique los niveles de humo&comma; la carga de la bater\u00eda y la vida \u00fatil del generador de Testifire XTR2<\/li>\n<\/ul><\/div>\n<div style='display: flex; flex-direction: column; gap: 15px;'>\n<div style='text-align: center;'>\n<h3 style='font-size: 18px; margin: 0 0 15px; color: inherit; opacity: 0.8; border-bottom: 2px solid currentColor; padding-bottom: 5px;'> V\u00eddeos de demostraci\u00f3n <\/h3>\n<\/p><\/div>\n<div style='display: flex; flex-wrap: wrap; gap: 30px; justify-content: center;'>\n<div style='flex: 1 1 300px; min-width: 280px;'>\n<div style='position: relative; padding-bottom: 56.25%; height: 0; overflow: hidden;'>   <\/div>\n<\/p><\/div>\n<div style='flex: 1 1 300px; min-width: 280px;'>\n<div style='position: relative; padding-bottom: 56.25%; height: 0; overflow: hidden;'>   <\/div>\n<\/p><\/div>\n<div style='flex: 1 1 300px; min-width: 280px;'>\n<div style='position: relative; padding-bottom: 56.25%; height: 0; overflow: hidden;'>   <\/div>\n<\/p><\/div>\n<div style='flex: 1 1 300px; min-width: 280px;'>\n<div style='position: relative; padding-bottom: 56.25%; height: 0; overflow: hidden;'>   <\/div>\n<\/p><\/div>\n<\/p><\/div>\n<\/p><\/div>\n<\/p><\/div>\n<\/p><\/div>\n","protected":false},"excerpt":{"rendered":"<p>Probador Electr\u00f3nico Avanzado All-in-One TEST-REPORT-SHARE Para Detectores De Humo y T\u00e9rmicos<\/p>\n","protected":false},"featured_media":35461,"comment_status":"open","ping_status":"closed","template":"","meta":[],"product_brand":[],"product_cat":[731],"product_tag":[26,25,403],"class_list":{"0":"post-35462","1":"product","2":"type-product","3":"status-publish","4":"has-post-thumbnail","6":"product_cat-accesorios-de-instalacion-herramientas-deteccion-de-fuego","7":"product_tag-accesorios-de-instalacion","8":"product_tag-herramientas","9":"product_tag-sdi","11":"first","12":"outofstock","13":"sale","14":"shipping-taxable","15":"purchasable","16":"product-type-simple"},"_links":{"self":[{"href":"https:\/\/soydeaqui.ddns.net\/pachuca\/index.php\/wp-json\/wp\/v2\/product\/35462","targetHints":{"allow":["GET"]}}],"collection":[{"href":"https:\/\/soydeaqui.ddns.net\/pachuca\/index.php\/wp-json\/wp\/v2\/product"}],"about":[{"href":"https:\/\/soydeaqui.ddns.net\/pachuca\/index.php\/wp-json\/wp\/v2\/types\/product"}],"replies":[{"embeddable":true,"href":"https:\/\/soydeaqui.ddns.net\/pachuca\/index.php\/wp-json\/wp\/v2\/comments?post=35462"}],"wp:featuredmedia":[{"embeddable":true,"href":"https:\/\/soydeaqui.ddns.net\/pachuca\/index.php\/wp-json\/wp\/v2\/media\/35461"}],"wp:attachment":[{"href":"https:\/\/soydeaqui.ddns.net\/pachuca\/index.php\/wp-json\/wp\/v2\/media?parent=35462"}],"wp:term":[{"taxonomy":"product_brand","embeddable":true,"href":"https:\/\/soydeaqui.ddns.net\/pachuca\/index.php\/wp-json\/wp\/v2\/product_brand?post=35462"},{"taxonomy":"product_cat","embeddable":true,"href":"https:\/\/soydeaqui.ddns.net\/pachuca\/index.php\/wp-json\/wp\/v2\/product_cat?post=35462"},{"taxonomy":"product_tag","embeddable":true,"href":"https:\/\/soydeaqui.ddns.net\/pachuca\/index.php\/wp-json\/wp\/v2\/product_tag?post=35462"}],"curies":[{"name":"wp","href":"https:\/\/api.w.org\/{rel}","templated":true}]}}