{"id":35457,"date":"2026-03-18T15:44:50","date_gmt":"2026-03-18T15:44:50","guid":{"rendered":"https:\/\/soydeaqui.ddns.net\/pachuca\/index.php\/producto\/detector-de-humo-compacto-fotoelectrico-autonomo-bateria-aa-reemplazable-modelo-21031529-paquete-de-6\/"},"modified":"2026-03-18T15:44:55","modified_gmt":"2026-03-18T15:44:55","slug":"detector-de-humo-compacto-fotoelectrico-autonomo-bateria-aa-reemplazable-modelo-21031529-paquete-de-6","status":"publish","type":"product","link":"https:\/\/soydeaqui.ddns.net\/pachuca\/index.php\/producto\/detector-de-humo-compacto-fotoelectrico-autonomo-bateria-aa-reemplazable-modelo-21031529-paquete-de-6\/","title":{"rendered":"Detector de Humo Compacto Fotoelectrico Autonomo | Bater\u00eda AA Reemplazable | Modelo 21031529 | Paquete de 6"},"content":{"rendered":"<div style='width: 100%; max-width: 1200px; margin: 0 auto; font-family: sans-serif; line-height: 1.6; color: inherit; background-color: transparent;'> <!-- Secci\u00f3n de descripci\u00f3n principal --> <\/p>\n<div style='margin-bottom: 30px;'>\n<p style='font-size: 15px; color: inherit; margin: 0 0 15px 0;'>Esta alarma ofrece un dise\u00f1o moderno de 5\u201d ideal para todos los espacios habitables. La tecnolog\u00eda de punta env\u00eda alertas r\u00e1pidas que le dan a su familia m\u00e1s tiempo para salir. La tecnolog\u00eda de detecci\u00f3n mejorada y segura reduce las falsas alarmas que a menudo causan al cocinar.<\/p>\n<p style='font-size: 15px; color: inherit; margin: 0 0 15px 0;'>Completamente probado y dise\u00f1ado seg\u00fan el \u00faltimo est\u00e1ndar UL de seguridad y confiabilidad&comma; esta alarma Kidde DETECT funciona con 2 AA reemplazables. Bater\u00edas (incluidas) para detecci\u00f3n continua incluso durante cortes y alertas.<\/p>\n<p style='font-size: 15px; color: inherit; margin: 0 0 15px 0;'>Adem\u00e1s&comma; se prueba autom\u00e1ticamente y es f\u00e1cil de instalar con el sistema de giro y clic incluido. Soporte de montaje. Equipada con notificaciones de fin de vida \u00fatil&comma; la alarma emitir\u00e1 un pitido para recordarle que es hora de reemplazarlo 10 a\u00f1os despu\u00e9s de su encendido.<\/p>\n<\/p><\/div>\n<p> <!-- Secci\u00f3n de advertencias de alarma --> <\/p>\n<div style='margin-bottom: 30px;'>\n<h2 style='font-size: 22px; border-bottom: 2px solid currentColor; padding-bottom: 5px; margin-top: 0; color: inherit; opacity: 0.8;'>Advertencias de alarma<\/h2>\n<ul style='padding-left: 20px; font-size: 15px; color: inherit;'>\n<li style='margin-bottom: 5px;'><strong>Fuego:<\/strong> El LED rojo parpadear\u00e1 en sincron\u00eda con el patr\u00f3n de alarma (3 pitidos largos). La alarma repetir\u00e1 este patr\u00f3n hasta que se reinicie la unidad o se elimine el humo.<\/li>\n<li style='margin-bottom: 5px;'><strong>Mon\u00f3xido de carbono:<\/strong> el LED rojo parpadear\u00e1 en sincron\u00eda con el patr\u00f3n de alarma (4 pitidos r\u00e1pidos). Esto contin\u00faa hasta que se reinicie la unidad o se elimine el CO.<\/li>\n<li style='margin-bottom: 5px;'><strong>Bater\u00eda baja:<\/strong> un chirrido y un LED \u00e1mbar parpadea por minuto.<\/li>\n<li style='margin-bottom: 5px;'><strong>Memoria de alarma:<\/strong> alerta al usuario si se ha detectado humo o CO en el \u00faltimo 24 horas. Si se detecta humo&comma; el LED rojo parpadea cada 15 segundos. Si CO se ha detectado&comma; el LED rojo parpadea dos veces cada 15 segundos.<\/li>\n<\/ul><\/div>\n<p> <!-- Secci\u00f3n de caracter\u00edsticas --> <\/p>\n<div style='margin-bottom: 30px;'>\n<h2 style='font-size: 22px; border-bottom: 2px solid currentColor; padding-bottom: 5px; margin-top: 0; color: inherit; opacity: 0.8;'>Caracter\u00edsticas y beneficios<\/h2>\n<ul style='padding-left: 20px; font-size: 15px; color: inherit;'>\n<li style='margin-bottom: 5px;'><strong>Duplica la detecci\u00f3n:<\/strong> te alerta tanto sobre humo como sobre mon\u00f3xido de carbono (CO) utilizando un dispositivo \u00fanico y rentable.<\/li>\n<li style='margin-bottom: 5px;'><strong>Alimentaci\u00f3n:<\/strong> 120VCA<\/li>\n<li style='margin-bottom: 5px;'><strong>2 pilas AA reemplazables:<\/strong> proporcionan energ\u00eda incluso durante periodos cortos de cortes de energ\u00eda para mayor tranquilidad. Cambiar bater\u00edas reemplazables cada 6 meses&comma; o cuando escuche el chirrido de bater\u00eda baja.<\/li>\n<li style='margin-bottom: 5px;'><strong>Alarmas de autoprueba:<\/strong> para mayor seguridad&comma; los componentes internos aseg\u00farese de que la alarma est\u00e9 siempre funcionando como se espera.<\/li>\n<li style='margin-bottom: 5px;'><strong>Instalaci\u00f3n sencilla:<\/strong> instalaci\u00f3n sencilla con sistema giratorio y clic incluido soporte de montaje.<\/li>\n<li style='margin-bottom: 5px;'><strong>Notificaciones de fin de vida \u00fatil:<\/strong> esta alarma suena para recordarle que es hora de reemplazarlo 10 a\u00f1os despu\u00e9s de su encendido.<\/li>\n<\/ul><\/div>\n<p> <!-- Secci\u00f3n de especificaciones --> <\/p>\n<div style='margin-bottom: 30px;'>\n<h2 style='font-size: 22px; border-bottom: 2px solid currentColor; padding-bottom: 5px; margin-top: 0; color: inherit; opacity: 0.8;'>Especificaciones t\u00e9cnicas<\/h2>\n<ul style='padding-left: 20px; font-size: 15px; color: inherit;'>\n<li style='margin-bottom: 5px;'><strong>Modelo:<\/strong> 21031529<\/li>\n<li style='margin-bottom: 5px;'><strong>Duplica la detecci\u00f3n:<\/strong> te alerta tanto sobre humo como sobre mon\u00f3xido de carbono (CO) utilizando un dispositivo \u00fanico y rentable.<\/li>\n<li style='margin-bottom: 5px;'><strong>2 pilas AA reemplazables:<\/strong> proporcionan energ\u00eda incluso durante periodos cortos de cortes de energ\u00eda para mayor tranquilidad. Cambiar bater\u00edas reemplazables cada 6 meses&comma; o cuando escuche el chirrido de bater\u00eda baja.<\/li>\n<li style='margin-bottom: 5px;'><strong>Alarmas de autoprueba:<\/strong> para mayor seguridad&comma; los componentes internos aseg\u00farese de que la alarma est\u00e9 siempre funcionando como se espera.<\/li>\n<li style='margin-bottom: 5px;'><strong>Instalaci\u00f3n sencilla:<\/strong> instalaci\u00f3n sencilla con sistema giratorio y clic incluido soporte de montaje.<\/li>\n<li style='margin-bottom: 5px;'><strong>Notificaciones de fin de vida \u00fatil:<\/strong> esta alarma suena para recordarle que es hora de reemplazarlo 10 a\u00f1os despu\u00e9s de su encendido.<\/li>\n<\/ul><\/div>\n<p> <!-- Video de YouTube --> <\/p>\n<div style='position: relative; padding-bottom: 56.25%; height: 0; overflow: hidden; margin-bottom: 30px;'>   <\/div>\n<p> <!-- Paquete --> <\/p>\n<div style='margin-bottom: 30px;'>\n<h2 style='font-size: 22px; border-bottom: 2px solid currentColor; padding-bottom: 5px; margin-top: 0; color: inherit; opacity: 0.8;'>Contenido del paquete<\/h2>\n<p style='font-size: 15px; color: inherit; margin: 0;'>Paquete de 6 unidades<\/p>\n<\/p><\/div>\n<p> <!-- Separador final --> <\/p>\n<hr style='border: 0; border-top: 1px solid rgba(150&comma; 150&comma; 150&comma; 0.3); margin: 30px 0;'> <\/div>\n","protected":false},"excerpt":{"rendered":"<p>Detector de Humo Compacto Fotoelectrico Autonomo | Bater\u00eda AA Reemplazable | Modelo 21031529 | Paquete de 6<\/p>\n","protected":false},"featured_media":35456,"comment_status":"open","ping_status":"closed","template":"","meta":[],"product_brand":[],"product_cat":[1047],"product_tag":[224,1048],"class_list":{"0":"post-35457","1":"product","2":"type-product","3":"status-publish","4":"has-post-thumbnail","6":"product_cat-kidde","7":"product_tag-detectores-autonomos","8":"product_tag-kidde","10":"first","11":"instock","12":"sale","13":"shipping-taxable","14":"purchasable","15":"product-type-simple"},"_links":{"self":[{"href":"https:\/\/soydeaqui.ddns.net\/pachuca\/index.php\/wp-json\/wp\/v2\/product\/35457","targetHints":{"allow":["GET"]}}],"collection":[{"href":"https:\/\/soydeaqui.ddns.net\/pachuca\/index.php\/wp-json\/wp\/v2\/product"}],"about":[{"href":"https:\/\/soydeaqui.ddns.net\/pachuca\/index.php\/wp-json\/wp\/v2\/types\/product"}],"replies":[{"embeddable":true,"href":"https:\/\/soydeaqui.ddns.net\/pachuca\/index.php\/wp-json\/wp\/v2\/comments?post=35457"}],"wp:featuredmedia":[{"embeddable":true,"href":"https:\/\/soydeaqui.ddns.net\/pachuca\/index.php\/wp-json\/wp\/v2\/media\/35456"}],"wp:attachment":[{"href":"https:\/\/soydeaqui.ddns.net\/pachuca\/index.php\/wp-json\/wp\/v2\/media?parent=35457"}],"wp:term":[{"taxonomy":"product_brand","embeddable":true,"href":"https:\/\/soydeaqui.ddns.net\/pachuca\/index.php\/wp-json\/wp\/v2\/product_brand?post=35457"},{"taxonomy":"product_cat","embeddable":true,"href":"https:\/\/soydeaqui.ddns.net\/pachuca\/index.php\/wp-json\/wp\/v2\/product_cat?post=35457"},{"taxonomy":"product_tag","embeddable":true,"href":"https:\/\/soydeaqui.ddns.net\/pachuca\/index.php\/wp-json\/wp\/v2\/product_tag?post=35457"}],"curies":[{"name":"wp","href":"https:\/\/api.w.org\/{rel}","templated":true}]}}