{"id":35449,"date":"2026-03-18T15:44:39","date_gmt":"2026-03-18T15:44:39","guid":{"rendered":"https:\/\/soydeaqui.ddns.net\/pachuca\/index.php\/producto\/detector-de-humo-compacto-fotoelectrico-autonomo-bateria-aa-reemplazable-modelo-21031529-pieza\/"},"modified":"2026-03-18T15:44:48","modified_gmt":"2026-03-18T15:44:48","slug":"detector-de-humo-compacto-fotoelectrico-autonomo-bateria-aa-reemplazable-modelo-21031529-pieza","status":"publish","type":"product","link":"https:\/\/soydeaqui.ddns.net\/pachuca\/index.php\/producto\/detector-de-humo-compacto-fotoelectrico-autonomo-bateria-aa-reemplazable-modelo-21031529-pieza\/","title":{"rendered":"Detector de Humo Compacto Fotoel\u00e9ctrico Aut\u00f3nomo | Bater\u00eda AA Reemplazable | Modelo 21031529 | Pieza"},"content":{"rendered":"<div style='width: 100%; max-width: 1200px; margin: 0 auto; font-family: sans-serif; line-height: 1.6; color: inherit; background-color: transparent;'>\n<div style='display: flex; flex-wrap: wrap; gap: 30px; margin-bottom: 30px;'>\n<div style='flex: 1 1 300px; min-width: 280px;'>\n<h3 style='font-size: 22px; border-bottom: 2px solid currentColor; padding-bottom: 5px; margin-top: 0; color: inherit; opacity: 0.8;'>Descripci\u00f3n General<\/h3>\n<ul style='padding-left: 20px; font-size: 15px; color: inherit;'>\n<li style='margin-bottom: 5px;'>Dise\u00f1o moderno de 5\u201d ideal para todos los espacios habitables<\/li>\n<li style='margin-bottom: 5px;'>Tecnolog\u00eda de punta env\u00eda alertas r\u00e1pidas que le dan a su familia m\u00e1s tiempo para salir<\/li>\n<li style='margin-bottom: 5px;'>Tecnolog\u00eda de detecci\u00f3n mejorada reduce falsas alarmas causadas por cocci\u00f3n<\/li>\n<li style='margin-bottom: 5px;'>Dise\u00f1ada seg\u00fan est\u00e1ndar UL de seguridad y confiabilidad<\/li>\n<li style='margin-bottom: 5px;'>Funciona con 2 bater\u00edas AA reemplazables (incluidas)<\/li>\n<li style='margin-bottom: 5px;'>Detecci\u00f3n continua incluso durante cortes de energ\u00eda<\/li>\n<li style='margin-bottom: 5px;'>Detecci\u00f3n combinada de humo y mon\u00f3xido de carbono (CO) en un solo dispositivo<\/li>\n<li style='margin-bottom: 5px;'>Sistema de autoprueba autom\u00e1tica<\/li>\n<li style='margin-bottom: 5px;'>F\u00e1cil instalaci\u00f3n con sistema de giro y clic<\/li>\n<li style='margin-bottom: 5px;'>Notificaciones de fin de vida \u00fatil (10 a\u00f1os)<\/li>\n<\/ul><\/div>\n<div style='flex: 1 1 300px; min-width: 280px;'>\n<h3 style='font-size: 22px; border-bottom: 2px solid currentColor; padding-bottom: 5px; margin-top: 0; color: inherit; opacity: 0.8;'>Modos de Alarma<\/h3>\n<ul style='padding-left: 20px; font-size: 15px; color: inherit;'>\n<li style='margin-bottom: 5px;'><strong>Fuego:<\/strong> LED rojo parpadea con patr\u00f3n de alarma (3 pitidos largos)<\/li>\n<li style='margin-bottom: 5px;'><strong>Mon\u00f3xido de carbono:<\/strong> LED rojo parpadea con patr\u00f3n de alarma (4 pitidos r\u00e1pidos)<\/li>\n<li style='margin-bottom: 5px;'><strong>Bater\u00eda baja:<\/strong> Chirrido y LED \u00e1mbar parpadea por minuto<\/li>\n<li style='margin-bottom: 5px;'><strong>Memoria de alarma:<\/strong> Indica si se detect\u00f3 humo o CO en las \u00faltimas 24 horas<\/li>\n<\/ul><\/div>\n<\/p><\/div>\n<div style='display: flex; flex-wrap: wrap; gap: 20px; margin-bottom: 30px;'>\n<div style='flex: 1 1 250px; border: 1px solid rgba(150&comma; 150&comma; 150&comma; 0.4); border-radius: 8px; overflow: hidden; display: flex; flex-direction: column;'>\n<div style='padding: 15px; border-bottom: 1px solid rgba(150&comma; 150&comma; 150&comma; 0.2); font-weight: bold; font-size: 18px; color: inherit;'>Caracter\u00edsticas y Beneficios<\/div>\n<div style='padding: 15px; color: inherit;'>\n<ul style='padding-left: 20px; margin: 0; font-size: 14px; list-style-type: disc;'>\n<li style='margin-bottom: 5px;'>Detecci\u00f3n dual: humo y mon\u00f3xido de carbono en un solo dispositivo<\/li>\n<li style='margin-bottom: 5px;'>Alimentaci\u00f3n 120VCA<\/li>\n<li style='margin-bottom: 5px;'>2 pilas AA reemplazables para respaldo energ\u00e9tico<\/li>\n<li style='margin-bottom: 5px;'>Alarmas de autoprueba para verificaci\u00f3n de funcionamiento<\/li>\n<li style='margin-bottom: 5px;'>Instalaci\u00f3n sencilla con sistema giratorio y clic<\/li>\n<li style='margin-bottom: 5px;'>Notificaciones de fin de vida \u00fatil a los 10 a\u00f1os<\/li>\n<\/ul><\/div>\n<\/p><\/div>\n<div style='flex: 1 1 250px; border: 1px solid rgba(150&comma; 150&comma; 150&comma; 0.4); border-radius: 8px; overflow: hidden; display: flex; flex-direction: column;'>\n<div style='padding: 15px; border-bottom: 1px solid rgba(150&comma; 150&comma; 150&comma; 0.2); font-weight: bold; font-size: 18px; color: inherit;'>Especificaciones T\u00e9cnicas<\/div>\n<div style='padding: 15px; color: inherit;'>\n<ul style='padding-left: 20px; margin: 0; font-size: 14px; list-style-type: disc;'>\n<li style='margin-bottom: 5px;'>Modelo: 210315291<\/li>\n<li style='margin-bottom: 5px;'>Detecci\u00f3n combinada de humo y mon\u00f3xido de carbono<\/li>\n<li style='margin-bottom: 5px;'>2 bater\u00edas AA reemplazables<\/li>\n<li style='margin-bottom: 5px;'>Sistema de autoprueba autom\u00e1tica<\/li>\n<li style='margin-bottom: 5px;'>Sistema de instalaci\u00f3n giratorio y clic<\/li>\n<li style='margin-bottom: 5px;'>Duraci\u00f3n: 10 a\u00f1os con notificaciones de fin de vida \u00fatil<\/li>\n<\/ul><\/div>\n<\/p><\/div>\n<\/p><\/div>\n<div style='position: relative; padding-bottom: 56.25%; height: 0; overflow: hidden; margin-bottom: 30px;'>   <\/div>\n<hr style='border: 0; border-top: 1px solid rgba(150&comma; 150&comma; 150&comma; 0.3); margin: 30px 0;'> <\/div>\n","protected":false},"excerpt":{"rendered":"<p>Detector de Humo Compacto Fotoel\u00e9ctrico Aut\u00f3nomo | Bater\u00eda AA Reemplazable | Modelo 21031529 | Pieza<\/p>\n","protected":false},"featured_media":35448,"comment_status":"open","ping_status":"closed","template":"","meta":[],"product_brand":[],"product_cat":[1047],"product_tag":[224,1048],"class_list":{"0":"post-35449","1":"product","2":"type-product","3":"status-publish","4":"has-post-thumbnail","6":"product_cat-kidde","7":"product_tag-detectores-autonomos","8":"product_tag-kidde","10":"first","11":"instock","12":"sale","13":"shipping-taxable","14":"purchasable","15":"product-type-simple"},"_links":{"self":[{"href":"https:\/\/soydeaqui.ddns.net\/pachuca\/index.php\/wp-json\/wp\/v2\/product\/35449","targetHints":{"allow":["GET"]}}],"collection":[{"href":"https:\/\/soydeaqui.ddns.net\/pachuca\/index.php\/wp-json\/wp\/v2\/product"}],"about":[{"href":"https:\/\/soydeaqui.ddns.net\/pachuca\/index.php\/wp-json\/wp\/v2\/types\/product"}],"replies":[{"embeddable":true,"href":"https:\/\/soydeaqui.ddns.net\/pachuca\/index.php\/wp-json\/wp\/v2\/comments?post=35449"}],"wp:featuredmedia":[{"embeddable":true,"href":"https:\/\/soydeaqui.ddns.net\/pachuca\/index.php\/wp-json\/wp\/v2\/media\/35448"}],"wp:attachment":[{"href":"https:\/\/soydeaqui.ddns.net\/pachuca\/index.php\/wp-json\/wp\/v2\/media?parent=35449"}],"wp:term":[{"taxonomy":"product_brand","embeddable":true,"href":"https:\/\/soydeaqui.ddns.net\/pachuca\/index.php\/wp-json\/wp\/v2\/product_brand?post=35449"},{"taxonomy":"product_cat","embeddable":true,"href":"https:\/\/soydeaqui.ddns.net\/pachuca\/index.php\/wp-json\/wp\/v2\/product_cat?post=35449"},{"taxonomy":"product_tag","embeddable":true,"href":"https:\/\/soydeaqui.ddns.net\/pachuca\/index.php\/wp-json\/wp\/v2\/product_tag?post=35449"}],"curies":[{"name":"wp","href":"https:\/\/api.w.org\/{rel}","templated":true}]}}