{"id":35442,"date":"2026-03-18T15:44:31","date_gmt":"2026-03-18T15:44:31","guid":{"rendered":"https:\/\/soydeaqui.ddns.net\/pachuca\/index.php\/producto\/cilindro-para-calibracion-de-detectores-de-gas-propano-c3h8-105l-aire-50-1-05-lel-2\/"},"modified":"2026-03-18T15:44:33","modified_gmt":"2026-03-18T15:44:33","slug":"cilindro-para-calibracion-de-detectores-de-gas-propano-c3h8-105l-aire-50-1-05-lel-2","status":"publish","type":"product","link":"https:\/\/soydeaqui.ddns.net\/pachuca\/index.php\/producto\/cilindro-para-calibracion-de-detectores-de-gas-propano-c3h8-105l-aire-50-1-05-lel-2\/","title":{"rendered":"Cilindro para calibraci\u00f3n de detectores de gas Propano C3H8 105L Aire 50%, 1.05 LEL"},"content":{"rendered":"<div style='width: 100%; max-width: 1200px; margin: 0 auto; font-family: sans-serif; line-height: 1.6; color: inherit; background-color: transparent;'>\n<div style='display: flex; flex-wrap: wrap; gap: 30px; margin-bottom: 30px;'>\n<div style='flex: 1 1 300px; min-width: 280px;'>\n<h3 style='font-size: 22px; border-bottom: 2px solid currentColor; padding-bottom: 5px; margin-top: 0; color: inherit; opacity: 0.8;'>Caracter\u00edsticas<\/h3>\n<ul style='padding-left: 20px; font-size: 15px; color: inherit;'>\n<li style='margin-bottom: 5px;'><strong>Descripci\u00f3n:<\/strong> Cilindro para calibraci\u00f3n de detectores de gas Propano C3H8 105L Aire 50%&comma; 2.5 LEL<\/li>\n<li style='margin-bottom: 5px;'><strong>Marca:<\/strong> MACURCO &#8211; AERIONICS<\/li>\n<li style='margin-bottom: 5px;'><strong>Modelo:<\/strong> 827000520300<\/li>\n<\/ul><\/div>\n<\/p><\/div>\n<div style='display: flex; flex-wrap: wrap; gap: 20px; margin-bottom: 30px;'>\n<div style='flex: 1 1 250px; border: 1px solid rgba(150&comma; 150&comma; 150&comma; 0.4); border-radius: 8px; overflow: hidden; display: flex; flex-direction: column;'>\n<div style='padding: 15px; border-bottom: 1px solid rgba(150&comma; 150&comma; 150&comma; 0.2); font-weight: bold; font-size: 18px; color: inherit;'>Informaci\u00f3n t\u00e9cnica<\/div>\n<div style='padding: 15px; color: inherit;'>\n<ul style='padding-left: 20px; margin: 0; font-size: 14px; list-style-type: disc;'>\n<li style='margin-bottom: 5px;'>La familia de detectores de las series Macurco 6 y 12 requiere pruebas y calibraci\u00f3n de rutina<\/li>\n<li style='margin-bottom: 5px;'>Cada detector tiene un kit de prueba\/calibraci\u00f3n correspondiente<\/li>\n<li style='margin-bottom: 5px;'>Los sensores pueden ser menos precisos con el tiempo<\/li>\n<li style='margin-bottom: 5px;'>Se recomienda un plan de mantenimiento para garantizar la precisi\u00f3n<\/li>\n<li style='margin-bottom: 5px;'>Macurco recomienda calibrar al menos una vez al a\u00f1o<\/li>\n<li style='margin-bottom: 5px;'>Dependiendo del sitio puede ser necesario con mayor frecuencia<\/li>\n<\/ul><\/div>\n<\/p><\/div>\n<div style='flex: 1 1 250px; border: 1x solid rgba(150&comma; 150&comma; 150&comma; 0.4); border-radius: 8px; overflow: hidden; display: flex; flex-direction: column;'>\n<div style='padding: 15px; border-bottom: 1px solid rgba(150&comma; 150&comma; 150&comma; 0.2); font-weight: bold; font-size: 18px; color: inherit;'>Uso recomendado<\/div>\n<div style='padding: 15px; color: inherit;'>\n<ul style='padding-left: 20px; margin: 0; font-size: 14px; list-style-type: disc;'>\n<li style='margin-bottom: 5px;'><strong>PARA USO EXCLUSIVO CON DETECTOR MACURCO<\/strong><\/li>\n<li style='margin-bottom: 5px;'>Modelos compatibles: GD-6&comma; GD-12 y Cal-Kit 1<\/li>\n<li style='margin-bottom: 5px;'><strong>Advertencia:<\/strong> Contiene GAS BAJO PRESION puede EXPLOTAR si se calienta<\/li>\n<li style='margin-bottom: 5px;'><strong>Advertencia:<\/strong> Puede causar da\u00f1o a los \u00f3rganos<\/li>\n<li style='margin-bottom: 5px;'><strong>Advertencia:<\/strong> En caso de liberaci\u00f3n del gas puede reemplazar al ox\u00edgeno y causar asfixia r\u00e1pidamente<\/li>\n<li style='margin-bottom: 5px;'><strong>Almacenamiento:<\/strong> P410+P403 Proteger de la luz solar. Almacenar en un lugar bien ventilado.<\/li>\n<\/ul><\/div>\n<\/p><\/div>\n<div style='flex: 1 1 250px; border: 1px solid rgba(150&comma; 150&comma; 150&comma; 0.4); border-radius: 8px; overflow: hidden; display: flex; flex-direction: column;'>\n<div style='padding: 15px; border-bottom: 1px solid rgba(150&comma; 150&comma; 150&comma; 0.2); font-weight: bold; font-size: 18px; color: inherit;'>Aplicaciones<\/div>\n<div style='padding: 15px; color: inherit;'>\n<ul style='padding-left: 20px; margin: 0; font-size: 14px; list-style-type: disc;'>\n<li style='margin-bottom: 5px;'>Calibraci\u00f3n de detectores de gas Propano C3H8<\/li>\n<li style='margin-bottom: 5px;'>Aire 50%&comma; 2.5 LEL<\/li>\n<li style='margin-bottom: 5px;'>Volumen: 105L<\/li>\n<li style='margin-bottom: 5px;'>Mezcla de gases de calibraci\u00f3n compuesta por propano y aire<\/li>\n<\/ul><\/div>\n<\/p><\/div>\n<\/p><\/div>\n<hr style='border: 0; border-top: 1px solid rgba(150&comma; 150&comma; 150&comma; 0.3); margin: 30px 0;'>\n<div style='display: flex; flex-wrap: wrap; gap: 30px; margin-bottom: 30px;'>\n<div style='flex: 1 1 300px; min-width: 280px;'>\n<h3 style='font-size: 22px; border-bottom: 2px solid currentColor; padding-bottom: 5px; margin-top: 0; color: inherit; opacity: 0.8;'>Recomendaciones de seguridad<\/h3>\n<ul style='padding-left: 20px; font-size: 14px; color: inherit;'>\n<li style='margin-bottom: 5px;'>Siempre seguir las normativas locales de seguridad<\/li>\n<li style='margin-bottom: 5px;'>Mantener alejado de fuentes de ignici\u00f3n<\/li>\n<li style='margin-bottom: 5px;'>Evitar la exposici\u00f3n prolongada al calor<\/li>\n<li style='margin-bottom: 5px;'>Utilizar equipo de protecci\u00f3n adecuado durante la manipulaci\u00f3n<\/li>\n<li style='margin-bottom: 5px;'>Mantener el cilindro en posici\u00f3n vertical<\/li>\n<li style='margin-bottom: 5px;'>No intentar reparar o modificar el cilindro<\/li>\n<\/ul><\/div>\n<\/p><\/div>\n<\/p><\/div>\n","protected":false},"excerpt":{"rendered":"<p>Cilindro para calibraci\u00f3n de detectores de gas Propano C3H8 105L Aire 50%, 1.05 LEL<\/p>\n","protected":false},"featured_media":35441,"comment_status":"open","ping_status":"closed","template":"","meta":[],"product_brand":[],"product_cat":[987],"product_tag":[988,522,989],"class_list":{"0":"post-35442","1":"product","2":"type-product","3":"status-publish","4":"has-post-thumbnail","6":"product_cat-detectores-de-gases","7":"product_tag-detectores-de-gases","8":"product_tag-dispositivos-convencionales","9":"product_tag-macurco-aerionics","11":"first","12":"outofstock","13":"sale","14":"shipping-taxable","15":"purchasable","16":"product-type-simple"},"_links":{"self":[{"href":"https:\/\/soydeaqui.ddns.net\/pachuca\/index.php\/wp-json\/wp\/v2\/product\/35442","targetHints":{"allow":["GET"]}}],"collection":[{"href":"https:\/\/soydeaqui.ddns.net\/pachuca\/index.php\/wp-json\/wp\/v2\/product"}],"about":[{"href":"https:\/\/soydeaqui.ddns.net\/pachuca\/index.php\/wp-json\/wp\/v2\/types\/product"}],"replies":[{"embeddable":true,"href":"https:\/\/soydeaqui.ddns.net\/pachuca\/index.php\/wp-json\/wp\/v2\/comments?post=35442"}],"wp:featuredmedia":[{"embeddable":true,"href":"https:\/\/soydeaqui.ddns.net\/pachuca\/index.php\/wp-json\/wp\/v2\/media\/35441"}],"wp:attachment":[{"href":"https:\/\/soydeaqui.ddns.net\/pachuca\/index.php\/wp-json\/wp\/v2\/media?parent=35442"}],"wp:term":[{"taxonomy":"product_brand","embeddable":true,"href":"https:\/\/soydeaqui.ddns.net\/pachuca\/index.php\/wp-json\/wp\/v2\/product_brand?post=35442"},{"taxonomy":"product_cat","embeddable":true,"href":"https:\/\/soydeaqui.ddns.net\/pachuca\/index.php\/wp-json\/wp\/v2\/product_cat?post=35442"},{"taxonomy":"product_tag","embeddable":true,"href":"https:\/\/soydeaqui.ddns.net\/pachuca\/index.php\/wp-json\/wp\/v2\/product_tag?post=35442"}],"curies":[{"name":"wp","href":"https:\/\/api.w.org\/{rel}","templated":true}]}}