{"id":35430,"date":"2026-03-18T15:44:13","date_gmt":"2026-03-18T15:44:13","guid":{"rendered":"https:\/\/soydeaqui.ddns.net\/pachuca\/index.php\/producto\/detector-de-humo-compacto-fotoelectrico-autonomo-bateria-reemplazable-aa-modelo-210314281-pieza\/"},"modified":"2026-03-18T15:44:20","modified_gmt":"2026-03-18T15:44:20","slug":"detector-de-humo-compacto-fotoelectrico-autonomo-bateria-reemplazable-aa-modelo-210314281-pieza","status":"publish","type":"product","link":"https:\/\/soydeaqui.ddns.net\/pachuca\/index.php\/producto\/detector-de-humo-compacto-fotoelectrico-autonomo-bateria-reemplazable-aa-modelo-210314281-pieza\/","title":{"rendered":"Detector de Humo Compacto Fotoelectrico Autonomo | Bater\u00eda Reemplazable AA | Modelo 210314281 | Pieza"},"content":{"rendered":"<div style='width: 100%; max-width: 1200px; margin: 0 auto; font-family: sans-serif; line-height: 1.6; color: inherit; background-color: transparent;'>\n<div style='display: flex; flex-wrap: wrap; gap: 30px; margin-bottom: 30px;'>\n<div style='flex: 1 1 300px; min-width: 280px;'>\n<h3 style='font-size: 22px; border-bottom: 2px solid currentColor; padding-bottom: 5px; margin-top: 0; color: inherit; opacity: 0.8;'>Descripci\u00f3n<\/h3>\n<p style='font-size: 15px; color: inherit;'>Esta alarma ofrece un dise\u00f1o compacto para espacios peque\u00f1os sin sacrificar las funciones clave que necesita. La tecnolog\u00eda de vanguardia env\u00eda alertas r\u00e1pidas que le dan a su familia m\u00e1s tiempo para salir de manera segura y la tecnolog\u00eda de detecci\u00f3n mejorada reduce las falsas alarmas que a menudo causan la cocina.<\/p>\n<p style='font-size: 15px; color: inherit;'>Completamente probada y dise\u00f1ada seg\u00fan los est\u00e1ndares UL\/ULC de seguridad y confiabilidad&comma; la alarma funciona con bater\u00edas AA reemplazables (incluidas) para una detecci\u00f3n continua incluso durante cortes. Adem\u00e1s&comma; se prueba autom\u00e1ticamente y es f\u00e1cil de instalar con el soporte de montaje giratorio incluido. Y est\u00e1 equipado con notificaciones de fin de vida \u00fatil que emitir\u00e1n un pitido para recordarle que es hora de reemplazarlo 10 a\u00f1os despu\u00e9s de encenderlo. (bater\u00eda reemplazable no dura 10 a\u00f1os la bater\u00eda).<\/p>\n<\/p><\/div>\n<\/p><\/div>\n<div style='display: flex; flex-wrap: wrap; gap: 30px; margin-bottom: 30px;'>\n<div style='flex: 1 1 300px; min-width: 280px;'>\n<h3 style='font-size: 22px; border-bottom: 2px solid currentColor; padding-bottom: 5px; margin-top: 0; color: inherit; opacity: 0.8;'>Advertencias de alarma<\/h3>\n<ul style='padding-left: 20px; font-size: 15px; color: inherit;'>\n<li style='margin-bottom: 5px;'><strong>Fuego:<\/strong> El LED rojo parpadear\u00e1 en sincron\u00eda con el patr\u00f3n de alarma (3 pitidos largos). La alarma repetir\u00e1 este patr\u00f3n hasta que se reinicie la unidad o se elimine el humo.<\/li>\n<li style='margin-bottom: 5px;'><strong>Bater\u00eda baja:<\/strong> Un chirrido y un LED rojo parpadeando por minuto.<\/li>\n<li style='margin-bottom: 5px;'><strong>Memoria de alarma:<\/strong> Alerta al usuario si se ha detectado humo en las \u00faltimas 24 horas.<\/li>\n<li style='margin-bottom: 5px;'><strong>Detecci\u00f3n de humo:<\/strong> Si se detecta humo&comma; el LED rojo parpadea cada 15 segundos.<\/li>\n<\/ul><\/div>\n<div style='flex: 1 1 300px; min-width: 280px;'>\n<h3 style='font-size: 22px; border-bottom: 2px solid currentColor; padding-bottom: 5px; margin-top: 0; color: inherit; opacity: 0.8;'>Caracter\u00edsticas y beneficios<\/h3>\n<ul style='padding-left: 20px; font-size: 15px; color: inherit;'>\n<li style='margin-bottom: 5px;'><strong>Dise\u00f1o compacto:<\/strong> Alarma compacta dise\u00f1ada para espacios peque\u00f1os.<\/li>\n<li style='margin-bottom: 5px;'><strong>2 pilas AA reemplazables:<\/strong> Proporcionan energ\u00eda incluso durante cortes de energ\u00eda de corta duraci\u00f3n para mayor tranquilidad. Cambie las bater\u00edas reemplazables cada 6 meses o cuando escuche el chirrido de bater\u00eda baja.<\/li>\n<li style='margin-bottom: 5px;'><strong>Instalaci\u00f3n sencilla:<\/strong> F\u00e1cil instalaci\u00f3n con el soporte de montaje giratorio y clic incluido.<\/li>\n<li style='margin-bottom: 5px;'><strong>Notificaciones de fin de vida \u00fatil:<\/strong> Esta alarma suena para recordarle que es hora de reemplazarla 10 a\u00f1os despu\u00e9s de encenderla.<\/li>\n<li style='margin-bottom: 5px;'><strong>Pieza:<\/strong> 1 unidad.<\/li>\n<\/ul><\/div>\n<\/p><\/div>\n<div style='display: flex; flex-wrap: wrap; gap: 20px; margin-bottom: 30px;'>\n<div style='flex: 1 1 250px; border: 1px solid rgba(150&comma; 150&comma; 150&comma; 0.4); border-radius: 8px; overflow: hidden; display: flex; flex-direction: column;'>\n<div style='padding: 15px; border-bottom: 1px solid rgba(150&comma; 150&comma; 150&comma; 0.2); font-weight: bold; font-size: 18px; color: inherit;'>Especificaciones t\u00e9cnicas<\/div>\n<div style='padding: 15px; color: inherit;'>\n<ul style='padding-left: 20px; margin: 0; font-size: 14px; list-style-type: disc;'>\n<li style='margin-bottom: 5px;'><strong>Modelo:<\/strong> 210314281<\/li>\n<li style='margin-bottom: 5px;'><strong>Fuente de alimentaci\u00f3n:<\/strong> 2 pilas AA<\/li>\n<li style='margin-bottom: 5px;'><strong>Sensor de humo:<\/strong> Fotoel\u00e9ctrico<\/li>\n<li style='margin-bottom: 5px;'><strong>Alarma de audio:<\/strong> 85 dB a 3 m (10 pies)<\/li>\n<li style='margin-bottom: 5px;'><strong>Rango de temperatura:<\/strong> 4&comma;4 \u00b0C (40 \u00b0F) a 37&comma;8 \u00b0C (100 \u00b0F)<\/li>\n<li style='margin-bottom: 5px;'><strong>Rango de humedad:<\/strong> Hasta 95 % de humedad relativa sin condensaci\u00f3n (RH)<\/li>\n<li style='margin-bottom: 5px;'><strong>Tama\u00f1o:<\/strong> 10&comma;2 cm x 5&comma;1 cm x 10&comma;2 cm<\/li>\n<li style='margin-bottom: 5px;'><strong>Peso:<\/strong> 0&comma;22 kg<\/li>\n<li style='margin-bottom: 5px;'><strong>Garant\u00eda:<\/strong> Garant\u00eda limitada de 10 a\u00f1os (excluidas las bater\u00edas)<\/li>\n<li style='margin-bottom: 5px;'><strong>Bater\u00edas de repuesto:<\/strong> Energizer E91&comma; Gold Peak 15A o Golden Power GLR6A.<\/li>\n<li style='margin-bottom: 5px;'><strong>Nota:<\/strong> No utilice bater\u00edas de litio en esta unidad.<\/li>\n<\/ul><\/div>\n<\/p><\/div>\n<\/p><\/div>\n<div style='position: relative; padding-bottom: 56.25%; height: 0; overflow: hidden; margin-bottom: 30px;'>   <\/div>\n<hr style='border: 0; border-top: 1px solid rgba(150&comma; 150&comma; 150&comma; 0.3); margin: 30px 0;'> <\/div>\n","protected":false},"excerpt":{"rendered":"<p>Detector de Humo Compacto Fotoelectrico Autonomo | Bater\u00eda Reemplazable AA | Modelo 210314281 | Pieza<\/p>\n","protected":false},"featured_media":35429,"comment_status":"open","ping_status":"closed","template":"","meta":[],"product_brand":[],"product_cat":[1047],"product_tag":[224,1048],"class_list":{"0":"post-35430","1":"product","2":"type-product","3":"status-publish","4":"has-post-thumbnail","6":"product_cat-kidde","7":"product_tag-detectores-autonomos","8":"product_tag-kidde","10":"first","11":"instock","12":"sale","13":"shipping-taxable","14":"purchasable","15":"product-type-simple"},"_links":{"self":[{"href":"https:\/\/soydeaqui.ddns.net\/pachuca\/index.php\/wp-json\/wp\/v2\/product\/35430","targetHints":{"allow":["GET"]}}],"collection":[{"href":"https:\/\/soydeaqui.ddns.net\/pachuca\/index.php\/wp-json\/wp\/v2\/product"}],"about":[{"href":"https:\/\/soydeaqui.ddns.net\/pachuca\/index.php\/wp-json\/wp\/v2\/types\/product"}],"replies":[{"embeddable":true,"href":"https:\/\/soydeaqui.ddns.net\/pachuca\/index.php\/wp-json\/wp\/v2\/comments?post=35430"}],"wp:featuredmedia":[{"embeddable":true,"href":"https:\/\/soydeaqui.ddns.net\/pachuca\/index.php\/wp-json\/wp\/v2\/media\/35429"}],"wp:attachment":[{"href":"https:\/\/soydeaqui.ddns.net\/pachuca\/index.php\/wp-json\/wp\/v2\/media?parent=35430"}],"wp:term":[{"taxonomy":"product_brand","embeddable":true,"href":"https:\/\/soydeaqui.ddns.net\/pachuca\/index.php\/wp-json\/wp\/v2\/product_brand?post=35430"},{"taxonomy":"product_cat","embeddable":true,"href":"https:\/\/soydeaqui.ddns.net\/pachuca\/index.php\/wp-json\/wp\/v2\/product_cat?post=35430"},{"taxonomy":"product_tag","embeddable":true,"href":"https:\/\/soydeaqui.ddns.net\/pachuca\/index.php\/wp-json\/wp\/v2\/product_tag?post=35430"}],"curies":[{"name":"wp","href":"https:\/\/api.w.org\/{rel}","templated":true}]}}