{"id":35415,"date":"2026-03-18T15:43:50","date_gmt":"2026-03-18T15:43:50","guid":{"rendered":"https:\/\/soydeaqui.ddns.net\/pachuca\/index.php\/producto\/detector-de-humo-compacto-fotoelectrico-autonomo-120vca-respaldo-bateria-10-anos-modelo-210315561-pieza\/"},"modified":"2026-03-18T15:43:55","modified_gmt":"2026-03-18T15:43:55","slug":"detector-de-humo-compacto-fotoelectrico-autonomo-120vca-respaldo-bateria-10-anos-modelo-210315561-pieza","status":"publish","type":"product","link":"https:\/\/soydeaqui.ddns.net\/pachuca\/index.php\/producto\/detector-de-humo-compacto-fotoelectrico-autonomo-120vca-respaldo-bateria-10-anos-modelo-210315561-pieza\/","title":{"rendered":"Detector de Humo Compacto Fotoel\u00e9ctrico Aut\u00f3nomo 120VCA Respaldo Bater\u00eda 10 A\u00f1os | Modelo 210315561 | Pieza"},"content":{"rendered":"<div style='width: 100%; max-width: 1200px; margin: 0 auto; font-family: sans-serif; line-height: 1.6; color: inherit; background-color: transparent;'> <!-- Descripci\u00f3n principal --> <\/p>\n<div style='margin-bottom: 30px;'>\n<p style='font-size: 15px; color: inherit;'>Esta alarma ofrece un dise\u00f1o moderno ideal para todos los espacios habitables. La tecnolog\u00eda de vanguardia env\u00eda alertas r\u00e1pidas que le dan a su familia m\u00e1s tiempo para salir de manera segura y la tecnolog\u00eda de detecci\u00f3n mejorada reduce las falsas alarmas que a menudo causan la cocina. Completamente probada y dise\u00f1ada seg\u00fan los est\u00e1ndares UL\/ULC de seguridad y confiabilidad&comma; esta alarma Kidde DETECT funciona con una bater\u00eda de 10 a\u00f1os para que nunca tenga que cambiarla. Adem\u00e1s&comma; se prueba autom\u00e1ticamente y es f\u00e1cil de instalar con el soporte de montaje giratorio incluido. Equipada con notificaciones de fin de vida \u00fatil&comma; la alarma emitir\u00e1 un pitido para recordarle que es hora de reemplazarla 10 a\u00f1os despu\u00e9s de que se encienda.<\/p>\n<\/p><\/div>\n<p> <!-- Advertencias de alarma --> <\/p>\n<div style='margin-bottom: 30px;'>\n<h3 style='font-size: 22px; border-bottom: 2px solid currentColor; padding-bottom: 5px; margin-top: 0; color: inherit; opacity: 0.8;'>Advertencias de alarma<\/h3>\n<ul style='padding-left: 20px; font-size: 15px; color: inherit;'>\n<li style='margin-bottom: 5px;'>Incendio: el LED rojo parpadear\u00e1 en sincron\u00eda con el patr\u00f3n de alarma (3 pitidos largos). La alarma repetir\u00e1 este patr\u00f3n hasta que se reinicie la unidad o se elimine el humo.<\/li>\n<li style='margin-bottom: 5px;'>Fin de la vida \u00fatil de la unidad: dos chirridos y el LED \u00e1mbar parpadeja por minuto.<\/li>\n<li style='margin-bottom: 5px;'>Memoria de alarma: alerta al usuario si se ha detectado humo en las \u00faltimas 24 horas. Si se detecta humo&comma; el LED rojo parpadea cada 15 segundos.<\/li>\n<\/ul><\/div>\n<p> <!-- Caracter\u00edsticas y beneficios --> <\/p>\n<div style='margin-bottom: 30px;'>\n<h3 style='font-size: 22px; border-bottom: 2px solid currentColor; padding-bottom: 5px; margin-top: 0; color: inherit; opacity: 0.8;'>Caracter\u00edsticas y beneficios<\/h3>\n<ul style='padding-left: 20px; font-size: 15px; color: inherit;'>\n<li style='margin-bottom: 5px;'><strong>Bater\u00eda de respaldo de 10 a\u00f1os sin preocupaciones:<\/strong> sin cambios de bater\u00eda durante 10 a\u00f1os. Evita reemplazos inconvenientes de bater\u00eda y ahorra hasta $40 m\u00e1s la vida \u00fatil del dispositivo.<\/li>\n<li style='margin-bottom: 5px;'><strong>Alarmas interconectadas*:<\/strong> cuando suena una alarma&comma; suenan todas&comma; por lo que nunca te perder\u00e1s una emergencia y podr\u00e1s salir m\u00e1s r\u00e1pido.<\/li>\n<li style='margin-bottom: 5px;'><strong>Alarmas de autoprueba**:<\/strong> para mayor seguridad&comma; los componentes internos aseg\u00farese de que la alarma est\u00e9 siempre funcionando como se espera.<\/li>\n<li style='margin-bottom: 5px;'><strong>Instalaci\u00f3n sencilla:<\/strong> instalaci\u00f3n sencilla con sistema giratorio y clic incluido soporte de montaje.<\/li>\n<li style='margin-bottom: 5px;'><strong>Notificaciones de fin de vida \u00fatil:<\/strong> \u00a1no hay chirridos de bater\u00eda baja! Esta alarma suena para recordar que es hora de reemplazarla 10 a\u00f1os despu\u00e9s de su encendido.<\/li>\n<\/ul>\n<p style='font-size: 13px; color: inherit; margin-top: 20px; opacity: 0.8;'>*Con dispositivos compatibles<br \/>**Dependiendo del modelo<\/p>\n<\/p><\/div>\n<p> <!-- Especificaciones t\u00e9cnicas --> <\/p>\n<div style='margin-bottom: 30px;'>\n<h3 style='font-size: 22px; border-bottom: 2px solid currentColor; padding-bottom: 5px; margin-top: 0; color: inherit; opacity: 0.8;'>Especificaciones t\u00e9cnicas<\/h3>\n<ul style='padding-left: 20px; font-size: 15px; color: inherit;'>\n<li style='margin-bottom: 5px;'><strong>Modelo:<\/strong> 210315561<\/li>\n<li style='margin-bottom: 5px;'><strong>Fuente de alimentaci\u00f3n:<\/strong> 120 V CA&comma; 60 Hz&comma; con bater\u00eda de respaldo sellada de 10 a\u00f1os<\/li>\n<li style='margin-bottom: 5px;'><strong>Sensor de humo:<\/strong> fotoel\u00e9ctrico<\/li>\n<li style='margin-bottom: 5px;'><strong>Alarma de audio:<\/strong> 85 dB a 10 pies<\/li>\n<li style='margin-bottom: 5px;'><strong>Rango de temperatura:<\/strong> 40 \u00b0F (4&comma;4 \u00b0C) a 100 \u00b0F (37&comma;8 \u00b0C)<\/li>\n<li style='margin-bottom: 5px;'><strong>Rango de humedad:<\/strong> hasta 95 % de humedad relativa (RH)&comma; sin condensaci\u00f3n<\/li>\n<li style='margin-bottom: 5px;'><strong>Tama\u00f1o:<\/strong> 5\u201d ancho x 2\u201d profundidad x 5\u201d alto<\/li>\n<li style='margin-bottom: 5px;'><strong>Peso:<\/strong> 0&comma;77 libras<\/li>\n<li style='margin-bottom: 5px;'><strong>Cableado:<\/strong> cableado de CA&comma; conector r\u00e1pido enchufable<\/li>\n<li style='margin-bottom: 5px;'><strong>Interconexiones:<\/strong> Se interconecta con hasta 24 dispositivos Kidde. Consulte la Gu\u00eda del usuario para obtener una lista de alarmas compatibles. Esta alarma no est\u00e1 dise\u00f1ada para interconectarse con productos de otros fabricantes&comma; a menos que se indique lo contrario.<\/li>\n<li style='margin-bottom: 5px;'><strong>Garant\u00eda:<\/strong> Garant\u00eda limitada de 10 a\u00f1os (bater\u00eda incluida)<\/li>\n<li style='margin-bottom: 5px;'><strong>Bater\u00edas de repuesto:<\/strong> N\/A<\/li>\n<\/ul><\/div>\n<p> <!-- Separador final --> <\/p>\n<hr style='border: 0; border-top: 1px solid rgba(150&comma; 150&comma; 150&comma; 0.3); margin: 30px 0;'> <\/div>\n","protected":false},"excerpt":{"rendered":"<p>Detector de Humo Compacto Fotoel\u00e9ctrico Aut\u00f3nomo 120VCA Respaldo Bater\u00eda 10 A\u00f1os | Modelo 210315561 | Pieza<\/p>\n","protected":false},"featured_media":35414,"comment_status":"open","ping_status":"closed","template":"","meta":[],"product_brand":[],"product_cat":[1047],"product_tag":[224,1048],"class_list":{"0":"post-35415","1":"product","2":"type-product","3":"status-publish","4":"has-post-thumbnail","6":"product_cat-kidde","7":"product_tag-detectores-autonomos","8":"product_tag-kidde","10":"first","11":"instock","12":"sale","13":"shipping-taxable","14":"purchasable","15":"product-type-simple"},"_links":{"self":[{"href":"https:\/\/soydeaqui.ddns.net\/pachuca\/index.php\/wp-json\/wp\/v2\/product\/35415","targetHints":{"allow":["GET"]}}],"collection":[{"href":"https:\/\/soydeaqui.ddns.net\/pachuca\/index.php\/wp-json\/wp\/v2\/product"}],"about":[{"href":"https:\/\/soydeaqui.ddns.net\/pachuca\/index.php\/wp-json\/wp\/v2\/types\/product"}],"replies":[{"embeddable":true,"href":"https:\/\/soydeaqui.ddns.net\/pachuca\/index.php\/wp-json\/wp\/v2\/comments?post=35415"}],"wp:featuredmedia":[{"embeddable":true,"href":"https:\/\/soydeaqui.ddns.net\/pachuca\/index.php\/wp-json\/wp\/v2\/media\/35414"}],"wp:attachment":[{"href":"https:\/\/soydeaqui.ddns.net\/pachuca\/index.php\/wp-json\/wp\/v2\/media?parent=35415"}],"wp:term":[{"taxonomy":"product_brand","embeddable":true,"href":"https:\/\/soydeaqui.ddns.net\/pachuca\/index.php\/wp-json\/wp\/v2\/product_brand?post=35415"},{"taxonomy":"product_cat","embeddable":true,"href":"https:\/\/soydeaqui.ddns.net\/pachuca\/index.php\/wp-json\/wp\/v2\/product_cat?post=35415"},{"taxonomy":"product_tag","embeddable":true,"href":"https:\/\/soydeaqui.ddns.net\/pachuca\/index.php\/wp-json\/wp\/v2\/product_tag?post=35415"}],"curies":[{"name":"wp","href":"https:\/\/api.w.org\/{rel}","templated":true}]}}