{"id":35409,"date":"2026-03-18T15:43:41","date_gmt":"2026-03-18T15:43:41","guid":{"rendered":"https:\/\/soydeaqui.ddns.net\/pachuca\/index.php\/producto\/detector-de-humo-y-monoxido-co-compacto-fotoelectrico-autonomo-bateria-aa-reemplazable-modelo-21031502-paquete-de-6\/"},"modified":"2026-03-18T15:43:49","modified_gmt":"2026-03-18T15:43:49","slug":"detector-de-humo-y-monoxido-co-compacto-fotoelectrico-autonomo-bateria-aa-reemplazable-modelo-21031502-paquete-de-6","status":"publish","type":"product","link":"https:\/\/soydeaqui.ddns.net\/pachuca\/index.php\/producto\/detector-de-humo-y-monoxido-co-compacto-fotoelectrico-autonomo-bateria-aa-reemplazable-modelo-21031502-paquete-de-6\/","title":{"rendered":"Detector de Humo y Monoxido (CO) Compacto Fotoel\u00e9ctrico Aut\u00f3nomo | Bater\u00eda AA Reemplazable | Modelo 21031502 | Paquete de 6"},"content":{"rendered":"<div style='width: 100%; max-width: 1200px; margin: 0 auto; font-family: sans-serif; line-height: 1.6; color: inherit; background-color: transparent;'> <!-- Secci\u00f3n de descripci\u00f3n principal --> <\/p>\n<div style='display: flex; flex-wrap: wrap; gap: 30px; margin-bottom: 30px;'>\n<div style='flex: 1 1 300px; min-width: 280px;'>\n<h3 style='font-size: 22px; border-bottom: 2px solid currentColor; padding-bottom: 5px; margin-top: 0; color: inherit; opacity: 0.8;'>Descripci\u00f3n<\/h3>\n<p style='font-size: 15px; color: inherit; margin-top: 10px; margin-bottom: 10px;'>Esta alarma ofrece un dise\u00f1o moderno de 5\u201d ideal para todos los espacios habitables. La tecnolog\u00eda de punta env\u00eda alertas r\u00e1pidas que le dan a su familia m\u00e1s tiempo para salir. La tecnolog\u00eda de detecci\u00f3n mejorada y segura reduce las falsas alarmas que a menudo causan al cocinar. Completamente probado y dise\u00f1ado seg\u00fan el \u00faltimo est\u00e1ndar UL de seguridad y confiabilidad&comma; esta alarma Kidde DETECT funciona con 2 bater\u00edas AA reemplazables (incluidas) para detecci\u00f3n continua incluso durante cortes de energ\u00eda y alertas. Adem\u00e1s&comma; se prueba autom\u00e1ticamente y es f\u00e1cil de instalar con el sistema de giro y clic incluido. Soporte de montaje. Equipada con notificaciones de fin de vida \u00fatil&comma; la alarma emitir\u00e1 un pitido para recordarle que es hora de reemplazarlo 10 a\u00f1os despu\u00e9s de su encendido.<\/p>\n<\/p><\/div>\n<\/p><\/div>\n<p> <!-- Secci\u00f3n de advertencias de alarma --> <\/p>\n<div style='display: flex; flex-wrap: wrap; gap: 30px; margin-bottom: 30px;'>\n<div style='flex: 1 1 300px; min-width: 280px;'>\n<h3 style='font-size: 22px; border-bottom: 2px solid currentColor; padding-bottom: 5px; margin-top: 0; color: inherit; opacity: 0.8;'>Advertencias de alarma<\/h3>\n<ul style='padding-left: 20px; font-size: 15px; color: inherit; margin-top: 10px; margin-bottom: 10px;'>\n<li style='margin-bottom: 5px;'><strong>Fuego:<\/strong> El LED rojo parpadear\u00e1 en sincron\u00eda con el patr\u00f3n de alarma (3 pitidos largos). La alarma repetir\u00e1 este patr\u00f3n hasta que se reinicie la unidad o se elimine el humo.<\/li>\n<li style='margin-bottom: 5px;'><strong>Mon\u00f3xido de carbono:<\/strong> el LED rojo parpadear\u00e1 en sincron\u00eda con el patr\u00f3n de alarma (4 pitidos r\u00e1pidos). Esto contin\u00faa hasta que se reinicie la unidad o se elimine el CO.<\/li>\n<li style='margin-bottom: 5px;'><strong>Bater\u00eda baja:<\/strong> un chirrido y un LED \u00e1mbar parpadea por minuto.<\/li>\n<li style='margin-bottom: 5px;'><strong>Memoria de alarma:<\/strong> alerta al usuario si se ha detectado humo o CO en las \u00faltimas 24 horas. Si se detecta humo&comma; el LED rojo parpadea cada 15 segundos. Si se detecta CO&comma; el LED rojo parpadea dos veces cada 15 segundos.<\/li>\n<\/ul><\/div>\n<\/p><\/div>\n<p> <!-- Secci\u00f3n de caracter\u00edsticas --> <\/p>\n<div style='display: flex; flex-wrap: wrap; gap: 20px; margin-bottom: 30px;'>\n<div style='flex: 1 1 250px; border: 1px solid rgba(150&comma; 150&comma; 150&comma; 0.4); border-radius: 8px; overflow: hidden; display: flex; flex-direction: column;'>\n<div style='padding: 15px; border-bottom: 1px solid rgba(150&comma; 150&comma; 150&comma; 0.2); font-weight: bold; font-size: 18px; color: inherit;'>Caracter\u00edsticas y beneficios<\/div>\n<div style='padding: 15px; color: inherit;'>\n<ul style='padding-left: 20px; margin: 0; font-size: 14px; list-style-type: disc;'>\n<li style='margin-bottom: 5px;'><strong>Detecci\u00f3n dual:<\/strong> Alerta sobre humo y mon\u00f3xido de carbono (CO) con un solo dispositivo.<\/li>\n<li style='margin-bottom: 5px;'><strong>Bater\u00edas AA reemplazables:<\/strong> Proporcionan energ\u00eda incluso durante cortes de energ\u00eda. Recomendado cambiar cada 6 meses o cuando escuche el chirrido de bater\u00eda baja.<\/li>\n<li style='margin-bottom: 5px;'><strong>Alarma de autoprueba:<\/strong> Verifica peri\u00f3dicamente los componentes internos para asegurar funcionamiento adecuado.<\/li>\n<li style='margin-bottom: 5px;'><strong>Instalaci\u00f3n sencilla:<\/strong> Sistema de montaje giratorio y de clic para f\u00e1cil instalaci\u00f3n.<\/li>\n<li style='margin-bottom: 5px;'><strong>Notificaci\u00f3n de fin de vida \u00fatil:<\/strong> Alarma sonora para recordar reemplazo despu\u00e9s de 10 a\u00f1os de uso.<\/li>\n<\/ul><\/div>\n<\/p><\/div>\n<\/p><\/div>\n<p> <!-- Secci\u00f3n de especificaciones --> <\/p>\n<div style='display: flex; flex-wrap: wrap; gap: 20px; margin-bottom: 30px;'>\n<div style='flex: 1 1 250px; border: 1px solid rgba(150&comma; 150&comma; 150&comma; 0.4); border-radius: 8px; overflow: hidden; display: flex; flex-direction: column;'>\n<div style='padding: 15px; border-bottom: 1px solid rgba(150&comma; 150&comma; 150&comma; 0.2); font-weight: bold; font-size: 18px; color: inherit;'>Especificaciones t\u00e9cnicas<\/div>\n<div style='padding: 15px; color: inherit;'>\n<ul style='padding-left: 20px; margin: 0; font-size: 14px; list-style-type: disc;'>\n<li style='margin-bottom: 5px;'><strong>Modelo:<\/strong> 21031502<\/li>\n<li style='margin-bottom: 5px;'><strong>Tipo:<\/strong> Detector dual de humo y mon\u00f3xido de carbono<\/li>\n<li style='margin-bottom: 5px;'><strong>Alimentaci\u00f3n:<\/strong> 2 bater\u00edas AA reemplazables (incluidas)<\/li>\n<li style='margin-bottom: 5px;'><strong>Tecnolog\u00eda:<\/strong> Fotoel\u00e9ctrica para humo y electroqu\u00edmica para CO<\/li>\n<li style='margin-bottom: 5px;'><strong>Indicadores:<\/strong> LED rojo y \u00e1mbar para diferentes alertas<\/li>\n<li style='margin-bottom: 5px;'><strong>Vida \u00fatil:<\/strong> 10 a\u00f1os desde la activaci\u00f3n<\/li>\n<li style='margin-bottom: 5px;'><strong>Dimensiones:<\/strong> 5&#8242; de di\u00e1metro<\/li>\n<li style='margin-bottom: 5px;'><strong>Paquete:<\/strong> 6 unidades<\/li>\n<\/ul><\/div>\n<\/p><\/div>\n<\/p><\/div>\n<p> <!-- Separador --> <\/p>\n<hr style='border: 0; border-top: 1px solid rgba(150&comma; 150&comma; 150&comma; 0.3); margin: 30px 0;'> <\/div>\n","protected":false},"excerpt":{"rendered":"<p>Detector de Humo y Monoxido (CO) Compacto Fotoel\u00e9ctrico Aut\u00f3nomo | Bater\u00eda AA Reemplazable | Modelo 21031502 | Paquete de 6<\/p>\n","protected":false},"featured_media":35408,"comment_status":"open","ping_status":"closed","template":"","meta":[],"product_brand":[],"product_cat":[1047],"product_tag":[224,1048],"class_list":{"0":"post-35409","1":"product","2":"type-product","3":"status-publish","4":"has-post-thumbnail","6":"product_cat-kidde","7":"product_tag-detectores-autonomos","8":"product_tag-kidde","10":"first","11":"instock","12":"sale","13":"shipping-taxable","14":"purchasable","15":"product-type-simple"},"_links":{"self":[{"href":"https:\/\/soydeaqui.ddns.net\/pachuca\/index.php\/wp-json\/wp\/v2\/product\/35409","targetHints":{"allow":["GET"]}}],"collection":[{"href":"https:\/\/soydeaqui.ddns.net\/pachuca\/index.php\/wp-json\/wp\/v2\/product"}],"about":[{"href":"https:\/\/soydeaqui.ddns.net\/pachuca\/index.php\/wp-json\/wp\/v2\/types\/product"}],"replies":[{"embeddable":true,"href":"https:\/\/soydeaqui.ddns.net\/pachuca\/index.php\/wp-json\/wp\/v2\/comments?post=35409"}],"wp:featuredmedia":[{"embeddable":true,"href":"https:\/\/soydeaqui.ddns.net\/pachuca\/index.php\/wp-json\/wp\/v2\/media\/35408"}],"wp:attachment":[{"href":"https:\/\/soydeaqui.ddns.net\/pachuca\/index.php\/wp-json\/wp\/v2\/media?parent=35409"}],"wp:term":[{"taxonomy":"product_brand","embeddable":true,"href":"https:\/\/soydeaqui.ddns.net\/pachuca\/index.php\/wp-json\/wp\/v2\/product_brand?post=35409"},{"taxonomy":"product_cat","embeddable":true,"href":"https:\/\/soydeaqui.ddns.net\/pachuca\/index.php\/wp-json\/wp\/v2\/product_cat?post=35409"},{"taxonomy":"product_tag","embeddable":true,"href":"https:\/\/soydeaqui.ddns.net\/pachuca\/index.php\/wp-json\/wp\/v2\/product_tag?post=35409"}],"curies":[{"name":"wp","href":"https:\/\/api.w.org\/{rel}","templated":true}]}}