{"id":35404,"date":"2026-03-18T15:43:34","date_gmt":"2026-03-18T15:43:34","guid":{"rendered":"https:\/\/soydeaqui.ddns.net\/pachuca\/index.php\/producto\/detector-de-humo-compacto-fotoelectrico-autonomo-120-v-y-respaldo-bateria-reemplazable-aa-modelo-21031482-paquete-de-6\/"},"modified":"2026-03-18T15:43:38","modified_gmt":"2026-03-18T15:43:38","slug":"detector-de-humo-compacto-fotoelectrico-autonomo-120-v-y-respaldo-bateria-reemplazable-aa-modelo-21031482-paquete-de-6","status":"publish","type":"product","link":"https:\/\/soydeaqui.ddns.net\/pachuca\/index.php\/producto\/detector-de-humo-compacto-fotoelectrico-autonomo-120-v-y-respaldo-bateria-reemplazable-aa-modelo-21031482-paquete-de-6\/","title":{"rendered":"Detector de Humo Compacto Fotoelectrico Autonomo | 120 V y Respaldo Bater\u00eda Reemplazable AA | Modelo 21031482 | Paquete de 6"},"content":{"rendered":"<div style='width: 100%; max-width: 1200px; margin: 0 auto; font-family: sans-serif; line-height: 1.6; color: inherit; background-color: transparent;'>\n<div style='display: flex; flex-wrap: wrap; gap: 30px; margin-bottom: 30px;'>\n<div style='flex: 1 1 300px; min-width: 280px;'>\n<h3 style='font-size: 22px; border-bottom: 2px solid currentColor; padding-bottom: 5px; margin-top: 0; color: inherit; opacity: 0.8;'>Descripci\u00f3n general<\/h3>\n<ul style='padding-left: 20px; font-size: 15px; color: inherit;'>\n<li style='margin-bottom: 5px;'>Dise\u00f1o moderno de 5&#8242; ideal para todos los espacios habitables<\/li>\n<li style='margin-bottom: 5px;'>Tecnolog\u00eda de punta env\u00eda alertas r\u00e1pidas que dan a su familia m\u00e1s tiempo para salir<\/li>\n<li style='margin-bottom: 5px;'>Tecnolog\u00eda de detecci\u00f3n mejorada y segura reduce las falsas alarmas causadas por cocci\u00f3n<\/li>\n<li style='margin-bottom: 5px;'>Dise\u00f1ada seg\u00fan el \u00faltimo est\u00e1ndar UL de seguridad y confiabilidad<\/li>\n<li style='margin-bottom: 5px;'>Funciona con 120 V CA con 2 bater\u00edas AA de respaldo reemplazables para detecci\u00f3n continua incluso durante cortes<\/li>\n<li style='margin-bottom: 5px;'>Se prueba autom\u00e1ticamente y es f\u00e1cil de instalar con sistema de giro y clic<\/li>\n<li style='margin-bottom: 5px;'>Notificaciones de fin de vida \u00fatil: pita para recordar reemplazo a los 10 a\u00f1os<\/li>\n<li style='margin-bottom: 5px;'>Activaci\u00f3n de alarma interconectada para mayor seguridad<\/li>\n<\/ul><\/div>\n<\/p><\/div>\n<div style='display: flex; flex-wrap: wrap; gap: 20px; margin-bottom: 30px;'>\n<div style='flex: 1 1 250px; border: 1px solid rgba(150&comma; 150&comma; 150&comma; 0.4); border-radius: 8px; overflow: hidden; display: flex; flex-direction: column;'>\n<div style='padding: 15px; border-bottom: 1px solid rgba(150&comma; 150&comma; 150&comma; 0.2); font-weight: bold; font-size: 18px; color: inherit;'>Advertencias de alarma de incendio<\/div>\n<div style='padding: 15px; color: inherit;'>\n<ul style='padding-left: 20px; margin: 0; font-size: 14px; list-style-type: disc;'>\n<li style='margin-bottom: 5px;'>Fuego: El LED rojo parpadear\u00e1 en sincron\u00eda con el patr\u00f3n de alarma (3 pitidos largos). La alarma repetir\u00e1 este patr\u00f3n hasta que se reinicie la unidad o se elimine el humo.<\/li>\n<li style='margin-bottom: 5px;'>Bater\u00eda baja: un chirrido y un LED \u00e1mbar parpadea por minuto.<\/li>\n<li style='margin-bottom: 5px;'>Memoria de alarma: alerta al usuario si se ha detectado humo en las \u00faltimas 24 horas. Si se detecta humo&comma; el LED rojo parpadea cada 15 segundos.<\/li>\n<\/ul><\/div>\n<\/p><\/div>\n<div style='flex: 1 1 250px; border: 1px solid rgba(150&comma; 150&comma; 150&comma; 0.4); border-radius: 8px; overflow: hidden; display: flex; flex-direction: column;'>\n<div style='padding: 15px; border-bottom: 1px solid rgba(150&comma; 150&comma; 150&comma; 0.2); font-weight: bold; font-size: 18px; color: inherit;'>Caracter\u00edsticas y beneficios<\/div>\n<div style='padding: 15px; color: inherit;'>\n<ul style='padding-left: 20px; margin: 0; font-size: 14px; list-style-type: disc;'>\n<li style='margin-bottom: 5px;'>2 pilas AA reemplazables: proporcionan energ\u00eda durante cortes de energ\u00eda. Cambiar cada 6 meses o cuando escuche el chirrido de bater\u00eda baja.<\/li>\n<li style='margin-bottom: 5px;'>Alarmas interconectadas: cuando suena una alarma&comma; suenan todas para mayor seguridad.<\/li>\n<li style='margin-bottom: 5px;'>Alarmas de autoprueba: los componentes internos se verifican para asegurar funcionamiento.<\/li>\n<li style='margin-bottom: 5px;'>Instalaci\u00f3n sencilla con sistema giratorio y clic incluido soporte de montaje.<\/li>\n<li style='margin-bottom: 5px;'>Notificaciones de fin de vida \u00fatil: pita para recordar reemplazo a los 10 a\u00f1os.<\/li>\n<li style='margin-bottom: 5px;'>Paquete de 6 unidades<\/li>\n<\/ul><\/div>\n<\/p><\/div>\n<\/p><\/div>\n<div style='display: flex; flex-wrap: wrap; gap: 20px; margin-bottom: 30px;'>\n<div style='flex: 1 1 250px; border: 1px solid rgba(150&comma; 150&comma; 150&comma; 0.4); border-radius: 8px; overflow: hidden; display: flex; flex-direction: column;'>\n<div style='padding: 15px; border-bottom: 1px solid rgba(150&comma; 150&comma; 150&comma; 0.2); font-weight: bold; font-size: 18px; color: inherit;'>Especificaciones t\u00e9cnicas<\/div>\n<div style='padding: 15px; color: inherit;'>\n<ul style='padding-left: 20px; margin: 0; font-size: 14px; list-style-type: disc;'>\n<li style='margin-bottom: 5px;'><strong>Modelo:<\/strong> 21031482<\/li>\n<li style='margin-bottom: 5px;'><strong>Fuente de alimentaci\u00f3n:<\/strong> 120 V CA&comma; 60 Hz&comma; con respaldo de 2 bater\u00edas AA<\/li>\n<li style='margin-bottom: 5px;'><strong>Sensor de humo:<\/strong> fotoel\u00e9ctrico<\/li>\n<li style='margin-bottom: 5px;'><strong>Alarma de audio:<\/strong> 85 dB a 10 pies<\/li>\n<li style='margin-bottom: 5px;'><strong>Rango de temperatura:<\/strong> 40\u00b0F (4.4\u00b0C) a 100\u00b0F (37.8\u00b0C)<\/li>\n<li style='margin-bottom: 5px;'><strong>Rango de humedad:<\/strong> hasta 95% de humedad relativa (RH)&comma; sin condensaci\u00f3n<\/li>\n<li style='margin-bottom: 5px;'><strong>Tama\u00f1o:<\/strong> 5&#8242; ancho x 2&#8242; profundidad x 5&#8242; alto<\/li>\n<li style='margin-bottom: 5px;'><strong>Peso:<\/strong> 0.86 libras<\/li>\n<li style='margin-bottom: 5px;'><strong>Cableado:<\/strong> cableado de CA&comma; conector r\u00e1pido enchufable<\/li>\n<li style='margin-bottom: 5px;'><strong>Interconexiones:<\/strong> Se interconecta con hasta 24 dispositivos Kidde<\/li>\n<\/ul><\/div>\n<\/p><\/div>\n<div style='flex: 1 1 250px; border: 1px solid rgba(150&comma; 150&comma; 150&comma; 0.4); border-radius: 8px; overflow: hidden; display: flex; flex-direction: column;'>\n<div style='padding: 15px; border-bottom: 1px solid rgba(150&comma; 150&comma; 150&comma; 0.2); font-weight: bold; font-size: 18px; color: inherit;'>Informaci\u00f3n adicional<\/div>\n<div style='padding: 15px; color: inherit;'>\n<ul style='padding-left: 20px; margin: 0; font-size: 14px; list-style-type: disc;'>\n<li style='margin-bottom: 5px;'>Garant\u00eda limitada de 10 a\u00f1os (bater\u00edas excluidas)<\/li>\n<li style='margin-bottom: 5px;'>Bater\u00edas de repuesto: Energizer E91&comma; Gold Peak 15A o Golden Power GLR6A<\/li>\n<li style='margin-bottom: 5px;'>No utilice bater\u00edas de litio en esta unidad<\/li>\n<\/ul><\/div>\n<\/p><\/div>\n<\/p><\/div>\n<div style='position: relative; padding-bottom: 56.25%; height: 0; overflow: hidden; margin-bottom: 30px;'>   <\/div>\n<hr style='border: 0; border-top: 1px solid rgba(150&comma; 150&comma; 150&comma; 0.3); margin: 30px 0;'> <\/div>\n","protected":false},"excerpt":{"rendered":"<p>Detector de Humo Compacto Fotoelectrico Autonomo | 120 V y Respaldo Bater\u00eda Reemplazable AA | Modelo 21031482 | Paquete de 6<\/p>\n","protected":false},"featured_media":35403,"comment_status":"open","ping_status":"closed","template":"","meta":[],"product_brand":[],"product_cat":[1047],"product_tag":[224,1048],"class_list":{"0":"post-35404","1":"product","2":"type-product","3":"status-publish","4":"has-post-thumbnail","6":"product_cat-kidde","7":"product_tag-detectores-autonomos","8":"product_tag-kidde","10":"first","11":"instock","12":"sale","13":"shipping-taxable","14":"purchasable","15":"product-type-simple"},"_links":{"self":[{"href":"https:\/\/soydeaqui.ddns.net\/pachuca\/index.php\/wp-json\/wp\/v2\/product\/35404","targetHints":{"allow":["GET"]}}],"collection":[{"href":"https:\/\/soydeaqui.ddns.net\/pachuca\/index.php\/wp-json\/wp\/v2\/product"}],"about":[{"href":"https:\/\/soydeaqui.ddns.net\/pachuca\/index.php\/wp-json\/wp\/v2\/types\/product"}],"replies":[{"embeddable":true,"href":"https:\/\/soydeaqui.ddns.net\/pachuca\/index.php\/wp-json\/wp\/v2\/comments?post=35404"}],"wp:featuredmedia":[{"embeddable":true,"href":"https:\/\/soydeaqui.ddns.net\/pachuca\/index.php\/wp-json\/wp\/v2\/media\/35403"}],"wp:attachment":[{"href":"https:\/\/soydeaqui.ddns.net\/pachuca\/index.php\/wp-json\/wp\/v2\/media?parent=35404"}],"wp:term":[{"taxonomy":"product_brand","embeddable":true,"href":"https:\/\/soydeaqui.ddns.net\/pachuca\/index.php\/wp-json\/wp\/v2\/product_brand?post=35404"},{"taxonomy":"product_cat","embeddable":true,"href":"https:\/\/soydeaqui.ddns.net\/pachuca\/index.php\/wp-json\/wp\/v2\/product_cat?post=35404"},{"taxonomy":"product_tag","embeddable":true,"href":"https:\/\/soydeaqui.ddns.net\/pachuca\/index.php\/wp-json\/wp\/v2\/product_tag?post=35404"}],"curies":[{"name":"wp","href":"https:\/\/api.w.org\/{rel}","templated":true}]}}