{"id":35401,"date":"2026-03-18T15:43:31","date_gmt":"2026-03-18T15:43:31","guid":{"rendered":"https:\/\/soydeaqui.ddns.net\/pachuca\/index.php\/producto\/alarma-para-extintores-de-incendio-serie-theft-stopper-evita-robo-y-mal-uso-con-bocina-a-12vcd\/"},"modified":"2026-03-18T15:43:33","modified_gmt":"2026-03-18T15:43:33","slug":"alarma-para-extintores-de-incendio-serie-theft-stopper-evita-robo-y-mal-uso-con-bocina-a-12vcd","status":"publish","type":"product","link":"https:\/\/soydeaqui.ddns.net\/pachuca\/index.php\/producto\/alarma-para-extintores-de-incendio-serie-theft-stopper-evita-robo-y-mal-uso-con-bocina-a-12vcd\/","title":{"rendered":"Alarma Para Extintores De Incendio Serie Theft Stopper\u00ae, Evita Robo y Mal Uso. Con bocina a 12Vcd"},"content":{"rendered":"<div style='width: 100%; max-width: 1200px; margin: 0 auto; font-family: sans-serif; line-height: 1.6; color: inherit; background-color: transparent;'>\n<div style='display: flex; flex-wrap: wrap; gap: 30px; margin-bottom: 30px;'>\n<div style='flex: 1 1 300px; min-width: 280px;'>\n<h3 style='font-size: 22px; border-bottom: 2px solid currentColor; padding-bottom: 5px; margin-top: 0; color: inherit; opacity: 0.8;'>Descripci\u00f3n general<\/h3>\n<p style='font-size: 15px; color: inherit; margin-top: 0;'>Alarma de extintor Theft Stopper\u00ae altamente eficaz que disuade y alerta del mal uso o robo del extintor de incendios. El Theft Stopper\u00ae altamente efectivo puede servir como una alarma pr\u00e1ctica para el mal uso o robo de extintores de incendio&comma; como una soluci\u00f3n econ\u00f3mica y pr\u00e1ctica. Si se retira el extintor&comma; el Theft Stopper\u00ae electr\u00f3nico emite una potente sirena de aviso de 95\/105 dB.<\/p>\n<\/p><\/div>\n<\/p><\/div>\n<div style='display: flex; flex-wrap: wrap; gap: 20px; margin-bottom: 30px;'>\n<div style='flex: 1 1 250px; border: 1px solid rgba(150&comma; 150&comma; 150&comma; 0.4); border-radius: 8px; overflow: hidden; display: flex; flex-direction: column;'>\n<div style='padding: 15px; border-bottom: 1px solid rgba(150&comma; 150&comma; 150&comma; 0.2); font-weight: bold; font-size: 18px; color: inherit;'>Caracter\u00edsticas de Alarma STI-6200<\/div>\n<div style='padding: 15px; color: inherit;'>\n<ul style='padding-left: 20px; margin: 0; font-size: 14px; list-style-type: disc;'>\n<li style='margin-bottom: 5px;'>Alarma de extintor Theft Stopper\u00ae para robo y mal uso.<\/li>\n<li style='margin-bottom: 5px;'>Se monta f\u00e1cilmente al lado del extintor.<\/li>\n<li style='margin-bottom: 5px;'>Env\u00eda una se\u00f1al inal\u00e1mbrica al receptor STI cuando se mueve el extintor protegido.<\/li>\n<li style='margin-bottom: 5px;'>Deja el extintor accesible para emergencias y no interfiere con la extinci\u00f3n de incendios de ninguna manera.<\/li>\n<li style='margin-bottom: 5px;'>Cable de desactivaci\u00f3n para mantenimiento.<\/li>\n<\/ul><\/div>\n<\/p><\/div>\n<div style='flex: 1 1 250px; border: 1px solid rgba(150&comma; 150&comma; 150&comma; 0.4); border-radius: 8px; overflow: hidden; display: flex; flex-direction: column;'>\n<div style='padding: 15px; border-bottom: 1px solid rgba(150&comma; 150&comma; 150&comma; 0.2); font-weight: bold; font-size: 18px; color: inherit;'>Caracter\u00edsticas Generales Theft Stopper\u00ae<\/div>\n<div style='padding: 15px; color: inherit;'>\n<ul style='padding-left: 20px; margin: 0; font-size: 14px; list-style-type: disc;'>\n<li style='margin-bottom: 5px;'>La &#8216;se\u00f1al de alto&#8217; altamente visible act\u00faa como elemento disuasorio.<\/li>\n<li style='margin-bottom: 5px;'>Unidad aut\u00f3noma a 9V (incluida) o alimentaci\u00f3n de 12-24 Vcd.<\/li>\n<li style='margin-bottom: 5px;'>Bocina de advertencia de 95\/105 dB.<\/li>\n<li style='margin-bottom: 5px;'>Solo uso en interiores.<\/li>\n<li style='margin-bottom: 5px;'>Advertencia visual y audible.<\/li>\n<li style='margin-bottom: 5px;'>Garant\u00eda de 3 a\u00f1os contra rotura del policarbonato en uso normal (1 a\u00f1o en componentes electromec\u00e1nicos y electr\u00f3nicos).<\/li>\n<li style='margin-bottom: 5px;'>La etiqueta incluida permite advertir en dos idiomas.<\/li>\n<li style='margin-bottom: 5px;'>Carcasa de policarbonato super resistente.<\/li>\n<li style='margin-bottom: 5px;'>Agrega advertencia en un segundo idioma con las etiquetas proporcionadas (21 idiomas).<\/li>\n<li style='margin-bottom: 5px;'>Instalaci\u00f3n sumamente sencilla.<\/li>\n<li style='margin-bottom: 5px;'>Advertencia de bater\u00eda baja.<\/li>\n<li style='margin-bottom: 5px;'>Aprobado por CE&comma; cumple con FCC e IC.<\/li>\n<li style='margin-bottom: 5px;'>Dimensiones: 137 mm (5.375 in) x 137 mm (5.375 in) x 51 mm (2 in).<\/li>\n<\/ul><\/div>\n<\/p><\/div>\n<\/p><\/div>\n<hr style='border: 0; border-top: 1px solid rgba(150&comma; 150&comma; 150&comma; 0.3); margin: 30px 0;'>\n<div style='margin-bottom: 30px;'>\n<h3 style='font-size: 22px; border-bottom: 2px solid currentColor; padding-bottom: 5px; margin-top: 0; color: inherit; opacity: 0.8;'>Instalaci\u00f3n de Alarma Theft Stopper\u00ae STI-6200<\/h3>\n<div style='display: flex; flex-wrap: wrap; gap: 20px; justify-content: center; margin-top: 20px;'>\n<div style='position: relative; padding-bottom: 56.25%; height: 0; overflow: hidden; flex: 1 1 300px; max-width: 560px;'>   <\/div>\n<div style='position: relative; padding-bottom: 56.25%; height: 0; overflow: hidden; flex: 1 1 300px; max-width: 560px;'>   <\/div>\n<div style='position: relative; padding-bottom: 56.25%; height: 0; overflow: hidden; flex: 1 1 300px; max-width: 560px;'>   <\/div>\n<\/p><\/div>\n<\/p><\/div>\n<\/p><\/div>\n","protected":false},"excerpt":{"rendered":"<p>Alarma Para Extintores De Incendio Serie Theft Stopper\u00ae, Evita Robo y Mal Uso. Con bocina a 12Vcd<\/p>\n","protected":false},"featured_media":35400,"comment_status":"open","ping_status":"closed","template":"","meta":[],"product_brand":[],"product_cat":[223],"product_tag":[224,169,225],"class_list":{"0":"post-35401","1":"product","2":"type-product","3":"status-publish","4":"has-post-thumbnail","6":"product_cat-todo","7":"product_tag-detectores-autonomos","8":"product_tag-sti","9":"product_tag-todo","11":"first","12":"outofstock","13":"sale","14":"shipping-taxable","15":"purchasable","16":"product-type-simple"},"_links":{"self":[{"href":"https:\/\/soydeaqui.ddns.net\/pachuca\/index.php\/wp-json\/wp\/v2\/product\/35401","targetHints":{"allow":["GET"]}}],"collection":[{"href":"https:\/\/soydeaqui.ddns.net\/pachuca\/index.php\/wp-json\/wp\/v2\/product"}],"about":[{"href":"https:\/\/soydeaqui.ddns.net\/pachuca\/index.php\/wp-json\/wp\/v2\/types\/product"}],"replies":[{"embeddable":true,"href":"https:\/\/soydeaqui.ddns.net\/pachuca\/index.php\/wp-json\/wp\/v2\/comments?post=35401"}],"wp:featuredmedia":[{"embeddable":true,"href":"https:\/\/soydeaqui.ddns.net\/pachuca\/index.php\/wp-json\/wp\/v2\/media\/35400"}],"wp:attachment":[{"href":"https:\/\/soydeaqui.ddns.net\/pachuca\/index.php\/wp-json\/wp\/v2\/media?parent=35401"}],"wp:term":[{"taxonomy":"product_brand","embeddable":true,"href":"https:\/\/soydeaqui.ddns.net\/pachuca\/index.php\/wp-json\/wp\/v2\/product_brand?post=35401"},{"taxonomy":"product_cat","embeddable":true,"href":"https:\/\/soydeaqui.ddns.net\/pachuca\/index.php\/wp-json\/wp\/v2\/product_cat?post=35401"},{"taxonomy":"product_tag","embeddable":true,"href":"https:\/\/soydeaqui.ddns.net\/pachuca\/index.php\/wp-json\/wp\/v2\/product_tag?post=35401"}],"curies":[{"name":"wp","href":"https:\/\/api.w.org\/{rel}","templated":true}]}}