{"id":35394,"date":"2026-03-18T15:43:22","date_gmt":"2026-03-18T15:43:22","guid":{"rendered":"https:\/\/soydeaqui.ddns.net\/pachuca\/index.php\/producto\/detector-de-humo-compacto-fotoelectrico-autonomo120-v-y-respaldo-bateria-reemplazable-aa-modelo-210314821-pieza\/"},"modified":"2026-03-18T15:43:27","modified_gmt":"2026-03-18T15:43:27","slug":"detector-de-humo-compacto-fotoelectrico-autonomo120-v-y-respaldo-bateria-reemplazable-aa-modelo-210314821-pieza","status":"publish","type":"product","link":"https:\/\/soydeaqui.ddns.net\/pachuca\/index.php\/producto\/detector-de-humo-compacto-fotoelectrico-autonomo120-v-y-respaldo-bateria-reemplazable-aa-modelo-210314821-pieza\/","title":{"rendered":"Detector de Humo Compacto Fotoel\u00e9ctrico Autonomo120 V y Respaldo Bater\u00eda Reemplazable AA | Modelo 210314821 |  Pieza"},"content":{"rendered":"<div style='width: 100%; max-width: 1200px; margin: 0 auto; font-family: sans-serif; line-height: 1.6; color: inherit; background-color: transparent;'> <!-- Secci\u00f3n de descripci\u00f3n --> <\/p>\n<div style='margin-bottom: 30px;'>\n<p style='font-size: 16px; margin-bottom: 15px;'>Esta alarma ofrece un dise\u00f1o moderno de 5\u201d ideal para todos los espacios habitables.<\/p>\n<p style='font-size: 16px; margin-bottom: 15px;'>La tecnolog\u00eda de punta env\u00eda alertas r\u00e1pidas que le dan a su familia m\u00e1s tiempo para salir.<\/p>\n<p style='font-size: 16px; margin-bottom: 15px;'>La tecnolog\u00eda de detecci\u00f3n mejorada y segura reduce las falsas alarmas que a menudo son causadas por cocinado.<\/p>\n<p style='font-size: 16px; margin-bottom: 15px;'>Completamente probado y dise\u00f1ado seg\u00fan el \u00faltimo est\u00e1ndar UL de seguridad y confiabilidad&comma; esta alarma Kidde DETECT funciona con 120 V CA con 2 bater\u00edas AA de respaldo reemplazables (incluidas) para una detecci\u00f3n continua incluso durante cortes.<\/p>\n<p style='font-size: 16px; margin-bottom: 15px;'>Adem\u00e1s&comma; se prueba autom\u00e1ticamente y es f\u00e1cil de instalar con el sistema de giro y clic. Soporte de montaje incluido.<\/p>\n<p style='font-size: 16px; margin-bottom: 15px;'>Equipada con notificaciones de fin de vida \u00fatil&comma; la alarma emitir\u00e1 un pitido para recordarle que es hora de reemplazarlo 10 a\u00f1os despu\u00e9s de su encendido.<\/p>\n<p style='font-size: 16px; margin-bottom: 15px;'>La alarma tambi\u00e9n tiene activaci\u00f3n de alarma interconectada para que nunca te pierdas una emergencia y puedas salir m\u00e1s r\u00e1pido.<\/p>\n<\/p><\/div>\n<p> <!-- Secci\u00f3n de advertencias --> <\/p>\n<div style='margin-bottom: 30px;'>\n<h3 style='font-size: 22px; border-bottom: 2px solid currentColor; padding-bottom: 5px; margin-top: 0; margin-bottom: 15px; color: inherit; opacity: 0.8;'>Advertencias de alarma Incendio<\/h3>\n<ul style='padding-left: 20px; font-size: 15px; color: inherit;'>\n<li style='margin-bottom: 5px;'>Fuego: El LED rojo parpadear\u00e1 en sincron\u00eda con el patr\u00f3n de alarma (3 pitidos largos). La alarma repetir\u00e1 este patr\u00f3n hasta que se reinicie la unidad o se elimine el humo.<\/li>\n<li style='margin-bottom: 5px;'>Bater\u00eda baja: un chirrido y un LED \u00e1mbar parpadea por minuto.<\/li>\n<li style='margin-bottom: 5px;'>Memoria de alarma: alerta al usuario si se ha detectado humo en los \u00faltimos 24 horas. Si se detecta humo&comma; el LED rojo parpadea cada 15 segundos.<\/li>\n<\/ul><\/div>\n<p> <!-- Secci\u00f3n de caracter\u00edsticas --> <\/p>\n<div style='margin-bottom: 30px;'>\n<h3 style='font-size: 22px; border-bottom: 2px solid currentColor; padding-bottom: 5px; margin-top: 0; margin-bottom: 15px; color: inherit; opacity: 0.8;'>Caracter\u00edsticas y beneficios<\/h3>\n<ul style='padding-left: 20px; font-size: 15px; color: inherit;'>\n<li style='margin-bottom: 5px;'>2 pilas AA reemplazables: proporcionan energ\u00eda incluso durante periodos cortos de cortes de energ\u00eda para mayor tranquilidad. Cambiar bater\u00edas reemplazables cada 6 meses&comma; o cuando escuche el chirrido de bater\u00eda baja.<\/li>\n<li style='margin-bottom: 5px;'>Alarmas interconectadas*: cuando suena una alarma&comma; suenan todas&comma; por lo que nunca te perder\u00e1s una emergencia y podr\u00e1s salir m\u00e1s r\u00e1pido.<\/li>\n<li style='margin-bottom: 5px;'>Alarmas de autoprueba**: para mayor seguridad&comma; los componentes internos aseg\u00farese de que la alarma est\u00e9 siempre funcionando como se espera.<\/li>\n<li style='margin-bottom: 5px;'>Instalaci\u00f3n sencilla: instalaci\u00f3n sencilla con sistema giratorio y clic incluido soporte de montaje.<\/li>\n<li style='margin-bottom: 5px;'>Notificaciones de fin de vida \u00fatil: esta alarma suena para recordarle que es hora de reemplazarlo 10 a\u00f1os despu\u00e9s de su encendido.<\/li>\n<\/ul>\n<p style='font-size: 14px; margin-top: 20px; color: inherit; opacity: 0.8;'>* Se requiere conexi\u00f3n a trav\u00e9s de la red el\u00e9ctrica o sistema inal\u00e1mbrico compatible<br \/>** Verificar manual de usuario para detalles de autoprueba<\/p>\n<\/p><\/div>\n<p> <!-- Secci\u00f3n de especificaciones --> <\/p>\n<div style='margin-bottom: 30px;'>\n<h3 style='font-size: 22px; border-bottom: 2px solid currentColor; padding-bottom: 5px; margin-top: 0; margin-bottom: 15px; color: inherit; opacity: 0.8;'>Especificaciones t\u00e9cnicas<\/h3>\n<ul style='padding-left: 20px; font-size: 15px; color: inherit;'>\n<li style='margin-bottom: 5px;'><strong>Modelo:<\/strong> 210314821<\/li>\n<li style='margin-bottom: 5px;'><strong>Fuente de alimentaci\u00f3n:<\/strong> 120 V CA&comma; 60 Hz&comma; con respaldo de 2 bater\u00edas AA<\/li>\n<li style='margin-bottom: 5px;'><strong>Sensor de humo:<\/strong> fotoel\u00e9ctrico<\/li>\n<li style='margin-bottom: 5px;'><strong>Alarma de audio:<\/strong> 85 dB a 10 pies<\/li>\n<li style='margin-bottom: 5px;'><strong>Rango de temperatura:<\/strong> 40 \u00b0F (4&comma;4 \u00b0C) a 100 \u00b0F (37&comma;8 \u00b0C)<\/li>\n<li style='margin-bottom: 5px;'><strong>Rango de humedad:<\/strong> hasta 95 % de humedad relativa (RH)&comma; sin condensaci\u00f3n<\/li>\n<li style='margin-bottom: 5px;'><strong>Tama\u00f1o:<\/strong> 5\u201d ancho x 2\u201d profundidad x 5\u201d alto<\/li>\n<li style='margin-bottom: 5px;'><strong>Peso:<\/strong> 0&comma;86 libras<\/li>\n<li style='margin-bottom: 5px;'><strong>Cableado:<\/strong> cableado de CA&comma; conector r\u00e1pido enchufable<\/li>\n<li style='margin-bottom: 5px;'><strong>Interconexiones:<\/strong> Se interconecta con hasta 24 dispositivos Kidde. Consulte la Gu\u00eda del usuario para obtener una lista de alarmas compatibles. La alarma no est\u00e1 dise\u00f1ada para interconectarse con productos de otros fabricantes&comma; a menos que se indique lo contrario.<\/li>\n<li style='margin-bottom: 5px;'><strong>Garant\u00eda:<\/strong> Garant\u00eda limitada de 10 a\u00f1os (bater\u00edas excluidas)<\/li>\n<li style='margin-bottom: 5px;'><strong>Bater\u00edas de repuesto:<\/strong> Energizer E91&comma; Gold Peak 15A o Golden Power GLR6A. Hay bater\u00edas de repuesto disponibles donde compr\u00f3 esta alarma.<\/li>\n<li style='margin-bottom: 5px;'><strong>Nota:<\/strong> No utilice bater\u00edas de litio en esta unidad.<\/li>\n<\/ul><\/div>\n<p> <!-- Video de YouTube --> <\/p>\n<div style='margin-bottom: 30px;'>\n<div style='position: relative; padding-bottom: 56.25%; height: 0; overflow: hidden;'>   <\/div>\n<\/p><\/div>\n<\/p><\/div>\n","protected":false},"excerpt":{"rendered":"<p>Detector de Humo Compacto Fotoel\u00e9ctrico Autonomo120 V y Respaldo Bater\u00eda Reemplazable AA | Modelo 210314821 |  Pieza<\/p>\n","protected":false},"featured_media":35393,"comment_status":"open","ping_status":"closed","template":"","meta":[],"product_brand":[],"product_cat":[1047],"product_tag":[224,1048],"class_list":{"0":"post-35394","1":"product","2":"type-product","3":"status-publish","4":"has-post-thumbnail","6":"product_cat-kidde","7":"product_tag-detectores-autonomos","8":"product_tag-kidde","10":"first","11":"instock","12":"sale","13":"shipping-taxable","14":"purchasable","15":"product-type-simple"},"_links":{"self":[{"href":"https:\/\/soydeaqui.ddns.net\/pachuca\/index.php\/wp-json\/wp\/v2\/product\/35394","targetHints":{"allow":["GET"]}}],"collection":[{"href":"https:\/\/soydeaqui.ddns.net\/pachuca\/index.php\/wp-json\/wp\/v2\/product"}],"about":[{"href":"https:\/\/soydeaqui.ddns.net\/pachuca\/index.php\/wp-json\/wp\/v2\/types\/product"}],"replies":[{"embeddable":true,"href":"https:\/\/soydeaqui.ddns.net\/pachuca\/index.php\/wp-json\/wp\/v2\/comments?post=35394"}],"wp:featuredmedia":[{"embeddable":true,"href":"https:\/\/soydeaqui.ddns.net\/pachuca\/index.php\/wp-json\/wp\/v2\/media\/35393"}],"wp:attachment":[{"href":"https:\/\/soydeaqui.ddns.net\/pachuca\/index.php\/wp-json\/wp\/v2\/media?parent=35394"}],"wp:term":[{"taxonomy":"product_brand","embeddable":true,"href":"https:\/\/soydeaqui.ddns.net\/pachuca\/index.php\/wp-json\/wp\/v2\/product_brand?post=35394"},{"taxonomy":"product_cat","embeddable":true,"href":"https:\/\/soydeaqui.ddns.net\/pachuca\/index.php\/wp-json\/wp\/v2\/product_cat?post=35394"},{"taxonomy":"product_tag","embeddable":true,"href":"https:\/\/soydeaqui.ddns.net\/pachuca\/index.php\/wp-json\/wp\/v2\/product_tag?post=35394"}],"curies":[{"name":"wp","href":"https:\/\/api.w.org\/{rel}","templated":true}]}}