{"id":3538,"date":"2026-03-18T06:09:05","date_gmt":"2026-03-18T06:09:05","guid":{"rendered":"https:\/\/soydeaqui.ddns.net\/pachuca\/index.php\/producto\/comunicador-lte-5g-dual-sim-incluye-2-anos-4g-5g-sin-limites-unico-programacion-remota-dsc-honeywell-cero-configuracion-compatible-honeywell-dsc-crow-pima\/"},"modified":"2026-03-18T06:09:07","modified_gmt":"2026-03-18T06:09:07","slug":"comunicador-lte-5g-dual-sim-incluye-2-anos-4g-5g-sin-limites-unico-programacion-remota-dsc-honeywell-cero-configuracion-compatible-honeywell-dsc-crow-pima","status":"publish","type":"product","link":"https:\/\/soydeaqui.ddns.net\/pachuca\/index.php\/producto\/comunicador-lte-5g-dual-sim-incluye-2-anos-4g-5g-sin-limites-unico-programacion-remota-dsc-honeywell-cero-configuracion-compatible-honeywell-dsc-crow-pima\/","title":{"rendered":"Comunicador LTE 5G Dual SIM \/ INCLUYE 2 A\u00d1OS 4G\/5G sin Limites \/ \u00daNICO Programaci\u00f3n Remota DSC\/HONEYWELL \/ Cero Configuraci\u00f3n \/ Compatible Honeywell\/DSC\/CROW\/PIMA"},"content":{"rendered":"<div style='width: 100%; max-width: 1200px; margin: 0 auto; font-family: sans-serif; line-height: 1.6; color: inherit; background-color: transparent;'> <!-- Im\u00e1genes principales --> <\/p>\n<div style='display: flex; flex-direction: column; align-items: center; gap: 15px; margin-bottom: 30px;'> <img style='width: 100%; height: auto; border: 1px solid rgba(150&comma;150&comma;150&comma;0.3); border-radius: 8px; max-width: 800px;' src='https:\/\/ftp3.syscom.mx\/usuarios\/vvega\/M2M\/mn01ltem\/mn01ltem_encabezado.jpg' alt=''> <img style='width: 100%; height: auto; border: 1px solid rgba(150&comma;150&comma;150&comma;0.3); border-radius: 8px; max-width: 300px;' src='https:\/\/ftp3.syscom.mx\/usuarios\/vvega\/M2M\/mn01ltem\/mn01ltem.jpg' alt=''> <\/div>\n<p> <!-- T\u00edtulo y descripci\u00f3n --> <\/p>\n<h3 style='font-size: 22px; text-align: center; border-bottom: 2px solid currentColor; padding-bottom: 8px; margin: 0 0 20px; color: inherit; opacity: 0.85;'>Comunicador de Alarma UNIVERSAL 4GLTEM \/ 5G<\/h3>\n<p style='text-align: center; margin: 0 70px 30px; font-size: 16px; color: inherit;'> Comunicador Multimarca \u00fanico en el mercado extremadamente peque\u00f1o compatible con el 99% de paneles de alarma para el env\u00edo de eventos y poder armar y desarmar&comma; todo desde una sola aplicaci\u00f3n (RCONTROL)&comma; ideal para convertir tu panel de alarma en un equipo inteligente! <\/p>\n<p style='text-align: center; margin: 0 70px 30px; font-size: 16px; color: inherit;'> <strong><a style='color: inherit; text-decoration: underline;' href='https:\/\/sites.google.com\/syscom.mx\/m2m-services\/inicio' target='_blank' rel='noopener'>CONFIGURACIONES DE EQUIPOS M2M dando CLIC AQUI<\/a><\/strong> <\/p>\n<p> <!-- Secci\u00f3n de 3 columnas --> <\/p>\n<div style='display: flex; flex-wrap: wrap; gap: 30px; margin-bottom: 40px;'> <!-- Columna 1 --> <\/p>\n<div style='flex: 1 1 300px; min-width: 280px; border: 1px solid rgba(150&comma;150&comma;150&comma;0.3); border-radius: 8px; overflow: hidden; background-color: rgba(238&comma;238&comma;238&comma;0.5);'> <img style='width: 100%; height: auto;' src='https:\/\/ftp3.syscom.mx\/usuarios\/vvega\/M2M\/mn01ltem\/MN01-LTE-M.png' alt=''> <\/p>\n<div style='border-top: 5px solid #DF001D; padding: 15px;'>\n<h4 style='margin: 0 0 15px; font-size: 18px; color: inherit;'>A prueba del Futuro&comma; Red 5G<\/h4>\n<h5 style='margin: 0 0 15px; color: gray; font-weight: normal;'>Principales<\/h5>\n<ul style='padding-left: 20px; margin: 0 0 15px; font-size: 14px; color: inherit;'>\n<li style='margin-bottom: 8px;'>Extremo Alta Seguridad.<\/li>\n<li style='margin-bottom: 8px;'>SIM Multicarrier incluido (Telcel&comma; Movistar&comma; AT&#038;T&comma; Iusacell).<\/li>\n<li style='margin-bottom: 8px;'>Incluye 2 A\u00d1OS servicio 4GLTEM\/5G sin Costo.<\/li>\n<li style='margin-bottom: 8px;'>A\u00f1o adicional agregando <a style='color: inherit; text-decoration: underline;' href='https:\/\/www.syscom.mx\/principal\/searchcont?route=VOUCHERLTEM-M2M-SERVICES-188046&#038;autodetect=voucherltem' target='_blank' rel='noopener'>VOUCHERLTEM.<\/a><\/li>\n<\/ul>\n<p style='margin: 0; font-size: 13px; color: inherit; font-style: italic;'> <strong>NOTA:<\/strong> Si el voucher no es renovado dentro del mes correspondiente&comma; el equipo pasara a suspendido y se tendra que adquirir un REACTIVAM2M + VOUCHERLTEM <\/p>\n<\/p><\/div>\n<\/p><\/div>\n<p> <!-- Columna 2 --> <\/p>\n<div style='flex: 1 1 300px; min-width: 280px; border: 1px solid rgba(150&comma;150&comma;150&comma;0.3); border-radius: 8px; overflow: hidden; background-color: rgba(238&comma;238&comma;238&comma;0.5);'> <img style='width: 100%; height: auto;' src='https:\/\/ftp3.syscom.mx\/usuarios\/vvega\/M2M\/mn02ltem\/MN02LTEM - RControl.png' alt=''> <\/p>\n<div style='border-top: 5px solid #DF001D; padding: 15px;'>\n<h4 style='margin: 0 0 15px; font-size: 18px; color: inherit;'>2 A\u00f1os de Servicio GRATIS<\/h4>\n<h5 style='margin: 0 0 15px; color: gray; font-weight: normal;'>Aplicacion y Plataforma<\/h5>\n<ul style='padding-left: 20px; margin: 0 0 15px; font-size: 14px; color: inherit;'>\n<li style='margin-bottom: 8px;'><strong>LOGO<\/strong> Directo en la aplicacion GRATIS!<\/li>\n<li style='margin-bottom: 8px;'>Soporta <strong>PARTICIONES<\/strong>*<\/li>\n<li style='margin-bottom: 8px;'><strong>Estatus y Bypass<\/strong> de Zonas*.<\/li>\n<li style='margin-bottom: 8px;'><strong>Armado Total \/ Parcial*<\/strong> y Desarmado desde la APP.<\/li>\n<li style='margin-bottom: 8px;'>Identificacion de usuarios y posibilidad de etiquetado de zonas.<\/li>\n<li style='margin-bottom: 8px;'>Soporta hasta 100 usuarios en la APP con identificacion (quien armo \/desarmo)<\/li>\n<li style='margin-bottom: 8px;'>Posibilidad de <strong>Visualizar hasta 64 Zonas en la APP RControl<\/strong><\/li>\n<li style='margin-bottom: 8px;'>1 a\u00f1o de Historial de Eventos<\/li>\n<\/ul>\n<p style='margin: 0; font-size: 13px; color: inherit; font-style: italic;'> *Ver modelos compatibles mas abajo <\/p>\n<\/p><\/div>\n<\/p><\/div>\n<p> <!-- Columna 3 --> <\/p>\n<div style='flex: 1 1 300px; min-width: 280px; border: 1px solid rgba(150&comma;150&comma;150&comma;0.3); border-radius: 8px; overflow: hidden; background-color: rgba(238&comma;238&comma;238&comma;0.5);'> <img style='width: 100%; height: auto;' src='https:\/\/ftp3.syscom.mx\/usuarios\/vvega\/M2M\/mn01ltem\/MN01-LTE-M.png' alt=''> <\/p>\n<div style='border-top: 5px solid #DF001D; padding: 15px;'>\n<h4 style='margin: 0 0 15px; font-size: 18px; color: inherit;'>Peque\u00f1o y Ligero<\/h4>\n<h5 style='margin: 0 0 15px; color: gray; font-weight: normal;'>Especificaciones Tecnicas<\/h5>\n<ul style='padding-left: 20px; margin: 0; font-size: 14px; color: inherit;'>\n<li style='margin-bottom: 8px;'>Multibanda CAT-M1&comma; LTE 700\/800\/850\/900\/1700\/1800\/1900\/2100 MHz&comma; EGPRS 850\/900\/1800\/1900 MHz<\/li>\n<li style='margin-bottom: 8px;'>Fuente Principal de 12 a 17 Vcc<\/li>\n<li style='margin-bottom: 8px;'>Consumo: 15 mA en espera&comma; pico 200 mA<\/li>\n<li style='margin-bottom: 8px;'>Soporta ContactID \/ SIA<\/li>\n<li style='margin-bottom: 8px;'>Antena: SMA&comma; 50 ohms<\/li>\n<li style='margin-bottom: 8px;'>Dimensiones: 4.4 x 3 x 1.7 cms<\/li>\n<li style='margin-bottom: 8px;'>Peso sin Antena: 28 gr<\/li>\n<\/ul><\/div>\n<\/p><\/div>\n<\/p><\/div>\n<p> <!-- Imagen grande --> <\/p>\n<div style='margin: 40px 0;'> <img style='width: 100%; height: auto; border: 1px solid rgba(150&comma;150&comma;150&comma;0.3); border-radius: 8px;' src='https:\/\/ftp3.syscom.mx\/usuarios\/vvega\/M2M\/mn01ltem\/mn01ltem_dt42.jpg' alt=''> <\/div>\n<p> <!-- Programaci\u00f3n Remota --> <\/p>\n<h2 style='font-size: 20px; text-align: center; margin: 40px 0 20px; color: #c0392b; background-color: #ffffff; padding: 10px 20px; border-radius: 5px; display: inline-block;'> Evite traslados Innecesarios con Programaci\u00f3n Remota <\/h2>\n<h3 style='font-size: 18px; margin: 0 0 15px; color: inherit; opacity: 0.85;'><strong>Programaci\u00f3n Remota (Compatible con Honeywell\u00ae y DSC)<\/strong><\/h3>\n<ul style='padding-left: 20px; margin: 0 0 25px; font-size: 14px; color: inherit;'>\n<li style='margin-bottom: 8px;'>Realizar configuraciones en el panel sin tener que ir al lugar donde est\u00e1 instalado.<\/li>\n<li style='margin-bottom: 8px;'>El t\u00e9cnico \u00fanicamente reemplaza o instala equipos pero la configuraci\u00f3n se realiza remotamente desde la Central (mayor seguridad).<\/li>\n<\/ul>\n<p style='margin: 0 0 15px; font-size: 14px; color: inherit;'>Para la programacion remota se requiere:<\/p>\n<ul style='padding-left: 20px; margin: 0 0 25px; font-size: 14px; color: inherit;'>\n<li style='margin-bottom: 8px;'><a style='color: inherit; text-decoration: underline;' href='https:\/\/www.syscom.mx\/producto\/SW-MODEM-M2M-M2M-SERVICES-205065.html' target='_blank' rel='noopener'>SW-MODEM-M2M<\/a>: Licencia Anual para conexiones ilimitadas a paneles de alarma.<\/li>\n<li style='margin-bottom: 8px;'><a style='color: inherit; text-decoration: underline;' href='https:\/\/www.syscom.mx\/producto\/MN-01RNGR-M2M-SERVICES-143761.html' target='_blank' rel='noopener'>MN01RNGR<\/a>: Se requiere uno por panel de alarma&comma; es un accesorio del MN02LTEM.<\/li>\n<li style='margin-bottom: 8px;'><strong><em>Para mas informacion dirigirse a esta <a style='color: inherit; text-decoration: underline;' href='https:\/\/ftp3.syscom.mx\/usuarios\/vvega\/M2M\/programacion\/M2M_Software_Modem_v02_ESP.pdf'>LIGA<\/a><\/em><\/strong><\/li>\n<\/ul>\n<p> <!-- Imagen programaci\u00f3n --> <\/p>\n<div style='margin: 40px 0;'> <img style='width: 100%; height: auto; border: 1px solid rgba(150&comma;150&comma;150&comma;0.3); border-radius: 8px;' src='https:\/\/ftp3.syscom.mx\/usuarios\/vvega\/M2M\/mn01ltem\/mn01ltem_programacion.jpg' alt=''> <\/div>\n<p> <!-- Compatibilidad --> <\/p>\n<p style='margin: 0 0 15px; font-size: 14px; color: inherit;'><strong>IMPORTANTE<\/strong>&comma; Solo los siguientes paneles de alarma son compatibles para utilizar la conexion del Bus de Datos&comma; con lo que podras ver particiones&comma; zonas y realizar armados parciales y bypass de zonas.<\/p>\n<div style='margin: 0 0 25px;'> <img style='width: 100%; height: auto; border: 1px solid rgba(150&comma;150&comma;150&comma;0.3); border-radius: 8px; max-width: 480px;' src='https:\/\/ftp3.syscom.mx\/usuarios\/vvega\/M2M\/MN02LTEM_CompatibilidadBusDatos.jpg' alt=''> <\/div>\n<p style='margin: 0 0 25px; font-size: 14px; color: inherit;'><strong>Para el resto de los paneles se puede utilizar la conexion a zona llave (KEY SWITCH) para pode realizar el armado \/ desarmado remoto.<\/strong><\/p>\n<p> <!-- Notas finales --> <\/p>\n<p style='margin: 0 0 15px; font-size: 13px; color: inherit;'><strong>NOTA:<\/strong> Estos dispositivos trabajan sobre redes celulares por lo que su operatividad depende de la estabilidad de estos servicios.<\/p>\n<p style='margin: 0; font-size: 13px; color: inherit;'><em>*NOTA: Estos equipos adquiridos en cualquier categoria de &#8216;asterisco&#8217; pueden variar los meses de servicio<\/em><\/p>\n<\/p><\/div>\n","protected":false},"excerpt":{"rendered":"<p>Comunicador LTE 5G Dual SIM \/ INCLUYE 2 A\u00d1OS 4G\/5G sin Limites \/ \u00daNICO Programaci\u00f3n Remota DSC\/HONEYWELL \/ Cero Configuraci\u00f3n \/ Compatible Honeywell\/DSC\/CROW\/PIMA<\/p>\n","protected":false},"featured_media":3537,"comment_status":"open","ping_status":"closed","template":"","meta":[],"product_brand":[],"product_cat":[386],"product_tag":[40,207,188],"class_list":{"0":"post-3538","1":"product","2":"type-product","3":"status-publish","4":"has-post-thumbnail","6":"product_cat-comunicadores-centrales-de-monitoreo","7":"product_tag-centrales-de-monitoreo","8":"product_tag-comunicadores","9":"product_tag-m2m-services","11":"first","12":"instock","13":"sale","14":"shipping-taxable","15":"purchasable","16":"product-type-simple"},"_links":{"self":[{"href":"https:\/\/soydeaqui.ddns.net\/pachuca\/index.php\/wp-json\/wp\/v2\/product\/3538","targetHints":{"allow":["GET"]}}],"collection":[{"href":"https:\/\/soydeaqui.ddns.net\/pachuca\/index.php\/wp-json\/wp\/v2\/product"}],"about":[{"href":"https:\/\/soydeaqui.ddns.net\/pachuca\/index.php\/wp-json\/wp\/v2\/types\/product"}],"replies":[{"embeddable":true,"href":"https:\/\/soydeaqui.ddns.net\/pachuca\/index.php\/wp-json\/wp\/v2\/comments?post=3538"}],"wp:featuredmedia":[{"embeddable":true,"href":"https:\/\/soydeaqui.ddns.net\/pachuca\/index.php\/wp-json\/wp\/v2\/media\/3537"}],"wp:attachment":[{"href":"https:\/\/soydeaqui.ddns.net\/pachuca\/index.php\/wp-json\/wp\/v2\/media?parent=3538"}],"wp:term":[{"taxonomy":"product_brand","embeddable":true,"href":"https:\/\/soydeaqui.ddns.net\/pachuca\/index.php\/wp-json\/wp\/v2\/product_brand?post=3538"},{"taxonomy":"product_cat","embeddable":true,"href":"https:\/\/soydeaqui.ddns.net\/pachuca\/index.php\/wp-json\/wp\/v2\/product_cat?post=3538"},{"taxonomy":"product_tag","embeddable":true,"href":"https:\/\/soydeaqui.ddns.net\/pachuca\/index.php\/wp-json\/wp\/v2\/product_tag?post=3538"}],"curies":[{"name":"wp","href":"https:\/\/api.w.org\/{rel}","templated":true}]}}