{"id":35368,"date":"2026-03-18T15:42:48","date_gmt":"2026-03-18T15:42:48","guid":{"rendered":"https:\/\/soydeaqui.ddns.net\/pachuca\/index.php\/producto\/detector-de-gas-fijo-remoto-con-sensor-de-oxigeno-o2-0-25-carcasa-aluminio-clase-i-div-2-salida-modbus-y-4-20-ma-3-reles-serie-sensepoint-xcd-rtd\/"},"modified":"2026-03-18T15:42:49","modified_gmt":"2026-03-18T15:42:49","slug":"detector-de-gas-fijo-remoto-con-sensor-de-oxigeno-o2-0-25-carcasa-aluminio-clase-i-div-2-salida-modbus-y-4-20-ma-3-reles-serie-sensepoint-xcd-rtd","status":"publish","type":"product","link":"https:\/\/soydeaqui.ddns.net\/pachuca\/index.php\/producto\/detector-de-gas-fijo-remoto-con-sensor-de-oxigeno-o2-0-25-carcasa-aluminio-clase-i-div-2-salida-modbus-y-4-20-ma-3-reles-serie-sensepoint-xcd-rtd\/","title":{"rendered":"Detector De Gas Fijo Remoto, Con Sensor De Oxigeno (O2) 0-25%, Carcasa Aluminio, Clase I, Div 2, Salida Modbus y 4-20 mA, 3 Reles, Serie Sensepoint XCD RTD"},"content":{"rendered":"<div style='width: 100%; max-width: 1200px; margin: 0 auto; font-family: sans-serif; line-height: 1.6; color: inherit; background-color: transparent;'>\n<div style='width: 100%; margin-bottom: 30px;'>\n<h1 style='text-align: center; font-size: 24px; margin-top: 0; margin-bottom: 15px; color: inherit;'>Detector De Gases Inflamables&comma; Toxicos y Oxigeno Para Aplicaciones Industriales<\/h1>\n<\/p><\/div>\n<p> <!-- Contenido principal --> <\/p>\n<div style='display: flex; flex-wrap: wrap; gap: 30px; margin-bottom: 30px;'>\n<div style='flex: 1 1 300px; min-width: 280px;'>\n<h3 style='font-size: 22px; border-bottom: 2px solid currentColor; padding-bottom: 5px; margin-top: 0; color: inherit; opacity: 0.8;'>Descripci\u00f3n General<\/h3>\n<p style='font-size: 15px; color: inherit; margin-bottom: 15px;'>El detector <strong>Sensepoint XCD<\/strong> es un detector de gas que consta de un transmisor y una amplia selecci\u00f3n de sensores para detecci\u00f3n de <strong>gases inflamables&comma; t\u00f3xicos y ox\u00edgeno<\/strong>.<\/p>\n<p style='font-size: 15px; color: inherit; margin-bottom: 15px;'>Sensepoint XCD simplifica el monitoreo y la detecci\u00f3n de gases peligrosos para cumplir con los est\u00e1ndares de seguridad y cumplimiento. Los sensores fijos Sensepoint XCD ofrecen un control completo de los riesgos de gases t\u00f3xicos e inflamables&comma; as\u00ed como de la deficiencia de ox\u00edgeno en atm\u00f3sferas potencialmente explosivas&comma; tanto en interiores como en exteriores. Existen requisitos especiales para entornos de trabajo potencialmente explosivos en la producci\u00f3n de gas&comma; petr\u00f3leo y productos qu\u00edmicos&comma; as\u00ed como entornos llenos de polvo en las industrias alimentaria y de procesamiento de la madera.<\/p>\n<\/p><\/div>\n<div style='flex: 1 1 300px; min-width: 280px;'>\n<h3 style='font-size: 22px; border-bottom: 2px solid currentColor; padding-bottom: 5px; margin-top: 0; color: inherit; opacity: 0.8;'>Caracter\u00edsticas Principales<\/h3>\n<p style='font-size: 15px; color: inherit; margin-bottom: 15px;'>El XCD est\u00e1ndar es un detector de gas Ex d adecuado para su uso en entornos de zona 1 y est\u00e1 disponible en 3 versiones: inflamable&comma; ox\u00edgeno y t\u00f3xico. Cada uno se suministra con un cartucho de sensor de acero inoxidable preinstalado y completamente probado y calibrado listo para su instalaci\u00f3n. Hay disponibles cartuchos de sensor de repuesto.<\/p>\n<p style='font-size: 15px; color: inherit; margin-bottom: 15px;'>La configuraci\u00f3n y el control de la unidad se logra mediante el uso de un im\u00e1n que elimina la necesidad de abrir la unidad&comma; mientras que la pantalla tricolor retroiluminada proporciona una indicaci\u00f3n instant\u00e1nea del estado del detector de un vistazo.<\/p>\n<\/p><\/div>\n<\/p><\/div>\n<p> <!-- Secci\u00f3n de especificaciones --> <\/p>\n<div style='display: flex; flex-wrap: wrap; gap: 20px; margin-bottom: 30px;'>\n<div style='flex: 1 1 250px; border: 1px solid rgba(150&comma; 150&comma; 150&comma; 0.4); border-radius: 8px; overflow: hidden; display: flex; flex-direction: column;'>\n<div style='padding: 15px; border-bottom: 1px solid rgba(150&comma; 150&comma; 150&comma; 0.2); font-weight: bold; font-size: 18px; color: inherit;'>Sensores Disponibles<\/div>\n<div style='padding: 15px; color: inherit;'>\n<ul style='padding-left: 20px; margin: 0; font-size: 14px; list-style-type: disc;'>\n<li style='margin-bottom: 5px;'>Sensor catal\u00edtico para gases inflamables (0-100% LEL)<\/li>\n<li style='margin-bottom: 5px;'>Sensor infrarrojo (IR) para metano (0-100% LEL)&comma; propano y CO2<\/li>\n<li style='margin-bottom: 5px;'>Sensores electroqu\u00edmicos (EC) para ox\u00edgeno y gases t\u00f3xicos<\/li>\n<li style='margin-bottom: 5px;'>Sensores para CO&comma; H2S&comma; NO2&comma; H2<\/li>\n<\/ul><\/div>\n<\/p><\/div>\n<div style='flex: 1 1 250px; border: 1px solid rgba(150&comma; 150&comma; 150&comma; 0.4); border-radius: 8px; overflow: hidden; display: flex; flex-direction: column;'>\n<div style='padding: 15px; border-bottom: 1px solid rgba(150&comma; 150&comma; 150&comma; 0.2); font-weight: bold; font-size: 18px; color: inherit;'>Caracter\u00edsticas de Operaci\u00f3n<\/div>\n<div style='padding: 15px; color: inherit;'>\n<ul style='padding-left: 20px; margin: 0; font-size: 14px; list-style-type: disc;'>\n<li style='margin-bottom: 5px;'>Pantalla LCD retroiluminada tricolor<\/li>\n<li style='margin-bottom: 5px;'>2 rel\u00e9s de alarma programables<\/li>\n<li style='margin-bottom: 5px;'>1 rel\u00e9 de fallo programable<\/li>\n<li style='margin-bottom: 5px;'>Salida 4-20 mA seleccionable (sumidero-sink o fuente-source)<\/li>\n<li style='margin-bottom: 5px;'>Opci\u00f3n de interfaz Modbus<\/li>\n<\/ul><\/div>\n<\/p><\/div>\n<div style='flex: 1 1 250px; border: 1px solid rgba(150&comma; 150&comma; 150&comma; 0.4); border-radius: 8px; overflow: hidden; display: flex; flex-direction: column;'>\n<div style='padding: 15px; border-bottom: 1px solid rgba(150&comma; 150&comma; 150&comma; 0.2); font-weight: bold; font-size: 18px; color: inherit;'>Especificaciones Ambientales<\/div>\n<div style='padding: 15px; color: inherit;'>\n<ul style='padding-left: 20px; margin: 0; font-size: 14px; list-style-type: disc;'>\n<li style='margin-bottom: 5px;'>Temperatura: -25\u00b0C a 55\u00b0C<\/li>\n<li style='margin-bottom: 5px;'>Humedad relativa: 0-90%<\/li>\n<li style='margin-bottom: 5px;'>IP66 de serie<\/li>\n<li style='margin-bottom: 5px;'>Adecuado para interiores y exteriores<\/li>\n<\/ul><\/div>\n<\/p><\/div>\n<\/p><\/div>\n<p> <!-- Secci\u00f3n de configuraci\u00f3n --> <\/p>\n<div style='margin-bottom: 30px;'>\n<h3 style='font-size: 22px; border-bottom: 2px solid currentColor; padding-bottom: 5px; margin-top: 0; margin-bottom: 15px; color: inherit; opacity: 0.8;'>Configuraci\u00f3n y Operaci\u00f3n<\/h3>\n<p style='font-size: 15px; color: inherit; margin-bottom: 15px;'>El Sensepoint XCD dispone de una placa de montaje integral para su montaje en superficie o bien en un tubo horizontal o vertical mediante un soporte opcional. Para la instalaci\u00f3n el\u00e9ctrica se pueden usar conductos o cables con la adecuada protecci\u00f3n mec\u00e1nica. Se proporcionan dos entradas M20 o NPT 3\/4&#8242; (seg\u00fan la certificaci\u00f3n). Tambi\u00e9n se incluye una cubierta de intemperie para las condiciones exteriores m\u00e1s exigentes.<\/p>\n<p style='font-size: 15px; color: inherit; margin-bottom: 15px;'>La configuraci\u00f3n y el control de la unidad se logra mediante el uso de un im\u00e1n que elimina la necesidad de abrir la unidad. La pantalla tricolor retroiluminada proporciona una indicaci\u00f3n instant\u00e1nea del estado del detector de un vistazo. Los sensores se pueden ajustar mediante la pantalla del transmisor y conmutadores magn\u00e9ticos no intrusivos.<\/p>\n<\/p><\/div>\n<p> <!-- Secci\u00f3n de aplicaciones --> <\/p>\n<div style='margin-bottom: 30px;'>\n<h3 style='font-size: 22px; border-bottom: 2px solid currentColor; padding-bottom: 5px; margin-top: 0; margin-bottom: 15px; color: inherit; opacity: 0.8;'>Aplicaciones<\/h3>\n<ul style='padding-left: 20px; font-size: 15px; color: inherit;'>\n<li style='margin-bottom: 5px;'>Instalaciones de fabricaci\u00f3n industrial<\/li>\n<li style='margin-bottom: 5px;'>Centrales el\u00e9ctricas<\/li>\n<li style='margin-bottom: 5px;'>Instalaciones para aguas residuales<\/li>\n<li style='margin-bottom: 5px;'>Servicios p\u00fablicos<\/li>\n<li style='margin-bottom: 5px;'>Producci\u00f3n de alimentos y bebidas<\/li>\n<li style='margin-bottom: 5px;'>Refiner\u00edas y plantas qu\u00edmicas<\/li>\n<li style='margin-bottom: 5px;'>Terminales de petr\u00f3leo y gas en tierra<\/li>\n<li style='margin-bottom: 5px;'>Plataformas de producci\u00f3n<\/li>\n<li style='margin-bottom: 5px;'>Exploraci\u00f3n y perforaci\u00f3n<\/li>\n<\/ul><\/div>\n<p> <!-- Secci\u00f3n de especificaciones adicionales --> <\/p>\n<div style='display: flex; flex-wrap: wrap; gap: 20px; margin-bottom: 30px;'>\n<div style='flex: 1 1 250px; border: 1px solid rgba(150&comma; 150&comma; 150&comma; 0.4); border-radius: 8px; overflow: hidden; display: flex; flex-direction: column;'>\n<div style='padding: 15px; border-bottom: 1px solid rgba(150&comma; 150&comma; 150&comma; 0.2); font-weight: bold; font-size: 18px; color: inherit;'>Certificaciones<\/div>\n<div style='padding: 15px; color: inherit;'>\n<ul style='padding-left: 20px; margin: 0; font-size: 14px; list-style-type: disc;'>\n<li style='margin-bottom: 5px;'>Europeas&comma; de Am\u00e9rica del Norte y Asi\u00e1ticas<\/li>\n<li style='margin-bottom: 5px;'>Cumple las normativas ATEX&comma; IECEx&comma; UL\/c-UL&comma; KTL&comma; PA&comma; GB y CCCF<\/li>\n<\/ul><\/div>\n<\/p><\/div>\n<div style='flex: 1 1 250px; border: 1px solid rgba(150&comma; 150&comma; 150&comma; 0.4); border-radius: 8px; overflow: hidden; display: flex; flex-direction: column;'>\n<div style='padding: 15px; border-bottom: 1px solid rgba(150&comma; 150&comma; 150&comma; 0.2); font-weight: bold; font-size: 18px; color: inherit;'>Accesorios Opcionales<\/div>\n<div style='padding: 15px; color: inherit;'>\n<ul style='padding-left: 20px; margin: 0; font-size: 14px; list-style-type: disc;'>\n<li style='margin-bottom: 5px;'>Protecci\u00f3n contra el sol y las inundaciones<\/li>\n<li style='margin-bottom: 5px;'>Kit de montaje en conductos<\/li>\n<li style='margin-bottom: 5px;'>C\u00e9lula de flujo para gas de calibraci\u00f3n<\/li>\n<li style='margin-bottom: 5px;'>Embudo recolector<\/li>\n<\/ul><\/div>\n<\/p><\/div>\n<\/p><\/div>\n<p> <!-- Secci\u00f3n de videos --> <\/p>\n<div style='margin-bottom: 30px;'>\n<h3 style='font-size: 22px; border-bottom: 2px solid currentColor; padding-bottom: 5px; margin-top: 0; margin-bottom: 15px; color: inherit; opacity: 0.8;'>Documentaci\u00f3n y Videos<\/h3>\n<div style='margin-bottom: 30px;'>\n<div style='position: relative; padding-bottom: 56.25%; height: 0; overflow: hidden; margin-bottom: 30px;'>   <\/div>\n<p style='text-align: center; font-size: 14px; color: inherit; margin: 0;'>Introducci\u00f3n Serie Sensepoint XCD De Honeywell Analytics<\/p>\n<\/p><\/div>\n<div style='margin-bottom: 30px;'>\n<div style='position: relative; padding-bottom: 56.25%; height: 0; overflow: hidden; margin-bottom: 30px;'>   <\/div>\n<p style='text-align: center; font-size: 14px; color: inherit; margin: 0;'>Operaci\u00f3n y Configuraci\u00f3n Sensepoint XCD<\/p>\n<\/p><\/div>\n<div style='margin-bottom: 30px;'>\n<div style='position: relative; padding-bottom: 56.25%; height: 0; overflow: hidden; margin-bottom: 30px;'>   <\/div>\n<p style='text-align: center; font-size: 14px; color: inherit; margin: 0;'>Posicionamiento&comma; Instalaci\u00f3n y Conexiones<\/p>\n<\/p><\/div>\n<div style='margin-bottom: 30px;'>\n<div style='position: relative; padding-bottom: 56.25%; height: 0; overflow: hidden; margin-bottom: 30px;'>   <\/div>\n<p style='text-align: center; font-size: 14px; color: inherit; margin: 0;'>Calibraci\u00f3n y Mantenimiento<\/p>\n<\/p><\/div>\n<\/p><\/div>\n<p> <!-- Secci\u00f3n de ventajas --> <\/p>\n<div style='display: flex; flex-wrap: wrap; gap: 20px; margin-bottom: 30px;'>\n<div style='flex: 1 1 250px; border: 1px solid rgba(150&comma; 150&comma; 150&comma; 0.4); border-radius: 8px; overflow: hidden; display: flex; flex-direction: column;'>\n<div style='padding: 15px; border-bottom: 1px solid rgba(150&comma; 150&comma; 150&comma; 0.2); font-weight: bold; font-size: 18px; color: inherit;'>Tecnolog\u00eda de Sensores<\/div>\n<div style='padding: 15px; color: inherit;'>\n<ul style='padding-left: 20px; margin: 0; font-size: 14px; list-style-type: disc;'>\n<li style='margin-bottom: 5px;'>Sensores electroqu\u00edmicos Surecell<\/li>\n<li style='margin-bottom: 5px;'>Sensores de gases inflamables resistentes a sustancias t\u00f3xicas<\/li>\n<li style='margin-bottom: 5px;'>Sensores de larga duraci\u00f3n<\/li>\n<\/ul><\/div>\n<\/p><\/div>\n<div style='flex: 1 1 250px; border: 1px solid rgba(150&comma; 150&comma; 150&comma; 0.4); border-radius: 8px; overflow: hidden; display: flex; flex-direction: column;'>\n<div style='padding: 15px; border-bottom: 1px solid rgba(150&comma; 150&comma; 150&comma; 0.2); font-weight: bold; font-size: 18px; color: inherit;'>Ventajas del Sistema<\/div>\n<div style='padding: 15px; color: inherit;'>\n<ul style='padding-left: 20px; margin: 0; font-size: 14px; list-style-type: disc;'>\n<li style='margin-bottom: 5px;'>Excelente relaci\u00f3n calidad\/precio<\/li>\n<li style='margin-bottom: 5px;'>Plataforma com\u00fan de transmisor<\/li>\n<li style='margin-bottom: 5px;'>Formaci\u00f3n m\u00ednima necesaria<\/li>\n<li style='margin-bottom: 5px;'>Menos repuestos<\/li>\n<li style='margin-bottom: 5px;'>Funcionamiento no intrusivo con un solo operario<\/li>\n<li style='margin-bottom: 5px;'>Sensor enchufable recambiable<\/li>\n<\/ul><\/div>\n<\/p><\/div>\n<\/p><\/div>\n<p> <!-- Secci\u00f3n de informaci\u00f3n de instalaci\u00f3n --> <\/p>\n<div style='margin-bottom: 30px;'>\n<h3 style='font-size: 22px; border-bottom: 2px solid currentColor; padding-bottom: 5px; margin-top: 0; margin-bottom: 15px; color: inherit; opacity: 0.8;'>Instalaci\u00f3n y Mantenimiento<\/h3>\n<p style='font-size: 15px; color: inherit; margin-bottom: 15px;'>Asegura una instalaci\u00f3n sencilla y funcionamiento m\u00e1s r\u00e1pido al eliminar la necesidad de permisos de trabajo en zonas peligrosas. El m\u00f3dulo de pantalla enchufable extra\u00edble facilita el acceso a la zona de terminales. Los bloques de terminales enchufables extra\u00edbles que facilitan el cableado.<\/p>\n<p style='font-size: 15px; color: inherit; margin-bottom: 15px;'>Las salidas se inhiben autom\u00e1ticamente durante el ajuste&comma; reduciendo as\u00ed el riesgo de falsas alarmas en el panel de control durante el mantenimiento. Se puede ajustar la escala&comma; rango&comma; funcionamiento de los rel\u00e9s&comma; punto de ajuste de alarma y el n\u00famero de etiquetado electr\u00f3nico del detector con la pantalla del transmisor y conmutadores magn\u00e9ticos no intrusivos.<\/p>\n<\/p><\/div>\n<p> <!-- Separador final --> <\/p>\n<hr style='border: 0; border-top: 1px solid rgba(150&comma; 150&comma; 150&comma; 0.3); margin: 30px 0;'> <\/div>\n","protected":false},"excerpt":{"rendered":"<p>Detector De Gas Fijo Remoto, Con Sensor De Oxigeno (O2) 0-25%, Carcasa Aluminio, Clase I, Div 2, Salida Modbus y 4-20 mA, 3 Reles, Serie Sensepoint XCD RTD<\/p>\n","protected":false},"featured_media":35367,"comment_status":"open","ping_status":"closed","template":"","meta":[],"product_brand":[],"product_cat":[987],"product_tag":[988,522,1014],"class_list":{"0":"post-35368","1":"product","2":"type-product","3":"status-publish","4":"has-post-thumbnail","6":"product_cat-detectores-de-gases","7":"product_tag-detectores-de-gases","8":"product_tag-dispositivos-convencionales","9":"product_tag-honeywell-analytics","11":"first","12":"outofstock","13":"sale","14":"shipping-taxable","15":"purchasable","16":"product-type-simple"},"_links":{"self":[{"href":"https:\/\/soydeaqui.ddns.net\/pachuca\/index.php\/wp-json\/wp\/v2\/product\/35368","targetHints":{"allow":["GET"]}}],"collection":[{"href":"https:\/\/soydeaqui.ddns.net\/pachuca\/index.php\/wp-json\/wp\/v2\/product"}],"about":[{"href":"https:\/\/soydeaqui.ddns.net\/pachuca\/index.php\/wp-json\/wp\/v2\/types\/product"}],"replies":[{"embeddable":true,"href":"https:\/\/soydeaqui.ddns.net\/pachuca\/index.php\/wp-json\/wp\/v2\/comments?post=35368"}],"wp:featuredmedia":[{"embeddable":true,"href":"https:\/\/soydeaqui.ddns.net\/pachuca\/index.php\/wp-json\/wp\/v2\/media\/35367"}],"wp:attachment":[{"href":"https:\/\/soydeaqui.ddns.net\/pachuca\/index.php\/wp-json\/wp\/v2\/media?parent=35368"}],"wp:term":[{"taxonomy":"product_brand","embeddable":true,"href":"https:\/\/soydeaqui.ddns.net\/pachuca\/index.php\/wp-json\/wp\/v2\/product_brand?post=35368"},{"taxonomy":"product_cat","embeddable":true,"href":"https:\/\/soydeaqui.ddns.net\/pachuca\/index.php\/wp-json\/wp\/v2\/product_cat?post=35368"},{"taxonomy":"product_tag","embeddable":true,"href":"https:\/\/soydeaqui.ddns.net\/pachuca\/index.php\/wp-json\/wp\/v2\/product_tag?post=35368"}],"curies":[{"name":"wp","href":"https:\/\/api.w.org\/{rel}","templated":true}]}}