{"id":35363,"date":"2026-03-18T15:42:42","date_gmt":"2026-03-18T15:42:42","guid":{"rendered":"https:\/\/soydeaqui.ddns.net\/pachuca\/index.php\/producto\/hikfire-montaje-para-camara-termica-de-deteccion-de-fuego-material-de-aluminio\/"},"modified":"2026-03-18T15:42:46","modified_gmt":"2026-03-18T15:42:46","slug":"hikfire-montaje-para-camara-termica-de-deteccion-de-fuego-material-de-aluminio","status":"publish","type":"product","link":"https:\/\/soydeaqui.ddns.net\/pachuca\/index.php\/producto\/hikfire-montaje-para-camara-termica-de-deteccion-de-fuego-material-de-aluminio\/","title":{"rendered":"(HikFire) Montaje para C\u00e1mara T\u00e9rmica de Detecci\u00f3n de Fuego \/ Material de Aluminio"},"content":{"rendered":"<div style='width: 100%; max-width: 1200px; margin: 0 auto; font-family: sans-serif; line-height: 1.6; color: inherit; background-color: transparent;'>\n<p style='text-align: center;'><img style='width: 45%; height: auto; border: 1px solid rgba(150&comma;150&comma;150&comma;0.3); border-radius: 8px;' src='https:\/\/ftp3.syscom.mx\/usuarios\/jsosa\/HIKVISION\/imagenes\/logo\/hikvision%20see%20far.png' alt='Logo Hikvision'><\/p>\n<div style='margin-bottom: 30px;'>\n<div style='border: 1px solid rgba(150&comma;150&comma;150&comma;0.4); border-radius: 8px; overflow: hidden;'>\n<div style='padding: 15px; border-bottom: 1px solid rgba(150&comma;150&comma;150&comma;0.2); font-weight: bold; font-size: 18px; background-color: #df001e; color: #ffffff; opacity: 0.95;'>Consideraciones<\/div>\n<div style='padding: 15px; background-color: #f7f8fa; color: inherit;'>\n<ul style='padding-left: 20px; margin: 0; font-size: 15px; list-style-type: disc;'>\n<li style='margin-bottom: 5px;'><span style='color: #212529; font-family: verdana&comma; geneva&comma; sans-serif;'>El soporte est\u00e1 dise\u00f1ado para el montaje de c\u00e1maras t\u00e9rmicas de detecci\u00f3n de incendios.<\/span><\/li>\n<li style='margin-bottom: 5px;'><span style='color: #212529; font-family: verdana&comma; geneva&comma; sans-serif;'>Fabricado en aleaci\u00f3n de aluminio fundido a presi\u00f3n&comma; con superficie recubierta de pl\u00e1stico para mayor durabilidad.<\/span><\/li>\n<\/ul><\/div>\n<\/p><\/div>\n<\/p><\/div>\n<div style='margin-bottom: 30px;'>\n<h2 style='font-size: 24px; text-align: center; margin-bottom: 20px; color: inherit; opacity: 0.85; border-bottom: 2px solid currentColor; padding-bottom: 10px;'>Especif\u00edcaciones<\/h2>\n<div style='display: flex; flex-wrap: wrap; gap: 20px;'>\n<div style='flex: 1 1 300px; min-width: 280px;'>\n<div style='border: 1px solid rgba(150&comma;150&comma;150&comma;0.4); border-radius: 8px; overflow: hidden; height: 100%; display: flex; flex-direction: column;'>\n<div style='padding: 15px; border-bottom: 1px solid rgba(150&comma;150&comma;150&comma;0.2); font-weight: bold; font-size: 18px; background-color: #df001e; color: #ffffff; opacity: 0.95;'>Caracter\u00edsticas Principales:<\/div>\n<div style='padding: 15px; flex-grow: 1;'>\n<ul style='padding-left: 20px; margin: 0; font-size: 14px; list-style-type: disc;'>\n<li style='margin-bottom: 5px;'><span style='font-family: verdana&comma; geneva&comma; sans-serif;'>El soporte permite ajustar el \u00e1ngulo de la c\u00e1mara f\u00e1cilmente.<\/span><\/li>\n<li style='margin-bottom: 5px;'><span style='font-family: verdana&comma; geneva&comma; sans-serif;'>Es compatible con c\u00e1maras bullet y box de detecci\u00f3n t\u00e9rmica.<\/span><\/li>\n<\/ul><\/div>\n<\/p><\/div>\n<\/p><\/div>\n<div style='flex: 1 1 300px; min-width: 280px;'>\n<div style='border: 1px solid rgba(150&comma;150&comma;150&comma;0.4); border-radius: 8px; overflow: hidden; height: 100%; display: flex; flex-direction: column;'>\n<div style='padding: 15px; border-bottom: 1px solid rgba(150&comma;150&comma;150&comma;0.2); font-weight: bold; font-size: 18px; background-color: #df001e; color: #ffffff; opacity: 0.95;'>Caracter\u00edsticas F\u00edsicas y El\u00e9ctricas:<\/div>\n<div style='padding: 15px; flex-grow: 1;'>\n<ul style='padding-left: 20px; margin: 0; font-size: 14px; list-style-type: disc;'>\n<li style='margin-bottom: 5px;'><span style='font-family: verdana&comma; geneva&comma; sans-serif;'>Dimensiones: 70\u00d797.1\u00d7173.4 mm<\/span><\/li>\n<li style='margin-bottom: 5px;'><span style='font-family: verdana&comma; geneva&comma; sans-serif;'>Material: Aleaci\u00f3n de aluminio.<\/span><\/li>\n<li style='margin-bottom: 5px;'><span style='font-family: verdana&comma; geneva&comma; sans-serif;'>M\u00e9todo de instalaci\u00f3n: Montaje en pared.<\/span><\/li>\n<\/ul><\/div>\n<\/p><\/div>\n<\/p><\/div>\n<\/p><\/div>\n<\/p><\/div>\n<hr style='border: 0; border-top: 1px solid rgba(150&comma; 150&comma; 150&comma; 0.3); margin: 30px 0;'>\n<div style='margin-bottom: 30px;'> <a title='Serie AX PRO' href='https:\/\/ftp3.syscom.mx\/usuarios\/jsosa\/HIKVISION\/HikFire\/banners\/LINKEDIN%201200%20x%20627%20-%20Solucion%20Hikfire%20s.png' target='_blank'> <img style='width: 100%; height: auto; border: 1px solid rgba(150&comma;150&comma;150&comma;0.3); border-radius: 8px;' src='https:\/\/ftp3.syscom.mx\/usuarios\/jsosa\/HIKVISION\/HikFire\/banners\/LINKEDIN%201200%20x%20627%20-%20Solucion%20Hikfire%20s.png' alt='Banner Serie AX PRO'> <\/a> <\/div>\n<\/p><\/div>\n","protected":false},"excerpt":{"rendered":"<p>(HikFire) Montaje para C\u00e1mara T\u00e9rmica de Detecci\u00f3n de Fuego \/ Material de Aluminio<\/p>\n","protected":false},"featured_media":35362,"comment_status":"open","ping_status":"closed","template":"","meta":[],"product_brand":[],"product_cat":[1042],"product_tag":[1044,54,1043],"class_list":{"0":"post-35363","1":"product","2":"type-product","3":"status-publish","4":"has-post-thumbnail","6":"product_cat-camaras-ip-con-deteccion-de-fuego","7":"product_tag-camaras-ip-con-deteccion-de-fuego","8":"product_tag-hikvision","9":"product_tag-prevencion-de-incendio-by-hikvision","11":"first","12":"instock","13":"sale","14":"shipping-taxable","15":"purchasable","16":"product-type-simple"},"_links":{"self":[{"href":"https:\/\/soydeaqui.ddns.net\/pachuca\/index.php\/wp-json\/wp\/v2\/product\/35363","targetHints":{"allow":["GET"]}}],"collection":[{"href":"https:\/\/soydeaqui.ddns.net\/pachuca\/index.php\/wp-json\/wp\/v2\/product"}],"about":[{"href":"https:\/\/soydeaqui.ddns.net\/pachuca\/index.php\/wp-json\/wp\/v2\/types\/product"}],"replies":[{"embeddable":true,"href":"https:\/\/soydeaqui.ddns.net\/pachuca\/index.php\/wp-json\/wp\/v2\/comments?post=35363"}],"wp:featuredmedia":[{"embeddable":true,"href":"https:\/\/soydeaqui.ddns.net\/pachuca\/index.php\/wp-json\/wp\/v2\/media\/35362"}],"wp:attachment":[{"href":"https:\/\/soydeaqui.ddns.net\/pachuca\/index.php\/wp-json\/wp\/v2\/media?parent=35363"}],"wp:term":[{"taxonomy":"product_brand","embeddable":true,"href":"https:\/\/soydeaqui.ddns.net\/pachuca\/index.php\/wp-json\/wp\/v2\/product_brand?post=35363"},{"taxonomy":"product_cat","embeddable":true,"href":"https:\/\/soydeaqui.ddns.net\/pachuca\/index.php\/wp-json\/wp\/v2\/product_cat?post=35363"},{"taxonomy":"product_tag","embeddable":true,"href":"https:\/\/soydeaqui.ddns.net\/pachuca\/index.php\/wp-json\/wp\/v2\/product_tag?post=35363"}],"curies":[{"name":"wp","href":"https:\/\/api.w.org\/{rel}","templated":true}]}}